{"id":4522,"date":"2021-05-20T15:27:14","date_gmt":"2021-05-20T13:27:14","guid":{"rendered":"https:\/\/www.jeevan-ayurveda.com\/?page_id=4522"},"modified":"2021-06-21T16:09:23","modified_gmt":"2021-06-21T14:09:23","slug":"unsere-geschichte","status":"publish","type":"page","link":"https:\/\/www.jeevan-ayurveda.com\/de\/unsere-geschichte\/","title":{"rendered":"Unsere Geschichte"},"content":{"rendered":"<div class=\"wpb-content-wrapper\"><p>[vc_row full_width=&#8220;stretch_row_content&#8220; css_animation=&#8220;fadeIn&#8220; no_padding=&#8220;yes&#8220; remove_border=&#8220;yes&#8220; css=&#8220;.vc_custom_1612793758572{background-image: url(https:\/\/www.jeevan-ayurveda.com\/wp-content\/uploads\/2021\/02\/image00002r.jpg?id=2664) !important;background-position: center !important;background-repeat: no-repeat !important;background-size: cover !important;}&#8220;][vc_column][vc_empty_space height=&#8220;600px&#8220;][\/vc_column][\/vc_row][vc_row][vc_column][vc_empty_space height=&#8220;96px&#8220;][\/vc_column][\/vc_row][vc_row equal_height=&#8220;yes&#8220; content_placement=&#8220;middle&#8220;][vc_column]<div class=\"porto-u-heading  wpb_custom_95aa9a11c17ad45cfabaf210d84ee7cc porto-u-7788\"><div class=\"porto-u-main-heading\"><h2   style=\"font-family:Playfair Display; font-weight:700; font-style:italic; color:#263284;font-size:42px;\">Eine wundervolle Reise<\/h2><\/div><style>.porto-u-7788.porto-u-heading{text-align:left}<\/style><\/div>[vc_empty_space height=&#8220;48px&#8220;][vc_column_text]<em>Vor einigen Jahren, als ich nach Indien reiste, ein Land, das mich schon immer fasziniert hatte, fragte ich mich, wieso diese asiatischen Frauen, so aussergew\u00f6hnlich sch\u00f6n, strahlend und anmutig waren.<\/em><\/p>\n<p><em>Was war das Geheimnis ihrer Sch\u00f6nheit. Dies herauszufinden, war der Anfang meiner Reise auf der Suche nach dieser zauberhaften Sch\u00f6nheit.<\/em><\/p>\n<p><em>Indem ich immer weiter eintauchte in die ewige Weisheit von Ayurveda, begegnete mir eine andere Perspektive von Sch\u00f6nheit. Hautpflege auf Pflanzenbasis, einzigartige Mischungen f\u00fcr jeden Hauttyp, f\u00fcr jede Unausgewogenheit. Uralte Geheimnisse von Sch\u00f6nheit, das sind die Grundlagen f\u00fcr unsere Kollektion.<\/em><\/p>\n<p><em>Es war mein Wunsch, mit Ihnen diese Weisheit \u00fcber Hautpflege auf der Basis von Pflanzen, Kr\u00e4utern und deren Kombinationen zu teilen.<\/em><\/p>\n<p><em>Wir danken Ihnen, dass Sie uns auf dieser Reise begleiten wollen.<\/em><\/p>\n<p>&nbsp;<\/p>\n<p><em><strong>Rosa Pascual<br \/>\n<\/strong><\/em>Gr\u00fcnderin und Gesch\u00e4ftsf\u00fcrerin<span style=\"font-size: 16px;\">\u00a0<\/span>[\/vc_column_text][vc_empty_space height=&#8220;96px&#8220;][\/vc_column][\/vc_row][vc_row equal_height=&#8220;yes&#8220; content_placement=&#8220;middle&#8220;][vc_column width=&#8220;1\/4&#8243;][vc_single_image image=&#8220;2678&#8243; img_size=&#8220;full&#8220; alignment=&#8220;center&#8220;][\/vc_column][vc_column width=&#8220;3\/4&#8243; el_class=&#8220;ja-block-padding ja-block-padding-left&#8220;]<div class=\"porto-u-heading  wpb_custom_95aa9a11c17ad45cfabaf210d84ee7cc porto-u-8257\"><div class=\"porto-u-main-heading\"><h2   style=\"font-family:Playfair Display; font-weight:700; font-style:italic; color:#666666;font-size:42px;\">Unser Projekt<\/h2><\/div><style>.porto-u-8257.porto-u-heading{text-align:left}<\/style><\/div>[vc_empty_space][vc_column_text]Jeevan Ayurveda, das Unternehmen wurde im Jahre 2006 gegr\u00fcndet, offeriert Produkte f\u00fcr den professionellen Gebrauch zur Pflege der Haut, die sowohl f\u00fcr Frauen als auch M\u00e4nner und Kinder bestimmt sind.<\/p>\n<p>Wir verwenden nur pflanzliche Zutaten f\u00fcr die Entwicklung unserer Produkte von ausserordentlicher Qualit\u00e4t. Unsere Rezepturen basieren auf uralter ayurvedischer Tradition.<\/p>\n<p><strong><em>Unsere Philosophie ist, die Passion f\u00fcr das Ayurveda mit Ihnen zu teilen.<\/em><\/strong><\/p>\n<p><span style=\"font-size: 16px;\">\u00a0<\/span>[\/vc_column_text][\/vc_column][\/vc_row][vc_row][vc_column][vc_empty_space height=&#8220;64px&#8220;][\/vc_column][\/vc_row][vc_section full_width=&#8220;stretch_row&#8220; content_placement=&#8220;middle&#8220; css=&#8220;.vc_custom_1612872764902{background-image: url(https:\/\/www.jeevan-ayurveda.com\/wp-content\/uploads\/2021\/02\/fondo_flores.jpg?id=2693) !important;background-position: center !important;background-repeat: no-repeat !important;background-size: cover !important;}&#8220;][vc_row][vc_column width=&#8220;1\/4&#8243;][\/vc_column][vc_column width=&#8220;1\/2&#8243;][vc_empty_space height=&#8220;64px&#8220;]<div class=\"porto-u-heading  wpb_custom_95aa9a11c17ad45cfabaf210d84ee7cc porto-u-6346\"><div class=\"porto-u-main-heading\"><h2   style=\"font-family:Playfair Display; font-weight:700; font-style:italic; color:#666666;font-size:42px;\">Wof\u00fcr wir verbindlich stehen:<\/h2><\/div><style>.porto-u-6346.porto-u-heading{text-align:left}<\/style><\/div>[vc_empty_space height=&#8220;64px&#8220;][\/vc_column][vc_column width=&#8220;1\/4&#8243;][\/vc_column][\/vc_row][vc_row][vc_column width=&#8220;1\/2&#8243;]<div class=\"porto-u-heading  wpb_custom_95aa9a11c17ad45cfabaf210d84ee7cc porto-u-4418\"><div class=\"porto-u-main-heading\"><h2   style=\"color:#263284;font-size:24px;\">\u00b7 Jeevan<\/h2><\/div><div class=\"porto-u-heading-spacer line_only\" style=\"height:1px;\"><span class=\"porto-u-headings-line\" style=\"border-style:solid;border-bottom-width:1px;border-color:#8c91bb;\"><\/span><\/div><style>.porto-u-4418.porto-u-heading{text-align:left}<\/style><\/div>[vc_column_text]Im hindi bedeutet Jeevan Leben. Unsere Sch\u00f6nheitsprodukte werden auf der Basis von Pflanzen hergestellt, weil sie erf\u00fcllt sind von der Intelligenz , die das Leben ausmacht. Eine Kosmetik, die lebt und das Leben n\u00e4hrt.[\/vc_column_text][vc_empty_space height=&#8220;16px&#8220;]<div class=\"porto-u-heading  wpb_custom_95aa9a11c17ad45cfabaf210d84ee7cc porto-u-9081\"><div class=\"porto-u-main-heading\"><h2   style=\"color:#263284;font-size:24px;\">\u00b7 Ayurveda<\/h2><\/div><div class=\"porto-u-heading-spacer line_only\" style=\"height:1px;\"><span class=\"porto-u-headings-line\" style=\"border-style:solid;border-bottom-width:1px;border-color:#8c91bb;\"><\/span><\/div><style>.porto-u-9081.porto-u-heading{text-align:left}<\/style><\/div>[vc_column_text]Unsere Rezepturen, im Ayurveda begr\u00fcndet, stimulieren die Gesundheit der Haut, indem sie sichtbare Resultate zeigen. Jeder ayurvedische Hauttyp braucht unterschiedliche Pflege.[\/vc_column_text][vc_empty_space height=&#8220;16px&#8220;]<div class=\"porto-u-heading  wpb_custom_95aa9a11c17ad45cfabaf210d84ee7cc porto-u-5286\"><div class=\"porto-u-main-heading\"><h2   style=\"color:#263284;font-size:24px;\">\u00b7 Nat\u00fcrlichkeit<\/h2><\/div><div class=\"porto-u-heading-spacer line_only\" style=\"height:1px;\"><span class=\"porto-u-headings-line\" style=\"border-style:solid;border-bottom-width:1px;border-color:#8c91bb;\"><\/span><\/div><style>.porto-u-5286.porto-u-heading{text-align:left}<\/style><\/div>[vc_column_text]Unsere Produkte sind frei von synthetischen Farbstoffen und k\u00fcnstlichen Duftstoffen, frei von jeglichen tierischen Produkten, enthalten keine mineralischen \u00d6le, keine Parabene, sind frei von irgendwelchen petrochemischen Substanzen und vor allem frei von Silikon.[\/vc_column_text][vc_empty_space height=&#8220;16px&#8220;]<div class=\"porto-u-heading  wpb_custom_95aa9a11c17ad45cfabaf210d84ee7cc porto-u-3817\"><div class=\"porto-u-main-heading\"><h2   style=\"color:#263284;font-size:24px;\">\u00b7 Reinheit<\/h2><\/div><div class=\"porto-u-heading-spacer line_only\" style=\"height:1px;\"><span class=\"porto-u-headings-line\" style=\"border-style:solid;border-bottom-width:1px;border-color:#8c91bb;\"><\/span><\/div><style>.porto-u-3817.porto-u-heading{text-align:left}<\/style><\/div>[vc_column_text]Wir verwenden ausnahmeslos nat\u00fcrliche Zutaten von bekannter Herkunft und verwandeln uralte ayurvedische Mischungen in moderne Rezepturen, immer gem\u00e4\u00df den europ\u00e4ischen Qualit\u00e4ts- und Sicherheitsstandards. Weisheit und Verl\u00e4sslichkeit machen den Unterschied.<\/p>\n<p>Jede einzelne unserer Rezepturen ist in der Natur begr\u00fcndet, und die ayurvedische Weisheit f\u00fchrt uns dahin, was nat\u00fcrlicherweise gut ist f\u00fcr den K\u00f6rper und l\u00e4\u00dft uns dar\u00fcber hinaus verstehen, was besonders gut ist f\u00fcr unsere Haut.[\/vc_column_text][\/vc_column][vc_column width=&#8220;1\/2&#8243;]<div class=\"porto-u-heading  wpb_custom_95aa9a11c17ad45cfabaf210d84ee7cc porto-u-5315\"><div class=\"porto-u-main-heading\"><h2   style=\"color:#263284;font-size:24px;\">\u00b7 Respekt<\/h2><\/div><div class=\"porto-u-heading-spacer line_only\" style=\"height:1px;\"><span class=\"porto-u-headings-line\" style=\"border-style:solid;border-bottom-width:1px;border-color:#8c91bb;\"><\/span><\/div><style>.porto-u-5315.porto-u-heading{text-align:left}<\/style><\/div>[vc_column_text]Weil unsere Rezepturen aus jahrtausendealten Rezepten bestehen und nicht im Labor entwickelt, werden sie ausnahmslos an freiwilligen Probanden ausprobiert, ohne Experimente an Tieren, in keiner Phase ihrer Ausarbeitung : Weder in der Beschaffung der Zutaten, noch in der Entwicklung der Produkte, noch in Tests.[\/vc_column_text][vc_empty_space height=&#8220;16px&#8220;]<div class=\"porto-u-heading  wpb_custom_95aa9a11c17ad45cfabaf210d84ee7cc porto-u-7676\"><div class=\"porto-u-main-heading\"><h2   style=\"color:#263284;font-size:24px;\">\u00b7 Wissen<\/h2><\/div><div class=\"porto-u-heading-spacer line_only\" style=\"height:1px;\"><span class=\"porto-u-headings-line\" style=\"border-style:solid;border-bottom-width:1px;border-color:#8c91bb;\"><\/span><\/div><style>.porto-u-7676.porto-u-heading{text-align:left}<\/style><\/div>[vc_column_text]Aus jahrelangem Studium und Erfahrung, um unsere Rezepturen und unser Wissen mit unseren Kunden zu teilen. Vertiefen wir es kontinuierlich, indem wir die Sch\u00f6nheit der Wissenschaft vom Leben teilen.[\/vc_column_text][vc_empty_space height=&#8220;16px&#8220;]<div class=\"porto-u-heading  wpb_custom_95aa9a11c17ad45cfabaf210d84ee7cc porto-u-1660\"><div class=\"porto-u-main-heading\"><h2   style=\"color:#263284;font-size:24px;\">\u00b7 Dank<\/h2><\/div><div class=\"porto-u-heading-spacer line_only\" style=\"height:1px;\"><span class=\"porto-u-headings-line\" style=\"border-style:solid;border-bottom-width:1px;border-color:#8c91bb;\"><\/span><\/div><style>.porto-u-1660.porto-u-heading{text-align:left}<\/style><\/div>[vc_column_text]Unser Dank gilt allen unseren Vertriebsleuten , Mitarbeitern, Freunden, Lieferanten, und besonders unseren Kunden f\u00fcr das uns entgegengebrachte Vertrauen.<br \/>\nLasst uns dankbar sein f\u00fcr das unermessliche Wissen des Ayurveda, das uns dargeboten wird; auch f\u00fcr das Leben und die M\u00f6glichkeit, unserer Passion zu folgen.[\/vc_column_text][\/vc_column][\/vc_row][vc_row][vc_column][vc_empty_space height=&#8220;64px&#8220;][\/vc_column][\/vc_row][\/vc_section][vc_section][vc_row][vc_column][vc_empty_space height=&#8220;96px&#8220;][\/vc_column][\/vc_row][vc_row equal_height=&#8220;yes&#8220; content_placement=&#8220;middle&#8220;][vc_column width=&#8220;1\/2&#8243; el_class=&#8220;ja-block-padding ja-block-padding-right&#8220;][vc_single_image image=&#8220;3347&#8243; img_size=&#8220;full&#8220; alignment=&#8220;center&#8220;][\/vc_column][vc_column width=&#8220;1\/2&#8243;]<div class=\"porto-u-heading  wpb_custom_95aa9a11c17ad45cfabaf210d84ee7cc porto-u-6464\"><div class=\"porto-u-main-heading\"><h2   style=\"font-family:Playfair Display; font-weight:700; font-style:italic; color:#666666;font-size:42px;\">Warum ist ein Rangoli unser Logo?<\/h2><\/div><style>.porto-u-6464.porto-u-heading{text-align:left}<\/style><\/div>[vc_column_text]Das hinduistiche Rangoli geh\u00f6rt zu den \u00e4ltesten und sch\u00f6nsten Manifestationen popul\u00e4rer Kunst in Indien.<\/p>\n<p>\u00dcber tausende von Jahren hindurch wurden Wohnh\u00e4user mit diesen Bildern geschm\u00fcckt als Ausdruck von Gebeten f\u00fcr das Wohlbefinden seiner Bewohner und Familien.<\/p>\n<p>Auch als Willkommensgruss f\u00fcr Besucher wurden sie am Eingang der H\u00e4user angebracht. Die Farbgebung des Rangoli bedeutet immerw\u00e4hrende Sch\u00f6nheit und beabsichtigt die Ausbreitung von Sch\u00f6nheit, Wohlbefinden und Freude. Das ist unsere Aufgabe, Sch\u00f6nheit, Wohlbefinden und Freude zu verbreiten.<\/p>\n<p><span style=\"font-size: 16px;\">\u00a0<\/span>[\/vc_column_text][\/vc_column][\/vc_row][vc_row][vc_column][vc_empty_space][\/vc_column][\/vc_row][\/vc_section][vc_section full_width=&#8220;stretch_row_content&#8220; disable_element=&#8220;yes&#8220;][vc_row no_padding=&#8220;yes&#8220;][vc_column]<a class=\"porto-sicon-box-link\" href=\"https:\/\/www.instagram.com\/jeevan_ayurveda_cosmetics\" target='_blank' rel='nofollow'><div class=\"porto-sicon-box  vc_custom_1611670444945 mb-0 background-color-dark-transparent pc-follow-instagram porto-ibanner-layer position-relative  wpb_custom_1efe903570d178ff0a9b7bfa5febd3a4 style_3 top-icon\"><div class=\"porto-sicon-top\"><div class=\"porto-just-icon-wrapper porto-icon none\" style=\"color:#ffffff;font-size:50px;\"><i class=\"fab fa-instagram\"><\/i><\/div><\/div><div class=\"porto-sicon-header\"><h2 class=\"porto-sicon-title\" style=\"font-size:2.125em;line-height:1.1;color:#ffffff;\">S\u00edguenos en Instagram<\/h2><p style=\"font-weight:400;font-size:.8125em;line-height:1.8;letter-spacing:.005em;color:rgba(255,255,255,0.7);\">@jeevan_ayurveda_cosmetics<\/p><\/div> <!-- header --><\/div><!-- porto-sicon-box --><\/a><div class=\"porto-carousel owl-carousel has-ccols ccols-xl-6 ccols-lg-5 ccols-md-4 ccols-sm-3 ccols-2 mb-0 wpb_custom_c86c2fb53cae9eced42d4b8900a042f3\" data-plugin-options=\"{&quot;themeConfig&quot;:true,&quot;stagePadding&quot;:0,&quot;margin&quot;:0,&quot;autoplay&quot;:false,&quot;mouseDrag&quot;:true,&quot;touchDrag&quot;:true,&quot;autoplayTimeout&quot;:5000,&quot;autoplayHoverPause&quot;:false,&quot;items&quot;:6,&quot;xl&quot;:6,&quot;lg&quot;:5,&quot;md&quot;:4,&quot;sm&quot;:3,&quot;xs&quot;:2,&quot;nav&quot;:false,&quot;dots&quot;:false,&quot;animateIn&quot;:&quot;&quot;,&quot;animateOut&quot;:&quot;&quot;,&quot;loop&quot;:false,&quot;center&quot;:false,&quot;video&quot;:false,&quot;lazyLoad&quot;:false,&quot;fullscreen&quot;:false}\">[vc_single_image image=&#8220;2610&#8243; img_size=&#8220;300&#215;300&#8243; el_class=&#8220;mb-0&#8243;][vc_single_image image=&#8220;2613&#8243; img_size=&#8220;300&#215;300&#8243; el_class=&#8220;mb-0&#8243;][vc_single_image image=&#8220;2612&#8243; img_size=&#8220;300&#215;300&#8243; el_class=&#8220;mb-0&#8243;][vc_single_image image=&#8220;2611&#8243; img_size=&#8220;300&#215;300&#8243; el_class=&#8220;mb-0&#8243;][vc_single_image image=&#8220;2614&#8243; img_size=&#8220;300&#215;300&#8243; el_class=&#8220;mb-0&#8243;][vc_single_image image=&#8220;2615&#8243; img_size=&#8220;300&#215;300&#8243; el_class=&#8220;mb-0&#8243;]<\/div>[\/vc_column][\/vc_row][\/vc_section][vc_section disable_element=&#8220;yes&#8220;][vc_row][vc_column width=&#8220;1\/2&#8243;][vc_empty_space height=&#8220;96px&#8220;]<div class=\"porto-u-heading  wpb_custom_95aa9a11c17ad45cfabaf210d84ee7cc porto-u-3906\"><div class=\"porto-u-main-heading\"><h2   style=\"font-family:Playfair Display; font-weight:700; font-style:italic; color:#666666;font-size:42px;\">Suscr\u00edbete a nuestra newsletter<\/h2><\/div><style>.porto-u-3906.porto-u-heading{text-align:left}<\/style><\/div>[\/vc_column][vc_column width=&#8220;1\/2&#8243;][vc_empty_space height=&#8220;96px&#8220;]<p class=\"wpcf7-contact-form-not-found\"><strong>Fehler:<\/strong> Kontaktformular wurde nicht gefunden.<\/p>[vc_empty_space height=&#8220;96px&#8220;][\/vc_column][\/vc_row][\/vc_section]<\/p>\n<\/div>","protected":false},"excerpt":{"rendered":"<p>[vc_row full_width=&#8220;stretch_row_content&#8220; css_animation=&#8220;fadeIn&#8220; no_padding=&#8220;yes&#8220; remove_border=&#8220;yes&#8220; css=&#8220;.vc_custom_1612793758572{background-image: url(https:\/\/www.jeevan-ayurveda.com\/wp-content\/uploads\/2021\/02\/image00002r.jpg?id=2664) !important;background-position: center !important;background-repeat: no-repeat !important;background-size: cover !important;}&#8220;][vc_column][vc_empty_space height=&#8220;600px&#8220;][\/vc_column][\/vc_row][vc_row][vc_column][vc_empty_space height=&#8220;96px&#8220;][\/vc_column][\/vc_row][vc_row equal_height=&#8220;yes&#8220; content_placement=&#8220;middle&#8220;][vc_column][vc_empty_space height=&#8220;48px&#8220;][vc_column_text]Vor einigen Jahren, als ich nach Indien reiste, ein Land, das mich schon immer fasziniert hatte, fragte ich mich, wieso diese asiatischen Frauen, so aussergew\u00f6hnlich sch\u00f6n, strahlend und anmutig waren. Was war das Geheimnis ihrer Sch\u00f6nheit. Dies [&hellip;]<\/p>\n","protected":false},"author":1,"featured_media":0,"parent":0,"menu_order":0,"comment_status":"closed","ping_status":"closed","template":"","meta":{"footnotes":""},"class_list":["post-4522","page","type-page","status-publish","hentry"],"_links":{"self":[{"href":"https:\/\/www.jeevan-ayurveda.com\/de\/wp-json\/wp\/v2\/pages\/4522"}],"collection":[{"href":"https:\/\/www.jeevan-ayurveda.com\/de\/wp-json\/wp\/v2\/pages"}],"about":[{"href":"https:\/\/www.jeevan-ayurveda.com\/de\/wp-json\/wp\/v2\/types\/page"}],"author":[{"embeddable":true,"href":"https:\/\/www.jeevan-ayurveda.com\/de\/wp-json\/wp\/v2\/users\/1"}],"replies":[{"embeddable":true,"href":"https:\/\/www.jeevan-ayurveda.com\/de\/wp-json\/wp\/v2\/comments?post=4522"}],"version-history":[{"count":8,"href":"https:\/\/www.jeevan-ayurveda.com\/de\/wp-json\/wp\/v2\/pages\/4522\/revisions"}],"predecessor-version":[{"id":4524,"href":"https:\/\/www.jeevan-ayurveda.com\/de\/wp-json\/wp\/v2\/pages\/4522\/revisions\/4524"}],"wp:attachment":[{"href":"https:\/\/www.jeevan-ayurveda.com\/de\/wp-json\/wp\/v2\/media?parent=4522"}],"curies":[{"name":"wp","href":"https:\/\/api.w.org\/{rel}","templated":true}]}}