{"id":4536,"date":"2021-05-20T16:15:16","date_gmt":"2021-05-20T14:15:16","guid":{"rendered":"https:\/\/www.jeevan-ayurveda.com\/?page_id=4536"},"modified":"2022-03-15T19:34:48","modified_gmt":"2022-03-15T18:34:48","slug":"professionelle","status":"publish","type":"page","link":"https:\/\/www.jeevan-ayurveda.com\/de\/professionelle\/","title":{"rendered":"Professionelle"},"content":{"rendered":"<div class=\"wpb-content-wrapper\"><p>[vc_row full_width=&#8220;stretch_row_content&#8220; css_animation=&#8220;fadeIn&#8220; no_padding=&#8220;yes&#8220; remove_border=&#8220;yes&#8220; css=&#8220;.vc_custom_1647369128935{background-image: url(https:\/\/www.jeevan-ayurveda.com\/wp-content\/uploads\/2022\/03\/Primavera-22-RECORTADA-scaled.jpg?id=5856) !important;background-position: center !important;background-repeat: no-repeat !important;background-size: cover !important;}&#8220;][vc_column][vc_empty_space height=&#8220;600px&#8220;][\/vc_column][\/vc_row][vc_row][vc_column][vc_empty_space height=&#8220;96px&#8220;][\/vc_column][\/vc_row][vc_row gap=&#8220;35&#8243; equal_height=&#8220;yes&#8220;][vc_column css=&#8220;.vc_custom_1612880422931{padding-right: 64px !important;padding-left: 64px !important;}&#8220;]<div class=\"porto-u-heading  wpb_custom_95aa9a11c17ad45cfabaf210d84ee7cc porto-u-5239\"><div class=\"porto-u-main-heading\"><h2   style=\"font-family:Playfair Display; font-weight:700; font-style:italic; color:#666666;font-size:42px;\">Eine ganzheitliche Betrachtung deiner Haut<\/h2><\/div><style>.porto-u-5239.porto-u-heading{text-align:center}<\/style><\/div>[vc_empty_space height=&#8220;48px&#8220;][vc_column_text]<\/p>\n<p style=\"text-align: center; font-size: 19px;\">Was mit deiner Haut geschieht ist unabh\u00e4ngig von dem, was mit dir geschieht. Wir von Jeevan Ayurveda wissen das. Und deswegen bieten wir dir eine professionelle Sch\u00f6nheitspflege und eine ganzheitliche diagnostische ayurvedische Methode. Wir verwenden Kr\u00e4uter, Samen, Wurzeln, Bl\u00fcten und alte ayurvedische medizinische Arbeitstechniken.<\/p>\n<p>[\/vc_column_text][\/vc_column][\/vc_row][vc_section][vc_row][vc_column][vc_empty_space]<div class=\"porto-u-heading  wpb_custom_95aa9a11c17ad45cfabaf210d84ee7cc porto-u-3166\"><div class=\"porto-u-main-heading\"><h2   style=\"font-family:Playfair Display; font-weight:700; font-style:italic; color:#666666;font-size:42px;\">Wir bieten Dir<\/h2><\/div><style>.porto-u-3166.porto-u-heading{text-align:center}<\/style><\/div>[vc_empty_space height=&#8220;64px&#8220;][\/vc_column][\/vc_row][vc_row gap=&#8220;35&#8243; equal_height=&#8220;yes&#8220; content_placement=&#8220;middle&#8220;][vc_column width=&#8220;1\/2&#8243; el_class=&#8220;ja-block-padding ja-block-padding-right&#8220;][vc_single_image image=&#8220;2822&#8243; img_size=&#8220;full&#8220; alignment=&#8220;center&#8220;][\/vc_column][vc_column width=&#8220;1\/2&#8243; css=&#8220;.vc_custom_1613399955154{padding-right: 64px !important;padding-left: 64px !important;background-position: 0 0 !important;background-repeat: no-repeat !important;}&#8220; el_class=&#8220;ja-dosha-background-right&#8220;][vc_empty_space]<div class=\"porto-u-heading  wpb_custom_95aa9a11c17ad45cfabaf210d84ee7cc porto-u-4867\"><div class=\"porto-u-main-heading\"><h2   style=\"font-family:Playfair Display; font-weight:700; font-style:italic; color:#273286;font-size:42px;\">Produkte<\/h2><\/div><style>.porto-u-4867.porto-u-heading{text-align:left}<\/style><\/div>[vc_column_text]Kosmetik und n\u00e4hrende Kosmetik von au\u00dfergew\u00f6hnlicher Qualit\u00e4t mit der ganzen Kraft der Natur und der Weisheit des Ayurveda. Nat\u00fcrliche Produkte, entwickelt f\u00fcr jeden Hauttyp, die ihm gem\u00e4\u00dfe Strahlkraft, Feinheit, Festigkeit und innere St\u00e4rke wiederherzustellen.[\/vc_column_text][vc_empty_space][\/vc_column][\/vc_row][vc_row gap=&#8220;35&#8243; equal_height=&#8220;yes&#8220; content_placement=&#8220;middle&#8220;][vc_column width=&#8220;1\/2&#8243; el_class=&#8220;ja-block-padding ja-block-padding-right ja-dosha-background-left&#8220; css=&#8220;.vc_custom_1613399968164{padding-right: 64px !important;padding-left: 64px !important;background-position: 0 0 !important;background-repeat: no-repeat !important;}&#8220;][vc_empty_space]<div class=\"porto-u-heading  wpb_custom_95aa9a11c17ad45cfabaf210d84ee7cc porto-u-7230\"><div class=\"porto-u-main-heading\"><h2   style=\"font-family:Playfair Display; font-weight:700; font-style:italic; color:#273286;font-size:42px;\">Behandlungen<\/h2><\/div><style>.porto-u-7230.porto-u-heading{text-align:right}<\/style><\/div>[vc_column_text]<\/p>\n<p style=\"text-align: right;\">Gesichtsbehandlungen, Verj\u00fcngungskuren, k\u00f6rperlich und kranial. Inhaltsstoffe aus der Antike, seit Jahrtausenden angewandte Techniken und Massagen, die die neuesten Innovationen in der Sch\u00f6nheitspflege sind.<\/p>\n<p>[\/vc_column_text][vc_empty_space][\/vc_column][vc_column width=&#8220;1\/2&#8243; css=&#8220;.vc_custom_1612951084217{background-position: 0 0 !important;background-repeat: no-repeat !important;}&#8220;][vc_single_image image=&#8220;2824&#8243; img_size=&#8220;full&#8220; alignment=&#8220;center&#8220;][\/vc_column][\/vc_row][vc_row gap=&#8220;35&#8243; equal_height=&#8220;yes&#8220; content_placement=&#8220;middle&#8220;][vc_column width=&#8220;1\/2&#8243; el_class=&#8220;ja-block-padding ja-block-padding-right&#8220;][vc_single_image image=&#8220;2828&#8243; img_size=&#8220;full&#8220; alignment=&#8220;center&#8220;][\/vc_column][vc_column width=&#8220;1\/2&#8243; css=&#8220;.vc_custom_1613399955154{padding-right: 64px !important;padding-left: 64px !important;background-position: 0 0 !important;background-repeat: no-repeat !important;}&#8220; el_class=&#8220;ja-dosha-background-right&#8220;][vc_empty_space]<div class=\"porto-u-heading  wpb_custom_95aa9a11c17ad45cfabaf210d84ee7cc porto-u-1253\"><div class=\"porto-u-main-heading\"><h2   style=\"font-family:Playfair Display; font-weight:700; font-style:italic; color:#273286;font-size:42px;\">Vorf\u00fchrungen<\/h2><\/div><style>.porto-u-1253.porto-u-heading{text-align:left}<\/style><\/div>[vc_column_text]Vorf\u00fchrungen online und in Pr\u00e4senzform. Inspirierende und innovative Methodik, angeglichen an deine Bed\u00fcrfnisse und konzentriert auf die Weiterentwicklung deines Gesch\u00e4ftes.<\/p>\n<p>Wir helfen dir, dein Gesch\u00e4ft stimulierend, magisch und besonders auf deine Klienten abgestimmt zu gestalten.<\/p>\n<p>Lasse nicht zu, da\u00df dein Gesch\u00e4ft dasselbe sein wird wie die meisten.<\/p>\n<p>Wir unterst\u00fctzen dich und helfen dir, dich zu differenzieren und neu zu erfinden.[\/vc_column_text][vc_empty_space][\/vc_column][\/vc_row][vc_row gap=&#8220;35&#8243; equal_height=&#8220;yes&#8220; content_placement=&#8220;middle&#8220;][vc_column width=&#8220;1\/2&#8243; el_class=&#8220;ja-block-padding ja-block-padding-right ja-dosha-background-left&#8220; css=&#8220;.vc_custom_1613399968164{padding-right: 64px !important;padding-left: 64px !important;background-position: 0 0 !important;background-repeat: no-repeat !important;}&#8220;][vc_empty_space]<div class=\"porto-u-heading  wpb_custom_95aa9a11c17ad45cfabaf210d84ee7cc porto-u-8360\"><div class=\"porto-u-main-heading\"><h2   style=\"font-family:Playfair Display; font-weight:700; font-style:italic; color:#273286;font-size:42px;\">Unterst\u00fctzung<\/h2><\/div><style>.porto-u-8360.porto-u-heading{text-align:right}<\/style><\/div>[vc_column_text]<\/p>\n<p style=\"text-align: right;\">Wir stehen zu deiner Verf\u00fcgung f\u00fcr alles was du brauchst.<br \/>\nIn diesen schwierigen Zeiten werden dir Qualit\u00e4t, Personalifizierung und Differenzierung helfen, dein Gesch\u00e4ft zu reaktivieren.<br \/>\nWir helfen dir, dein Gesch\u00e4ft stimulierend, magisch und auf deine Klienten abgestimmt zu gestalten.<br \/>\nLasse nicht zu, dass dein Gesch\u00e4ft genauso ist wie die meisten.<br \/>\nWir unterst\u00fctzen dich und helfen dir, dich zu differenzieren und neu zu erfinden.[\/vc_column_text][vc_empty_space][\/vc_column][vc_column width=&#8220;1\/2&#8243; css=&#8220;.vc_custom_1612951084217{background-position: 0 0 !important;background-repeat: no-repeat !important;}&#8220;][vc_single_image image=&#8220;3333&#8243; img_size=&#8220;full&#8220; alignment=&#8220;center&#8220;][\/vc_column][\/vc_row][vc_row][vc_column][vc_empty_space][\/vc_column][\/vc_row][\/vc_section][vc_row full_width=&#8220;stretch_row&#8220; css=&#8220;.vc_custom_1612954305073{background-color: #f2f2f2 !important;background-position: 0 0 !important;background-repeat: no-repeat !important;}&#8220;][vc_column][vc_empty_space height=&#8220;64px&#8220;]<div class=\"porto-u-heading  wpb_custom_95aa9a11c17ad45cfabaf210d84ee7cc porto-u-6045\"><div class=\"porto-u-main-heading\"><h2   style=\"font-family:Playfair Display; font-weight:700; font-style:italic; color:#273286;font-size:42px;\">Neuigkeiten<\/h2><\/div><div class=\"porto-u-heading-spacer line_only\" style=\"height:1px;\"><span class=\"porto-u-headings-line\" style=\"border-style:solid;border-bottom-width:1px;border-color:#273286;\"><\/span><\/div><style>.porto-u-6045.porto-u-heading{text-align:left}<\/style><\/div>[vc_empty_space height=&#8220;64px&#8220;][vc_row_inner equal_height=&#8220;yes&#8220; content_placement=&#8220;middle&#8220;][vc_column_inner width=&#8220;2\/3&#8243;][vc_single_image image=&#8220;5670&#8243; img_size=&#8220;full&#8220;][\/vc_column_inner][vc_column_inner width=&#8220;1\/3&#8243;][vc_column_text]<strong>Gewinner unseres III Preises der Fotografie:<\/strong>[\/vc_column_text][vc_column_text]Marian Navarro<\/p>\n<p>Espacio de Belleza (Errenter\u00eda)[\/vc_column_text][\/vc_column_inner][\/vc_row_inner][vc_empty_space height=&#8220;64px&#8220;][\/vc_column][\/vc_row][vc_row full_width=&#8220;stretch_row_content_no_spaces&#8220; css=&#8220;.vc_custom_1612954543156{margin-top: -200px !important;}&#8220;][vc_column][vc_empty_space height=&#8220;96px&#8220; el_class=&#8220;ja-mobile-show&#8220;][vc_single_image image=&#8220;2758&#8243; img_size=&#8220;full&#8220; alignment=&#8220;right&#8220;][\/vc_column][\/vc_row][vc_row][vc_column]<div class=\"porto-u-heading  wpb_custom_95aa9a11c17ad45cfabaf210d84ee7cc porto-u-2565\"><div class=\"porto-u-main-heading\"><h2   style=\"font-family:Playfair Display; font-weight:700; font-style:italic; color:#273286;font-size:42px;\">Kontakt<\/h2><\/div><div class=\"porto-u-heading-spacer line_only\" style=\"height:1px;\"><span class=\"porto-u-headings-line\" style=\"border-style:solid;border-bottom-width:1px;border-color:#273286;\"><\/span><\/div><style>.porto-u-2565.porto-u-heading{text-align:left}<\/style><\/div>[vc_empty_space height=&#8220;64px&#8220;][vc_column_text]Wenn du Kontakt mit uns aufnehmen willst, f\u00fclle das folgende Formular aus, so schnell wie m\u00f6glich erh\u00e4ltst du eine Antwort.<\/p>\n<p>Wenn es dir lieber ist, kannst du uns auch anrufen unter der Tel. Nr. <strong>+34 922 700 207<\/strong>.[\/vc_column_text]\n<div class=\"wpcf7 no-js\" id=\"wpcf7-f4555-o1\" lang=\"de-DE\" dir=\"ltr\" data-wpcf7-id=\"4555\">\n<div class=\"screen-reader-response\"><p role=\"status\" aria-live=\"polite\" aria-atomic=\"true\"><\/p> <ul><\/ul><\/div>\n<form action=\"\/de\/wp-json\/wp\/v2\/pages\/4536#wpcf7-f4555-o1\" method=\"post\" class=\"wpcf7-form init\" aria-label=\"Kontaktformular\" novalidate=\"novalidate\" data-status=\"init\">\n<div style=\"display: none;\">\n<input type=\"hidden\" name=\"_wpcf7\" value=\"4555\" \/>\n<input type=\"hidden\" name=\"_wpcf7_version\" value=\"6.0.6\" \/>\n<input type=\"hidden\" name=\"_wpcf7_locale\" value=\"de_DE\" \/>\n<input type=\"hidden\" name=\"_wpcf7_unit_tag\" value=\"wpcf7-f4555-o1\" \/>\n<input type=\"hidden\" name=\"_wpcf7_container_post\" value=\"0\" \/>\n<input type=\"hidden\" name=\"_wpcf7_posted_data_hash\" value=\"\" \/>\n<input type=\"hidden\" name=\"_wpcf7_recaptcha_response\" value=\"\" \/>\n<\/div>\n<div class=\"ja-form\">\n\t<div class=\"row\">\n\t\t<div class=\"col-md-4\">\n\t\t\t<p><span class=\"wpcf7-form-control-wrap\" data-name=\"firstname\"><input size=\"40\" maxlength=\"400\" class=\"wpcf7-form-control wpcf7-text wpcf7-validates-as-required\" aria-required=\"true\" aria-invalid=\"false\" placeholder=\"Name\" value=\"\" type=\"text\" name=\"firstname\" \/><\/span>\n\t\t\t<\/p>\n\t\t<\/div>\n\t\t<div class=\"col-md-8\">\n\t\t\t<p><span class=\"wpcf7-form-control-wrap\" data-name=\"surname\"><input size=\"40\" maxlength=\"400\" class=\"wpcf7-form-control wpcf7-text\" aria-invalid=\"false\" placeholder=\"Vorname\" value=\"\" type=\"text\" name=\"surname\" \/><\/span>\n\t\t\t<\/p>\n\t\t<\/div>\n\t<\/div>\n\t<div class=\"row\">\n\t\t<div class=\"col-md-12\">\n\t\t\t<p><span class=\"wpcf7-form-control-wrap\" data-name=\"business\"><input size=\"40\" maxlength=\"400\" class=\"wpcf7-form-control wpcf7-text\" aria-invalid=\"false\" placeholder=\"Name des Zentrums\" value=\"\" type=\"text\" name=\"business\" \/><\/span>\n\t\t\t<\/p>\n\t\t<\/div>\n\t<\/div>\n\t<div class=\"row\">\n\t\t<div class=\"col-md-8\">\n\t\t\t<p><span class=\"wpcf7-form-control-wrap\" data-name=\"street\"><input size=\"40\" maxlength=\"400\" class=\"wpcf7-form-control wpcf7-text\" aria-invalid=\"false\" placeholder=\"Strasse\" value=\"\" type=\"text\" name=\"street\" \/><\/span>\n\t\t\t<\/p>\n\t\t<\/div>\n\t\t<div class=\"col-md-2\">\n\t\t\t<p><span class=\"wpcf7-form-control-wrap\" data-name=\"number\"><input size=\"40\" maxlength=\"400\" class=\"wpcf7-form-control wpcf7-text\" aria-invalid=\"false\" placeholder=\"Hausnummer\" value=\"\" type=\"text\" name=\"number\" \/><\/span>\n\t\t\t<\/p>\n\t\t<\/div>\n\t\t<div class=\"col-md-2\">\n\t\t\t<p><span class=\"wpcf7-form-control-wrap\" data-name=\"door\"><input size=\"40\" maxlength=\"400\" class=\"wpcf7-form-control wpcf7-text\" aria-invalid=\"false\" placeholder=\"Stockwerk\" value=\"\" type=\"text\" name=\"door\" \/><\/span>\n\t\t\t<\/p>\n\t\t<\/div>\n\t<\/div>\n\t<div class=\"row\">\n\t\t<div class=\"col-md-3\">\n\t\t\t<p><span class=\"wpcf7-form-control-wrap\" data-name=\"zipcode\"><input size=\"40\" maxlength=\"400\" class=\"wpcf7-form-control wpcf7-text\" aria-invalid=\"false\" placeholder=\"Postleitzahl\" value=\"\" type=\"text\" name=\"zipcode\" \/><\/span>\n\t\t\t<\/p>\n\t\t<\/div>\n\t\t<div class=\"col-md-5\">\n\t\t\t<p><span class=\"wpcf7-form-control-wrap\" data-name=\"location\"><input size=\"40\" maxlength=\"400\" class=\"wpcf7-form-control wpcf7-text\" aria-invalid=\"false\" placeholder=\"Ort\" value=\"\" type=\"text\" name=\"location\" \/><\/span>\n\t\t\t<\/p>\n\t\t<\/div>\n\t\t<div class=\"col-md-4\">\n\t\t\t<p><span class=\"wpcf7-form-control-wrap\" data-name=\"country\"><input size=\"40\" maxlength=\"400\" class=\"wpcf7-form-control wpcf7-text\" aria-invalid=\"false\" placeholder=\"Land\" value=\"\" type=\"text\" name=\"country\" \/><\/span>\n\t\t\t<\/p>\n\t\t<\/div>\n\t<\/div>\n\t<div class=\"row\">\n\t\t<div class=\"col-md-8\">\n\t\t\t<p><span class=\"wpcf7-form-control-wrap\" data-name=\"email\"><input size=\"40\" maxlength=\"400\" class=\"wpcf7-form-control wpcf7-text wpcf7-validates-as-required\" aria-required=\"true\" aria-invalid=\"false\" placeholder=\"email-Adresse\" value=\"\" type=\"text\" name=\"email\" \/><\/span>\n\t\t\t<\/p>\n\t\t<\/div>\n\t\t<div class=\"col-md-4\">\n\t\t\t<p><span class=\"wpcf7-form-control-wrap\" data-name=\"phone\"><input size=\"40\" maxlength=\"400\" class=\"wpcf7-form-control wpcf7-text\" aria-invalid=\"false\" placeholder=\"Telefon\" value=\"\" type=\"text\" name=\"phone\" \/><\/span>\n\t\t\t<\/p>\n\t\t<\/div>\n\t<\/div>\n\t<div class=\"row\">\n\t\t<div class=\"col-md-12\">\n\t\t\t<p><span class=\"wpcf7-form-control-wrap\" data-name=\"foundby\"><input size=\"40\" maxlength=\"400\" class=\"wpcf7-form-control wpcf7-text\" aria-invalid=\"false\" placeholder=\"Wie bist du auf uns aufmerksam geworden?\" value=\"\" type=\"text\" name=\"foundby\" \/><\/span>\n\t\t\t<\/p>\n\t\t<\/div>\n\t<\/div>\n\t<div class=\"row\">\n\t\t<div class=\"col-md-12\">\n\t\t\t<p><span class=\"wpcf7-form-control-wrap\" data-name=\"message\"><textarea cols=\"40\" rows=\"6\" maxlength=\"2000\" class=\"wpcf7-form-control wpcf7-textarea wpcf7-validates-as-required\" aria-required=\"true\" aria-invalid=\"false\" placeholder=\"Bemerkungen\" name=\"message\"><\/textarea><\/span>\n\t\t\t<\/p>\n\t\t<\/div>\n\t<\/div>\n\t<div class=\"row\" style=\"margin-bottom: 0;\">\n\t\t<div class=\"col-md-12\">\n\t\t\t<p><span class=\"wpcf7-form-control-wrap\" data-name=\"privacy_policy\"><span class=\"wpcf7-form-control wpcf7-acceptance\"><span class=\"wpcf7-list-item\"><label><input type=\"checkbox\" name=\"privacy_policy\" value=\"1\" aria-invalid=\"false\" \/><span class=\"wpcf7-list-item-label\">Akzeptiere unsere Datenschutzbestimmungen<\/span><\/label><\/span><\/span><\/span>\n\t\t\t<\/p>\n\t\t<\/div>\n\t<\/div>\n\t<div class=\"row\" style=\"display: none;\">\n\t\t<div class=\"col-md-12\">\n\t\t\t<p><span class=\"wpcf7-form-control-wrap\" data-name=\"newsletter\"><span class=\"wpcf7-form-control wpcf7-checkbox\"><span class=\"wpcf7-list-item first last\"><label><input type=\"checkbox\" name=\"newsletter[]\" value=\"Ich m\u00f6chte den Newsletter erhalten\" \/><span class=\"wpcf7-list-item-label\">Ich m\u00f6chte den Newsletter erhalten<\/span><\/label><\/span><\/span><\/span>\n\t\t\t<\/p>\n\t\t<\/div>\n\t<\/div>\n\t<div class=\"row\">\n\t\t<div class=\"col-md-12\" style=\"text-align: center;\">\n\t\t\t<p><input class=\"wpcf7-form-control wpcf7-submit has-spinner\" type=\"submit\" value=\"Senden\" \/>\n\t\t\t<\/p>\n\t\t<\/div>\n\t<\/div>\n<\/div><div class=\"wpcf7-response-output\" aria-hidden=\"true\"><\/div>\n<\/form>\n<\/div>\n[\/vc_column][\/vc_row]<\/p>\n<\/div>","protected":false},"excerpt":{"rendered":"<p>[vc_row full_width=&#8220;stretch_row_content&#8220; css_animation=&#8220;fadeIn&#8220; no_padding=&#8220;yes&#8220; remove_border=&#8220;yes&#8220; css=&#8220;.vc_custom_1647369128935{background-image: url(https:\/\/www.jeevan-ayurveda.com\/wp-content\/uploads\/2022\/03\/Primavera-22-RECORTADA-scaled.jpg?id=5856) !important;background-position: center !important;background-repeat: no-repeat !important;background-size: cover !important;}&#8220;][vc_column][vc_empty_space height=&#8220;600px&#8220;][\/vc_column][\/vc_row][vc_row][vc_column][vc_empty_space height=&#8220;96px&#8220;][\/vc_column][\/vc_row][vc_row gap=&#8220;35&#8243; equal_height=&#8220;yes&#8220;][vc_column css=&#8220;.vc_custom_1612880422931{padding-right: 64px !important;padding-left: 64px !important;}&#8220;][vc_empty_space height=&#8220;48px&#8220;][vc_column_text] Was mit deiner Haut geschieht ist unabh\u00e4ngig von dem, was mit dir geschieht. Wir von Jeevan Ayurveda wissen das. Und deswegen bieten wir dir eine professionelle Sch\u00f6nheitspflege und eine ganzheitliche diagnostische [&hellip;]<\/p>\n","protected":false},"author":1,"featured_media":0,"parent":0,"menu_order":0,"comment_status":"closed","ping_status":"closed","template":"","meta":{"footnotes":""},"class_list":["post-4536","page","type-page","status-publish","hentry"],"_links":{"self":[{"href":"https:\/\/www.jeevan-ayurveda.com\/de\/wp-json\/wp\/v2\/pages\/4536"}],"collection":[{"href":"https:\/\/www.jeevan-ayurveda.com\/de\/wp-json\/wp\/v2\/pages"}],"about":[{"href":"https:\/\/www.jeevan-ayurveda.com\/de\/wp-json\/wp\/v2\/types\/page"}],"author":[{"embeddable":true,"href":"https:\/\/www.jeevan-ayurveda.com\/de\/wp-json\/wp\/v2\/users\/1"}],"replies":[{"embeddable":true,"href":"https:\/\/www.jeevan-ayurveda.com\/de\/wp-json\/wp\/v2\/comments?post=4536"}],"version-history":[{"count":9,"href":"https:\/\/www.jeevan-ayurveda.com\/de\/wp-json\/wp\/v2\/pages\/4536\/revisions"}],"predecessor-version":[{"id":5859,"href":"https:\/\/www.jeevan-ayurveda.com\/de\/wp-json\/wp\/v2\/pages\/4536\/revisions\/5859"}],"wp:attachment":[{"href":"https:\/\/www.jeevan-ayurveda.com\/de\/wp-json\/wp\/v2\/media?parent=4536"}],"curies":[{"name":"wp","href":"https:\/\/api.w.org\/{rel}","templated":true}]}}