{"id":4550,"date":"2021-05-20T16:39:41","date_gmt":"2021-05-20T14:39:41","guid":{"rendered":"https:\/\/www.jeevan-ayurveda.com\/?page_id=4550"},"modified":"2021-05-26T15:02:47","modified_gmt":"2021-05-26T13:02:47","slug":"kurse","status":"publish","type":"page","link":"https:\/\/www.jeevan-ayurveda.com\/de\/kurse\/","title":{"rendered":"Kurse"},"content":{"rendered":"<div class=\"wpb-content-wrapper\"><p>[vc_row full_width=&#8220;stretch_row_content&#8220; css_animation=&#8220;fadeIn&#8220; no_padding=&#8220;yes&#8220; remove_border=&#8220;yes&#8220; css=&#8220;.vc_custom_1617184040990{background-image: url(https:\/\/www.jeevan-ayurveda.com\/wp-content\/uploads\/2021\/03\/AdobeStock_139529745_retocada-4-scaled.jpg?id=4137) !important;background-position: center !important;background-repeat: no-repeat !important;background-size: cover !important;}&#8220;][vc_column][vc_empty_space height=&#8220;600px&#8220;][\/vc_column][\/vc_row][vc_row][vc_column][vc_empty_space height=&#8220;64px&#8220;][\/vc_column][\/vc_row][vc_row gap=&#8220;35&#8243; equal_height=&#8220;yes&#8220;][vc_column css=&#8220;.vc_custom_1612880422931{padding-right: 64px !important;padding-left: 64px !important;}&#8220;]<div class=\"porto-u-heading  wpb_custom_95aa9a11c17ad45cfabaf210d84ee7cc porto-u-3301\"><div class=\"porto-u-main-heading\"><h2   style=\"font-family:Playfair Display; font-weight:700; font-style:italic; color:#666666;font-size:42px;\">Lass Dich Inspirieren<\/h2><\/div><style>.porto-u-3301.porto-u-heading{text-align:left}<\/style><\/div>[vc_empty_space height=&#8220;48px&#8220;][vc_column_text]Das Ziel von Jeevan Ayurveda ist , das Kr\u00e4uterwissen und die authentischen Arbeitsweisen des Ayurveda zu vermitteln und n\u00e4her zu bringen, angepasst an unsere Zeit und unsere Gesellschaft.<\/p>\n<p>Die Suche nach der SCH\u00d6NHEIT ist unser Anliegen. Und die Sch\u00f6nheit spiegelt die Gesundheit, das innere Gleichgewicht und das Wohlbefinden. Deswegen bieten unsere Kurse Aus- und Weiterbildung \u00fcber verschiedene Aspekte und Therapien, die helfen, dass der Mensch in Harmonie leben kann und in Einklang mit den Rhythmen der Natur:<br \/>\nMassagen, Hautpflege, Ern\u00e4hrung, Kr\u00e4uterkunde.<br \/>\nUnsere Kurse sind behutsam entworfen, damit die Teilnehmer das Ayurveda in ihre praktische Arbeit einbeziehen k\u00f6nnen, im pers\u00f6nlichen oder im professionellen Bereich, indem sie helfen, die nat\u00fcrliche Heilkraft zu unterst\u00fctzen und das aufleuchten zu lassen, was in jedem menschlichen Wesen vorhanden ist.<\/p>\n<p>Seit dem Jahr 2007 bilden wir in Ayurveda aus und mit gro\u00dfer Zufriedenheit k\u00f6nnen wir best\u00e4tigen, da\u00df die besten und gr\u00f6\u00dften Verbreiter unserer Schule die Teilnehmer unserer Kurse sind.[\/vc_column_text][vc_empty_space height=&#8220;48px&#8220;][\/vc_column][\/vc_row][vc_section][vc_row][vc_column width=&#8220;1\/3&#8243;]<div class=\"porto-content-box featured-boxes wpb_content_element \"><div class=\"featured-box \" style=\"\"><div class=\"box-content\" style=\"\">[vc_column_text]<strong><span style=\"font-size: 20px;\">Den essenziellen Unterschied macht unsere au\u00dfergew\u00f6hnliche inspirierende Methode<\/span><\/strong>[\/vc_column_text][vc_column_text]Unser Lehrmodell bietet dem Lernenden ein sehr klares Rahmenkonzept \u00fcber die Grundlagen des Ayurveda, eine schnelle Integration in die Arbeitsweisen und, ganz wichtig, eine gro\u00dfe Leidenschaft f\u00fcr diese Wissenschaft des Lebens.[\/vc_column_text]<\/div><\/div><\/div>[\/vc_column][vc_column width=&#8220;1\/3&#8243;]<div class=\"porto-content-box featured-boxes wpb_content_element \"><div class=\"featured-box \" style=\"\"><div class=\"box-content\" style=\"\">[vc_column_text]<strong><span style=\"font-size: 20px;\">Tradition und Moderne<br \/>\n<\/span><\/strong>[\/vc_column_text][vc_column_text]Wir vermitteln das alte Wissen der klassischen Texte und verbinden es mit den modernen wissenschaftlichen Anforderungen. Die Universalit\u00e4t des Ayurveda erinnert uns daran, dass wir die Harmonie ins HIER und JETZT \u00fcbertragen m\u00fcssen, angeglichen an ihren Kenntnisstand unserer Umwelt und die heutige Zeit.[\/vc_column_text]<\/div><\/div><\/div>[\/vc_column][vc_column width=&#8220;1\/3&#8243;]<div class=\"porto-content-box featured-boxes wpb_content_element \"><div class=\"featured-box \" style=\"\"><div class=\"box-content\" style=\"\">[vc_column_text]<strong><span style=\"font-size: 20px;\">Unsere Kurse sind Module und flexibel<\/span><\/strong>[\/vc_column_text][vc_column_text]K\u00f6nnen entweder \u201clive\u201d verfolgt oder zu einem sp\u00e4teren Zeitpunkt geh\u00f6rt werden. Diese Art des Lernens erlaubt den Teilnehmern, sie mit Leichtigkeit ihrem eigenen Stundenplan oder ihrer beruflichen T\u00e4tigkeit anzupassen.[\/vc_column_text]<\/div><\/div><\/div>[\/vc_column][\/vc_row][vc_row][vc_column][vc_empty_space height=&#8220;48px&#8220;]<div class=\"porto-u-heading  wpb_custom_95aa9a11c17ad45cfabaf210d84ee7cc porto-u-7399\"><div class=\"porto-u-main-heading\"><h2   style=\"font-family:Playfair Display; font-weight:700; font-style:italic; color:#666666;font-size:42px;\">Kurse Jeevan Ayurveda<\/h2><\/div><style>.porto-u-7399.porto-u-heading{text-align:center}<\/style><\/div>[vc_empty_space height=&#8220;64px&#8220;][\/vc_column][\/vc_row][vc_row][vc_column width=&#8220;1\/3&#8243;][vc_single_image image=&#8220;3192&#8243; img_size=&#8220;380&#215;430&#8243; alignment=&#8220;center&#8220; onclick=&#8220;custom_link&#8220; link=&#8220;\/de\/kurse\/kostenlos-kurse\/&#8220; css=&#8220;.vc_custom_1622034088601{margin-bottom: 8px !important;}&#8220; label=&#8220;&#8220;]<div class=\"porto-btn-ctn-center \"><a class=\"porto-btn porto-adjust-bottom-margin porto-btn-block porto-btn-center-hz-bg   wpb_custom_fa51088c2567b780100c1edcf8821d3b  porto-btn-center \"  rel='' href = \"\/de\/kurse\/kostenlos-kurse\/\"  data-hover=\"#ffffff\" data-border-color=\"\" data-bg=\"#273185\" data-hover-bg=\"#666666\" data-border-hover=\"\" data-shadow-click=\"none\" data-shadow=\"\" style=\"font-weight:600;font-size:17px;border:none;background: #273185;color: #ffffff;\"><span class=\"porto-btn-hover\" style=\"background-color:#666666\"><\/span><span class=\"porto-btn-data porto-btn-text \" >KOSTENLOS<\/span><\/a><\/div>[\/vc_column][vc_column width=&#8220;1\/3&#8243;][vc_single_image image=&#8220;3200&#8243; img_size=&#8220;380&#215;430&#8243; alignment=&#8220;center&#8220; onclick=&#8220;custom_link&#8220; link=&#8220;\/de\/kurse\/allgemeines-kurse\/&#8220; css=&#8220;.vc_custom_1622034108422{margin-bottom: 8px !important;}&#8220; label=&#8220;&#8220;]<div class=\"porto-btn-ctn-center \"><a class=\"porto-btn porto-adjust-bottom-margin porto-btn-block porto-btn-center-hz-bg   wpb_custom_fa51088c2567b780100c1edcf8821d3b  porto-btn-center \"  rel='' href = \"\/de\/kurse\/allgemeines-kurse\/\"  data-hover=\"#ffffff\" data-border-color=\"\" data-bg=\"#273185\" data-hover-bg=\"#666666\" data-border-hover=\"\" data-shadow-click=\"none\" data-shadow=\"\" style=\"font-weight:600;font-size:17px;border:none;background: #273185;color: #ffffff;\"><span class=\"porto-btn-hover\" style=\"background-color:#666666\"><\/span><span class=\"porto-btn-data porto-btn-text \" >ALLGEMEINES<\/span><\/a><\/div>[\/vc_column][vc_column width=&#8220;1\/3&#8243;][vc_single_image image=&#8220;3196&#8243; img_size=&#8220;380&#215;430&#8243; alignment=&#8220;center&#8220; onclick=&#8220;custom_link&#8220; link=&#8220;\/de\/kurse\/kurse-fuer-professionelle\/&#8220; css=&#8220;.vc_custom_1622034142978{margin-bottom: 8px !important;}&#8220; label=&#8220;&#8220;]<div class=\"porto-btn-ctn-center \"><a class=\"porto-btn porto-adjust-bottom-margin porto-btn-block porto-btn-center-hz-bg   wpb_custom_fa51088c2567b780100c1edcf8821d3b  porto-btn-center \"  rel='' href = \"\/de\/kurse\/kurse-fuer-professionelle\/\"  data-hover=\"#ffffff\" data-border-color=\"\" data-bg=\"#273185\" data-hover-bg=\"#666666\" data-border-hover=\"\" data-shadow-click=\"none\" data-shadow=\"\" style=\"font-weight:600;font-size:17px;border:none;background: #273185;color: #ffffff;\"><span class=\"porto-btn-hover\" style=\"background-color:#666666\"><\/span><span class=\"porto-btn-data porto-btn-text \" >F\u00dcR PROFESSIONELLE<\/span><\/a><\/div>[\/vc_column][\/vc_row][vc_row gap=&#8220;35&#8243; equal_height=&#8220;yes&#8220; content_placement=&#8220;middle&#8220; disable_element=&#8220;yes&#8220;][vc_column width=&#8220;1\/2&#8243; el_class=&#8220;ja-block-padding ja-block-padding-right&#8220;][vc_single_image image=&#8220;2822&#8243; img_size=&#8220;full&#8220; alignment=&#8220;center&#8220;][\/vc_column][vc_column width=&#8220;1\/2&#8243; css=&#8220;.vc_custom_1613399955154{padding-right: 64px !important;padding-left: 64px !important;background-position: 0 0 !important;background-repeat: no-repeat !important;}&#8220; el_class=&#8220;ja-dosha-background-right&#8220;][vc_empty_space]<div class=\"porto-u-heading  wpb_custom_95aa9a11c17ad45cfabaf210d84ee7cc porto-u-6595\"><div class=\"porto-u-main-heading\"><h2   style=\"font-family:Playfair Display; font-weight:700; font-style:italic; color:#273286;font-size:42px;\">Productos<\/h2><\/div><style>.porto-u-6595.porto-u-heading{text-align:left}<\/style><\/div>[vc_column_text]Cosm\u00e9ticos y nutricosm\u00e9ticos de excepcional calidad, con toda la fuerza de la naturaleza y la sabidur\u00eda del Ayurveda. Productos naturales formulados para que cada tipo de piel recupere su luminosidad, suavidad, resistencia y fuerza interior.[\/vc_column_text][vc_empty_space][\/vc_column][\/vc_row][vc_row gap=&#8220;35&#8243; equal_height=&#8220;yes&#8220; content_placement=&#8220;middle&#8220; disable_element=&#8220;yes&#8220;][vc_column width=&#8220;1\/2&#8243; el_class=&#8220;ja-block-padding ja-block-padding-right ja-dosha-background-left&#8220; css=&#8220;.vc_custom_1613399968164{padding-right: 64px !important;padding-left: 64px !important;background-position: 0 0 !important;background-repeat: no-repeat !important;}&#8220;][vc_empty_space]<div class=\"porto-u-heading  wpb_custom_95aa9a11c17ad45cfabaf210d84ee7cc porto-u-4591\"><div class=\"porto-u-main-heading\"><h2   style=\"font-family:Playfair Display; font-weight:700; font-style:italic; color:#273286;font-size:42px;\">Tratamientos<\/h2><\/div><style>.porto-u-4591.porto-u-heading{text-align:right}<\/style><\/div>[vc_column_text]<\/p>\n<p style=\"text-align: right;\">Tratamientos faciales, rejuvenecedores, corporales y craneales. Ingredientes de la antig\u00fcedad, t\u00e9cnicas y masajes milenarios demostrando que son las \u00faltimas innovaciones en los cuidados de belleza.<\/p>\n<p>[\/vc_column_text][vc_empty_space][\/vc_column][vc_column width=&#8220;1\/2&#8243; css=&#8220;.vc_custom_1612951084217{background-position: 0 0 !important;background-repeat: no-repeat !important;}&#8220;][vc_single_image image=&#8220;2824&#8243; img_size=&#8220;full&#8220; alignment=&#8220;center&#8220;][\/vc_column][\/vc_row][vc_row gap=&#8220;35&#8243; equal_height=&#8220;yes&#8220; content_placement=&#8220;middle&#8220; disable_element=&#8220;yes&#8220;][vc_column width=&#8220;1\/2&#8243; el_class=&#8220;ja-block-padding ja-block-padding-right&#8220;][vc_single_image image=&#8220;2828&#8243; img_size=&#8220;full&#8220; alignment=&#8220;center&#8220;][\/vc_column][vc_column width=&#8220;1\/2&#8243; css=&#8220;.vc_custom_1613399955154{padding-right: 64px !important;padding-left: 64px !important;background-position: 0 0 !important;background-repeat: no-repeat !important;}&#8220; el_class=&#8220;ja-dosha-background-right&#8220;][vc_empty_space]<div class=\"porto-u-heading  wpb_custom_95aa9a11c17ad45cfabaf210d84ee7cc porto-u-5695\"><div class=\"porto-u-main-heading\"><h2   style=\"font-family:Playfair Display; font-weight:700; font-style:italic; color:#273286;font-size:42px;\">Formaci\u00f3n<\/h2><\/div><style>.porto-u-5695.porto-u-heading{text-align:left}<\/style><\/div>[vc_column_text]Formaci\u00f3n online y presencial. Metodolog\u00eda inspiradora e innovadora, adaptada a tus necesidades `y enfocada al desarrollo de tu negocio.[\/vc_column_text][vc_empty_space][\/vc_column][\/vc_row][vc_row gap=&#8220;35&#8243; equal_height=&#8220;yes&#8220; content_placement=&#8220;middle&#8220; disable_element=&#8220;yes&#8220;][vc_column width=&#8220;1\/2&#8243; el_class=&#8220;ja-block-padding ja-block-padding-right ja-dosha-background-left&#8220; css=&#8220;.vc_custom_1613399968164{padding-right: 64px !important;padding-left: 64px !important;background-position: 0 0 !important;background-repeat: no-repeat !important;}&#8220;][vc_empty_space]<div class=\"porto-u-heading  wpb_custom_95aa9a11c17ad45cfabaf210d84ee7cc porto-u-7375\"><div class=\"porto-u-main-heading\"><h2   style=\"font-family:Playfair Display; font-weight:700; font-style:italic; color:#273286;font-size:42px;\">Apoyo<\/h2><\/div><style>.porto-u-7375.porto-u-heading{text-align:right}<\/style><\/div>[vc_column_text]<\/p>\n<p style=\"text-align: right;\">Estamos a tu lado para todo lo que necesites.<br \/>\nEn estos momentos dif\u00edciles, la calidad,<br \/>\nla personalizaci\u00f3n y la diferenciaci\u00f3n ayudar\u00e1n a reactivar tu negocio.<br \/>\nTe ayudamos a que tu negocio sea estimulante, m\u00e1gico y especial para tus clientes.<br \/>\nNo permitas que tu negocio sea igual que los dem\u00e1s.<br \/>\nTe apoyamos y te ayudamos a diferenciarte y a reinventarte.<\/p>\n<p>[\/vc_column_text][vc_empty_space][\/vc_column][vc_column width=&#8220;1\/2&#8243; css=&#8220;.vc_custom_1612951084217{background-position: 0 0 !important;background-repeat: no-repeat !important;}&#8220;][vc_single_image image=&#8220;3333&#8243; img_size=&#8220;full&#8220; alignment=&#8220;center&#8220;][\/vc_column][\/vc_row][vc_row][vc_column][vc_empty_space][\/vc_column][\/vc_row][\/vc_section]<\/p>\n<\/div>","protected":false},"excerpt":{"rendered":"<p>[vc_row full_width=&#8220;stretch_row_content&#8220; css_animation=&#8220;fadeIn&#8220; no_padding=&#8220;yes&#8220; remove_border=&#8220;yes&#8220; css=&#8220;.vc_custom_1617184040990{background-image: url(https:\/\/www.jeevan-ayurveda.com\/wp-content\/uploads\/2021\/03\/AdobeStock_139529745_retocada-4-scaled.jpg?id=4137) !important;background-position: center !important;background-repeat: no-repeat !important;background-size: cover !important;}&#8220;][vc_column][vc_empty_space height=&#8220;600px&#8220;][\/vc_column][\/vc_row][vc_row][vc_column][vc_empty_space height=&#8220;64px&#8220;][\/vc_column][\/vc_row][vc_row gap=&#8220;35&#8243; equal_height=&#8220;yes&#8220;][vc_column css=&#8220;.vc_custom_1612880422931{padding-right: 64px !important;padding-left: 64px !important;}&#8220;][vc_empty_space height=&#8220;48px&#8220;][vc_column_text]Das Ziel von Jeevan Ayurveda ist , das Kr\u00e4uterwissen und die authentischen Arbeitsweisen des Ayurveda zu vermitteln und n\u00e4her zu bringen, angepasst an unsere Zeit und unsere Gesellschaft. Die Suche nach der [&hellip;]<\/p>\n","protected":false},"author":1,"featured_media":0,"parent":0,"menu_order":0,"comment_status":"closed","ping_status":"closed","template":"","meta":{"footnotes":""},"class_list":["post-4550","page","type-page","status-publish","hentry"],"_links":{"self":[{"href":"https:\/\/www.jeevan-ayurveda.com\/de\/wp-json\/wp\/v2\/pages\/4550"}],"collection":[{"href":"https:\/\/www.jeevan-ayurveda.com\/de\/wp-json\/wp\/v2\/pages"}],"about":[{"href":"https:\/\/www.jeevan-ayurveda.com\/de\/wp-json\/wp\/v2\/types\/page"}],"author":[{"embeddable":true,"href":"https:\/\/www.jeevan-ayurveda.com\/de\/wp-json\/wp\/v2\/users\/1"}],"replies":[{"embeddable":true,"href":"https:\/\/www.jeevan-ayurveda.com\/de\/wp-json\/wp\/v2\/comments?post=4550"}],"version-history":[{"count":5,"href":"https:\/\/www.jeevan-ayurveda.com\/de\/wp-json\/wp\/v2\/pages\/4550\/revisions"}],"predecessor-version":[{"id":4552,"href":"https:\/\/www.jeevan-ayurveda.com\/de\/wp-json\/wp\/v2\/pages\/4550\/revisions\/4552"}],"wp:attachment":[{"href":"https:\/\/www.jeevan-ayurveda.com\/de\/wp-json\/wp\/v2\/media?parent=4550"}],"curies":[{"name":"wp","href":"https:\/\/api.w.org\/{rel}","templated":true}]}}