{"id":4653,"date":"2021-05-26T14:43:45","date_gmt":"2021-05-26T12:43:45","guid":{"rendered":"https:\/\/www.jeevan-ayurveda.com\/?page_id=4653"},"modified":"2021-05-26T14:45:11","modified_gmt":"2021-05-26T12:45:11","slug":"kontakt","status":"publish","type":"page","link":"https:\/\/www.jeevan-ayurveda.com\/de\/kontakt\/","title":{"rendered":"Kontakt"},"content":{"rendered":"<div class=\"wpb-content-wrapper\"><p>[vc_row full_width=&#8220;stretch_row_content&#8220; css_animation=&#8220;fadeIn&#8220; no_padding=&#8220;yes&#8220; remove_border=&#8220;yes&#8220; css=&#8220;.vc_custom_1613989722106{background-image: url(https:\/\/www.jeevan-ayurveda.com\/wp-content\/uploads\/2021\/02\/beautiful-enjoying-nature-concept-scaled.jpg?id=2702) !important;background-position: center !important;background-repeat: no-repeat !important;background-size: cover !important;}&#8220;][vc_column][vc_empty_space height=&#8220;600px&#8220;][\/vc_column][\/vc_row][vc_row][vc_column][vc_empty_space height=&#8220;96px&#8220;][\/vc_column][\/vc_row][vc_row equal_height=&#8220;yes&#8220; content_placement=&#8220;middle&#8220;][vc_column]<div class=\"porto-u-heading  wpb_custom_95aa9a11c17ad45cfabaf210d84ee7cc porto-u-9998\"><div class=\"porto-u-main-heading\"><h2   style=\"font-family:Playfair Display; font-weight:700; font-style:italic; color:#263284;font-size:42px;\">Kontakt<\/h2><\/div><style>.porto-u-9998.porto-u-heading{text-align:left}<\/style><\/div>[vc_empty_space height=&#8220;48px&#8220;][vc_column_text]Carretera General Sur, 76 bajo izquierda<br \/>\n38620 San Miguel de Abona (Tenerife).<br \/>\nSpain<br \/>\nTel. 00 34 922 70 02 07<br \/>\n<a href=\"mailto:info@jeevan-ayurveda.com\">info@jeevan-ayurveda.com<\/a><\/p>\n<p>Delegaci\u00f3n en la Pen\u00ednsula Ib\u00e9rica:<br \/>\nAvda. Can Bordoll, 79<br \/>\nPol. Industrial Can Roqueta<br \/>\n08202 Sabadell (Barcelona).<br \/>\n<a href=\"mailto:info@jeevan-ayurveda.com\">info@jeevan-ayurveda.com<\/a><br \/>\nEspa\u00f1a[\/vc_column_text][vc_empty_space height=&#8220;96px&#8220;][\/vc_column][\/vc_row]<\/p>\n<\/div>","protected":false},"excerpt":{"rendered":"<p>[vc_row full_width=&#8220;stretch_row_content&#8220; css_animation=&#8220;fadeIn&#8220; no_padding=&#8220;yes&#8220; remove_border=&#8220;yes&#8220; css=&#8220;.vc_custom_1613989722106{background-image: url(https:\/\/www.jeevan-ayurveda.com\/wp-content\/uploads\/2021\/02\/beautiful-enjoying-nature-concept-scaled.jpg?id=2702) !important;background-position: center !important;background-repeat: no-repeat !important;background-size: cover !important;}&#8220;][vc_column][vc_empty_space height=&#8220;600px&#8220;][\/vc_column][\/vc_row][vc_row][vc_column][vc_empty_space height=&#8220;96px&#8220;][\/vc_column][\/vc_row][vc_row equal_height=&#8220;yes&#8220; content_placement=&#8220;middle&#8220;][vc_column][vc_empty_space height=&#8220;48px&#8220;][vc_column_text]Carretera General Sur, 76 bajo izquierda 38620 San Miguel de Abona (Tenerife). Spain Tel. 00 34 922 70 02 07 info@jeevan-ayurveda.com Delegaci\u00f3n en la Pen\u00ednsula Ib\u00e9rica: Avda. Can Bordoll, 79 Pol. Industrial Can Roqueta 08202 Sabadell (Barcelona). [&hellip;]<\/p>\n","protected":false},"author":1,"featured_media":0,"parent":0,"menu_order":0,"comment_status":"closed","ping_status":"closed","template":"","meta":{"footnotes":""},"class_list":["post-4653","page","type-page","status-publish","hentry"],"_links":{"self":[{"href":"https:\/\/www.jeevan-ayurveda.com\/de\/wp-json\/wp\/v2\/pages\/4653"}],"collection":[{"href":"https:\/\/www.jeevan-ayurveda.com\/de\/wp-json\/wp\/v2\/pages"}],"about":[{"href":"https:\/\/www.jeevan-ayurveda.com\/de\/wp-json\/wp\/v2\/types\/page"}],"author":[{"embeddable":true,"href":"https:\/\/www.jeevan-ayurveda.com\/de\/wp-json\/wp\/v2\/users\/1"}],"replies":[{"embeddable":true,"href":"https:\/\/www.jeevan-ayurveda.com\/de\/wp-json\/wp\/v2\/comments?post=4653"}],"version-history":[{"count":2,"href":"https:\/\/www.jeevan-ayurveda.com\/de\/wp-json\/wp\/v2\/pages\/4653\/revisions"}],"predecessor-version":[{"id":4655,"href":"https:\/\/www.jeevan-ayurveda.com\/de\/wp-json\/wp\/v2\/pages\/4653\/revisions\/4655"}],"wp:attachment":[{"href":"https:\/\/www.jeevan-ayurveda.com\/de\/wp-json\/wp\/v2\/media?parent=4653"}],"curies":[{"name":"wp","href":"https:\/\/api.w.org\/{rel}","templated":true}]}}