{"id":4656,"date":"2021-05-26T14:54:33","date_gmt":"2021-05-26T12:54:33","guid":{"rendered":"https:\/\/www.jeevan-ayurveda.com\/?page_id=4656"},"modified":"2021-05-26T14:54:34","modified_gmt":"2021-05-26T12:54:34","slug":"versand-und-lieferung","status":"publish","type":"page","link":"https:\/\/www.jeevan-ayurveda.com\/de\/versand-und-lieferung\/","title":{"rendered":"Versand und Lieferung"},"content":{"rendered":"<h2>VERSAND UND LIEFERUNG<\/h2>\n<p><strong>Ausf\u00fchrung:<\/strong><br \/>\nDie Lieferung der Bestellungen erfolgt an die vom K\u00e4ufer angegebene Adresse.<\/p>\n<p><strong>Verf\u00fcgbarkeit der Artikel:<\/strong><br \/>\nAlle Bestellungen sind abh\u00e4ngig von der Verf\u00fcgbarkeit der Artikel. Wenn das\/die Produkt\/e<br \/>\nnicht verf\u00fcgbar sind, werden Sie so schnell wie m\u00f6glich dar\u00fcber informiert. In diesem Falle<br \/>\nk\u00f6nnen Sie die Bestellung \u00e4ndern oder stornieren.<\/p>\n<p><strong>Liefergeb\u00fchren:<\/strong><br \/>\nFreie Lieferung bei Bestellungen \u00fcber 70\u20ac in Spanien (Festland), Balearen, Kanaren und<br \/>\nPortugal.<br \/>\nF\u00fcr die \u00fcbrige Europ\u00e4ische Union liefern wir kostenfrei bei Bestellungen ab 220\u20ac.<br \/>\nF\u00fcr geringere Betr\u00e4ge als der festgelegte Mindestkauf in den vorhergehenden Abs\u00e4tzen<br \/>\ngelten die folgenden Geb\u00fchren:<br \/>\nSpanien und Portugal&#8230;&#8230;&#8230;&#8230;&#8230;&#8230;&#8230;&#8230;7,50\u20ac<br \/>\nSonstige Europ\u00e4ische Union&#8230;&#8230;&#8230;&#8230;22,00\u20ac<\/p>\n<p><strong>Lieferzeiten:<\/strong><br \/>\nJe nach Verf\u00fcgbarkeit des\/der Produkt\/e schwanken die Lieferzeiten zwischen 24 und 72<br \/>\nStunden.<br \/>\nWir k\u00f6nnen die Lieferzeiten nicht garantieren, so gern wir es versuchen, wann immer es den<br \/>\nTransportunternehmen nicht m\u00f6glich ist, sie einzuhalten.<\/p>\n<p><strong>Lieferungen international und in L\u00e4nder au\u00dferhalb der Europ\u00e4ischen Union:<\/strong><br \/>\nZur Zeit www.jeevan-ayurveda.com k\u00f6nnen wir keine Auftr\u00e4ge von L\u00e4ndern au\u00dferhalb der<br \/>\nEurop\u00e4ischen Union annehmen.<\/p>\n","protected":false},"excerpt":{"rendered":"<p>VERSAND UND LIEFERUNG Ausf\u00fchrung: Die Lieferung der Bestellungen erfolgt an die vom K\u00e4ufer angegebene Adresse. Verf\u00fcgbarkeit der Artikel: Alle Bestellungen sind abh\u00e4ngig von der Verf\u00fcgbarkeit der Artikel. Wenn das\/die Produkt\/e nicht verf\u00fcgbar sind, werden Sie so schnell wie m\u00f6glich dar\u00fcber informiert. In diesem Falle k\u00f6nnen Sie die Bestellung \u00e4ndern oder stornieren. Liefergeb\u00fchren: Freie Lieferung bei [&hellip;]<\/p>\n","protected":false},"author":1,"featured_media":0,"parent":0,"menu_order":0,"comment_status":"closed","ping_status":"closed","template":"","meta":{"footnotes":""},"class_list":["post-4656","page","type-page","status-publish","hentry"],"_links":{"self":[{"href":"https:\/\/www.jeevan-ayurveda.com\/de\/wp-json\/wp\/v2\/pages\/4656"}],"collection":[{"href":"https:\/\/www.jeevan-ayurveda.com\/de\/wp-json\/wp\/v2\/pages"}],"about":[{"href":"https:\/\/www.jeevan-ayurveda.com\/de\/wp-json\/wp\/v2\/types\/page"}],"author":[{"embeddable":true,"href":"https:\/\/www.jeevan-ayurveda.com\/de\/wp-json\/wp\/v2\/users\/1"}],"replies":[{"embeddable":true,"href":"https:\/\/www.jeevan-ayurveda.com\/de\/wp-json\/wp\/v2\/comments?post=4656"}],"version-history":[{"count":1,"href":"https:\/\/www.jeevan-ayurveda.com\/de\/wp-json\/wp\/v2\/pages\/4656\/revisions"}],"predecessor-version":[{"id":4662,"href":"https:\/\/www.jeevan-ayurveda.com\/de\/wp-json\/wp\/v2\/pages\/4656\/revisions\/4662"}],"wp:attachment":[{"href":"https:\/\/www.jeevan-ayurveda.com\/de\/wp-json\/wp\/v2\/media?parent=4656"}],"curies":[{"name":"wp","href":"https:\/\/api.w.org\/{rel}","templated":true}]}}