{"id":4695,"date":"2021-05-27T09:59:11","date_gmt":"2021-05-27T07:59:11","guid":{"rendered":"https:\/\/www.jeevan-ayurveda.com\/?page_id=4695"},"modified":"2025-10-27T09:58:52","modified_gmt":"2025-10-27T08:58:52","slug":"rechtliche-warnhinweise","status":"publish","type":"page","link":"https:\/\/www.jeevan-ayurveda.com\/de\/rechtliche-warnhinweise\/","title":{"rendered":"Rechtliche Warnhinweise"},"content":{"rendered":"<h1>RECHTLICHER HINWEIS<\/h1>\n<p>Um den Artikel 10 des Gesetzes 34\/2002 \u00fcber die Dienste der Informationsgesellschaft und des elektronischen Handels zu erf\u00fcllen, informieren wir die Nutzer \u00fcber unsere Daten:<\/p>\n<ul>\n<li style=\"list-style-type: none;\">\n<ul>\n<li><strong>Firma:<\/strong> Jeevan Ayurveda S.L.<\/li>\n<li><strong>Sitz:<\/strong> Carretera General del Sur 76, 38620 San Miguel de Abona, Santa Cruz de Tenerife<\/li>\n<li><strong>Steuernummer:<\/strong> B63915136<\/li>\n<li><strong>E-Mail:<\/strong> info@jeevan-ayurveda.com<\/li>\n<li><strong>Website:<\/strong> <a href=\"http:\/\/www.jeevan-ayurveda.com\">http:\/\/www.jeevan-ayurveda.com<\/a><\/li>\n<\/ul>\n<\/li>\n<\/ul>\n<h2>1. Zweck<\/h2>\n<p>Jeevan Ayurveda S.L. (im Folgenden auch der Anbieter), als Verantwortlicher der Website, stellt den Nutzern dieses Dokument zur Verf\u00fcgung, das die Nutzung der Website <a href=\"http:\/\/www.jeevan-ayurveda.com\">http:\/\/www.jeevan-ayurveda.com<\/a> regelt, um den Verpflichtungen des Gesetzes 34\/2002 \u00fcber die Dienste der Informationsgesellschaft und des elektronischen Handels (LSSICE oder LSSI) nachzukommen sowie alle Nutzer der Website \u00fcber die Nutzungsbedingungen zu informieren.<\/p>\n<p>\u00dcber die Website erm\u00f6glicht Jeevan Ayurveda S.L. den Nutzern den Zugang und die Nutzung verschiedener Dienste und Inhalte, die \u00fcber die Website bereitgestellt werden.<\/p>\n<p>Jede Person, die auf diese Website zugreift, \u00fcbernimmt die Rolle des Nutzers (im Folgenden der Nutzer oder die Nutzer), was die vollst\u00e4ndige und uneingeschr\u00e4nkte Annahme aller Bestimmungen dieses rechtlichen Hinweises sowie aller anderen anwendbaren gesetzlichen Bestimmungen impliziert.<\/p>\n<p>Als Nutzer m\u00fcssen sie diesen rechtlichen Hinweis bei jedem Zugriff auf die Website sorgf\u00e4ltig lesen, da \u00c4nderungen vorgenommen werden k\u00f6nnen, wobei sich der Anbieter das Recht vorbeh\u00e4lt, jegliche Art von Informationen, die auf der Website erscheinen, zu \u00e4ndern, ohne verpflichtet zu sein, die Nutzer im Voraus zu informieren oder \u00fcber diese \u00c4nderungen zu benachrichtigen; die Ver\u00f6ffentlichung auf der Website des Anbieters ist ausreichend.<\/p>\n<h2>2. Bedingungen f\u00fcr den Zugang und die Nutzung der Website<\/h2>\n<h3>2.1. Kostenloser Zugang und Nutzung der Website<\/h3>\n<p>Die Nutzung der Website von Jeevan Ayurveda S.L. durch den Nutzer ist kostenlos. Einige der vom Anbieter \u00fcber die Website bereitgestellten Dienste unterliegen jedoch der Zahlung eines bestimmten Preises gem\u00e4\u00df den allgemeinen Vertragsbedingungen.<\/p>\n<h3>2.2. Registrierung der Nutzer<\/h3>\n<p>Im Allgemeinen erfordert die Bereitstellung der Dienste keine vorherige Registrierung oder Abonnement der Nutzer. Dennoch macht Jeevan Ayurveda S.L. die Nutzung einiger Dienste von der vorherigen Ausf\u00fcllung der entsprechenden Nutzerregistrierung abh\u00e4ngig. Diese Registrierung erfolgt in der ausdr\u00fccklich im jeweiligen Dienstabschnitt angegebenen Weise.<\/p>\n<h3>2.3. Richtigkeit der Informationen<\/h3>\n<p>Alle vom Nutzer bereitgestellten Informationen m\u00fcssen wahrheitsgem\u00e4\u00df sein. Zu diesem Zweck garantiert der Nutzer die Authentizit\u00e4t der \u00fcber die Formulare f\u00fcr die Anmeldung zu den Diensten \u00fcbermittelten Daten. Es liegt in der Verantwortung des Nutzers, alle an Jeevan Ayurveda S.L. \u00fcbermittelten Informationen stets auf dem neuesten Stand zu halten, sodass sie jederzeit seine tats\u00e4chliche Situation widerspiegeln. In jedem Fall ist der Nutzer allein verantwortlich f\u00fcr falsche oder ungenaue Angaben und f\u00fcr Sch\u00e4den, die dem Anbieter oder Dritten entstehen.<\/p>\n<h3>2.4. Minderj\u00e4hrige<\/h3>\n<p>F\u00fcr die Nutzung der Dienste m\u00fcssen Minderj\u00e4hrige stets die vorherige Zustimmung ihrer Eltern, Erziehungsberechtigten oder gesetzlichen Vertreter einholen, die letztendlich f\u00fcr alle Handlungen der ihnen anvertrauten Minderj\u00e4hrigen verantwortlich sind. Die Verantwortung f\u00fcr die Bestimmung der spezifischen Inhalte, auf die Minderj\u00e4hrige zugreifen, liegt bei diesen. Daher m\u00fcssen, wenn sie auf ungeeignete Inhalte im Internet zugreifen, Mechanismen auf ihren Computern eingerichtet werden, insbesondere Software, Filter und Sperren, die die verf\u00fcgbaren Inhalte einschr\u00e4nken. Obwohl diese nicht unfehlbar sind, sind sie besonders n\u00fctzlich, um die Materialien, auf die Minderj\u00e4hrige zugreifen k\u00f6nnen, zu kontrollieren und einzuschr\u00e4nken.<\/p>\n<h3>2.5. Verpflichtung zur ordnungsgem\u00e4\u00dfen Nutzung der Website<\/h3>\n<p>Der Nutzer verpflichtet sich, die Website in \u00dcbereinstimmung mit dem Gesetz, diesem rechtlichen Hinweis sowie der Moral und den guten Sitten zu nutzen. Zu diesem Zweck wird sich der Nutzer davon abhalten, die Seite f\u00fcr illegale oder verbotene Zwecke, f\u00fcr die Verletzung von Rechten und Interessen Dritter oder in irgendeiner Weise zu nutzen, die Computersysteme, Dokumente, Dateien und jegliche Art von Inhalten, die auf den Computersystemen des Anbieters gespeichert sind, besch\u00e4digen, deaktivieren, \u00fcberlasten, beeintr\u00e4chtigen oder die normale Nutzung verhindern k\u00f6nnen.<\/p>\n<p>Insbesondere, und beispielhaft aber nicht abschlie\u00dfend, verpflichtet sich der Nutzer, keine Informationen, Daten, Inhalte, Nachrichten, Grafiken, Zeichnungen, Ton- oder Bilddateien, Fotos, Aufnahmen, Software und allgemein jegliches Material zu \u00fcbertragen, zu verbreiten oder Dritten zur Verf\u00fcgung zu stellen, das:<\/p>\n<ul>\n<li>(a) im Widerspruch steht, die Grundrechte und \u00f6ffentlichen Freiheiten, die verfassungsm\u00e4\u00dfig, in internationalen Vertr\u00e4gen und anderen geltenden Vorschriften anerkannt sind, verachtet oder verletzt;<\/li>\n<li>(b) kriminelle, herabw\u00fcrdigende, diffamierende, gewaltsame oder allgemein gesetzeswidrige, moral- oder ordnungswidrige Handlungen induziert, anstiftet oder f\u00f6rdert;<\/li>\n<li>(c) diskriminierende Handlungen, Einstellungen oder Gedanken aufgrund von Geschlecht, Rasse, Religion, Glauben, Alter oder Status induziert, anstiftet oder f\u00f6rdert;<\/li>\n<li>(d) dem Recht auf Ehre, pers\u00f6nlicher oder famili\u00e4rer Privatsph\u00e4re oder dem Recht am eigenen Bild widerspricht;<\/li>\n<li>(e) die Glaubw\u00fcrdigkeit des Anbieters oder Dritter in irgendeiner Weise beeintr\u00e4chtigt;<\/li>\n<li>(f) rechtswidrige, irref\u00fchrende oder unfaire Werbung darstellt.<\/li>\n<\/ul>\n<h2>3. Ausschluss von Garantien und Haftung<\/h2>\n<p>Der Anbieter lehnt jegliche Haftung f\u00fcr die auf unserer Website ver\u00f6ffentlichten Informationen ab, sofern diese Informationen von einem externen Dritten manipuliert oder eingef\u00fcgt wurden.<\/p>\n<p>Diese Website wurde \u00fcberpr\u00fcft und getestet, um korrekt zu funktionieren. Grunds\u00e4tzlich kann ein ordnungsgem\u00e4\u00dfer Betrieb 365 Tage im Jahr, 24 Stunden am Tag garantiert werden. Der Anbieter schlie\u00dft jedoch nicht aus, dass bestimmte Programmierfehler oder h\u00f6here Gewalt, Naturkatastrophen, Streiks oder \u00e4hnliche Umst\u00e4nde den Zugang zur Website unm\u00f6glich machen.<\/p>\n<p>Jeevan Ayurveda S.L. gibt keine Garantie und \u00fcbernimmt keine Haftung f\u00fcr Sch\u00e4den jeglicher Art, die aus der Nichtverf\u00fcgbarkeit, Wartung und effektiven Funktion der Website oder ihrer Dienste und Inhalte resultieren; aus dem Vorhandensein von Viren, b\u00f6sartigen oder sch\u00e4dlichen Programmen in den Inhalten; aus der rechtswidrigen, fahrl\u00e4ssigen, betr\u00fcgerischen oder diesem rechtlichen Hinweis und den Nutzungsbedingungen widersprechenden Nutzung; oder aus dem Mangel an Rechtm\u00e4\u00dfigkeit, Qualit\u00e4t, Zuverl\u00e4ssigkeit, N\u00fctzlichkeit und Verf\u00fcgbarkeit der von Dritten bereitgestellten und den Nutzern auf der Website zur Verf\u00fcgung gestellten Dienste.<\/p>\n<p>Der Anbieter haftet unter keinen Umst\u00e4nden f\u00fcr Sch\u00e4den, die aus der illegalen oder unsachgem\u00e4\u00dfen Nutzung dieser Website resultieren.<\/p>\n<h2>4. Cookies<\/h2>\n<p>Die Website des Anbieters kann Cookies (kleine Informationsdateien, die der Server an den Computer des Nutzers sendet, der auf die Seite zugreift) verwenden, um bestimmte Funktionen auszuf\u00fchren, die f\u00fcr das ordnungsgem\u00e4\u00dfe Funktionieren und die Darstellung der Website als unverzichtbar gelten. Die verwendeten Cookies sind in jedem Fall tempor\u00e4r, mit dem einzigen Zweck, die Navigation effizienter zu gestalten, und verschwinden am Ende der Sitzung des Nutzers.<\/p>\n<p>In keinem Fall werden Cookies verwendet, um personenbezogene Informationen zu sammeln.<\/p>\n<p>Weitere Informationen finden Sie in unserer <a href=\"#\">Cookie-Richtlinie<\/a>.<\/p>\n<h2>5. Links<\/h2>\n<p>Von der Website aus ist es m\u00f6glich, zu Inhalten von Drittanbieter-Websites weitergeleitet zu werden. Da wir die von Dritten eingef\u00fchrten Inhalte nicht immer kontrollieren k\u00f6nnen, \u00fcbernimmt Jeevan Ayurveda S.L. keinerlei Verantwortung f\u00fcr diese Inhalte. In jedem Fall erkl\u00e4rt der Anbieter, dass er unverz\u00fcglich jeden Inhalt entfernen wird, der gegen nationales oder internationales Recht, die Moral oder die \u00f6ffentliche Ordnung verst\u00f6\u00dft, indem er die Weiterleitung zu diesen Websites unverz\u00fcglich entfernt und die zust\u00e4ndigen Beh\u00f6rden \u00fcber den betreffenden Inhalt informiert.<\/p>\n<p>Der Anbieter ist nicht verantwortlich f\u00fcr die gespeicherten Informationen und Inhalte, beispielsweise, aber nicht beschr\u00e4nkt auf Foren, Chats, Blog-Generatoren, Kommentare, soziale Netzwerke oder andere Medien, die es Dritten erm\u00f6glichen, Inhalte unabh\u00e4ngig von der Website des Anbieters zu ver\u00f6ffentlichen. Dennoch und in \u00dcbereinstimmung mit den Artikeln 11 und 16 der LSSICE stellt sich der Anbieter allen Nutzern, Beh\u00f6rden und Sicherheitskr\u00e4ften zur Verf\u00fcgung und arbeitet aktiv an der Entfernung oder, falls erforderlich, der Sperrung aller Inhalte mit, die nationales oder internationales Recht, Rechte Dritter, die Moral oder die \u00f6ffentliche Ordnung beeintr\u00e4chtigen oder verletzen k\u00f6nnten. Sollte der Nutzer der Ansicht sein, dass ein Inhalt dieser Klassifizierung unterliegen k\u00f6nnte, wird er gebeten, dies umgehend dem Administrator der Website mitzuteilen.<\/p>\n<h2>6. Schutz personenbezogener Daten<\/h2>\n<p>Der Anbieter ist tief dem Schutz personenbezogener Daten verpflichtet und garantiert die vollst\u00e4ndige Einhaltung der vorgeschriebenen Verpflichtungen sowie die Umsetzung der in der europ\u00e4ischen Datenschutzverordnung und den spanischen Datenschutzvorschriften vorgesehenen Sicherheitsma\u00dfnahmen. Weitere Informationen finden Sie in unserer <a href=\"#\">Datenschutzrichtlinie<\/a>.<\/p>\n<h2>7. Soziale Netzwerke<\/h2>\n<p>Wir informieren Sie, dass Jeevan Ayurveda S.L. in sozialen Netzwerken pr\u00e4sent sein kann. Die Verarbeitung der Daten, die Nutzer dort einf\u00fcgen [indem sie dem Anbieter in den sozialen Netzwerken folgen (und\/oder irgendeine Verbindung oder Aktion \u00fcber diese herstellen)], unterliegt diesem Abschnitt sowie den Nutzungsbedingungen, Datenschutzrichtlinien und Vorschriften f\u00fcr den Zugang und die Nutzung der jeweiligen sozialen Netzwerke, die vom Nutzer zuvor akzeptiert wurden. Jeevan Ayurveda S.L. verarbeitet Ihre Daten, um Sie \u00fcber die Aktivit\u00e4ten, Produkte oder Dienstleistungen des Anbieters \u00fcber diese sozialen Netzwerke zu informieren sowie f\u00fcr jeden anderen Zweck, den die Vorschriften der sozialen Netzwerke erlauben, ist jedoch nicht f\u00fcr deren Datenschutzrichtlinien verantwortlich.<\/p>\n<p>Die Ver\u00f6ffentlichung von Inhalten ist verboten:<\/p>\n<ul>\n<li>Die vermutlich nach nationalem, gemeinschaftlichem oder internationalem Recht rechtswidrig sind oder vermutlich rechtswidrige Aktivit\u00e4ten durchf\u00fchren oder den Grunds\u00e4tzen der guten Treue widersprechen.<\/li>\n<li>Die die Grundrechte der Menschen verletzen, im Netzwerk unh\u00f6flich sind, st\u00f6ren oder negative Meinungen bei unseren Nutzern oder Dritten hervorrufen k\u00f6nnen und allgemein jegliche Inhalte, die Jeevan Ayurveda S.L. als unangemessen betrachtet.<\/li>\n<li>Und allgemein, die den Grunds\u00e4tzen der Legalit\u00e4t, Ehrlichkeit, Verantwortung, dem Schutz der Menschenw\u00fcrde, dem Schutz von Minderj\u00e4hrigen, dem Schutz der \u00f6ffentlichen Ordnung, dem Schutz der Privatsph\u00e4re, dem Schutz der Verbraucher und den Rechten an geistigem und gewerblichem Eigentum widersprechen.<\/li>\n<\/ul>\n<p>Dar\u00fcber hinaus beh\u00e4lt sich Jeevan Ayurveda S.L. das Recht vor, ohne vorherige Ank\u00fcndigung Inhalte von der Website oder dem Unternehmensnetzwerk zu entfernen, die als unangemessen gelten.<\/p>\n<h2>8. Geistiges und gewerbliches Eigentum<\/h2>\n<p>Die Website, einschlie\u00dflich, aber nicht beschr\u00e4nkt auf die Programmierung, Bearbeitung, Zusammenstellung und andere f\u00fcr ihren Betrieb notwendige Elemente, Designs, Logos, Texte, Fotos und\/oder Grafiken, sind Eigentum des Anbieters oder verf\u00fcgen, falls erforderlich, \u00fcber die ausdr\u00fcckliche Lizenz oder Genehmigung der Autoren. Alle Inhalte der Website sind durch die Vorschriften zum geistigen und gewerblichen Eigentum ordnungsgem\u00e4\u00df gesch\u00fctzt.<\/p>\n<p>Unabh\u00e4ngig von der beabsichtigten Verwendung erfordern die vollst\u00e4ndige oder teilweise Reproduktion, Nutzung, Verbreitung und \u00f6ffentliche Kommunikation die vorherige schriftliche Genehmigung des Anbieters. Jede nicht im Voraus genehmigte Nutzung durch den Anbieter wird als schwerwiegender Versto\u00df gegen die Rechte des Autors an geistigem oder gewerblichem Eigentum betrachtet.<\/p>\n<p>Designs, Logos, Texte und\/oder Grafiken, die nicht dem Anbieter geh\u00f6ren und auf der Website erscheinen k\u00f6nnen, geh\u00f6ren ihren jeweiligen Eigent\u00fcmern, die selbst f\u00fcr etwaige Streitigkeiten verantwortlich sind, die in Bezug darauf entstehen k\u00f6nnten. In jedem Fall verf\u00fcgt der Anbieter \u00fcber die ausdr\u00fcckliche und vorherige Genehmigung dieser Eigent\u00fcmer.<\/p>\n<p>Der Anbieter erkennt zugunsten ihrer Inhaber die entsprechenden Rechte an gewerblichem und geistigem Eigentum an, wobei die blo\u00dfe Erw\u00e4hnung oder das Erscheinen auf der Website weder das Bestehen von Rechten oder irgendeiner Verantwortung des Anbieters in Bezug darauf noch eine Unterst\u00fctzung, ein Sponsoring oder eine Empfehlung durch ihn impliziert.<\/p>\n<p>F\u00fcr jegliche Beobachtungen zu m\u00f6glichen Verst\u00f6\u00dfen gegen die Rechte an geistigem oder gewerblichem Eigentum sowie zu den Inhalten der Website k\u00f6nnen Sie diese \u00fcber die oben genannte E-Mail-Adresse melden.<\/p>\n<h2>9. Anwendbares Recht und Gerichtsstand<\/h2>\n<p>F\u00fcr die Beilegung von Streitigkeiten oder Fragen im Zusammenhang mit dieser Website oder den darauf durchgef\u00fchrten Aktivit\u00e4ten gilt das spanische Recht, dem sich die Parteien ausdr\u00fccklich unterwerfen, wobei die Gerichte von Santa Cruz de Tenerife f\u00fcr die Beilegung aller Konflikte zust\u00e4ndig sind, die sich aus oder im Zusammenhang mit ihrer Nutzung ergeben.<\/p>\n","protected":false},"excerpt":{"rendered":"<p>RECHTLICHER HINWEIS Um den Artikel 10 des Gesetzes 34\/2002 \u00fcber die Dienste der Informationsgesellschaft und des elektronischen Handels zu erf\u00fcllen, informieren wir die Nutzer \u00fcber unsere Daten: Firma: Jeevan Ayurveda S.L. Sitz: Carretera General del Sur 76, 38620 San Miguel de Abona, Santa Cruz de Tenerife Steuernummer: B63915136 E-Mail: info@jeevan-ayurveda.com Website: http:\/\/www.jeevan-ayurveda.com 1. Zweck Jeevan [&hellip;]<\/p>\n","protected":false},"author":1,"featured_media":0,"parent":0,"menu_order":0,"comment_status":"closed","ping_status":"closed","template":"","meta":{"footnotes":""},"class_list":["post-4695","page","type-page","status-publish","hentry"],"_links":{"self":[{"href":"https:\/\/www.jeevan-ayurveda.com\/de\/wp-json\/wp\/v2\/pages\/4695"}],"collection":[{"href":"https:\/\/www.jeevan-ayurveda.com\/de\/wp-json\/wp\/v2\/pages"}],"about":[{"href":"https:\/\/www.jeevan-ayurveda.com\/de\/wp-json\/wp\/v2\/types\/page"}],"author":[{"embeddable":true,"href":"https:\/\/www.jeevan-ayurveda.com\/de\/wp-json\/wp\/v2\/users\/1"}],"replies":[{"embeddable":true,"href":"https:\/\/www.jeevan-ayurveda.com\/de\/wp-json\/wp\/v2\/comments?post=4695"}],"version-history":[{"count":3,"href":"https:\/\/www.jeevan-ayurveda.com\/de\/wp-json\/wp\/v2\/pages\/4695\/revisions"}],"predecessor-version":[{"id":9353,"href":"https:\/\/www.jeevan-ayurveda.com\/de\/wp-json\/wp\/v2\/pages\/4695\/revisions\/9353"}],"wp:attachment":[{"href":"https:\/\/www.jeevan-ayurveda.com\/de\/wp-json\/wp\/v2\/media?parent=4695"}],"curies":[{"name":"wp","href":"https:\/\/api.w.org\/{rel}","templated":true}]}}