{"id":4698,"date":"2021-05-27T10:01:09","date_gmt":"2021-05-27T08:01:09","guid":{"rendered":"https:\/\/www.jeevan-ayurveda.com\/?page_id=4698"},"modified":"2025-10-24T13:58:58","modified_gmt":"2025-10-24T11:58:58","slug":"datenschutzbestimmungen","status":"publish","type":"page","link":"https:\/\/www.jeevan-ayurveda.com\/de\/datenschutzbestimmungen\/","title":{"rendered":"Datenschutzbestimmungen"},"content":{"rendered":"<div class=\"wpb-content-wrapper\"><p>[vc_row][vc_column][vc_custom_heading text=&#8220;Datenschutzerkl\u00e4rung&#8220; google_fonts=&#8220;font_family:Playfair%20Display%3Aregular%2Citalic%2C700%2C700italic%2C900%2C900italic|font_style:700%20bold%20regular%3A700%3Anormal&#8220;][vc_column_text]Auf dieser Website werden personenbezogene Daten nur mit Wissen und Information der Nutzer erhoben.<br \/>\nIn diesem Dokument erkl\u00e4ren wir Ihnen detailliert, wer Ihre Daten verarbeiten wird, wof\u00fcr sie verwendet werden und welche Rechte Sie unter anderem aus\u00fcben k\u00f6nnen. Wenn Sie weitere Informationen w\u00fcnschen, k\u00f6nnen Sie diese Datenschutzerkl\u00e4rung sowie die rechtlichen Hinweise und die Cookie-Richtlinie lesen.[\/vc_column_text][vc_custom_heading text=&#8220;1. VERANTWORTLICHE F\u00dcR DIE VERARBEITUNG. WER WIRD IHRE DATEN VERARBEITEN?&#8220; font_container=&#8220;tag:h4|text_align:left&#8220; use_theme_fonts=&#8220;yes&#8220;][vc_column_text]<\/p>\n<table>\n<tbody>\n<tr>\n<td><strong>Identit\u00e4t<\/strong><\/td>\n<td>Jeevan Ayurveda S.L.<\/td>\n<\/tr>\n<tr>\n<td><strong>Adresse<\/strong><\/td>\n<td>Carretera General del Sur 76, 38620 San Miguel de Abona, Santa Cruz de Tenerife<\/td>\n<\/tr>\n<tr>\n<td><strong>E-Mail<\/strong><\/td>\n<td>info@jeevan-ayurveda.com<\/td>\n<\/tr>\n<\/tbody>\n<\/table>\n<p>[\/vc_column_text][vc_custom_heading text=&#8220;2. WELCHE PERSONENBEZOGENEN DATEN VERARBEITEN WIR UND WOHER STAMMEN SIE?&#8220; font_container=&#8220;tag:h4|text_align:left&#8220; use_theme_fonts=&#8220;yes&#8220;][vc_column_text]Im Rahmen Ihrer Beziehung zu uns k\u00f6nnen wir verschiedene Kategorien personenbezogener Daten verarbeiten, die immer vom mit uns vereinbarten Service oder Produkt abh\u00e4ngen. Diese Daten k\u00f6nnen \u00fcber alle von Jeevan Ayurveda S.L. angebotenen Mittel erhoben werden, sowohl online als auch pers\u00f6nlich. Die verarbeiteten Datenkategorien k\u00f6nnen folgende sein:<br \/>\n&#8211; Identifikationsdaten nat\u00fcrlicher Personen: Vor- und Nachname, DNI\/Ausweisdokument, Geburtsdatum, Geburtsort \/ Stadt \/ Land, Telefon, E-Mail, Adresse, Unterschrift, elektronische Unterschrift, Sozialversicherungsnummer, Stimme, Bild, IP-Adresse, Cookie-ID, ID \/ Links zu Social-Media-Profilen.<br \/>\n&#8211; Akademische und berufliche Daten: Ausbildung und Qualifikationen, Berufserfahrung, Mitgliedschaft in Berufsverb\u00e4nden.<br \/>\n&#8211; Bankdaten: Bankkontonummer, Kreditkartennummer[\/vc_column_text][vc_custom_heading text=&#8220;3. ZWECK UND RECHTSGRUNDLAGE. WARUM UND WOF\u00dcR WERDEN IHRE PERSONENBEZOGENEN DATEN VERWENDET?&#8220; font_container=&#8220;tag:h4|text_align:left&#8220; use_theme_fonts=&#8220;yes&#8220;][vc_column_text]Jeevan Ayurveda S.L. informiert Sie dar\u00fcber, dass personenbezogene Daten f\u00fcr die nachstehend angegebenen Zwecke verarbeitet werden k\u00f6nnen, sofern f\u00fcr jede Verarbeitung eine Rechtsgrundlage besteht.<br \/>\nDie DSGVO und die LOPDGDD legen fest, dass Informationen \u00fcber eine Person (ihre \u201epersonenbezogenen Daten&#8220;) nur verarbeitet werden d\u00fcrfen, wenn eine der in diesen Vorschriften ausdr\u00fccklich vorgesehenen Rechtsgrundlagen vorliegt. Genauer gesagt und in dieser Hinsicht legt Artikel 6 der DSGVO eine geschlossene Liste der Rechtsgrundlagen fest, die zur Rechtfertigung und Legitimierung einer Verarbeitung personenbezogener Daten herangezogen werden k\u00f6nnen:<br \/>\n&#8211; Einwilligung.<br \/>\n&#8211; Vertragsverh\u00e4ltnis.<br \/>\n&#8211; Lebenswichtige Interessen der betroffenen Person oder anderer Personen.<br \/>\n&#8211; Erf\u00fcllung einer rechtlichen Verpflichtung des Verantwortlichen.<br \/>\n&#8211; \u00d6ffentliches Interesse oder Aus\u00fcbung \u00f6ffentlicher Gewalt.<br \/>\n&#8211; Berechtigtes \u00fcberwiegendes Interesse des Verantwortlichen oder Dritter, denen die Daten \u00fcbermittelt werden.<br \/>\nJeevan Ayurveda S.L. f\u00fchrt in einigen F\u00e4llen Verarbeitungen Ihrer Daten im Rahmen des berechtigten Interesses gem\u00e4\u00df Artikel 6.1.f) der DSGVO durch, da davon ausgegangen wird, dass sie das Recht der Kunden auf Schutz ihrer personenbezogenen Daten nicht beeintr\u00e4chtigen. Diese Vorschrift erlaubt die Durchf\u00fchrung solcher Verarbeitungen, die zur Wahrung berechtigter Interessen des Verantwortlichen oder eines Dritten erforderlich sind, sofern nicht die Interessen oder Grundrechte und Grundfreiheiten der betroffenen Person, die den Schutz personenbezogener Daten erfordern, \u00fcberwiegen, insbesondere wenn die betroffene Person ein Kind ist.<\/p>\n<p>In Bezug auf solche Verarbeitungen haben Sie das Recht:<br \/>\n&#8211; Weitere Informationen dar\u00fcber zu erhalten, worin dieses \u201eberechtigte Interesse&#8220; besteht.<br \/>\n&#8211; Zu erfahren, wie Jeevan Ayurveda S.L. zu dem Schluss gekommen ist, dass sie den Schutz Ihrer personenbezogenen Daten nicht beeintr\u00e4chtigen<br \/>\n&#8211; Oder sich direkt dagegen zu wenden. Sie k\u00f6nnen dies \u00fcber die Ihnen in Abschnitt 7 &#8211; RECHTE, DIE SIE AUS\u00dcBEN K\u00d6NNEN &#8211; zur Verf\u00fcgung stehenden Kan\u00e4le tun, indem Sie die spezifische Verarbeitung, gegen die Sie sich wenden, und die Gr\u00fcnde angeben, auf die Sie Ihren Antrag st\u00fctzen.<\/p>\n<p>F\u00fcr alle auf der Grundlage des berechtigten Interesses durchgef\u00fchrten Verarbeitungen hat Jeevan Ayurveda S.L. eine sogenannte \u201eAbw\u00e4gungspr\u00fcfung&#8220; durchgef\u00fchrt. Dabei handelt es sich um eine interne Analyse zur Best\u00e4tigung, dass das berechtigte Interesse von Jeevan Ayurveda S.L. die Interessen seiner Kunden am Schutz ihrer personenbezogenen Daten nicht beeintr\u00e4chtigt. Sie k\u00f6nnen Informationen \u00fcber die entsprechende Pr\u00fcfung durch einen Antrag an die E-Mail-Adresse info@jeevan-ayurveda.com erhalten.<\/p>\n<p>Die Hauptzwecke, f\u00fcr die Ihre personenbezogenen Daten verwendet werden k\u00f6nnen, und die Rechtsgrundlagen f\u00fcr jede Verarbeitung sind die folgenden:[\/vc_column_text][vc_column_text]<strong>Erf\u00fcllung gesetzlicher Verpflichtungen<\/strong><\/p>\n<p>Zweck: Erf\u00fcllung buchhalterischer, rechtlicher, steuerlicher und administrativer Verpflichtungen.<br \/>\nRechtsgrundlage: Vertragserf\u00fcllung, Erf\u00fcllung einer gesetzlichen Verpflichtung.<\/p>\n<p><strong>Erbringung von Online-Schulungsdienstleistungen<\/strong><\/p>\n<p>Zweck: Verwaltung Ihrer Anmeldung und Teilnahme an der Online-Veranstaltung\/dem Vortrag\/Workshop\/Kurs. Die Sitzung wird aufgezeichnet, daher werden wir Ihr Bild gem\u00e4\u00df der von Ihnen erteilten Genehmigung verwenden.<br \/>\nRechtsgrundlage: Vertragserf\u00fcllung (Anmeldung zur Online-Schulung)<\/p>\n<p><strong>Erbringung von Produktvermarktungsdienstleistungen<\/strong><\/p>\n<p>Zweck: Erstellung personalisierter Angebote f\u00fcr Sie, Erbringung der angeforderten Dienstleistungen und deren Rechnungsstellung.<br \/>\nRechtsgrundlage: Vorvertragliche und\/oder vertragliche Erf\u00fcllung<\/p>\n<p><strong>Verwaltung Ihrer Registrierungsanfrage als Nutzer der Website\/Plattform<\/strong><\/p>\n<p>Zweck: Wenn Sie sich entscheiden, sich als Nutzer auf unserer Website\/Plattform zu registrieren, m\u00fcssen wir Ihre Daten verarbeiten, um Sie als Nutzer zu identifizieren und Ihnen Zugang zu den verschiedenen Funktionen, Produkten und Dienstleistungen zu gew\u00e4hren, die Ihnen als registrierter Nutzer zur Verf\u00fcgung stehen. Sie k\u00f6nnen Ihr registriertes Nutzerkonto k\u00fcndigen, indem Sie uns unter info@jeevan-ayurveda.com kontaktieren<br \/>\nRechtsgrundlage: Vertragserf\u00fcllung. Die Verarbeitung Ihrer Daten ist f\u00fcr die Erf\u00fcllung der Bedingungen erforderlich, die die Nutzung der Website\/Plattform regeln.<\/p>\n<p><strong>F\u00fcr die Entwicklung, Einhaltung und Erf\u00fcllung des Kauf- oder Dienstleistungsvertrags, den Sie<\/strong><br \/>\n<strong>mit uns \u00fcber die Website\/Plattform abgeschlossen haben<\/strong><\/p>\n<p>Zweck: Dieser Zweck umfasst die Verarbeitung Ihrer Daten haupts\u00e4chlich f\u00fcr:<br \/>\n&#8211; Verwaltung der Zahlung f\u00fcr die von Ihnen gekauften Produkte, unabh\u00e4ngig von der verwendeten Zahlungsmethode.<br \/>\n&#8211; Verwaltung des Versands des Produkts oder der Erbringung von Dienstleistungen.<br \/>\n&#8211; Verwaltung m\u00f6glicher R\u00fccksendungen nach einem Kauf.<br \/>\n&#8211; Kontaktaufnahme mit Ihnen bez\u00fcglich Updates oder informativer Mitteilungen im Zusammenhang mit den vereinbarten Funktionen, Produkten oder Dienstleistungen, einschlie\u00dflich des Versands von Qualit\u00e4tsumfragen zu den erbrachten Produkten oder Dienstleistungen.<br \/>\nRechtsgrundlage: Vertragserf\u00fcllung. Die Verarbeitung Ihrer Daten ist f\u00fcr die Erf\u00fcllung des Kauf- oder Dienstleistungsvertrags erforderlich, der uns mit Ihnen verbindet. Es ist m\u00f6glich, dass einige mit dem Kaufprozess verbundene Datenverarbeitungen nur aktiviert werden, weil Sie dies beantragen oder genehmigen, wie im Fall der Speicherung von Zahlungsdaten (Karte) f\u00fcr zuk\u00fcnftige K\u00e4ufe. In diesen F\u00e4llen ist die Grundlage, auf der wir Ihre Daten verarbeiten, Ihre eigene Einwilligung.<\/p>\n<p><strong>Video\u00fcberwachung<\/strong><\/p>\n<p>Zweck: Innen- und Au\u00dfen\u00fcberwachung der Einrichtungen, um die Sicherheitsma\u00dfnahmen einzuhalten und Risiken zu verhindern, die die Sicherheit und den Schutz von Personen, R\u00e4umlichkeiten und Eigentum betreffen, sowie um gegebenenfalls Vorf\u00e4lle den zust\u00e4ndigen Beh\u00f6rden zu melden oder deren Anforderungen nachzukommen.<br \/>\nRechtsgrundlage: \u00d6ffentliches Interesse, da sein Zweck darin besteht, die Sicherheit von Personen, Eigentum und Einrichtungen zu gew\u00e4hrleisten.<br \/>\nWenn die Rechtsgrundlage f\u00fcr eine Verarbeitung das \u201e\u00f6ffentliche Interesse&#8220; ist, muss diese Verarbeitung eine Grundlage im Unionsrecht oder im Recht der Mitgliedstaaten haben. In dieser Hinsicht ist auf die Ley 5\/2014, de 4 de abril, de Seguridad Privada zu verweisen.<\/p>\n<p><strong>Verwendung von Bildmaterial<\/strong><\/p>\n<p>Zweck: Aufnahme, Verwaltung, Reproduktion und\/oder Ver\u00f6ffentlichung von audiovisuellen Dateien (Fotos, Videos&#8230;), in denen nat\u00fcrliche Personen auf Webseiten, in sozialen Netzwerken, physischen Publikationen oder anderen Medien erscheinen.<br \/>\nRechtsgrundlage: Ihre Einwilligung.<\/p>\n<p><strong>Wettbewerbe, Verlosungen und Veranstaltungen<\/strong><\/p>\n<p>Zweck: Verwaltung Ihrer Teilnahme an Wettbewerben, Verlosungen und anderen Aktivit\u00e4ten, an denen Sie teilnehmen m\u00f6chten.<br \/>\nRechtsgrundlage: Ihre Einwilligung.<\/p>\n<p><strong>Versand von Qualit\u00e4tsumfragen<\/strong><\/p>\n<p>Zweck: Um das Zufriedenheitsniveau der Nutzer mit den vereinbarten Produkten und\/oder Dienstleistungen zu bewerten, sendet Jeevan Ayurveda S.L. Qualit\u00e4tsumfragen, um Ihre Meinung dazu zu erhalten und so die Erbringung seiner Dienstleistungen kontinuierlich verbessern zu k\u00f6nnen.<br \/>\nRechtsgrundlage: Berechtigtes Interesse von Jeevan Ayurveda S.L.<\/p>\n<p><strong>Werbliche Mitteilungen (nicht ausdr\u00fccklich angefordert)<\/strong><\/p>\n<p>Zweck: Um dem Nutzer Produkte und Dienstleistungen anbieten zu k\u00f6nnen, die f\u00fcr ihn von Interesse sein k\u00f6nnten, senden wir Ihnen Angebote \u00fcber Produkte und Dienstleistungen, die mit den bereits vereinbarten oder in der Vergangenheit mit Jeevan Ayurveda S.L. vereinbarten Produkten in Zusammenhang stehen. Sie k\u00f6nnen dem Erhalt dieser Mitteilungen in jeder Mitteilung widersprechen, die Sie erhalten.<br \/>\nRechtsgrundlage: Berechtigtes Interesse von Jeevan Ayurveda S.L..<\/p>\n<p><strong>Werbliche Mitteilungen<\/strong><\/p>\n<p>Zweck: Versand von Werbemitteilungen \u00fcber Angebote, die nicht mit den vereinbarten Dienstleistungen und\/oder Produkten in Zusammenhang stehen. Sie k\u00f6nnen dem Erhalt dieser Mitteilungen in jeder Mitteilung widersprechen, die Sie erhalten.<br \/>\nRechtsgrundlage: Ihre Einwilligung.<\/p>\n<p><strong>Versand von Lebensl\u00e4ufen<\/strong><\/p>\n<p>Zweck: Aufnahme in derzeit laufende Personalauswahlverfahren oder f\u00fcr zuk\u00fcnftige Verfahren, in die der Kandidat passen k\u00f6nnte, und darf nicht f\u00fcr andere Zwecke verwendet werden.<br \/>\nRechtsgrundlage: Durchf\u00fchrung vorvertraglicher Ma\u00dfnahmen.[\/vc_column_text][vc_column_text]<span dir=\"ltr\" aria-owns=\"pdfjs_internal_id_5R\"><span dir=\"ltr\" role=\"presentation\">Indem Sie Ihre Daten \u00fcber eines der bereitgestellten Mittel zur Verf\u00fcgung stellen, garantieren Sie die Richtigkeit der bereitgestellten Daten und verpflichten sich, alle auftretenden \u00c4nderungen mitzuteilen.<br \/>\nDenken Sie daran, dass wir, wenn wir Sie bitten, Ihre personenbezogenen Daten auszuf\u00fcllen, um Ihnen Zugang zu einer Funktion oder Dienstleistung zu gew\u00e4hren, einige Felder als obligatorisch markieren werden, da dies Daten sind, die wir ben\u00f6tigen, um<br \/>\nIhnen die betreffende Dienstleistung erbringen zu k\u00f6nnen. Bitte beachten Sie, dass Sie diese Dienstleistungen oder Funktionen m\u00f6glicherweise nicht nutzen oder uns Ihre Anfrage nicht senden k\u00f6nnen, wenn Sie sich entscheiden, uns diese Daten nicht zur Verf\u00fcgung zu stellen.<\/span><\/span>[\/vc_column_text][vc_custom_heading text=&#8220;4. AUFBEWAHRUNG IHRER DATEN. WIE LANGE WERDEN WIR SIE AUFBEWAHREN?&#8220; font_container=&#8220;tag:h4|text_align:left&#8220; use_theme_fonts=&#8220;yes&#8220;][vc_column_text]<span dir=\"ltr\" aria-owns=\"pdfjs_internal_id_5R\">Die bereitgestellten personenbezogenen Daten werden so lange aufbewahrt, wie es zur Erf\u00fcllung des Zwecks erforderlich ist, f\u00fcr den sie erhoben werden. Nach Ablauf dieser Frist werden wir Ihre Daten ordnungsgem\u00e4\u00df aufbewahrt und<br \/>\ngesch\u00fctzt w\u00e4hrend der erforderlichen gesetzlichen Verj\u00e4hrungsfristen. Sobald m\u00f6gliche Klagen in jedem Fall verj\u00e4hrt sind, werden wir die personenbezogenen Daten l\u00f6schen.<br \/>\n<\/span>[\/vc_column_text][vc_custom_heading text=&#8220;5. AN WEN \u00dcBERMITTELN WIR IHRE DATEN?&#8220; font_container=&#8220;tag:h4|text_align:left&#8220; use_theme_fonts=&#8220;yes&#8220;][vc_column_text]<span dir=\"ltr\" aria-owns=\"pdfjs_internal_id_5R\">Um die in dieser Datenschutzerkl\u00e4rung angegebenen Zwecke zu erf\u00fcllen, ist es erforderlich, dass wir Zugang zu Ihren personenbezogenen Daten an Einrichtungen gew\u00e4hren, die uns bei den Dienstleistungen unterst\u00fctzen, die wir Ihnen anbieten, n\u00e4mlich:<\/span><\/p>\n<ul>\n<li><span dir=\"ltr\" aria-owns=\"pdfjs_internal_id_5R\"><span dir=\"ltr\" role=\"presentation\">Finanzinstitute<\/span><\/span><\/li>\n<li><span dir=\"ltr\" aria-owns=\"pdfjs_internal_id_5R\"><span dir=\"ltr\" role=\"presentation\">Technologie-Dienstleister<\/span><br role=\"presentation\" \/><\/span><\/li>\n<li><span dir=\"ltr\" aria-owns=\"pdfjs_internal_id_5R\"><span dir=\"ltr\" role=\"presentation\">Unternehmensberatungsstellen<\/span><br role=\"presentation\" \/><\/span><\/li>\n<li><span dir=\"ltr\" aria-owns=\"pdfjs_internal_id_5R\"><span dir=\"ltr\" role=\"presentation\">Sozialversicherung<\/span><\/span><\/li>\n<li><span dir=\"ltr\" aria-owns=\"pdfjs_internal_id_5R\"><span dir=\"ltr\" role=\"presentation\">Steuerbeh\u00f6rde<\/span><br role=\"presentation\" \/><\/span><\/li>\n<\/ul>\n<p>Abgesehen von den genannten wird Jeevan Ayurveda S.L. personenbezogene Daten nicht an Dritte weitergeben, au\u00dfer aufgrund gesetzlicher Verpflichtung. Sollten sie jedoch an einen Dritten weitergegeben werden, wird der Nutzer vorab informiert<br \/>\nund seine ausdr\u00fcckliche Einwilligung f\u00fcr eine solche Weitergabe eingeholt. Die f\u00fcr die Datenbank verantwortliche Einrichtung sowie diejenigen, die an irgendeiner Phase der Verarbeitung beteiligt sind und\/oder die Einrichtungen, denen sie mitgeteilt wurden &#8211; in jedem Fall immer mit der entsprechenden vom Nutzer erteilten Genehmigung -, sind verpflichtet, das Berufsgeheimnis zu wahren und die Schutzniveaus sowie die technischen und organisatorischen Ma\u00dfnahmen zu ergreifen, die in ihrer Reichweite erforderlich sind, um die Sicherheit personenbezogener Daten zu gew\u00e4hrleisten und unbefugten Zugriff, unrechtm\u00e4\u00dfige \u00c4nderungen, Diebstahl und\/oder Verlust von Daten nach M\u00f6glichkeit zu vermeiden, um das entsprechende Sicherheitsniveau der Dateien gem\u00e4\u00df der Art und Sensibilit\u00e4t der von den Nutzern dieser Website bereitgestellten Daten zu gew\u00e4hrleisten.[\/vc_column_text][vc_custom_heading text=&#8220;6. RECHTE, DIE SIE AUS\u00dcBEN K\u00d6NNEN&#8220; font_container=&#8220;tag:h4|text_align:left&#8220; use_theme_fonts=&#8220;yes&#8220;][vc_column_text]Sie k\u00f6nnen jedes der nachfolgend erl\u00e4uterten Rechte aus\u00fcben, indem Sie uns einfach den Grund f\u00fcr Ihre Anfrage und das Recht mitteilen, das Sie aus\u00fcben m\u00f6chten. Falls wir es f\u00fcr notwendig erachten, Sie zu identifizieren, k\u00f6nnen wir eine Kopie eines Dokuments anfordern, das Ihre Identit\u00e4t nachweist.<br \/>\nIm Allgemeinen haben Sie immer das Recht:<\/p>\n<ul>\n<li>Zugang zu Ihren personenbezogenen Daten zu beantragen, um zu erfahren, welche Daten wir \u00fcber Sie haben.<\/li>\n<li>Die Berichtigung Ihrer Daten zu beantragen: Bitte beachten Sie, dass Sie durch die aktive Bereitstellung Ihrer personenbezogenen Daten auf beliebige Weise garantieren, dass sie wahr und genau sind, und sich verpflichten, uns \u00fcber jede \u00c4nderung oder Modifikation derselben zu informieren.<\/li>\n<li>Die L\u00f6schung Ihrer Daten zu beantragen, soweit sie f\u00fcr den Zweck, f\u00fcr den wir sie gem\u00e4\u00df unserer obigen Information verarbeiten m\u00fcssen, nicht mehr erforderlich sind oder wir keine Rechtsgrundlage mehr daf\u00fcr haben.<\/li>\n<li>Die Einschr\u00e4nkung der Verarbeitung Ihrer Daten zu beantragen, was bedeutet, dass Sie in bestimmten F\u00e4llen die vor\u00fcbergehende Aussetzung der Verarbeitung der Daten beantragen oder deren Aufbewahrung \u00fcber die notwendige Zeit hinaus verlangen k\u00f6nnen, wenn Sie dies ben\u00f6tigen.<\/li>\n<li>Die \u00dcbertragbarkeit Ihrer personenbezogenen Daten zu beantragen. Dies bedeutet, dass Sie das Recht haben, die personenbezogenen Daten, die Sie uns zur Verf\u00fcgung gestellt haben, in einem strukturierten, g\u00e4ngigen und maschinenlesbaren Format zu erhalten, um sie direkt an eine andere Einrichtung zu \u00fcbermitteln, sofern dies technisch m\u00f6glich ist.<\/li>\n<li>Das Recht auf Widerspruch gegen die Verarbeitung Ihrer Daten zu beantragen, wenn die Verarbeitung Ihrer Daten auf unserem berechtigten Interesse beruht.<\/li>\n<\/ul>\n<p>Sie k\u00f6nnen die Aus\u00fcbung Ihres Rechts \u00fcber folgende Mittel beantragen:<\/p>\n<ul>\n<li>Per Post, indem Sie Ihre Anfrage senden oder pers\u00f6nlich abgeben unter: Carretera General del Sur 76, 38620 San Miguel de Abona, Santa Cruz de Tenerife<\/li>\n<li>Per E-Mail: info@jeevan-ayurveda.com<\/li>\n<\/ul>\n<p>Jeevan Ayurveda S.L. muss den Antrag innerhalb eines Monats ab Eingang des Antrags beantworten.<br \/>\nDiese Frist kann um weitere zwei Monate verl\u00e4ngert werden, falls erforderlich, unter Ber\u00fccksichtigung der Komplexit\u00e4t und Anzahl der Antr\u00e4ge.<br \/>\nSie haben das Recht, Ihre erteilte Einwilligung jederzeit durch Senden einer E-Mail an info@jeevan-ayurveda.com zu widerrufen. Der Widerruf der Einwilligung ber\u00fchrt nicht die Rechtm\u00e4\u00dfigkeit der aufgrund der Einwilligung bis zum Widerruf erfolgten Verarbeitung.<br \/>\nFalls Sie der Ansicht sind, dass Ihr Recht auf Schutz Ihrer personenbezogenen Daten verletzt wurde, k\u00f6nnen Sie eine Beschwerde bei der spanischen Datenschutzbeh\u00f6rde einreichen, www.aepd.es.[\/vc_column_text][vc_custom_heading text=&#8220;7. WAS PASSIERT, WENN SIE UNS DATEN DRITTER ZUR VERF\u00dcGUNG STELLEN ODER WENN EIN DRITTER UNS IHRE DATEN ZUR VERF\u00dcGUNG GESTELLT HAT?&#8220; font_container=&#8220;tag:h4|text_align:left&#8220; use_theme_fonts=&#8220;yes&#8220;][vc_column_text]Es gibt Gelegenheiten, bei denen Sie Daten Dritter zur Verf\u00fcgung stellen k\u00f6nnen, zum Beispiel Kontaktpersonen. Wenn Sie uns personenbezogene Daten Dritter zur Verf\u00fcgung stellen, garantieren Sie, dass Sie diese \u00fcber die Zwecke und die<br \/>\nArt und Weise informiert haben, wie wir ihre personenbezogenen Daten verarbeiten m\u00fcssen.<br \/>\nWenn uns ein Dritter Ihre Daten zur Verf\u00fcgung gestellt hat, werden wir sie im Rahmen der in dieser Datenschutzerkl\u00e4rung festgelegten Zwecke verarbeiten.[\/vc_column_text][vc_custom_heading text=&#8220;8. SIND MEINE DATEN SICHER?&#8220; font_container=&#8220;tag:h4|text_align:left&#8220; use_theme_fonts=&#8220;yes&#8220;][vc_column_text]Jeevan Ayurveda S.L. garantiert die Ergreifung geeigneter Ma\u00dfnahmen zur Gew\u00e4hrleistung der vertraulichen Verarbeitung Ihrer Daten angesichts ihres vertraulichen Charakters und verpflichtet sich, dass diese Daten geheim bleiben, sie mit gr\u00f6\u00dfter Diskretion zu behandeln, und erkl\u00e4rt, in seinem Informationssystem die Sicherheitsrichtlinien implementiert zu haben, die der Art der behandelten Daten entsprechen, gem\u00e4\u00df den Bestimmungen der VERORDNUNG (EU) 2016\/679 DES EUROP\u00c4ISCHEN PARLAMENTS UND DES RATES vom 27. April 2016 zum Schutz nat\u00fcrlicher Personen bei der Verarbeitung personenbezogener Daten und zum freien Datenverkehr (DSGVO).<br \/>\nAlle \u00fcber unsere Plattform bereitgestellten Daten werden \u00fcber ein sicheres Protokoll erfasst.<\/p>\n<p>Unsere Website:<br \/>\n&#8211; Verf\u00fcgt \u00fcber ein SSL-Zertifikat, das es erm\u00f6glicht, dass beim Besuch unserer Website und beim Austausch von Informationen mit uns eine verschl\u00fcsselte Verbindung hergestellt wird.<br \/>\n&#8211; Ist auf Servern von Hetzner Online GmbH gehostet. Sie k\u00f6nnen deren Datenschutzerkl\u00e4rung <a href=\"https:\/\/www.hetzner.com\/legal\/privacy-policy\/\">hier<\/a> einsehen.[\/vc_column_text][vc_custom_heading text=&#8220;9. \u00c4NDERUNGEN DER DATENSCHUTZERKL\u00c4RUNG&#8220; font_container=&#8220;tag:h4|text_align:left&#8220; use_theme_fonts=&#8220;yes&#8220;][vc_column_text]Wir k\u00f6nnen die in dieser Datenschutzerkl\u00e4rung enthaltenen Informationen \u00e4ndern, wenn wir dies f\u00fcr angemessen halten, zum Beispiel aufgrund von gesetzlichen oder gerichtlichen \u00c4nderungen. Falls wir dies<br \/>\ntun, werden wir Sie auf verschiedene Weise \u00fcber die \u00c4nderungen auf der Website informieren, oder wir werden es Ihnen sogar an Ihre E-Mail-Adresse mitteilen, wenn die betreffende \u00c4nderung f\u00fcr Ihre Privatsph\u00e4re bedeutend ist, damit Sie die \u00c4nderungen \u00fcberpr\u00fcfen, bewerten und gegebenenfalls widersprechen oder sich von einem Service oder einer Funktionalit\u00e4t abmelden k\u00f6nnen.[\/vc_column_text][vc_custom_heading text=&#8220;10. FRAGEN ZU DIESER RICHTLINIE ODER IHREN RECHTEN?&#8220; font_container=&#8220;tag:h4|text_align:left&#8220; use_theme_fonts=&#8220;yes&#8220;][vc_column_text]<span dir=\"ltr\" role=\"presentation\">Falls Sie Zweifel oder Fragen zur Datenschutzerkl\u00e4rung oder zur Verwaltung von personenbezogenen Daten haben, die Sie uns zur Verf\u00fcgung gestellt haben, k\u00f6nnen Sie uns unter <\/span><span dir=\"ltr\" aria-owns=\"pdfjs_internal_id_5R\"><a href=\"mailto:info@jeevan-ayurveda.com\">info@jeevan-ayurveda.com<\/a> kontaktieren.<\/span>[\/vc_column_text][\/vc_column][\/vc_row]<\/p>\n<\/div>","protected":false},"excerpt":{"rendered":"<p>[vc_row][vc_column][vc_custom_heading text=&#8220;Datenschutzerkl\u00e4rung&#8220; google_fonts=&#8220;font_family:Playfair%20Display%3Aregular%2Citalic%2C700%2C700italic%2C900%2C900italic|font_style:700%20bold%20regular%3A700%3Anormal&#8220;][vc_column_text]Auf dieser Website werden personenbezogene Daten nur mit Wissen und Information der Nutzer erhoben. In diesem Dokument erkl\u00e4ren wir Ihnen detailliert, wer Ihre Daten verarbeiten wird, wof\u00fcr sie verwendet werden und welche Rechte Sie unter anderem aus\u00fcben k\u00f6nnen. Wenn Sie weitere Informationen w\u00fcnschen, k\u00f6nnen Sie diese Datenschutzerkl\u00e4rung sowie die rechtlichen Hinweise und die [&hellip;]<\/p>\n","protected":false},"author":1,"featured_media":0,"parent":0,"menu_order":0,"comment_status":"closed","ping_status":"open","template":"","meta":{"footnotes":""},"class_list":["post-4698","page","type-page","status-publish","hentry"],"_links":{"self":[{"href":"https:\/\/www.jeevan-ayurveda.com\/de\/wp-json\/wp\/v2\/pages\/4698"}],"collection":[{"href":"https:\/\/www.jeevan-ayurveda.com\/de\/wp-json\/wp\/v2\/pages"}],"about":[{"href":"https:\/\/www.jeevan-ayurveda.com\/de\/wp-json\/wp\/v2\/types\/page"}],"author":[{"embeddable":true,"href":"https:\/\/www.jeevan-ayurveda.com\/de\/wp-json\/wp\/v2\/users\/1"}],"replies":[{"embeddable":true,"href":"https:\/\/www.jeevan-ayurveda.com\/de\/wp-json\/wp\/v2\/comments?post=4698"}],"version-history":[{"count":3,"href":"https:\/\/www.jeevan-ayurveda.com\/de\/wp-json\/wp\/v2\/pages\/4698\/revisions"}],"predecessor-version":[{"id":9344,"href":"https:\/\/www.jeevan-ayurveda.com\/de\/wp-json\/wp\/v2\/pages\/4698\/revisions\/9344"}],"wp:attachment":[{"href":"https:\/\/www.jeevan-ayurveda.com\/de\/wp-json\/wp\/v2\/media?parent=4698"}],"curies":[{"name":"wp","href":"https:\/\/api.w.org\/{rel}","templated":true}]}}