{"id":4701,"date":"2021-05-27T10:03:20","date_gmt":"2021-05-27T08:03:20","guid":{"rendered":"https:\/\/www.jeevan-ayurveda.com\/?page_id=4701"},"modified":"2025-10-27T11:04:43","modified_gmt":"2025-10-27T10:04:43","slug":"cookie-richtlinien","status":"publish","type":"page","link":"https:\/\/www.jeevan-ayurveda.com\/de\/cookie-richtlinien\/","title":{"rendered":"Cookie Richtlinien"},"content":{"rendered":"<h1>Cookie-Richtlinie<\/h1>\n<h2>HINTERGRUND<\/h2>\n<p>http:\/\/www.jeevan-ayurveda.com verwendet Cookies. Die Cookies dieser Website werden verwendet, um Inhalte und Anzeigen zu personalisieren, Funktionen sozialer Medien anzubieten und den Datenverkehr zu analysieren. Dar\u00fcber hinaus teilen wir Informationen \u00fcber Ihre Nutzung der Website mit unseren Partnern aus den Bereichen soziale Medien, Werbung und Web-Analysen, die diese mit anderen Informationen kombinieren k\u00f6nnen, die Sie bereitgestellt haben oder die sie aus Ihrer Nutzung ihrer Dienste gesammelt haben.<\/p>\n<h2>WAS SIND COOKIES?<\/h2>\n<p>Ein Cookie ist eine Datei, die auf Ihren Computer heruntergeladen wird, wenn Sie bestimmte Webseiten besuchen. Cookies erm\u00f6glichen es einer Website, unter anderem Informationen \u00fcber die Navigationsgewohnheiten eines Nutzers oder seines Ger\u00e4ts zu speichern und abzurufen, und je nach den enthaltenen Informationen und der Art, wie Sie Ihr Ger\u00e4t nutzen, k\u00f6nnen sie verwendet werden, um den Nutzer zu erkennen. Cookies sind ausschlie\u00dflich einem anonymen Nutzer und seinem Computer oder Ger\u00e4t zugeordnet und liefern keine Hinweise, die es erlauben, pers\u00f6nliche Daten zu erfahren.<\/p>\n<h2>VON DER VERORDNUNG BETROFFENE COOKIES UND FREIGESTELLTE COOKIES<\/h2>\n<p>Laut EU-Richtlinie erfordern Cookies, die die informierte Zustimmung des Nutzers ben\u00f6tigen, Pr\u00e4ferenz- oder Personalisierungs-Cookies, Analyse- oder Mess-Cookies sowie verhaltensbasierte Werbe-Cookies, wobei technische Cookies ausgenommen sind.<\/p>\n<h2>ARTEN VON COOKIES<\/h2>\n<p>a) Je nach der verantwortlichen Entit\u00e4t gibt es eigene Cookies (diejenigen, die an das Endger\u00e4t des Nutzers von einem Ger\u00e4t oder einer Domain gesendet werden, die vom Herausgeber verwaltet wird und von der der angeforderte Dienst bereitgestellt wird) und Cookies Dritter (diejenigen, die an das Endger\u00e4t des Nutzers von einem Ger\u00e4t oder einer Domain gesendet werden, die nicht vom Herausgeber, sondern von einer anderen Entit\u00e4t verwaltet wird, die die \u00fcber die Cookies erhaltenen Daten verarbeitet).<\/p>\n<p>b) Je nach Dauer ihrer Aktivit\u00e4t gibt es Sitzungs-Cookies (entworfen, um Daten zu sammeln und zu speichern, w\u00e4hrend der Nutzer eine Webseite besucht) und persistente Cookies (bei denen die Daten im Endger\u00e4t gespeichert und \u00fcber einen vom Cookie-Manager definierten Zeitraum hinweg abgerufen und verarbeitet werden k\u00f6nnen &#8211; von wenigen Minuten bis zu mehreren Jahren-).<\/p>\n<p>c) Je nach Zweck, f\u00fcr den sie die gesammelten Informationen verarbeiten, k\u00f6nnen sie sein:<\/p>\n<ul>\n<li>Technische Cookies (notwendig f\u00fcr die Nutzung der Webseite und die Erbringung des gebuchten Dienstes),<\/li>\n<li>Pr\u00e4ferenz- oder Personalisierungs-Cookies (erm\u00f6glichen dem Nutzer, den Dienst mit vordefinierten Eigenschaften zu nutzen, wie z. B. Sprache, Browserversion, regionale Einstellungen usw.),<\/li>\n<li>Analyse- oder Mess-Cookies (sammeln Informationen \u00fcber die Nutzung der Webseite),<\/li>\n<li>Verhaltensbasierte Werbe-Cookies (sammeln Informationen \u00fcber die Vorlieben und pers\u00f6nlichen Entscheidungen der Nutzer).<\/li>\n<\/ul>\n<h2>ARTEN VON COOKIES, DIE VON DIESER WEBSITE VERWENDET WERDEN<\/h2>\n<p>Die auf http:\/\/www.jeevan-ayurveda.com verwendeten Cookies sind eigene und Dritter und erm\u00f6glichen es uns, Informationen zu Sprache, verwendeter Browserversion und anderen allgemeinen vordefinierten Eigenschaften des Nutzers zu speichern und darauf zuzugreifen sowie die durchgef\u00fchrte Aktivit\u00e4t zu verfolgen und zu analysieren, um unsere Dienstleistungen effizienter und personalisierter zu verbessern und anzubieten. Die verwendeten Cookies sind in jedem Fall vor\u00fcbergehend und haben das einzige Ziel, die Navigation effizienter zu gestalten. In keinem Fall liefern diese Cookies selbst personenbezogene Daten oder werden zur Erhebung derselben verwendet.<\/p>\n<p>In verschiedenen Abschnitten unserer Webseite k\u00f6nnen Cookies von sozialen Medien installiert werden, insbesondere die folgenden:<\/p>\n<ul>\n<li>X-Cookie, gem\u00e4\u00df den Bestimmungen seiner Cookie-Richtlinie.<\/li>\n<li>Facebook-Cookie, gem\u00e4\u00df den Bestimmungen seiner Cookie-Richtlinie.<\/li>\n<li>LinkedIn-Cookie, gem\u00e4\u00df den Bestimmungen seiner Seite \u00fcber die Nutzung von Cookies.<\/li>\n<li>Google+ und Google Maps Cookie, gem\u00e4\u00df den Bestimmungen seiner Seite \u00fcber die verwendeten Cookie-Typen.<\/li>\n<\/ul>\n<h3>Technische Cookies:<\/h3>\n<table>\n<thead>\n<tr>\n<th>Name<\/th>\n<th>Kategorie<\/th>\n<th>Typ<\/th>\n<th>Domain<\/th>\n<th>Anbieter<\/th>\n<th>Dauer<\/th>\n<th>Beschreibung\/Zweck<\/th>\n<\/tr>\n<\/thead>\n<tbody>\n<tr>\n<td>__Secure-1PAPISID<\/td>\n<td>Technisch<\/td>\n<td>Drittanbieter<\/td>\n<td>.google.com<\/td>\n<td>Google<\/td>\n<td>13 Monate<\/td>\n<td>Unterst\u00fctzt die Verwaltung der Nutzersitzung und gew\u00e4hrleistet die Sicherheit w\u00e4hrend der Navigation.<\/td>\n<\/tr>\n<tr>\n<td>__Secure-1PSID<\/td>\n<td>Technisch<\/td>\n<td>Drittanbieter<\/td>\n<td>.google.com<\/td>\n<td>Google<\/td>\n<td>13 Monate<\/td>\n<td>F\u00fcr die Authentifizierung von Nutzern und die Sicherheit der Sitzung.<\/td>\n<\/tr>\n<tr>\n<td>__Secure-1PSIDCC<\/td>\n<td>Technisch<\/td>\n<td>Drittanbieter<\/td>\n<td>.google.com<\/td>\n<td>Google<\/td>\n<td>1 Jahr<\/td>\n<td>Sch\u00fctzt die Dienste von Google und stellt sicher, dass Anfragen von legitimen Nutzern stammen.<\/td>\n<\/tr>\n<tr>\n<td>__Secure-1PSIDTS<\/td>\n<td>Technisch<\/td>\n<td>Drittanbieter<\/td>\n<td>.google.com<\/td>\n<td>Google<\/td>\n<td>1 Jahr<\/td>\n<td>Hilft Google, die Authentizit\u00e4t der Sitzungen zu \u00fcberpr\u00fcfen und verbessert die Sicherheit in der Kommunikation zwischen dem Nutzer und den Diensten von Google, um sicherzustellen, dass die Nutzerdaten vor unbefugtem Zugriff gesch\u00fctzt sind.<\/td>\n<\/tr>\n<tr>\n<td>__Secure-3PAPISID<\/td>\n<td>Technisch<\/td>\n<td>Drittanbieter<\/td>\n<td>.google.com<\/td>\n<td>Google<\/td>\n<td>13 Monate<\/td>\n<td>Unterst\u00fctzt die Verwaltung der Nutzersitzung und gew\u00e4hrleistet die Sicherheit w\u00e4hrend der Navigation.<\/td>\n<\/tr>\n<tr>\n<td>__Secure-3PSID<\/td>\n<td>Technisch<\/td>\n<td>Drittanbieter<\/td>\n<td>.google.com<\/td>\n<td>Google<\/td>\n<td>13 Monate<\/td>\n<td>Sch\u00fctzt Nutzerkonten und gew\u00e4hrleistet die Sicherheit der Interaktionen auf Google-Diensten.<\/td>\n<\/tr>\n<tr>\n<td>__Secure-3PSIDCC<\/td>\n<td>Technisch<\/td>\n<td>Drittanbieter<\/td>\n<td>.google.com<\/td>\n<td>Google<\/td>\n<td>1 Jahr<\/td>\n<td>Sch\u00fctzt die Dienste von Google und stellt sicher, dass Anfragen von legitimen Nutzern stammen.<\/td>\n<\/tr>\n<tr>\n<td>__Secure-3PSIDTS<\/td>\n<td>Technisch<\/td>\n<td>Drittanbieter<\/td>\n<td>.google.com<\/td>\n<td>Google<\/td>\n<td>1 Jahr<\/td>\n<td>Sichert die Nutzersitzungen und verhindert Betrug auf Google-Diensten.<\/td>\n<\/tr>\n<tr>\n<td>__Secure-ENID<\/td>\n<td>Technisch<\/td>\n<td>Drittanbieter<\/td>\n<td>.google.com<\/td>\n<td>Google<\/td>\n<td>7 Monate<\/td>\n<td>Zum Verwalten der Sicherheits- und Authentifizierungseinstellungen des Nutzers, um unbefugten Zugriff zu verhindern.<\/td>\n<\/tr>\n<tr>\n<td>AEC<\/td>\n<td>Technisch<\/td>\n<td>Drittanbieter<\/td>\n<td>.google.com<\/td>\n<td>Google<\/td>\n<td>1 Monat<\/td>\n<td>Gew\u00e4hrleistet, dass Anfragen w\u00e4hrend einer Browsersitzung vom Nutzer stammen und nicht von b\u00f6sartigen Websites, um vor Betrug und Missbrauch zu sch\u00fctzen.<\/td>\n<\/tr>\n<tr>\n<td>APISID<\/td>\n<td>Technisch<\/td>\n<td>Drittanbieter<\/td>\n<td>google.com<\/td>\n<td>Google<\/td>\n<td>13 Monate<\/td>\n<td>Unterst\u00fctzt die Verwaltung der Nutzersitzung und die Sicherheit w\u00e4hrend der Navigation.<\/td>\n<\/tr>\n<tr>\n<td>HSID<\/td>\n<td>Technisch<\/td>\n<td>Drittanbieter<\/td>\n<td>.google.com<\/td>\n<td>Google<\/td>\n<td>13 Monate<\/td>\n<td>Sch\u00fctzt Nutzer vor Betrug und sichert die Google-Konten.<\/td>\n<\/tr>\n<tr>\n<td>moove_gdpr_popup<\/td>\n<td>Technisch<\/td>\n<td>Eigen<\/td>\n<td>www.jeevan-ayurveda.com<\/td>\n<td>Moove<\/td>\n<td>1 Jahr<\/td>\n<td>Speichert die Cookie-Zustimmungseinstellungen.<\/td>\n<\/tr>\n<tr>\n<td>SAPISID<\/td>\n<td>Technisch<\/td>\n<td>Drittanbieter<\/td>\n<td>.google.com<\/td>\n<td>Google<\/td>\n<td>13 Monate<\/td>\n<td>Unterst\u00fctzt die Verwaltung der Nutzersitzung und die Sicherheit w\u00e4hrend der Navigation.<\/td>\n<\/tr>\n<tr>\n<td>SEARCH_SAMESITE<\/td>\n<td>Technisch<\/td>\n<td>Drittanbieter<\/td>\n<td>.google.com<\/td>\n<td>Google<\/td>\n<td>6 Monate<\/td>\n<td>Hilft, CSRF-Angriffe (Cross-Site Request Forgery) zu verhindern und verbessert die Sicherheit der Suchanfragen.<\/td>\n<\/tr>\n<tr>\n<td>SID<\/td>\n<td>Technisch<\/td>\n<td>Drittanbieter<\/td>\n<td>.google.com<\/td>\n<td>Google<\/td>\n<td>13 Monate<\/td>\n<td>H\u00e4lt die Sitzung aktiv und sch\u00fctzt die Nutzerkonten auf Google-Diensten.<\/td>\n<\/tr>\n<tr>\n<td>SIDCC<\/td>\n<td>Technisch<\/td>\n<td>Drittanbieter<\/td>\n<td>.google.com<\/td>\n<td>Google<\/td>\n<td>1 Jahr<\/td>\n<td>Sch\u00fctzt die Dienste von Google und stellt sicher, dass Anfragen von legitimen Nutzern stammen.<\/td>\n<\/tr>\n<tr>\n<td>SSID<\/td>\n<td>Technisch<\/td>\n<td>Drittanbieter<\/td>\n<td>.google.com<\/td>\n<td>Google<\/td>\n<td>13 Monate<\/td>\n<td>Authentifiziert den Nutzer auf Google-Diensten und sch\u00fctzt die Kontodaten vor unbefugtem Zugriff.<\/td>\n<\/tr>\n<tr>\n<td>wp-wpml_current_language<\/td>\n<td>Technisch<\/td>\n<td>Eigen<\/td>\n<td>www.jeevan-ayurveda.com<\/td>\n<td>WordPress<\/td>\n<td>Sitzung<\/td>\n<td>Zum korrekten Anzeigen des Inhalts in der entsprechenden Sprache gem\u00e4\u00df der Browser- oder Website-Konfiguration.<\/td>\n<\/tr>\n<\/tbody>\n<\/table>\n<h3>Pr\u00e4ferenz- oder Personalisierungs-Cookies:<\/h3>\n<table>\n<thead>\n<tr>\n<th>Name<\/th>\n<th>Kategorie<\/th>\n<th>Typ<\/th>\n<th>Domain<\/th>\n<th>Anbieter<\/th>\n<th>Dauer<\/th>\n<th>Beschreibung\/Zweck<\/th>\n<\/tr>\n<\/thead>\n<tbody>\n<tr>\n<td>NID<\/td>\n<td>Pr\u00e4ferenz oder Personalisierung<\/td>\n<td>Drittanbieter<\/td>\n<td>.google.com<\/td>\n<td>Google<\/td>\n<td>6 Monate<\/td>\n<td>Speichert die Einstellungen und Vorlieben des Nutzers in Bezug auf die Nutzung von Google, wie Sprache oder Dienst-Personalisierung.<\/td>\n<\/tr>\n<tr>\n<td>wp-wpml_current_language<\/td>\n<td>Pr\u00e4ferenz oder Personalisierung<\/td>\n<td>Eigen<\/td>\n<td>www.jeevan-ayurveda.com<\/td>\n<td>WordPress<\/td>\n<td>Sitzung<\/td>\n<td>Zum Speichern der zuvor vom Nutzer ausgew\u00e4hlten Sprachkonfiguration.<\/td>\n<\/tr>\n<\/tbody>\n<\/table>\n<h3>Verhaltensbasierte Werbe-Cookies:<\/h3>\n<table>\n<thead>\n<tr>\n<th>Name<\/th>\n<th>Kategorie<\/th>\n<th>Typ<\/th>\n<th>Domain<\/th>\n<th>Anbieter<\/th>\n<th>Dauer<\/th>\n<th>Beschreibung\/Zweck<\/th>\n<\/tr>\n<\/thead>\n<tbody>\n<tr>\n<td>__Secure-1PAPISID<\/td>\n<td>Verhaltensbasierte Werbung<\/td>\n<td>Drittanbieter<\/td>\n<td>.google.com<\/td>\n<td>Google<\/td>\n<td>13 Monate<\/td>\n<td>Speichert Informationen \u00fcber die Vorlieben des Nutzers und personalisiert Anzeigen auf Google-Diensten.<\/td>\n<\/tr>\n<tr>\n<td>__Secure-1PSID<\/td>\n<td>Verhaltensbasierte Werbung<\/td>\n<td>Drittanbieter<\/td>\n<td>.google.com<\/td>\n<td>Google<\/td>\n<td>13 Monate<\/td>\n<td>Zeigt relevante Anzeigen basierend auf der Navigationsaktivit\u00e4t und dem Nutzerprofil an, insbesondere wenn angemeldet.<\/td>\n<\/tr>\n<tr>\n<td>__Secure-1PSIDCC<\/td>\n<td>Verhaltensbasierte Werbung<\/td>\n<td>Drittanbieter<\/td>\n<td>.google.com<\/td>\n<td>Google<\/td>\n<td>1 Jahr<\/td>\n<td>Personalisierung von Anzeigen basierend auf dem Nutzerprofil, das erstellt wurde, wenn er sich in seinen Diensten angemeldet hat.<\/td>\n<\/tr>\n<tr>\n<td>__Secure-1PSIDTS<\/td>\n<td>Verhaltensbasierte Werbung<\/td>\n<td>Drittanbieter<\/td>\n<td>.google.com<\/td>\n<td>Google<\/td>\n<td>1 Jahr<\/td>\n<td>Nutzeridentifikation zu Werbezwecken, um ihm relevante Anzeigen basierend auf seinem Profil und Navigationsverlauf zu zeigen.<\/td>\n<\/tr>\n<tr>\n<td>__Secure-3PAPISID<\/td>\n<td>Verhaltensbasierte Werbung<\/td>\n<td>Drittanbieter<\/td>\n<td>.google.com<\/td>\n<td>Google<\/td>\n<td>13 Monate<\/td>\n<td>Speichert Informationen \u00fcber die Vorlieben des Nutzers und personalisiert Anzeigen auf Google-Diensten.<\/td>\n<\/tr>\n<tr>\n<td>__Secure-3PSID<\/td>\n<td>Verhaltensbasierte Werbung<\/td>\n<td>Drittanbieter<\/td>\n<td>.google.com<\/td>\n<td>Google<\/td>\n<td>13 Monate<\/td>\n<td>Erstellt ein Nutzerprofil basierend auf seinem Verhalten und zeigt relevante Anzeigen auf Drittanbieter-Websites.<\/td>\n<\/tr>\n<tr>\n<td>__Secure-3PSIDCC<\/td>\n<td>Verhaltensbasierte Werbung<\/td>\n<td>Drittanbieter<\/td>\n<td>.google.com<\/td>\n<td>Google<\/td>\n<td>1 Jahr<\/td>\n<td>Zum Bereitstellen relevanterer Anzeigen f\u00fcr den Nutzer und seine Interessen sowie zur Begrenzung der H\u00e4ufigkeit, mit der eine Anzeige angezeigt wird.<\/td>\n<\/tr>\n<tr>\n<td>__Secure-3PSIDTS<\/td>\n<td>Verhaltensbasierte Werbung<\/td>\n<td>Drittanbieter<\/td>\n<td>.google.com<\/td>\n<td>Google<\/td>\n<td>1 Jahr<\/td>\n<td>Personalisierung von Anzeigen gem\u00e4\u00df dem Verhalten und den Vorlieben des Nutzers w\u00e4hrend der Nutzung von Google-Diensten.<\/td>\n<\/tr>\n<tr>\n<td>__Secure-ENID<\/td>\n<td>Verhaltensbasierte Werbung<\/td>\n<td>Drittanbieter<\/td>\n<td>.google.com<\/td>\n<td>Google<\/td>\n<td>7 Monate<\/td>\n<td>Personalisierung und Segmentierung von Anzeigen basierend auf dem Nutzerverhalten.<\/td>\n<\/tr>\n<tr>\n<td>APISID<\/td>\n<td>Verhaltensbasierte Werbung<\/td>\n<td>Drittanbieter<\/td>\n<td>google.com<\/td>\n<td>Google<\/td>\n<td>13 Monate<\/td>\n<td>Erstellt ein Profil basierend auf den Navigationsgewohnheiten des Nutzers, um personalisierte Anzeigen anzuzeigen.<\/td>\n<\/tr>\n<tr>\n<td>HSID<\/td>\n<td>Verhaltensbasierte Werbung<\/td>\n<td>Drittanbieter<\/td>\n<td>.google.com<\/td>\n<td>Google<\/td>\n<td>13 Monate<\/td>\n<td>Wird verwendet, um Anzeigen zu personalisieren und relevante Werbung basierend auf dem Nutzerprofil anzuzeigen.<\/td>\n<\/tr>\n<tr>\n<td>NID<\/td>\n<td>Verhaltensbasierte Werbung<\/td>\n<td>Drittanbieter<\/td>\n<td>.google.com<\/td>\n<td>Google<\/td>\n<td>6 Monate<\/td>\n<td>Erstellt Nutzerprofile und segmentiert Anzeigen basierend auf ihren Interessen.<\/td>\n<\/tr>\n<tr>\n<td>SAPISID<\/td>\n<td>Verhaltensbasierte Werbung<\/td>\n<td>Drittanbieter<\/td>\n<td>.google.com<\/td>\n<td>Google<\/td>\n<td>13 Monate<\/td>\n<td>Paszt die Inhalte und Anzeigen an, die basierend auf dem Verhalten des Nutzers und seinem Navigationsverlauf angezeigt werden.<\/td>\n<\/tr>\n<tr>\n<td>SID<\/td>\n<td>Verhaltensbasierte Werbung<\/td>\n<td>Drittanbieter<\/td>\n<td>.google.com<\/td>\n<td>Google<\/td>\n<td>13 Monate<\/td>\n<td>Zeigt personalisierte Anzeigen basierend auf seinem Profil und seiner Navigation an.<\/td>\n<\/tr>\n<tr>\n<td>SSID<\/td>\n<td>Verhaltensbasierte Werbung<\/td>\n<td>Drittanbieter<\/td>\n<td>.google.com<\/td>\n<td>Google<\/td>\n<td>13 Monate<\/td>\n<td>Personalisierung der Anzeigen, die dem Nutzer basierend auf seinem Navigationsverlauf und fr\u00fcheren Interaktionen mit Google-Diensten angezeigt werden.<\/td>\n<\/tr>\n<\/tbody>\n<\/table>\n<h2>WIDERRUF<\/h2>\n<p>Jederzeit k\u00f6nnen Sie auf die Einstellungen Ihres Browsers zugreifen, um alle Cookies zu akzeptieren oder abzulehnen oder auszuw\u00e4hlen, welche Installationen Sie erlauben und welche nicht, indem Sie eines der folgenden Verfahren befolgen, das vom verwendeten Browser abh\u00e4ngt:<\/p>\n<p>Google Chrome (im Men\u00fc Werkzeuge):<\/p>\n<p>Einstellungen &gt; Erweiterte Optionen anzeigen &gt; Datenschutz (Inhaltseinstellungen) &gt; Cookies:<\/p>\n<p>https:\/\/support.google.com\/chrome\/answer\/95647?co=GENIE.Platform%3DDesktop&#038;hl=es<\/p>\n<p>Microsoft Internet Explorer (im Men\u00fc Werkzeuge):<\/p>\n<p>Internetoptionen &gt; Datenschutz &gt; Erweitert:<\/p>\n<p>https:\/\/support.microsoft.com\/es-es\/help\/17442\/windows-internet-explorer-delete-manage-cookies<\/p>\n<p>Firefox:<\/p>\n<p>Optionen &gt; Datenschutz &gt; Cookies:<\/p>\n<p>https:\/\/support.mozilla.org\/es\/kb\/habilitar-y-deshabilitar-cookies-sitios-web-rastrear-preferencias<\/p>\n<p>Safari, iPad und iPhone:<\/p>\n<p>Einstellungen &gt; Datenschutz<\/p>\n<p>https:\/\/support.apple.com\/es-lamr\/105082<\/p>\n<p>Opera:<\/p>\n<p>Einstellungen &gt; Optionen &gt; Erweitert &gt; Cookies<\/p>\n<p>http:\/\/help.opera.com\/Windows\/12.00\/es-ES\/cookies.html<\/p>\n<p>Diese Browser unterliegen Updates oder \u00c4nderungen, weshalb wir nicht garantieren k\u00f6nnen, dass sie vollst\u00e4ndig mit Ihrer Browserversion \u00fcbereinstimmen. Es kann auch sein, dass Sie einen anderen Browser verwenden, der in diesen Links nicht enthalten ist, wie z. B. Konqueror, Arora, Flock usw. Um diese Abweichungen zu vermeiden, k\u00f6nnen Sie direkt \u00fcber die Optionen Ihres Browsers zugreifen, normalerweise im Men\u00fc &#8222;Optionen&#8220; im Bereich &#8222;Datenschutz&#8220;. (Bitte konsultieren Sie die Hilfe Ihres Browsers f\u00fcr weitere Informationen).<\/p>\n<h2>DEAKTIVIERUNG\/AKTIVIERUNG UND L\u00d6SCHUNG VON COOKIES<\/h2>\n<p>Um Cookies einzuschr\u00e4nken oder zu blockieren, erfolgt dies \u00fcber die Einstellungen Ihres Browsers.<\/p>\n<p>Wenn Sie nicht m\u00f6chten, dass Websites Cookies auf Ihrem Ger\u00e4t platzieren, k\u00f6nnen Sie die Einstellungen Ihres Browsers so anpassen, dass Sie vor dem Platzieren eines Cookies benachrichtigt werden. Ebenso k\u00f6nnen Sie die Einstellungen so anpassen, dass der Browser alle Cookies oder nur Cookies Dritter ablehnt. Sie k\u00f6nnen auch alle Cookies, die sich bereits auf Ihrem Ger\u00e4t befinden, l\u00f6schen. Beachten Sie, dass Sie die Einstellungen f\u00fcr jeden Browser und jedes Ger\u00e4t separat anpassen m\u00fcssen, das Sie nutzen.<\/p>\n<p>Bitte beachten Sie, dass wir nicht mehr garantieren k\u00f6nnen, dass unsere Website ordnungsgem\u00e4\u00df funktioniert, wenn Sie keine Cookies empfangen m\u00f6chten. Einige Funktionen der Website k\u00f6nnten verloren gehen, und es ist m\u00f6glich, dass Sie bestimmte Websites nicht mehr anzeigen k\u00f6nnen. Dar\u00fcber hinaus bedeutet das Ablehnen von Cookies nicht, dass Sie keine Werbeannoncen mehr sehen. Die Anzeigen werden einfach nicht an Ihre Interessen angepasst und erscheinen h\u00e4ufiger.<\/p>\n<p>Jeder Browser hat eine andere Methode, um die Einstellungen anzupassen. Falls n\u00f6tig, konsultieren Sie die Hilfefunktion Ihres Browsers, um die richtige Konfiguration festzulegen.<\/p>\n<p>Um Cookies auf einem Mobiltelefon zu deaktivieren, konsultieren Sie das Handbuch des Ger\u00e4ts f\u00fcr weitere Informationen.<\/p>\n<p>Sie k\u00f6nnen weitere Informationen \u00fcber Cookies im Internet unter http:\/\/www.aboutcookies.org\/ finden.<\/p>\n<p>Unter Ber\u00fccksichtigung der Funktionsweise von Internet und Websites verf\u00fcgen wir nicht immer \u00fcber Informationen \u00fcber die Cookies, die Drittanbieter \u00fcber unsere Website platzieren. Dies gilt insbesondere f\u00fcr F\u00e4lle, in denen unsere Webseite sogenannte eingebettete Elemente enth\u00e4lt: Texte, Dokumente, Bilder oder kurze Filme, die anderswo gespeichert, aber auf unserer Website oder \u00fcber diese angezeigt werden.<\/p>\n<p>Daher bitten wir Sie, uns zu informieren, wenn Sie auf dieser Website auf diesen Typ von Cookie sto\u00dfen und er nicht in der oben genannten Liste enthalten ist. Alternativ k\u00f6nnen Sie den Drittanbieter direkt kontaktieren, um Informationen \u00fcber die von ihm platzierten Cookies, deren Zweck, Dauer und wie er Ihre Privatsph\u00e4re gesichert hat, anzufordern.<\/p>\n","protected":false},"excerpt":{"rendered":"<p>Cookie-Richtlinie HINTERGRUND http:\/\/www.jeevan-ayurveda.com verwendet Cookies. Die Cookies dieser Website werden verwendet, um Inhalte und Anzeigen zu personalisieren, Funktionen sozialer Medien anzubieten und den Datenverkehr zu analysieren. Dar\u00fcber hinaus teilen wir Informationen \u00fcber Ihre Nutzung der Website mit unseren Partnern aus den Bereichen soziale Medien, Werbung und Web-Analysen, die diese mit anderen Informationen kombinieren k\u00f6nnen, die [&hellip;]<\/p>\n","protected":false},"author":1,"featured_media":0,"parent":0,"menu_order":0,"comment_status":"closed","ping_status":"closed","template":"","meta":{"footnotes":""},"class_list":["post-4701","page","type-page","status-publish","hentry"],"_links":{"self":[{"href":"https:\/\/www.jeevan-ayurveda.com\/de\/wp-json\/wp\/v2\/pages\/4701"}],"collection":[{"href":"https:\/\/www.jeevan-ayurveda.com\/de\/wp-json\/wp\/v2\/pages"}],"about":[{"href":"https:\/\/www.jeevan-ayurveda.com\/de\/wp-json\/wp\/v2\/types\/page"}],"author":[{"embeddable":true,"href":"https:\/\/www.jeevan-ayurveda.com\/de\/wp-json\/wp\/v2\/users\/1"}],"replies":[{"embeddable":true,"href":"https:\/\/www.jeevan-ayurveda.com\/de\/wp-json\/wp\/v2\/comments?post=4701"}],"version-history":[{"count":3,"href":"https:\/\/www.jeevan-ayurveda.com\/de\/wp-json\/wp\/v2\/pages\/4701\/revisions"}],"predecessor-version":[{"id":9360,"href":"https:\/\/www.jeevan-ayurveda.com\/de\/wp-json\/wp\/v2\/pages\/4701\/revisions\/9360"}],"wp:attachment":[{"href":"https:\/\/www.jeevan-ayurveda.com\/de\/wp-json\/wp\/v2\/media?parent=4701"}],"curies":[{"name":"wp","href":"https:\/\/api.w.org\/{rel}","templated":true}]}}