{"id":4560,"date":"2021-03-08T12:35:18","date_gmt":"2021-05-21T08:01:00","guid":{"rendered":"https:\/\/www.jeevan-ayurveda.com\/?post_type=product&#038;p=4560"},"modified":"2025-12-03T12:56:29","modified_gmt":"2025-12-03T11:56:29","slug":"amla-kumari-mint-natuerlicher-shampoo-riegel","status":"publish","type":"product","link":"https:\/\/www.jeevan-ayurveda.com\/de\/produkt\/amla-kumari-mint-natuerlicher-shampoo-riegel\/","title":{"rendered":"Amla, Kumari &#038; Mint &#8211; Nat\u00fcrlicher Shampoo Riegel"},"content":{"rendered":"<p>HYGIENE UND ENTGIFTUNG VON FEINEM HAAR UND EMPFINDLICHER KOPFHAUT.<\/p>\n<p>Unsere festen Shampoos sind nach der uralten Weisheit des Ayurveda formuliert und waschen nicht nur das Haar und bringen es ins Gleichgewicht, sondern wirken auch auf die Kopfhaut und den Geist.<\/p>\n<p>Unsere Shampoos sind nat\u00fcrlich, handgefertigt, einfach in der Anwendung und umweltfreundlich.<\/p>\n<p>Sie enthalten keine Parabene, Paraffine oder Silikone.<\/p>\n<p>Der gro\u00dfe Reichtum dieses Shampoos liegt in seinem hohen Gehalt an pflanzlichen Wirkstoffen: Amalaki, Minze, Bhringaraj, Aloe vera und Kaolin machen es zum idealen Shampoo f\u00fcr feines Haar und empfindliche Kopfhaut. Pflegt und befeuchtet das Haar und die Kopfhaut. Erfrischt und hilft, Juckreiz und R\u00f6tungen der Kopfhaut zu reduzieren. Hilft, verstopfte Haarfollikel zu entstauen. Kontrolliert Kr\u00e4useln, verleiht dem Haar Glanz und Geschmeidigkeit und beugt vorzeitigem Ergrauen vor.<\/p>\n<p>Wenn Sie Ihr Haar waschen, pflegen Sie es und auch Ihre Kopfhaut.<\/p>\n","protected":false},"excerpt":{"rendered":"<p>Die immense Reichhaltigkeit dieses Shampoos liegt in seinem hohen Gehalt an pflanzlichen Wirkstoffen: Amalaki, Pfefferminze, Bhringaraj, Aloe Vera und Kaolin, was es zum idealen Shampoo f\u00fcr feines Haar und empfindliche Kopfhaut macht. N\u00e4hrt und befeuchtet das Haar und die Kopfhaut. Erfrischt und hilft, Juckreiz und R\u00f6tungen der Kopfhaut zu reduzieren. Hilft, verstopfte Haarfollikel zu entstauen. Kontrolliert Kr\u00e4useln, verleiht dem Haar Glanz und Geschmeidigkeit und beugt vorzeitigem Ergrauen vor.<\/p>\n<p>Wenn Sie Ihr Haar waschen, pflegen Sie es und auch Ihre Kopfhaut.<\/p>\n","protected":false},"featured_media":9404,"template":"","meta":[],"product_cat":[116],"product_tag":[],"class_list":{"0":"post-4560","1":"product","2":"type-product","3":"status-publish","4":"has-post-thumbnail","6":"product_cat-haare","8":"first","9":"instock","10":"taxable","11":"shipping-taxable","12":"purchasable","13":"product-type-simple"},"_links":{"self":[{"href":"https:\/\/www.jeevan-ayurveda.com\/de\/wp-json\/wp\/v2\/product\/4560"}],"collection":[{"href":"https:\/\/www.jeevan-ayurveda.com\/de\/wp-json\/wp\/v2\/product"}],"about":[{"href":"https:\/\/www.jeevan-ayurveda.com\/de\/wp-json\/wp\/v2\/types\/product"}],"wp:featuredmedia":[{"embeddable":true,"href":"https:\/\/www.jeevan-ayurveda.com\/de\/wp-json\/wp\/v2\/media\/9404"}],"wp:attachment":[{"href":"https:\/\/www.jeevan-ayurveda.com\/de\/wp-json\/wp\/v2\/media?parent=4560"}],"wp:term":[{"taxonomy":"product_cat","embeddable":true,"href":"https:\/\/www.jeevan-ayurveda.com\/de\/wp-json\/wp\/v2\/product_cat?post=4560"},{"taxonomy":"product_tag","embeddable":true,"href":"https:\/\/www.jeevan-ayurveda.com\/de\/wp-json\/wp\/v2\/product_tag?post=4560"}],"curies":[{"name":"wp","href":"https:\/\/api.w.org\/{rel}","templated":true}]}}