{"id":4564,"date":"2021-03-08T12:34:46","date_gmt":"2021-05-21T09:11:58","guid":{"rendered":"https:\/\/www.jeevan-ayurveda.com\/?post_type=product&#038;p=4564"},"modified":"2025-09-09T13:43:17","modified_gmt":"2025-09-09T11:43:17","slug":"brahmi-orange-blossom-bhringaraj-natuerlicher-shampoo-riegel","status":"publish","type":"product","link":"https:\/\/www.jeevan-ayurveda.com\/de\/produkt\/brahmi-orange-blossom-bhringaraj-natuerlicher-shampoo-riegel\/","title":{"rendered":"Brahmi, Orange Blossom &#038; Bhringaraj &#8211; Nat\u00fcrlicher Shampoo Riegel"},"content":{"rendered":"<p>HYGIENE UND ENTGIFTUNG VON TROCKENEM HAAR UND KOPFHAUT.<\/p>\n<p>Unsere festen Shampoos sind nach der alten Weisheit des Ayurveda formuliert und waschen nicht nur das Haar und bringen es ins Gleichgewicht, sondern wirken auch auf die Kopfhaut und den Geist.<\/p>\n<p>Unsere Shampoos sind nat\u00fcrlich, handgefertigt, einfach in der Anwendung und umweltfreundlich.<\/p>\n<p>Sie enthalten keine Parabene, Paraffine oder Silikone.<\/p>\n<p>Die gro\u00dfe Reichhaltigkeit dieses Shampoos liegt in seinem hohen Gehalt an pflanzlichen Wirkstoffen: Brahmi, Orangenbl\u00fcten, Bhringaraj, Sheabutter und rosa Tonerde, was es zum idealen Shampoo f\u00fcr trockenes, spr\u00f6des und widerspenstiges Haar macht. N\u00e4hrt und befeuchtet trockenes Haar und Kopfhaut. Hilft, verstopfte Haarfollikel zu entstauen. Kontrolliert Kr\u00e4useln, verleiht dem Haar Glanz und Geschmeidigkeit.<\/p>\n<p>Wenn Sie Ihr Haar waschen, pflegen Sie es und auch Ihre Kopfhaut.<\/p>\n","protected":false},"excerpt":{"rendered":"<p>Die immense Reichhaltigkeit dieses Shampoos ist sein hoher Gehalt an pflanzlichen Wirkstoffen: Brahmi, Orangenbl\u00fcten, Bhringaraj, Sheabutter und rosa Tonerde machen es zum idealen Shampoo f\u00fcr trockenes, spr\u00f6des und widerspenstiges Haar. N\u00e4hrt und befeuchtet trockenes Haar und Kopfhaut. Hilft, verstopfte Haarfollikel zu entstauen. Kontrolliert Kr\u00e4useln, verleiht dem Haar Glanz und Geschmeidigkeit.<\/p>\n<p>Wenn Sie Ihr Haar waschen, pflegen Sie es, und pflegen Sie auch Ihre Kopfhaut.<\/p>\n","protected":false},"featured_media":9261,"template":"","meta":[],"product_cat":[116],"product_tag":[],"class_list":{"0":"post-4564","1":"product","2":"type-product","3":"status-publish","4":"has-post-thumbnail","6":"product_cat-haare","8":"first","9":"instock","10":"taxable","11":"shipping-taxable","12":"purchasable","13":"product-type-simple"},"_links":{"self":[{"href":"https:\/\/www.jeevan-ayurveda.com\/de\/wp-json\/wp\/v2\/product\/4564"}],"collection":[{"href":"https:\/\/www.jeevan-ayurveda.com\/de\/wp-json\/wp\/v2\/product"}],"about":[{"href":"https:\/\/www.jeevan-ayurveda.com\/de\/wp-json\/wp\/v2\/types\/product"}],"wp:featuredmedia":[{"embeddable":true,"href":"https:\/\/www.jeevan-ayurveda.com\/de\/wp-json\/wp\/v2\/media\/9261"}],"wp:attachment":[{"href":"https:\/\/www.jeevan-ayurveda.com\/de\/wp-json\/wp\/v2\/media?parent=4564"}],"wp:term":[{"taxonomy":"product_cat","embeddable":true,"href":"https:\/\/www.jeevan-ayurveda.com\/de\/wp-json\/wp\/v2\/product_cat?post=4564"},{"taxonomy":"product_tag","embeddable":true,"href":"https:\/\/www.jeevan-ayurveda.com\/de\/wp-json\/wp\/v2\/product_tag?post=4564"}],"curies":[{"name":"wp","href":"https:\/\/api.w.org\/{rel}","templated":true}]}}