{"id":4569,"date":"2021-04-08T12:40:08","date_gmt":"2021-05-21T09:30:02","guid":{"rendered":"https:\/\/www.jeevan-ayurveda.com\/?post_type=product&#038;p=4569"},"modified":"2026-01-30T13:31:06","modified_gmt":"2026-01-30T12:31:06","slug":"pitta-body-cream-cooling-nutrition","status":"publish","type":"product","link":"https:\/\/www.jeevan-ayurveda.com\/de\/produkt\/pitta-body-cream-cooling-nutrition\/","title":{"rendered":"Pitta Body Cream &#8211; Cooling Nutrition"},"content":{"rendered":"<p><strong>HYDRATISIERT \u2013 GL\u00c4TTET \u2013 ERFRISCHT \u2013 BERUHIGT<\/strong><\/p>\n<p>Die Pitta Haut ist warm und empfindlich. Feuer ist ihr dominantes Element. Pitta Haut neigt zu \u00dcberhitzung, das bedeutet, sie hat eine Tendenz zu R\u00f6tungen, Juckreiz bis hin zu Ekzemen und Entz\u00fcndungen. Die harmonische Pflege einer Pitta Haut braucht erfrischende und beruhigende Pflanzen.<\/p>\n<p>Pitta Body Cream, gem\u00e4\u00df dem uralten Wissen des Ayurveda entwickelt, ist eine nat\u00fcrliche, organische und verf\u00fchrerische Lotion. Reich an erfrischenden, beruhigenden und feuchtigkeitsspendenden Inhaltsstoffen l\u00e4sst sie deine Haut samtweich erscheinen.<\/p>\n<p>Lavendel, Kokosnuss und S\u00fc\u00dfholz sorgen f\u00fcr eine ausgewogene Pitta Haut, indem sie Irritationen, R\u00f6tungen und ein Gef\u00fchl von Brennen auf der Haut vermeiden. Sie wird empfohlen f\u00fcr m\u00fcde Beine und Durchblutungsst\u00f6rungen, ebenso f\u00fcr das Anfangsstadium einer Cellulitis. Nach einem Sonnenbad angewendet, verl\u00e4ngert sie die Br\u00e4unung. Sie verbessert den Zustand aller Unausgewogenheiten des Pitta Dosha.<\/p>\n","protected":false},"excerpt":{"rendered":"<p>Pitta Body Cream, gem\u00e4\u00df dem uralten Wissen des Ayurveda entwickelt, ist eine nat\u00fcrliche, organische und verf\u00fchrerische Lotion. Reich an erfrischenden, beruhigenden und feuchtigkeitsspendenden Inhaltsstoffen l\u00e4sst sie deine Haut samtweich erscheinen.<\/p>\n","protected":false},"featured_media":9467,"template":"","meta":[],"product_cat":[114],"product_tag":[],"class_list":{"0":"post-4569","1":"product","2":"type-product","3":"status-publish","4":"has-post-thumbnail","6":"product_cat-koerper","8":"first","9":"instock","10":"taxable","11":"shipping-taxable","12":"purchasable","13":"product-type-simple"},"_links":{"self":[{"href":"https:\/\/www.jeevan-ayurveda.com\/de\/wp-json\/wp\/v2\/product\/4569"}],"collection":[{"href":"https:\/\/www.jeevan-ayurveda.com\/de\/wp-json\/wp\/v2\/product"}],"about":[{"href":"https:\/\/www.jeevan-ayurveda.com\/de\/wp-json\/wp\/v2\/types\/product"}],"wp:featuredmedia":[{"embeddable":true,"href":"https:\/\/www.jeevan-ayurveda.com\/de\/wp-json\/wp\/v2\/media\/9467"}],"wp:attachment":[{"href":"https:\/\/www.jeevan-ayurveda.com\/de\/wp-json\/wp\/v2\/media?parent=4569"}],"wp:term":[{"taxonomy":"product_cat","embeddable":true,"href":"https:\/\/www.jeevan-ayurveda.com\/de\/wp-json\/wp\/v2\/product_cat?post=4569"},{"taxonomy":"product_tag","embeddable":true,"href":"https:\/\/www.jeevan-ayurveda.com\/de\/wp-json\/wp\/v2\/product_tag?post=4569"}],"curies":[{"name":"wp","href":"https:\/\/api.w.org\/{rel}","templated":true}]}}