{"id":4575,"date":"2021-04-08T12:40:51","date_gmt":"2021-05-21T09:49:45","guid":{"rendered":"https:\/\/www.jeevan-ayurveda.com\/?post_type=product&#038;p=4575"},"modified":"2021-05-21T11:51:19","modified_gmt":"2021-05-21T09:51:19","slug":"vata-body-cream-warming-nutrition","status":"publish","type":"product","link":"https:\/\/www.jeevan-ayurveda.com\/de\/produkt\/vata-body-cream-warming-nutrition\/","title":{"rendered":"Vata Body Cream &#8211; Warming Nutrition"},"content":{"rendered":"<p><strong>HYDRATISIERT \u2013 N\u00c4HRT \u2013 GL\u00c4TTET \u2013 ENTSPANNT<\/strong><\/p>\n<p>Die Vata Haut ist trocken, k\u00fchl und rau. Bei Menschen dieses Hauttyps  dominiert das Element Luft, und  da ihre Natur \u00e4hnlich wie ein k\u00fchler Wind ist, neigt ihre Haut zu  Trockenheit, Falten und fr\u00fchen Alterserscheinungen. Ihre gute Pflege braucht ein hohes Ma\u00df an feuchtigkeitspendenden und w\u00e4rmenden Pflanzen.<\/p>\n<p>Vata Body Cream, gem\u00e4\u00df dem uralten Wissen des Ayurveda entwickelt, ist eine nat\u00fcrliche, organische und verf\u00fchrerische Lotion. Reich an hydratisierenden, n\u00e4hrenden und feuchtigkeitsspendenden Inhaltsstoffen verleiht sie deiner Haut einen samtweichen Glanz.<\/p>\n<p>Der Sesam, die Santolina Chamaecyparissus (Graues Heiligenkraut), der Wasserfucus Vesiculosus (Blasentang), Avocado und Orange spenden deiner Haut w\u00e4rmende N\u00e4hrstoffe,  ein hohes Ma\u00df an Feuchtigkeit und damit einen nat\u00fcrlichen Schutz gegen Austrocknung. Er  ist thermogen. Gl\u00e4ttet, verbessert den Teint der Haut  und den Zustand aller Unausgewogenheiten des Vata Dosha.<\/p>\n","protected":false},"excerpt":{"rendered":"<p>Vata Body Cream, gem\u00e4\u00df dem uralten Wissen des Ayurveda entwickelt, ist eine nat\u00fcrliche, organische und verf\u00fchrerische Lotion. Reich an hydratisierenden, n\u00e4hrenden und feuchtigkeitsspendenden Inhaltsstoffen verleiht sie deiner Haut einen samtweichen Glanz.<\/p>\n","protected":false},"featured_media":4358,"template":"","meta":[],"product_cat":[114],"product_tag":[],"class_list":{"0":"post-4575","1":"product","2":"type-product","3":"status-publish","4":"has-post-thumbnail","6":"product_cat-koerper","8":"first","9":"instock","10":"taxable","11":"shipping-taxable","12":"purchasable","13":"product-type-simple"},"_links":{"self":[{"href":"https:\/\/www.jeevan-ayurveda.com\/de\/wp-json\/wp\/v2\/product\/4575"}],"collection":[{"href":"https:\/\/www.jeevan-ayurveda.com\/de\/wp-json\/wp\/v2\/product"}],"about":[{"href":"https:\/\/www.jeevan-ayurveda.com\/de\/wp-json\/wp\/v2\/types\/product"}],"wp:featuredmedia":[{"embeddable":true,"href":"https:\/\/www.jeevan-ayurveda.com\/de\/wp-json\/wp\/v2\/media\/4358"}],"wp:attachment":[{"href":"https:\/\/www.jeevan-ayurveda.com\/de\/wp-json\/wp\/v2\/media?parent=4575"}],"wp:term":[{"taxonomy":"product_cat","embeddable":true,"href":"https:\/\/www.jeevan-ayurveda.com\/de\/wp-json\/wp\/v2\/product_cat?post=4575"},{"taxonomy":"product_tag","embeddable":true,"href":"https:\/\/www.jeevan-ayurveda.com\/de\/wp-json\/wp\/v2\/product_tag?post=4575"}],"curies":[{"name":"wp","href":"https:\/\/api.w.org\/{rel}","templated":true}]}}