{"id":4578,"date":"2021-03-08T12:39:17","date_gmt":"2021-05-21T10:14:31","guid":{"rendered":"https:\/\/www.jeevan-ayurveda.com\/?post_type=product&#038;p=4578"},"modified":"2021-05-21T12:18:16","modified_gmt":"2021-05-21T10:18:16","slug":"sticks-herbal-peace-relaxation-100g","status":"publish","type":"product","link":"https:\/\/www.jeevan-ayurveda.com\/de\/produkt\/sticks-herbal-peace-relaxation-100g\/","title":{"rendered":"Sticks Herbal Peace &#038; Relaxation 100g"},"content":{"rendered":"<p><strong>AROMATISIERT UND REINIGT DAS AMBIENTE.<\/strong><\/p>\n<p>Dieses R\u00e4ucherwerk wurde in einem der heiligen Tempel der indischen Hauptstadt Vrindavan entwickelt.  Die R\u00e4ucherst\u00e4bchen Frieden und Entspannung werden aus rotem Sandelholzpulver, dem Nardo Jatamansi \u00d6l, dem Duft\u00f6l der Vrindavan Bl\u00fcte und weiteren Zutaten hergestellt.<\/p>\n<p>Sein angenehmer Duft entspannt, schenkt dem Geist Frieden, weckt die Kommunikation und \u00f6ffnet das Mentale f\u00fcr den Dialog und das Verst\u00e4ndnis. Es schafft eine angenehme und friedliche Atmosph\u00e4re in der Umwelt.<\/p>\n","protected":false},"excerpt":{"rendered":"<p>Dieses R\u00e4ucherwerk wurde in einem der heiligen Tempel der indischen Hauptstadt Vrindavan entwickelt.  Die R\u00e4ucherst\u00e4bchen Frieden und Entspannung werden aus rotem Sandelholzpulver, dem Nardo Jatamansi \u00d6l, dem Duft\u00f6l der Vrindavan Bl\u00fcte und weiteren Zutaten hergestellt.<\/p>\n","protected":false},"featured_media":4400,"template":"","meta":[],"product_cat":[118],"product_tag":[],"class_list":{"0":"post-4578","1":"product","2":"type-product","3":"status-publish","4":"has-post-thumbnail","6":"product_cat-raeucherstaebchen","8":"first","9":"instock","10":"taxable","11":"shipping-taxable","12":"purchasable","13":"product-type-simple"},"_links":{"self":[{"href":"https:\/\/www.jeevan-ayurveda.com\/de\/wp-json\/wp\/v2\/product\/4578"}],"collection":[{"href":"https:\/\/www.jeevan-ayurveda.com\/de\/wp-json\/wp\/v2\/product"}],"about":[{"href":"https:\/\/www.jeevan-ayurveda.com\/de\/wp-json\/wp\/v2\/types\/product"}],"wp:featuredmedia":[{"embeddable":true,"href":"https:\/\/www.jeevan-ayurveda.com\/de\/wp-json\/wp\/v2\/media\/4400"}],"wp:attachment":[{"href":"https:\/\/www.jeevan-ayurveda.com\/de\/wp-json\/wp\/v2\/media?parent=4578"}],"wp:term":[{"taxonomy":"product_cat","embeddable":true,"href":"https:\/\/www.jeevan-ayurveda.com\/de\/wp-json\/wp\/v2\/product_cat?post=4578"},{"taxonomy":"product_tag","embeddable":true,"href":"https:\/\/www.jeevan-ayurveda.com\/de\/wp-json\/wp\/v2\/product_tag?post=4578"}],"curies":[{"name":"wp","href":"https:\/\/api.w.org\/{rel}","templated":true}]}}