{"id":4579,"date":"2021-03-08T12:38:52","date_gmt":"2021-05-21T10:14:37","guid":{"rendered":"https:\/\/www.jeevan-ayurveda.com\/?post_type=product&#038;p=4579"},"modified":"2021-05-21T12:21:44","modified_gmt":"2021-05-21T10:21:44","slug":"sticks-love-champa-flora-50g","status":"publish","type":"product","link":"https:\/\/www.jeevan-ayurveda.com\/de\/produkt\/sticks-love-champa-flora-50g\/","title":{"rendered":"Sticks Love Champa Flora 50g"},"content":{"rendered":"<p><b>AROMATISIERT UND REINIGT DAS AMBIENTE<\/b><\/p>\n<p>Nag Champa oder Gold  Champa hei\u00dft die Bl\u00fcte eines tropischen Staudenbaumes, der zu der Spezies Michelia Champaca geh\u00f6rt, die in ganz Asien bekannt ist. <\/p>\n<p>Unsere R\u00e4ucherst\u00e4bchen Love Champa Flora werden in Indien unter Verwendung des \u00d6ls der ber\u00fchmten Bl\u00fcte der Champa hergestellt.<\/p>\n<p>Ihr angenehmer Duft entspannt,  wirkt erheiternd und reinigt die Umgebungsenergie.<\/p>\n","protected":false},"excerpt":{"rendered":"<p>Nag Champa oder Gold  Champa hei\u00dft die Bl\u00fcte eines tropischen Staudenbaumes, der zu der Spezies Michelia Champaca geh\u00f6rt, die in ganz Asien bekannt ist. <\/p>\n","protected":false},"featured_media":4195,"template":"","meta":[],"product_cat":[118],"product_tag":[],"class_list":{"0":"post-4579","1":"product","2":"type-product","3":"status-publish","4":"has-post-thumbnail","6":"product_cat-raeucherstaebchen","8":"first","9":"instock","10":"taxable","11":"shipping-taxable","12":"purchasable","13":"product-type-simple"},"_links":{"self":[{"href":"https:\/\/www.jeevan-ayurveda.com\/de\/wp-json\/wp\/v2\/product\/4579"}],"collection":[{"href":"https:\/\/www.jeevan-ayurveda.com\/de\/wp-json\/wp\/v2\/product"}],"about":[{"href":"https:\/\/www.jeevan-ayurveda.com\/de\/wp-json\/wp\/v2\/types\/product"}],"wp:featuredmedia":[{"embeddable":true,"href":"https:\/\/www.jeevan-ayurveda.com\/de\/wp-json\/wp\/v2\/media\/4195"}],"wp:attachment":[{"href":"https:\/\/www.jeevan-ayurveda.com\/de\/wp-json\/wp\/v2\/media?parent=4579"}],"wp:term":[{"taxonomy":"product_cat","embeddable":true,"href":"https:\/\/www.jeevan-ayurveda.com\/de\/wp-json\/wp\/v2\/product_cat?post=4579"},{"taxonomy":"product_tag","embeddable":true,"href":"https:\/\/www.jeevan-ayurveda.com\/de\/wp-json\/wp\/v2\/product_tag?post=4579"}],"curies":[{"name":"wp","href":"https:\/\/api.w.org\/{rel}","templated":true}]}}