{"id":4585,"date":"2021-03-08T12:37:40","date_gmt":"2021-05-21T10:26:24","guid":{"rendered":"https:\/\/www.jeevan-ayurveda.com\/?post_type=product&#038;p=4585"},"modified":"2024-09-23T13:42:10","modified_gmt":"2024-09-23T11:42:10","slug":"nirama-tea-oeko-zertifizert","status":"publish","type":"product","link":"https:\/\/www.jeevan-ayurveda.com\/de\/produkt\/nirama-tea-oeko-zertifizert\/","title":{"rendered":"Nirama Tea &#8211; \u00d6ko Zertifizert"},"content":{"rendered":"<p>ANTIOXIDANTIEN, ENTGIFTET UND F\u00d6RDERT DIE VERDAUUNG.<\/p>\n<p>Eine der einfachsten und k\u00f6stlichsten M\u00f6glichkeiten, von der ayurvedischen Ern\u00e4hrungsweisheit zu profitieren, ist das Trinken von Kr\u00e4utertees, die den K\u00f6rper entschlacken und revitalisieren und Sch\u00f6nheit von innen heraus erzeugen. Dieser ganzheitliche Weg der gesunden Sch\u00f6nheit, der das Innere mit dem \u00c4u\u00dferen verbindet, ist eine Grundvoraussetzung unserer Philosophie.<\/p>\n<p>Nirama-Tee ist ein zertifizierter Bio-Tee, dessen Rezeptur auf Ayurveda basiert und dessen Zweck es ist, K\u00f6rper, Geist und Emotionen zu entgiften. Nir\u201c bedeutet in Sanskrit \u201aohne\u2018 und \u201aAma\u2018 \u201aGiftstoff\u2018. Nir-ama, \u201eohne Gifte\u201c. Chicor\u00e9e, Boldo und andere nat\u00fcrliche Inhaltsstoffe helfen, Giftstoffe aus dem K\u00f6rper auszuleiten.<\/p>\n<p>Dieser Aufguss hilft, den Organismus zu entgiften, hat verdauungsf\u00f6rdernde Eigenschaften und hilft, die Leber und die Gallenblase zu pflegen und ist sehr n\u00fctzlich als Tonikum. Er hat antioxidative Eigenschaften.<\/p>\n<p>Wenn Sie den Aufguss trinken, bewahren Sie einen kleinen Teil davon auf, lassen Sie ihn abk\u00fchlen und verwenden Sie ihn als Gesichtswasser, um Ihre Haut zu straffen. Es ist die \u00e4u\u00dfere Anwendung der gleichen Substanzen, die Sie ins Gleichgewicht bringen. Das beste Tonikum ohne Konservierungsstoffe f\u00fcr Ihre Haut.<\/p>\n<p>Wenn der K\u00f6rper in Harmonie ist, die Doshas im Einklang sind, erfreuen wir uns guter Gesundheit. Lebensmittel, Kr\u00e4uter und Gew\u00fcrze tragen zu Ihrem Gleichgewicht bei.<\/p>\n<p>Qualit\u00e4t ist die Grundlage der Philosophie von Jeevan Ayurveda, zusammen mit dem Respekt f\u00fcr die Erde und die Menschen, die sie bearbeiten. Die Wahl des biologischen Anbaus f\u00fcr unsere Kr\u00e4utertees ist von der Logik dieses Respekts diktiert. Die Kr\u00e4utertees werden in Beuteln geliefert, die zu 100 % aus pflanzlichen Rohstoffen bestehen.<\/p>\n<p>GENIESSEN SIE IHR GLEICHGEWICHT!<\/p>\n","protected":false},"excerpt":{"rendered":"<p>Nirama-Tee ist ein zertifizierter Bio-Tee, dessen Rezeptur auf Ayurveda basiert und dessen Zweck die Entgiftung von K\u00f6rper, Geist und Emotionen ist. Nir bedeutet in Sanskrit \u201eohne\u201c, und Ama \u201eGift\u201c. Nir-ama, \u201eohne Gifte\u201c. Chicor\u00e9e, Boldo und andere nat\u00fcrliche Inhaltsstoffe helfen, Giftstoffe aus dem K\u00f6rper auszuleiten.<\/p>\n<p>Dieser Aufguss hilft, den Organismus zu entgiften, hat verdauungsf\u00f6rdernde Eigenschaften und hilft, die Leber und die Gallenblase zu pflegen und ist sehr n\u00fctzlich als Tonikum. Er hat antioxidative Eigenschaften.<\/p>\n<p>20 x 1,5 g.<\/p>\n","protected":false},"featured_media":8231,"template":"","meta":[],"product_cat":[115,117],"product_tag":[],"class_list":{"0":"post-4585","1":"product","2":"type-product","3":"status-publish","4":"has-post-thumbnail","6":"product_cat-gesichtsreinigung","7":"product_cat-tees","9":"first","10":"instock","11":"taxable","12":"shipping-taxable","13":"purchasable","14":"product-type-simple"},"_links":{"self":[{"href":"https:\/\/www.jeevan-ayurveda.com\/de\/wp-json\/wp\/v2\/product\/4585"}],"collection":[{"href":"https:\/\/www.jeevan-ayurveda.com\/de\/wp-json\/wp\/v2\/product"}],"about":[{"href":"https:\/\/www.jeevan-ayurveda.com\/de\/wp-json\/wp\/v2\/types\/product"}],"wp:featuredmedia":[{"embeddable":true,"href":"https:\/\/www.jeevan-ayurveda.com\/de\/wp-json\/wp\/v2\/media\/8231"}],"wp:attachment":[{"href":"https:\/\/www.jeevan-ayurveda.com\/de\/wp-json\/wp\/v2\/media?parent=4585"}],"wp:term":[{"taxonomy":"product_cat","embeddable":true,"href":"https:\/\/www.jeevan-ayurveda.com\/de\/wp-json\/wp\/v2\/product_cat?post=4585"},{"taxonomy":"product_tag","embeddable":true,"href":"https:\/\/www.jeevan-ayurveda.com\/de\/wp-json\/wp\/v2\/product_tag?post=4585"}],"curies":[{"name":"wp","href":"https:\/\/api.w.org\/{rel}","templated":true}]}}