{"id":4586,"date":"2021-03-08T12:37:13","date_gmt":"2021-05-21T10:26:25","guid":{"rendered":"https:\/\/www.jeevan-ayurveda.com\/?post_type=product&#038;p=4586"},"modified":"2024-08-20T13:18:32","modified_gmt":"2024-08-20T11:18:32","slug":"kapha-moringa-tea-oeko-zertifizert","status":"publish","type":"product","link":"https:\/\/www.jeevan-ayurveda.com\/de\/produkt\/kapha-moringa-tea-oeko-zertifizert\/","title":{"rendered":"Kapha Moringa Tea &#8211; \u00d6ko Zertifizert"},"content":{"rendered":"<p>SCHLANKE SILHOUETTE, LEICHT ANREGEND UND REVITALISIEREND<\/p>\n<p>Eine der einfachsten und k\u00f6stlichsten Arten, von der ayurvedischen Ern\u00e4hrungsweisheit zu profitieren, ist das Trinken von Kr\u00e4utertees, die den K\u00f6rper entschlacken und revitalisieren und Sch\u00f6nheit von innen heraus erzeugen. Dieser ganzheitliche Weg der gesunden Sch\u00f6nheit, der das Innere mit dem \u00c4u\u00dferen verbindet, ist eine Grundvoraussetzung unserer Philosophie.<\/p>\n<p>Kapha-Moringa-Tee ist ein zertifizierter Bio-Aufguss, dessen Rezeptur auf Ayurveda basiert und dessen Ziel es ist, K\u00f6rper, Geist und Emotionen zu n\u00e4hren. Moringa, Artischocke, Zimt und andere nat\u00fcrliche Zutaten w\u00e4rmen und stimulieren den K\u00f6rper.<\/p>\n<p>Dieser Aufguss hat eine fettreduzierende Wirkung und hilft, die Silhouette zu formen. Er hilft, den K\u00f6rper zu entschlacken und steigert das Agni, das Verdauungsfeuer. Er hat eine antioxidative Wirkung. Steigert die Energie.<\/p>\n<p>Wenn Sie den Aufguss trinken, bewahren Sie ein wenig davon auf, lassen Sie es abk\u00fchlen und verwenden Sie es als Gesichtswasser, um Ihre Haut zu straffen. Es ist die \u00e4u\u00dfere Anwendung der gleichen Substanzen, die Sie ins Gleichgewicht bringen. Das beste Tonikum ohne Konservierungsstoffe f\u00fcr Ihre Haut.<\/p>\n<p>Wenn der K\u00f6rper in Harmonie ist, die Doshas im Einklang sind, erfreuen wir uns guter Gesundheit. Lebensmittel, Kr\u00e4uter und Gew\u00fcrze tragen zu Ihrem Gleichgewicht bei.<\/p>\n<p>Qualit\u00e4t ist die Grundlage der Philosophie von Jeevan Ayurveda, zusammen mit dem Respekt f\u00fcr die Erde und die Menschen, die sie bearbeiten. Die Wahl des biologischen Anbaus f\u00fcr unsere Kr\u00e4utertees ist von der Logik dieses Respekts diktiert. Die Kr\u00e4utertees werden in Beuteln geliefert, die zu 100 % aus pflanzlichen Rohstoffen bestehen.<\/p>\n<p>GENIESSEN SIE IHR GLEICHGEWICHT!<\/p>\n","protected":false},"excerpt":{"rendered":"<p>Kapha-Moringa-Tee ist ein bio-zertifizierter Kr\u00e4utertee, dessen Rezeptur auf Ayurveda basiert und dessen Zweck es ist, K\u00f6rper, Geist und Emotionen zu n\u00e4hren. Moringa, Artischocke, Zimt und andere nat\u00fcrliche Zutaten erw\u00e4rmen und stimulieren den K\u00f6rper und helfen, den Wasserhaushalt zu regulieren.<\/p>\n<p>Dieser Aufguss hat eine fettreduzierende Wirkung und hilft, die Silhouette zu formen. Er hilft, den K\u00f6rper zu entschlacken und erh\u00f6ht das Agni, das Verdauungsfeuer. Er hat eine antioxidative Wirkung. Erh\u00f6ht die Energie.<\/p>\n<p>20 x 1,5 g.<\/p>\n","protected":false},"featured_media":8223,"template":"","meta":[],"product_cat":[115,117],"product_tag":[],"class_list":{"0":"post-4586","1":"product","2":"type-product","3":"status-publish","4":"has-post-thumbnail","6":"product_cat-gesichtsreinigung","7":"product_cat-tees","9":"first","10":"outofstock","11":"taxable","12":"shipping-taxable","13":"purchasable","14":"product-type-simple"},"_links":{"self":[{"href":"https:\/\/www.jeevan-ayurveda.com\/de\/wp-json\/wp\/v2\/product\/4586"}],"collection":[{"href":"https:\/\/www.jeevan-ayurveda.com\/de\/wp-json\/wp\/v2\/product"}],"about":[{"href":"https:\/\/www.jeevan-ayurveda.com\/de\/wp-json\/wp\/v2\/types\/product"}],"wp:featuredmedia":[{"embeddable":true,"href":"https:\/\/www.jeevan-ayurveda.com\/de\/wp-json\/wp\/v2\/media\/8223"}],"wp:attachment":[{"href":"https:\/\/www.jeevan-ayurveda.com\/de\/wp-json\/wp\/v2\/media?parent=4586"}],"wp:term":[{"taxonomy":"product_cat","embeddable":true,"href":"https:\/\/www.jeevan-ayurveda.com\/de\/wp-json\/wp\/v2\/product_cat?post=4586"},{"taxonomy":"product_tag","embeddable":true,"href":"https:\/\/www.jeevan-ayurveda.com\/de\/wp-json\/wp\/v2\/product_tag?post=4586"}],"curies":[{"name":"wp","href":"https:\/\/api.w.org\/{rel}","templated":true}]}}