{"id":4590,"date":"2021-03-08T11:05:51","date_gmt":"2021-05-21T11:02:03","guid":{"rendered":"https:\/\/www.jeevan-ayurveda.com\/?post_type=product&#038;p=4590"},"modified":"2024-08-07T14:26:39","modified_gmt":"2024-08-07T12:26:39","slug":"indigo-kumari-licorice-natuerliche-seife","status":"publish","type":"product","link":"https:\/\/www.jeevan-ayurveda.com\/de\/produkt\/indigo-kumari-licorice-natuerliche-seife\/","title":{"rendered":"\u00cdndigo, Kumari &#038; Licorice &#8211; Nat\u00fcrliche Seife"},"content":{"rendered":"<p><strong>REINIGUNG F\u00dcR GESICHT UND K\u00d6RPER. EMPFINDLICHE HAUT.<\/strong><\/p>\n<p>Seife, 100% nat\u00fcrlich, handgefertigt, mit Kokosnuss- und Oliven\u00f6l hergestellt, kalt verseift und 100 % biologisch abbaubar.<\/p>\n<p>In unseren Seifen ist kein Glycerin eingebaut; das darin enthaltene Glycerin wird aus  dem  kalten Herstellungsprozess gewonnen. Das so entstandene Glycerin gibt der<br \/>\nSeife feuchtigkeitsspendende Eigenschaften.<\/p>\n<p>Die in den letzten Jahrzehnten verwendeten Lotionen von Seifen und Waschmitteln haben  erhebliche Hautprobleme verursacht (Allergien, Dermatitis, Psoriasis etc.), aber die R\u00fcckkehr zu nat\u00fcrlichen Seifen hat der Haut die F\u00e4higkeit zur\u00fcckgebracht, ihren nat\u00fcrlichen Schutzfilm wiederherzustellen, der das Auftreten von dermatologischen Krankheitsbildern verhindert.<\/p>\n<p>Unsere Seifen, die aus pflanzlichen Inhaltsstoffen von erster Qualit\u00e4t hergestellt werden, sind vorteilhaft und nutzbringend in der Pflege der Haut, f\u00fcr die Gesundheit und ausgesprochen umweltfreundlich.   <\/p>\n<p>Sinn und Zweck unserer Seifen ist es, die Haut sauber zu halten, sie zu n\u00e4hren, ihre Feuchtigkeit zu erhalten und die Regeneration der Epidermis zu unterst\u00fctzen.<br \/>\nDer immense Wert, der dieser Seife zugeschrieben wird, ist sein hoher Gehalt an Wirkstoffen: Rizinus\u00f6l, Aloe Vera (im Sanskrit hei\u00dft es Kumari), Indigo und S\u00fc\u00dfholz, die sie zu einer idealen Seife f\u00fcr empfindliche Haut machen, die zu Irritationen, Juckreiz, Dermatitis, Psoriasis und Allergien neigt. Sie reinigt die Haut, indem sie ihre Feuchtigkeit bewahrt und ihr einen strahlenderen Aspekt vermittelt. \t<\/p>\n","protected":false},"excerpt":{"rendered":"<p>Der gro\u00dfe Mehrwert dieser Seife liegt in ihrem hohen Gehalt an Wirkstoffen: Rizinus\u00f6l, Aloe Vera (in Sanskrit Kumari genannt), Indigo und S\u00fc\u00dfholz machen sie zur idealen Seife f\u00fcr empfindliche Haut, die zu Reizungen, Juckreiz, Dermatitis, Psoriasis und Allergien neigt. Sie reinigt die Haut, versorgt sie mit Feuchtigkeit und verleiht ihr ein strahlenderes Aussehen.\t<\/p>\n","protected":false},"featured_media":4263,"template":"","meta":[],"product_cat":[113,114,115],"product_tag":[],"class_list":{"0":"post-4590","1":"product","2":"type-product","3":"status-publish","4":"has-post-thumbnail","6":"product_cat-gesicht","7":"product_cat-koerper","8":"product_cat-gesichtsreinigung","10":"first","11":"instock","12":"taxable","13":"shipping-taxable","14":"purchasable","15":"product-type-simple"},"_links":{"self":[{"href":"https:\/\/www.jeevan-ayurveda.com\/de\/wp-json\/wp\/v2\/product\/4590"}],"collection":[{"href":"https:\/\/www.jeevan-ayurveda.com\/de\/wp-json\/wp\/v2\/product"}],"about":[{"href":"https:\/\/www.jeevan-ayurveda.com\/de\/wp-json\/wp\/v2\/types\/product"}],"wp:featuredmedia":[{"embeddable":true,"href":"https:\/\/www.jeevan-ayurveda.com\/de\/wp-json\/wp\/v2\/media\/4263"}],"wp:attachment":[{"href":"https:\/\/www.jeevan-ayurveda.com\/de\/wp-json\/wp\/v2\/media?parent=4590"}],"wp:term":[{"taxonomy":"product_cat","embeddable":true,"href":"https:\/\/www.jeevan-ayurveda.com\/de\/wp-json\/wp\/v2\/product_cat?post=4590"},{"taxonomy":"product_tag","embeddable":true,"href":"https:\/\/www.jeevan-ayurveda.com\/de\/wp-json\/wp\/v2\/product_tag?post=4590"}],"curies":[{"name":"wp","href":"https:\/\/api.w.org\/{rel}","templated":true}]}}