{"id":4591,"date":"2021-03-08T10:22:43","date_gmt":"2021-05-21T11:02:09","guid":{"rendered":"https:\/\/www.jeevan-ayurveda.com\/?post_type=product&#038;p=4591"},"modified":"2025-09-30T11:46:39","modified_gmt":"2025-09-30T09:46:39","slug":"navarakizhi-milk-cooling-nutrition","status":"publish","type":"product","link":"https:\/\/www.jeevan-ayurveda.com\/de\/produkt\/navarakizhi-milk-cooling-nutrition\/","title":{"rendered":"Navarakizhi Milk &#8211; Cooling Nutrition"},"content":{"rendered":"<p><strong>PEELING \u2013 ENTGIFTEND \u2013 SAUERSTOFFANREICHERND \u2013 N\u00c4HREND \u2013 AUFHELLEND<\/strong><\/p>\n<p>Im Ayurveda verwendet man pulverisierte Kr\u00e4uter, UBTAN genannt, zum Reinigen und Entgiften der Haut. <\/p>\n<p>Dieses erfrischende Ubtan hat die Aufgabe eines Tiefenreinigers, denn indem man es zum Reinigen und zum Peeling benutzt, beseitigt man alle Unreinheiten, Giftstoffe bzw. Schadstoffe und die abgestorbenen Hautzellen, ohne die Haut ihrer eigenen Feuchtigkeit zu berauben. Die Milchs\u00e4ure l\u00f6st den \u201eKleber\u201c, der unz\u00e4hlige tote  Hautzellen enth\u00e4lt und reinigt so die tiefsten Schichten der Haut.<\/p>\n<p>Es  hydratisiert, ist sauerstoffanreichernd und n\u00e4hrt die Haut, h\u00e4lt sie gesund und sch\u00fctzt sie gegen aggressive \u00e4u\u00dfere Einfl\u00fcsse. Es gibt der Haut Festigkeit und Leuchtkraft. Es verwischt die Flecken, die Narben der Akne und vereinheitlicht den Ton der Haut. Es beseitigt Unregelm\u00e4\u00dfigkeiten und beg\u00fcnstigt das Gl\u00e4tten der Haut. Sehr wertvoll in der Behandlung sensibler Haut. Hat erfrischende und beruhigende Wirkung.<\/p>\n","protected":false},"excerpt":{"rendered":"<p>Es  hydratisiert, ist sauerstoffanreichernd und n\u00e4hrt die Haut, h\u00e4lt sie gesund und sch\u00fctzt sie gegen aggressive \u00e4u\u00dfere Einfl\u00fcsse. Es gibt der Haut Festigkeit und Leuchtkraft. Es verwischt die Flecken, die Narben der Akne und vereinheitlicht den Ton der Haut. Es beseitigt Unregelm\u00e4\u00dfigkeiten und beg\u00fcnstigt das Gl\u00e4tten der Haut. Sehr wertvoll in der Behandlung sensibler Haut. Hat erfrischende und beruhigende Wirkung.<\/p>\n","protected":false},"featured_media":4332,"template":"","meta":[],"product_cat":[113,114,115],"product_tag":[],"class_list":{"0":"post-4591","1":"product","2":"type-product","3":"status-publish","4":"has-post-thumbnail","6":"product_cat-gesicht","7":"product_cat-koerper","8":"product_cat-gesichtsreinigung","10":"first","11":"outofstock","12":"taxable","13":"shipping-taxable","14":"purchasable","15":"product-type-simple"},"_links":{"self":[{"href":"https:\/\/www.jeevan-ayurveda.com\/de\/wp-json\/wp\/v2\/product\/4591"}],"collection":[{"href":"https:\/\/www.jeevan-ayurveda.com\/de\/wp-json\/wp\/v2\/product"}],"about":[{"href":"https:\/\/www.jeevan-ayurveda.com\/de\/wp-json\/wp\/v2\/types\/product"}],"wp:featuredmedia":[{"embeddable":true,"href":"https:\/\/www.jeevan-ayurveda.com\/de\/wp-json\/wp\/v2\/media\/4332"}],"wp:attachment":[{"href":"https:\/\/www.jeevan-ayurveda.com\/de\/wp-json\/wp\/v2\/media?parent=4591"}],"wp:term":[{"taxonomy":"product_cat","embeddable":true,"href":"https:\/\/www.jeevan-ayurveda.com\/de\/wp-json\/wp\/v2\/product_cat?post=4591"},{"taxonomy":"product_tag","embeddable":true,"href":"https:\/\/www.jeevan-ayurveda.com\/de\/wp-json\/wp\/v2\/product_tag?post=4591"}],"curies":[{"name":"wp","href":"https:\/\/api.w.org\/{rel}","templated":true}]}}