{"id":4593,"date":"2021-03-08T11:05:14","date_gmt":"2021-05-21T11:02:47","guid":{"rendered":"https:\/\/www.jeevan-ayurveda.com\/?post_type=product&#038;p=4593"},"modified":"2024-08-23T13:04:36","modified_gmt":"2024-08-23T11:04:36","slug":"rakta-chandan-schwarzkummel-moringa-naturliche-seife","status":"publish","type":"product","link":"https:\/\/www.jeevan-ayurveda.com\/de\/produkt\/rakta-chandan-schwarzkummel-moringa-naturliche-seife\/","title":{"rendered":"Rakta Chandan, Schwarzk\u00fcmmel &#038; Moringa &#8211; Nat\u00fcrliche Seife"},"content":{"rendered":"<p>K\u00d6RPERREINIGUNG. ENTGIFTUNG<\/p>\n<p>100% nat\u00fcrliche, handgemachte Seife, hergestellt aus Kokosnuss- und Oliven\u00f6l, kalt verseift und 100% biologisch abbaubar.<br \/>\nUnseren Seifen wird kein Glyzerin zugesetzt; das enthaltene Glyzerin wird bei der Kaltverarbeitung gewonnen. Das so gewonnene Glyzerin verleiht der Seife feuchtigkeitsspendende Eigenschaften.<\/p>\n<p>Die Verwendung von Waschgelen in den letzten Jahrzehnten hat zu gro\u00dfen Hautproblemen gef\u00fchrt (Allergien, Dermatitis, Schuppenflechte usw.), aber die R\u00fcckkehr zu nat\u00fcrlichen Seifen hat die F\u00e4higkeit der Haut wiederhergestellt, ihren nat\u00fcrlichen Schutzfilm wiederherzustellen, der das Auftreten von Hautkrankheiten verhindert.<\/p>\n<p>Unsere Seifen, die aus hochwertigen pflanzlichen Inhaltsstoffen hergestellt werden, sind gut f\u00fcr die Hautpflege und die Gesundheit und schonen die Umwelt.<\/p>\n<p>Der Zweck unserer Seifen ist es, die Haut sauber zu halten, sie mit N\u00e4hrstoffen und Feuchtigkeit zu versorgen und die Regeneration der Epidermis zu f\u00f6rdern.<\/p>\n<p>Der gro\u00dfe Mehrwert dieser Seife liegt in ihrem hohen Gehalt an Wirkstoffen: Reis, rotes Sandelholz, Kalonji (Schwarzk\u00fcmmel) und Moringa, was sie zur idealen Seife f\u00fcr die Reinigung von reifer und schlaffer Haut macht. Entschlackt und befreit von angesammelten Giftstoffen. Sie reinigt die Haut, bewahrt ihren Feuchtigkeitsgehalt und verleiht ihr ein strahlenderes Aussehen. Sie hat erweichende und regenerierende Eigenschaften.<\/p>\n<p>&nbsp;<\/p>\n","protected":false},"excerpt":{"rendered":"<p>Unsere Seifen haben die Aufgabe, die Haut zu reinigen, sie mit N\u00e4hrstoffen und Feuchtigkeit zu versorgen und die Regeneration der Epidermis zu f\u00f6rdern.<\/p>\n<p>Der gro\u00dfe Mehrwert dieser Seife ist ihr hoher Gehalt an Wirkstoffen: Reis, rotes Sandelholz, Kalonji (Schwarzk\u00fcmmel) und Moringa, was sie zur idealen Seife f\u00fcr die Reinigung von reifer und schlaffer Haut macht. Entschlackt und befreit von angesammelten Giftstoffen. Sie reinigt die Haut, bewahrt ihren Feuchtigkeitsgehalt und verleiht ihr ein strahlenderes Aussehen. Sie hat erweichende und regenerierende Eigenschaften.<\/p>\n","protected":false},"featured_media":4271,"template":"","meta":[],"product_cat":[113,114,115],"product_tag":[],"class_list":{"0":"post-4593","1":"product","2":"type-product","3":"status-publish","4":"has-post-thumbnail","6":"product_cat-gesicht","7":"product_cat-koerper","8":"product_cat-gesichtsreinigung","10":"first","11":"instock","12":"taxable","13":"shipping-taxable","14":"purchasable","15":"product-type-simple"},"_links":{"self":[{"href":"https:\/\/www.jeevan-ayurveda.com\/de\/wp-json\/wp\/v2\/product\/4593"}],"collection":[{"href":"https:\/\/www.jeevan-ayurveda.com\/de\/wp-json\/wp\/v2\/product"}],"about":[{"href":"https:\/\/www.jeevan-ayurveda.com\/de\/wp-json\/wp\/v2\/types\/product"}],"wp:featuredmedia":[{"embeddable":true,"href":"https:\/\/www.jeevan-ayurveda.com\/de\/wp-json\/wp\/v2\/media\/4271"}],"wp:attachment":[{"href":"https:\/\/www.jeevan-ayurveda.com\/de\/wp-json\/wp\/v2\/media?parent=4593"}],"wp:term":[{"taxonomy":"product_cat","embeddable":true,"href":"https:\/\/www.jeevan-ayurveda.com\/de\/wp-json\/wp\/v2\/product_cat?post=4593"},{"taxonomy":"product_tag","embeddable":true,"href":"https:\/\/www.jeevan-ayurveda.com\/de\/wp-json\/wp\/v2\/product_tag?post=4593"}],"curies":[{"name":"wp","href":"https:\/\/api.w.org\/{rel}","templated":true}]}}