{"id":4597,"date":"2021-03-08T10:23:35","date_gmt":"2021-05-21T11:23:28","guid":{"rendered":"https:\/\/www.jeevan-ayurveda.com\/?post_type=product&#038;p=4597"},"modified":"2021-05-21T13:28:08","modified_gmt":"2021-05-21T11:28:08","slug":"haridra-brahmi-neem-natuerliche-seife","status":"publish","type":"product","link":"https:\/\/www.jeevan-ayurveda.com\/de\/produkt\/haridra-brahmi-neem-natuerliche-seife\/","title":{"rendered":"Haridra, Brahmi &#038; Neem &#8211; Nat\u00fcrliche Seife"},"content":{"rendered":"<p><b>REINIGUNG F\u00dcR GESICHT UND K\u00d6RPER. EMPFINDLICHE HAUT.<\/b><\/p>\n<p>Seife, 100% nat\u00fcrlich, handgefertigt, mit Kokosnuss- und Oliven\u00f6l hergestellt, kalt verseift und 100 % biologisch abbaubar.<\/p>\n<p>In unseren Seifen ist kein Glycerin eingebaut;  das darin enthaltene Glycerin wird aus  dem  kalten Herstellungsprozess gewonnen. Das so entstandene Glycerin gibt der Seife feuchtigkeitsspendende Eigenschaften.<\/p>\n<p>Die in den letzten Jahrzehnten verwendeten Lotionen von Seifen und Waschmitteln haben  erhebliche Hautprobleme verursacht (Allergien, Dermatitis, Psoriasis etc.), aber die R\u00fcckkehr zu nat\u00fcrlichen Seifen hat der Haut die F\u00e4higkeit zur\u00fcckgebracht, ihren nat\u00fcrlichen Schutzfilm wiederherzustellen, der das Auftreten von dermatologischen Krankheitsbildern verhindert.<\/p>\n<p>Unsere Seifen, die aus pflanzlichen Inhaltsstoffen von erster Qualit\u00e4t hergestellt werden, sind vorteilhaft und nutzbringend in der Pflege der Haut, f\u00fcr die Gesundheit und ausgesprochen umweltfreundlich.   <\/p>\n<p>Sinn und Zweck unserer Seifen ist es, die Haut sauber zu halten, sie zu n\u00e4hren, ihre Feuchtigkeit zu erhalten und die Regeneration der Epidermis zu unterst\u00fctzen.<\/p>\n<p>Der immense Wert, der dieser Seife zugeschrieben wird, ist sein hoher Gehalte an Wirkstoffen: Brahmi, Haridra (Kurkuma), Neem und Eselsmilch, die sie zu einer idealen Seife f\u00fcr sensible und zu Dermatitis und Allergien neigende Haut machen.<br \/>\nSie reinigt die Haut, indem sie ihre Feuchtigkeit bewahrt und ihr ein helleres Aussehen gibt. Die Innenseite der getrockneten Bl\u00e4tter des Brahmi \u00fcben ein zartes Peeling aus.  \t<\/p>\n","protected":false},"excerpt":{"rendered":"<p>Der immense Wert, der dieser Seife zugeschrieben wird, ist sein hoher Gehalte an Wirkstoffen: Brahmi, Haridra (Kurkuma), Neem und Eselsmilch, die sie zu einer idealen Seife f\u00fcr sensible und zu Dermatitis und Allergien neigende Haut machen.<br \/>\nSie reinigt die Haut, indem sie ihre Feuchtigkeit bewahrt und ihr ein helleres Aussehen gibt. Die Innenseite der getrockneten Bl\u00e4tter des Brahmi \u00fcben ein zartes Peeling aus.  \t<\/p>\n","protected":false},"featured_media":4247,"template":"","meta":[],"product_cat":[113,114,115],"product_tag":[],"class_list":{"0":"post-4597","1":"product","2":"type-product","3":"status-publish","4":"has-post-thumbnail","6":"product_cat-gesicht","7":"product_cat-koerper","8":"product_cat-gesichtsreinigung","10":"first","11":"instock","12":"taxable","13":"shipping-taxable","14":"purchasable","15":"product-type-simple"},"_links":{"self":[{"href":"https:\/\/www.jeevan-ayurveda.com\/de\/wp-json\/wp\/v2\/product\/4597"}],"collection":[{"href":"https:\/\/www.jeevan-ayurveda.com\/de\/wp-json\/wp\/v2\/product"}],"about":[{"href":"https:\/\/www.jeevan-ayurveda.com\/de\/wp-json\/wp\/v2\/types\/product"}],"wp:featuredmedia":[{"embeddable":true,"href":"https:\/\/www.jeevan-ayurveda.com\/de\/wp-json\/wp\/v2\/media\/4247"}],"wp:attachment":[{"href":"https:\/\/www.jeevan-ayurveda.com\/de\/wp-json\/wp\/v2\/media?parent=4597"}],"wp:term":[{"taxonomy":"product_cat","embeddable":true,"href":"https:\/\/www.jeevan-ayurveda.com\/de\/wp-json\/wp\/v2\/product_cat?post=4597"},{"taxonomy":"product_tag","embeddable":true,"href":"https:\/\/www.jeevan-ayurveda.com\/de\/wp-json\/wp\/v2\/product_tag?post=4597"}],"curies":[{"name":"wp","href":"https:\/\/api.w.org\/{rel}","templated":true}]}}