{"id":4598,"date":"2021-03-08T12:24:00","date_gmt":"2021-05-21T11:24:05","guid":{"rendered":"https:\/\/www.jeevan-ayurveda.com\/?post_type=product&#038;p=4598"},"modified":"2024-08-23T13:08:53","modified_gmt":"2024-08-23T11:08:53","slug":"lehm-sulfur-myrrhe-natuerliche-seife","status":"publish","type":"product","link":"https:\/\/www.jeevan-ayurveda.com\/de\/produkt\/lehm-sulfur-myrrhe-natuerliche-seife\/","title":{"rendered":"Clay, Sulfur &#038; Myrrh &#8211; Natural Soap"},"content":{"rendered":"<p>K\u00d6RPERREINIGUNG. ENTGIFTEND.<\/p>\n<p>100% nat\u00fcrliche, handgemachte Seife, hergestellt aus Kokosnuss- und Oliven\u00f6l, kalt verseift und 100% biologisch abbaubar.<\/p>\n<p>Unseren Seifen wird kein Glyzerin zugesetzt; das enthaltene Glyzerin wird bei der Kaltverarbeitung gewonnen. Das so gewonnene Glyzerin verleiht der Seife feuchtigkeitsspendende Eigenschaften.<\/p>\n<p>Die Verwendung von Waschgelen in den letzten Jahrzehnten hat zu gro\u00dfen Hautproblemen gef\u00fchrt (Allergien, Dermatitis, Schuppenflechte usw.), aber die R\u00fcckkehr zu nat\u00fcrlichen Seifen hat die F\u00e4higkeit der Haut wiederhergestellt, ihren nat\u00fcrlichen Schutzfilm wiederherzustellen, der das Auftreten von Hautkrankheiten verhindert.<\/p>\n<p>Unsere Seifen, die aus hochwertigen pflanzlichen Inhaltsstoffen hergestellt werden, sind gut f\u00fcr die Hautpflege und die Gesundheit und schonen die Umwelt.<\/p>\n<p>Der Zweck unserer Seifen ist es, die Haut sauber zu halten, sie mit N\u00e4hrstoffen und Feuchtigkeit zu versorgen und die Regeneration der Epidermis zu f\u00f6rdern.<\/p>\n<p>Der gro\u00dfe Mehrwert dieser Seife liegt in ihrem hohen Gehalt an aktiven Inhaltsstoffen: Schwefel, Neem, gr\u00fcne Tonerde, Myrrhe und Bimsstein, was sie zur idealen Seife f\u00fcr fettige und zu Mitessern und Pickeln neigende Haut macht. Sie reinigt die Haut, versorgt sie mit Feuchtigkeit und verleiht ihr ein strahlenderes Aussehen. Sie hat weichmachende und regenerierende Eigenschaften.<\/p>\n<p>Der Bimsstein in der Seife sorgt f\u00fcr ein hervorragendes Peeling.<\/p>\n<p>Anwendung am K\u00f6rper<\/p>\n","protected":false},"excerpt":{"rendered":"<p>Der gro\u00dfe Mehrwert dieser Seife ist ihr hoher Gehalt an Wirkstoffen: Schwefel, Neem, gr\u00fcne Tonerde, Myrrhe und Bimsstein machen sie zur idealen Seife f\u00fcr fettige und zu Mitessern und Pickeln neigende Haut. Sie reinigt die Haut, versorgt sie mit Feuchtigkeit und verleiht ihr ein strahlenderes Aussehen. Sie hat weichmachende und regenerierende Eigenschaften.<\/p>\n<p>Der Bimsstein in der Seife sorgt f\u00fcr ein hervorragendes Peeling.<\/p>\n<p>Anwendung am K\u00f6rper<\/p>\n","protected":false},"featured_media":4231,"template":"","meta":[],"product_cat":[114],"product_tag":[],"class_list":{"0":"post-4598","1":"product","2":"type-product","3":"status-publish","4":"has-post-thumbnail","6":"product_cat-koerper","8":"first","9":"instock","10":"taxable","11":"shipping-taxable","12":"purchasable","13":"product-type-simple"},"_links":{"self":[{"href":"https:\/\/www.jeevan-ayurveda.com\/de\/wp-json\/wp\/v2\/product\/4598"}],"collection":[{"href":"https:\/\/www.jeevan-ayurveda.com\/de\/wp-json\/wp\/v2\/product"}],"about":[{"href":"https:\/\/www.jeevan-ayurveda.com\/de\/wp-json\/wp\/v2\/types\/product"}],"wp:featuredmedia":[{"embeddable":true,"href":"https:\/\/www.jeevan-ayurveda.com\/de\/wp-json\/wp\/v2\/media\/4231"}],"wp:attachment":[{"href":"https:\/\/www.jeevan-ayurveda.com\/de\/wp-json\/wp\/v2\/media?parent=4598"}],"wp:term":[{"taxonomy":"product_cat","embeddable":true,"href":"https:\/\/www.jeevan-ayurveda.com\/de\/wp-json\/wp\/v2\/product_cat?post=4598"},{"taxonomy":"product_tag","embeddable":true,"href":"https:\/\/www.jeevan-ayurveda.com\/de\/wp-json\/wp\/v2\/product_tag?post=4598"}],"curies":[{"name":"wp","href":"https:\/\/api.w.org\/{rel}","templated":true}]}}