{"id":4601,"date":"2021-03-08T11:20:30","date_gmt":"2021-05-21T11:33:44","guid":{"rendered":"https:\/\/www.jeevan-ayurveda.com\/?post_type=product&#038;p=4601"},"modified":"2025-10-30T12:37:24","modified_gmt":"2025-10-30T11:37:24","slug":"ageless-rice-camellia-rasayana-cream-oeko-zertifiziert","status":"publish","type":"product","link":"https:\/\/www.jeevan-ayurveda.com\/de\/produkt\/ageless-rice-camellia-rasayana-cream-oeko-zertifiziert\/","title":{"rendered":"Ageless &#8211; Rice &#038; Camellia &#8211; Rasayana cream &#8211; \u00d6ko Zertifiziert"},"content":{"rendered":"<p><b>STRAFFEND- N\u00c4HREND \u2013 AUFHELLEND \u2013 ANTIOXIDATIV<\/b><\/p>\n<p>Rasayana ist ein Ausdruck aus dem Sanskrit, der w\u00f6rtlich \u00fcbersetzt \u201eder Weg ist das Wesentliche\u201c bedeutet. Im Ayurveda, ist Rasayana die Wissenschaft der Verj\u00fcngung und der Langlebigkeit. Ayurvedische Texte enthalten Listen verschiedener Kr\u00e4uter, die einzeln oder kombiniert, als Rasayana klassifiziert sind.<\/p>\n<p>Diese Creme, reich an antioxidativen Essenzen und tief wirkenden Feuchtigkeitsspendern, ist mit ewig bestehenden Inhaltsstoffen entwickelt worden, die die Mikrozirkulation und die Revitalisierung der Gesichtshaut verbessern. Reis, Gr\u00fcntee, Brahmi, Moringa und Orangenbl\u00fcte werden deine Haut umh\u00fcllen.<\/p>\n<p>Ageless. Rice &amp; Camelia. Rasayana Cream ist eine reichhaltige pflanzliche Kombination, die die Haut erneuert, ihre Elastizit\u00e4t verbessert und Schutz gegen Freie Radikale bietet, sie n\u00e4hrt, ihr Feuchtigkeit spendet und hilft, sie ihr zu erhalten, sie gibt Festigkeit, Sanftheit und Strahlkraft.<br \/>\nEmpfohlen f\u00fcr die reife Haut.<\/p>\n","protected":false},"excerpt":{"rendered":"<p>Diese Creme, reich an antioxidativen Essenzen und tief wirkenden Feuchtigkeitsspendern, ist mit ewig bestehenden Inhaltsstoffen entwickelt worden, die die Mikrozirkulation und die Revitalisierung der Gesichtshaut verbessern. Reis, Gr\u00fcntee, Brahmi, Moringa und Orangenbl\u00fcte werden deine Haut umh\u00fcllen.<\/p>\n","protected":false},"featured_media":3840,"template":"","meta":[],"product_cat":[113],"product_tag":[],"class_list":{"0":"post-4601","1":"product","2":"type-product","3":"status-publish","4":"has-post-thumbnail","6":"product_cat-gesicht","8":"first","9":"instock","10":"taxable","11":"shipping-taxable","12":"purchasable","13":"product-type-simple"},"_links":{"self":[{"href":"https:\/\/www.jeevan-ayurveda.com\/de\/wp-json\/wp\/v2\/product\/4601"}],"collection":[{"href":"https:\/\/www.jeevan-ayurveda.com\/de\/wp-json\/wp\/v2\/product"}],"about":[{"href":"https:\/\/www.jeevan-ayurveda.com\/de\/wp-json\/wp\/v2\/types\/product"}],"wp:featuredmedia":[{"embeddable":true,"href":"https:\/\/www.jeevan-ayurveda.com\/de\/wp-json\/wp\/v2\/media\/3840"}],"wp:attachment":[{"href":"https:\/\/www.jeevan-ayurveda.com\/de\/wp-json\/wp\/v2\/media?parent=4601"}],"wp:term":[{"taxonomy":"product_cat","embeddable":true,"href":"https:\/\/www.jeevan-ayurveda.com\/de\/wp-json\/wp\/v2\/product_cat?post=4601"},{"taxonomy":"product_tag","embeddable":true,"href":"https:\/\/www.jeevan-ayurveda.com\/de\/wp-json\/wp\/v2\/product_tag?post=4601"}],"curies":[{"name":"wp","href":"https:\/\/api.w.org\/{rel}","templated":true}]}}