{"id":4603,"date":"2021-03-08T11:21:56","date_gmt":"2021-05-21T11:36:33","guid":{"rendered":"https:\/\/www.jeevan-ayurveda.com\/?post_type=product&#038;p=4603"},"modified":"2025-09-23T13:53:15","modified_gmt":"2025-09-23T11:53:15","slug":"rasayana-serum","status":"publish","type":"product","link":"https:\/\/www.jeevan-ayurveda.com\/de\/produkt\/rasayana-serum\/","title":{"rendered":"Rasayana Serum"},"content":{"rendered":"<p><strong>ERNEUERT \u2013 N\u00c4HRT \u2013 HELLT AUF \u2013 ANTIOXIDATIV<\/strong><\/p>\n<p>Rasayana ist ein Ausdruck aus dem Sanskrit, der w\u00f6rtlich \u00fcbersetzt, \u201eder Weg ist das Wesentliche\u201c bedeutet. Im Ayurveda ist Rasayana die Wissenschaft der Verj\u00fcngung und der Langlebigkeit. Ayurvedische Texte enthalten Listen verschiedener Kr\u00e4uter, die einzeln oder kombiniert, als Rasayana klassifiziert sind.<\/p>\n<p>Neem, Shatavari, Safran, Kurkuma, S\u00fc\u00dfholz, Ingwer, Jojoba, Lotusbl\u00fcte und dreizehn weitere Bioaktive vereinen sich zu diesem exquisiten Serum, das hilft, die Weisheit einer jungen und gesunden Haut wiederherzustellen.<\/p>\n<p>Reich an Rasayana St\u00e4rkungsmitteln, Antioxidativen, essentiellen Fetts\u00e4uren, entz\u00fcndungshemmenden und entstauenden Pflanzen bietet es der Haut Schutz gegen Freie Radikale, verbessert ihre Elastizit\u00e4t und den Glanzeffekt. Es gibt der Haut eine frischere und j\u00fcngere Erscheinung. Es verwischt die Ausdrucksfalten. Angewendet auf die feinere Haut um die Augen verbessert es ihre Elastizit\u00e4t und die Mikrozirkulation des Orbitalbereichs, indem es Augenringe und Entz\u00fcndungen reduziert. Auch verwischt es durch Sonnenstrahlen entstandene und Altersflecken.<\/p>\n","protected":false},"excerpt":{"rendered":"<p>Reich an Rasayana St\u00e4rkungsmitteln, Antioxidativen, essentiellen Fetts\u00e4uren, entz\u00fcndungshemmenden und entstauenden Pflanzen bietet es der Haut Schutz gegen Freie Radikale, verbessert ihre Elastizit\u00e4t und den Glanzeffekt. Es gibt der Haut eine frischere und j\u00fcngere Erscheinung.<\/p>\n","protected":false},"featured_media":4345,"template":"","meta":[],"product_cat":[113],"product_tag":[],"class_list":{"0":"post-4603","1":"product","2":"type-product","3":"status-publish","4":"has-post-thumbnail","6":"product_cat-gesicht","8":"first","9":"instock","10":"taxable","11":"shipping-taxable","12":"purchasable","13":"product-type-simple"},"_links":{"self":[{"href":"https:\/\/www.jeevan-ayurveda.com\/de\/wp-json\/wp\/v2\/product\/4603"}],"collection":[{"href":"https:\/\/www.jeevan-ayurveda.com\/de\/wp-json\/wp\/v2\/product"}],"about":[{"href":"https:\/\/www.jeevan-ayurveda.com\/de\/wp-json\/wp\/v2\/types\/product"}],"wp:featuredmedia":[{"embeddable":true,"href":"https:\/\/www.jeevan-ayurveda.com\/de\/wp-json\/wp\/v2\/media\/4345"}],"wp:attachment":[{"href":"https:\/\/www.jeevan-ayurveda.com\/de\/wp-json\/wp\/v2\/media?parent=4603"}],"wp:term":[{"taxonomy":"product_cat","embeddable":true,"href":"https:\/\/www.jeevan-ayurveda.com\/de\/wp-json\/wp\/v2\/product_cat?post=4603"},{"taxonomy":"product_tag","embeddable":true,"href":"https:\/\/www.jeevan-ayurveda.com\/de\/wp-json\/wp\/v2\/product_tag?post=4603"}],"curies":[{"name":"wp","href":"https:\/\/api.w.org\/{rel}","templated":true}]}}