{"id":4609,"date":"2021-03-08T11:19:08","date_gmt":"2021-05-21T11:46:57","guid":{"rendered":"https:\/\/www.jeevan-ayurveda.com\/?post_type=product&#038;p=4609"},"modified":"2024-07-22T14:15:03","modified_gmt":"2024-07-22T12:15:03","slug":"radiant-sensitive-pitta-cream-oko-zertifiziert","status":"publish","type":"product","link":"https:\/\/www.jeevan-ayurveda.com\/de\/produkt\/radiant-sensitive-pitta-cream-oko-zertifiziert\/","title":{"rendered":"Radiant &#8211; Sensitive &#8211; Pitta Cream &#8211; \u00d6ko Zertifiziert"},"content":{"rendered":"<p>Die <i>Pitta<\/i> Haut ist warm und sensibel. Feuer ist ihr dominantes Element. Wegen ihrer Tendenz zu \u00fcberhitzen, sind die h\u00e4ufigsten Unausgewogenheiten R\u00f6tungen, Jucken, Ekzeme und Entz\u00fcndungen. Die harmonisierende Pflege einer Pitta Haut braucht erfrischende und beruhigende Pflanzen.<\/p>\n<p>Strahlend. Sensitiv. Pitta Creme hydratisiert und revitalisiert die empfindliche und zu Ekzemen neigende Haut. Sie hilft, F\u00e4ltchen und Ausdruckslinien im Gesicht zu verwischen. Sie ist n\u00e4hrend, regenerierend und sauerstoffanreichernd. Sie ist erfrischend, verhindert und verbessert die Fleckenbildung der Haut und stimuliert die Kollagen Synthese. Sch\u00fctzt die Haut vor den Auswirkungen der Freie Radikale.<\/p>\n<p>Diese sanfte Creme ist reich an entz\u00fcndungshemmenden Bioaktiven aus Kumari, Kurkuma, Kokos, S\u00fc\u00dfholz und Brahmi, die die sensible Haut erfrischen, hydratisieren und gl\u00e4tten. Sie beruhigt das Gef\u00fchl von Brennen auf der Haut, R\u00f6tungen und Hautirritationen. Kokosnuss\u00f6l bewirkt einen nat\u00fcrlichen Schutz gegen UV-Strahlung.<\/p>\n<p>Entwickelt gem\u00e4\u00df dem uralten Wissen des Ayurveda, ist sie nat\u00fcrlich, \u00f6ko-zertifiziert und bestechend in der Wirkung. Eine Jahrtausende alte Rezeptur, die Ihre Haut n\u00e4hrt und versorgt mit den Zutaten , die sie braucht.<\/p>\n","protected":false},"excerpt":{"rendered":"<p>Diese sanfte Creme ist reich an entz\u00fcndungshemmenden Bioaktiven aus Kumari, Kurkuma, Kokos, S\u00fc\u00dfholz und Brahmi, die die sensible Haut erfrischen, hydratisieren und gl\u00e4tten. Sie beruhigt das Gef\u00fchl von Brennen auf der Haut, R\u00f6tungen und Hautirritationen. Kokosnuss\u00f6l bewirkt einen nat\u00fcrlichen Schutz gegen UV-Strahlung.<\/p>\n","protected":false},"featured_media":3867,"template":"","meta":[],"product_cat":[113],"product_tag":[],"class_list":{"0":"post-4609","1":"product","2":"type-product","3":"status-publish","4":"has-post-thumbnail","6":"product_cat-gesicht","8":"first","9":"instock","10":"taxable","11":"shipping-taxable","12":"purchasable","13":"product-type-simple"},"_links":{"self":[{"href":"https:\/\/www.jeevan-ayurveda.com\/de\/wp-json\/wp\/v2\/product\/4609"}],"collection":[{"href":"https:\/\/www.jeevan-ayurveda.com\/de\/wp-json\/wp\/v2\/product"}],"about":[{"href":"https:\/\/www.jeevan-ayurveda.com\/de\/wp-json\/wp\/v2\/types\/product"}],"wp:featuredmedia":[{"embeddable":true,"href":"https:\/\/www.jeevan-ayurveda.com\/de\/wp-json\/wp\/v2\/media\/3867"}],"wp:attachment":[{"href":"https:\/\/www.jeevan-ayurveda.com\/de\/wp-json\/wp\/v2\/media?parent=4609"}],"wp:term":[{"taxonomy":"product_cat","embeddable":true,"href":"https:\/\/www.jeevan-ayurveda.com\/de\/wp-json\/wp\/v2\/product_cat?post=4609"},{"taxonomy":"product_tag","embeddable":true,"href":"https:\/\/www.jeevan-ayurveda.com\/de\/wp-json\/wp\/v2\/product_tag?post=4609"}],"curies":[{"name":"wp","href":"https:\/\/api.w.org\/{rel}","templated":true}]}}