{"id":4616,"date":"2021-03-08T11:04:04","date_gmt":"2021-05-25T07:11:37","guid":{"rendered":"https:\/\/www.jeevan-ayurveda.com\/?post_type=product&#038;p=4616"},"modified":"2021-06-07T17:00:00","modified_gmt":"2021-06-07T15:00:00","slug":"individueller-ayurvedischer-zungenreiniger","status":"publish","type":"product","link":"https:\/\/www.jeevan-ayurveda.com\/de\/produkt\/individueller-ayurvedischer-zungenreiniger\/","title":{"rendered":"Individueller Ayurvedischer Zungenreiniger"},"content":{"rendered":"<p><strong>REINIGUNG UND ENTGIFTUNG.<\/strong><\/p>\n<p>Eine gesunde und routinem\u00e4\u00dfige Hygienema\u00dfnahme, die im Ayurveda in der t\u00e4glichen Routine empfohlen wird, ist die Reinigung der Zunge (Dinacharya).<\/p>\n<p>Die Zunge ist der Spiegel des Verdauungszustandes einer Person. Eine wei\u00df belegte Zunge zeigt eine Verdauungsst\u00f6rung an oder eine ungen\u00fcgende Verdauung der Lebensmittel.<\/p>\n<p>Die raue Schicht der Zunge ist impr\u00e4gniert mit einer Mischung aus Speichel, toten Zellen, Schleim, Keimen, Mikroben, toten wei\u00dfen Blutk\u00f6rperchen, Bakterien, Viren und Pilzen, die entstanden sind durch die Anh\u00e4ufung von Lebensmittelresten, die in ihre Poren eingedrungen sind und die Wirkung von Speichel und Schleimhaut.<\/p>\n<p>Die Z\u00e4hne zu putzen ohne die Zunge zu reinigen, ist eine unvollst\u00e4ndige orale Hygiene. Empfehlenswert ist ein sanftes Schaben der Zunge, nachdem man die Z\u00e4hne geputzt hat, vorzugsweise mit einem metallenem Schaber aus Gold, Silber oder rostfreiem Stahl.<\/p>\n","protected":false},"excerpt":{"rendered":"<p>Eine gesunde und routinem\u00e4\u00dfige Hygienema\u00dfnahme, die im Ayurveda in der t\u00e4glichen Routine empfohlen wird, ist die Reinigung der Zunge (Dinacharya).<\/p>\n<p>Die Zunge ist der Spiegel des Verdauungszustandes einer Person. Eine wei\u00df belegte Zunge zeigt eine Verdauungsst\u00f6rung an oder eine ungen\u00fcgende Verdauung der Lebensmittel.<\/p>\n<p><b>Unser Zungenreiniger<\/b> ist aus rostfreiem Stahl in h\u00f6chster Qualit\u00e4t hergestellt.<\/p>\n","protected":false},"featured_media":4745,"template":"","meta":[],"product_cat":[115,119],"product_tag":[],"class_list":{"0":"post-4616","1":"product","2":"type-product","3":"status-publish","4":"has-post-thumbnail","6":"product_cat-gesichtsreinigung","7":"product_cat-artikel-fuer-die-schoenheit","9":"first","10":"instock","11":"sale","12":"taxable","13":"shipping-taxable","14":"purchasable","15":"product-type-simple"},"_links":{"self":[{"href":"https:\/\/www.jeevan-ayurveda.com\/de\/wp-json\/wp\/v2\/product\/4616"}],"collection":[{"href":"https:\/\/www.jeevan-ayurveda.com\/de\/wp-json\/wp\/v2\/product"}],"about":[{"href":"https:\/\/www.jeevan-ayurveda.com\/de\/wp-json\/wp\/v2\/types\/product"}],"wp:featuredmedia":[{"embeddable":true,"href":"https:\/\/www.jeevan-ayurveda.com\/de\/wp-json\/wp\/v2\/media\/4745"}],"wp:attachment":[{"href":"https:\/\/www.jeevan-ayurveda.com\/de\/wp-json\/wp\/v2\/media?parent=4616"}],"wp:term":[{"taxonomy":"product_cat","embeddable":true,"href":"https:\/\/www.jeevan-ayurveda.com\/de\/wp-json\/wp\/v2\/product_cat?post=4616"},{"taxonomy":"product_tag","embeddable":true,"href":"https:\/\/www.jeevan-ayurveda.com\/de\/wp-json\/wp\/v2\/product_tag?post=4616"}],"curies":[{"name":"wp","href":"https:\/\/api.w.org\/{rel}","templated":true}]}}