{"id":6118,"date":"2022-04-21T14:44:40","date_gmt":"2022-04-21T12:44:40","guid":{"rendered":"https:\/\/www.jeevan-ayurveda.com\/?post_type=product&#038;p=6118"},"modified":"2026-04-20T14:24:49","modified_gmt":"2026-04-20T12:24:49","slug":"tulsi-mala-108-1-beads","status":"publish","type":"product","link":"https:\/\/www.jeevan-ayurveda.com\/de\/produkt\/tulsi-mala-108-1-beads\/","title":{"rendered":"Tulsi Mala 108 +1 beads"},"content":{"rendered":"<p>REINIGT, BES\u00c4NFTIGT UND SCH\u00dcTZT.<\/p>\n<p>TULSI oder TULASI, in Sanskrit, heiliges Basilikum, dessen wissenschaftlicher Name Ocimum sanctum ist, ist ein aromatischer Strauch aus der Familie der Basilikumgew\u00e4chse, der in den tropischen Teilen Asiens w\u00e4chst. Sie gilt als in Nord- und Zentralindien heimisch und wird in vielen indischen Haushalten f\u00fcr Tempelopfer angebaut.<\/p>\n<p>In der ayurvedischen Medizin wird Tulsi als die &#8222;K\u00f6nigin der Kr\u00e4uter&#8220; bezeichnet. Aufgrund ihrer medizinischen und spirituellen Eigenschaften wird diese Pflanze als Lebenselixier verehrt.<\/p>\n<p>Die Tulasi Mala wird oft als spiritueller Schmuck verwendet. Sie ist sehr aktiv bei der Reinigung von K\u00f6rper, Geist und Sinnen. Er sch\u00fctzt vor negativen Energien, gibt Ruhe und baut Stress ab. Verbessert die Konzentrationsf\u00e4higkeit. Hilft bei Rachenbeschwerden.<\/p>\n<p>Mala aufgereiht auf einem Faden mit Holzperlen aus Tulsi (Heiliges Basilikum). Es gibt 108 Samen plus 1. 108 Mal muss das Mantra wiederholt werden. Warum 108? Eine der interessantesten ist, dass das Sanskrit-Alphabet 54 Buchstaben enth\u00e4lt, und jeder Buchstabe ist m\u00e4nnlich und weiblich, Shiva und Shakti, also 54 x 2 = 108. Eine andere Bedeutung ist, dass 108 die Energielinien sind, die zusammenlaufen, um das Herzchakra zu bilden. Und warum plus eins? Am Ende der Mala befindet sich ein separater Samen, der Sumeru, Bindu oder Guru genannt wird. F\u00fcr dieses Samenkorn wird das Mantra nicht rezitiert, sondern es ist als Tribut an denjenigen da, der dir die Mala geschenkt hat.<\/p>\n<p>Reinigung: 12 bis 15 Stunden in lauwarmem Wasser einweichen, dann die Samen vorsichtig mit einer B\u00fcrste mit steifen Borsten reinigen. In der Sonne trocknen. Nach dem Trocknen eine kleine Menge von &#8222;Rice &amp; Neem&#8220; auftragen. Reines Reinigungs\u00f6l&#8220; auf den Samen.<\/p>\n<p>Vermeiden Sie die Verwendung von Reinigungsmitteln und kochendem Wasser.<\/p>\n","protected":false},"excerpt":{"rendered":"<p>REINIGT, BES\u00c4NFTIGT UND SCH\u00dcTZT<\/p>\n<p>Tulasi Mala wird normalerweise als spirituelles Ornament verwendet. Sie ist sehr aktiv bei der Reinigung von K\u00f6rper, Geist und Sinnen. Er sch\u00fctzt vor negativen Energien, gibt Ruhe und baut Stress ab. Es verbessert die Konzentrationsf\u00e4higkeit. \u00a0Verleiht den Gedanken und Gef\u00fchlen Gleichmut. Hilft bei Rachenbeschwerden.<\/p>\n","protected":false},"featured_media":9047,"template":"","meta":[],"product_cat":[119],"product_tag":[],"class_list":{"0":"post-6118","1":"product","2":"type-product","3":"status-publish","4":"has-post-thumbnail","6":"product_cat-artikel-fuer-die-schoenheit","8":"first","9":"outofstock","10":"taxable","11":"shipping-taxable","12":"purchasable","13":"product-type-simple"},"_links":{"self":[{"href":"https:\/\/www.jeevan-ayurveda.com\/de\/wp-json\/wp\/v2\/product\/6118"}],"collection":[{"href":"https:\/\/www.jeevan-ayurveda.com\/de\/wp-json\/wp\/v2\/product"}],"about":[{"href":"https:\/\/www.jeevan-ayurveda.com\/de\/wp-json\/wp\/v2\/types\/product"}],"wp:featuredmedia":[{"embeddable":true,"href":"https:\/\/www.jeevan-ayurveda.com\/de\/wp-json\/wp\/v2\/media\/9047"}],"wp:attachment":[{"href":"https:\/\/www.jeevan-ayurveda.com\/de\/wp-json\/wp\/v2\/media?parent=6118"}],"wp:term":[{"taxonomy":"product_cat","embeddable":true,"href":"https:\/\/www.jeevan-ayurveda.com\/de\/wp-json\/wp\/v2\/product_cat?post=6118"},{"taxonomy":"product_tag","embeddable":true,"href":"https:\/\/www.jeevan-ayurveda.com\/de\/wp-json\/wp\/v2\/product_tag?post=6118"}],"curies":[{"name":"wp","href":"https:\/\/api.w.org\/{rel}","templated":true}]}}