{"id":6558,"date":"2022-08-22T14:03:08","date_gmt":"2022-08-22T12:43:33","guid":{"rendered":"https:\/\/www.jeevan-ayurveda.com\/?post_type=product&#038;p=6558"},"modified":"2026-02-09T13:12:39","modified_gmt":"2026-02-09T12:12:39","slug":"kansa-vakti-bowl","status":"publish","type":"product","link":"https:\/\/www.jeevan-ayurveda.com\/de\/produkt\/kansa-vakti-bowl\/","title":{"rendered":"Kansa Vakti Bowl"},"content":{"rendered":"<p>ENTGIFTET, BERUHIGT UND ENERGETISIERT<\/p>\n<p>Schale aus drei Metallen: Kupfer, Zinn und Zink.<br \/>\nKansa bedeutet in Sanskrit Bronze und Vakti Schale.<br \/>\nDie Kansa Bakti-Schale ist die traditionelle ayurvedische Schale zur reinigenden Fu\u00dfmassage. Die Legierung aus diesen drei Metallen gilt im Ayurveda als heilendes und reinigendes Metall.<\/p>\n<p>Kansa Vakti Massage hat die folgenden Indikationen.<\/p>\n<p>Es hilft, Giftstoffe aus dem K\u00f6rper zu entfernen.<br \/>\nEs absorbiert W\u00e4rme und reduziert Entz\u00fcndungen im K\u00f6rper.<br \/>\nEr hat eine alkalisierende Wirkung auf den K\u00f6rper.<br \/>\nEntspannt, reduziert Stress und M\u00fcdigkeit.<br \/>\nErleichtert schwere Beine und entspannt m\u00fcde Beine.<br \/>\nVerbessert Schlaflosigkeit und Ungleichgewicht im Schlaf.<br \/>\nVerbessert die Blutzirkulation.<br \/>\nSt\u00e4rkt die Leber, die Milz und das lymphatische System.<br \/>\nReduziert die Fl\u00fcssigkeitsretention.<br \/>\nVerbessert den Pranafluss und die Immunit\u00e4t.<br \/>\nVerbessert Agni.<\/p>\n","protected":false},"excerpt":{"rendered":"<p>ENTGIFTET, BERUHIGT UND ENERGETISIERT<\/p>\n<p>Schale aus drei Metallen: Kupfer, Zinn und Zink.<br \/>\nKansa bedeutet in Sanskrit Bronze und Vakti Schale.<br \/>\nDie Kansa Bakti-Schale ist die traditionelle ayurvedische Schale zur reinigenden Fu\u00dfmassage. Die Legierung aus diesen drei Metallen gilt im Ayurveda als heilendes und reinigendes Metall.<\/p>\n<p>Durchmesser: 10 cm. Gewicht: 110 g.<\/p>\n","protected":false},"featured_media":6554,"template":"","meta":[],"product_cat":[113,114,119],"product_tag":[],"class_list":{"0":"post-6558","1":"product","2":"type-product","3":"status-publish","4":"has-post-thumbnail","6":"product_cat-gesicht","7":"product_cat-koerper","8":"product_cat-artikel-fuer-die-schoenheit","10":"first","11":"outofstock","12":"taxable","13":"shipping-taxable","14":"purchasable","15":"product-type-simple"},"_links":{"self":[{"href":"https:\/\/www.jeevan-ayurveda.com\/de\/wp-json\/wp\/v2\/product\/6558"}],"collection":[{"href":"https:\/\/www.jeevan-ayurveda.com\/de\/wp-json\/wp\/v2\/product"}],"about":[{"href":"https:\/\/www.jeevan-ayurveda.com\/de\/wp-json\/wp\/v2\/types\/product"}],"wp:featuredmedia":[{"embeddable":true,"href":"https:\/\/www.jeevan-ayurveda.com\/de\/wp-json\/wp\/v2\/media\/6554"}],"wp:attachment":[{"href":"https:\/\/www.jeevan-ayurveda.com\/de\/wp-json\/wp\/v2\/media?parent=6558"}],"wp:term":[{"taxonomy":"product_cat","embeddable":true,"href":"https:\/\/www.jeevan-ayurveda.com\/de\/wp-json\/wp\/v2\/product_cat?post=6558"},{"taxonomy":"product_tag","embeddable":true,"href":"https:\/\/www.jeevan-ayurveda.com\/de\/wp-json\/wp\/v2\/product_tag?post=6558"}],"curies":[{"name":"wp","href":"https:\/\/api.w.org\/{rel}","templated":true}]}}