{"id":7942,"date":"2023-07-13T13:52:52","date_gmt":"2023-07-13T12:03:45","guid":{"rendered":"https:\/\/www.jeevan-ayurveda.com\/?post_type=product&#038;p=7942"},"modified":"2023-11-24T11:50:25","modified_gmt":"2023-11-24T10:50:25","slug":"feigen-rosen-und-schwefel-straffende-creme-oeko-zertifikat","status":"publish","type":"product","link":"https:\/\/www.jeevan-ayurveda.com\/de\/produkt\/feigen-rosen-und-schwefel-straffende-creme-oeko-zertifikat\/","title":{"rendered":"Feigen, Rosen und Schwefel. Straffende Creme. \u00d6ko-Zertifikat."},"content":{"rendered":"<p>Nach der alten Weisheit des Ayurveda formuliert, ist es nat\u00fcrlich, biologisch zertifiziert und verf\u00fchrerisch.<br \/>\nEin jahrtausendealtes Rezept, um Ihre reife Haut mit den Inhaltsstoffen zu n\u00e4hren, die sie braucht.<br \/>\ndie sie braucht.<br \/>\nBioaktive Rose Damascena, Feigen, Meeresalgen, Schwefel, Sheabutter und<br \/>\nund Ringelblumenextrakt vereinen sich in dieser exquisiten Creme, um die Haut zu straffen und zu verbessern.<br \/>\nElastizit\u00e4t und Spannkraft der Haut zu verbessern.<br \/>\nSie entschlackt und entgiftet die Haut, n\u00e4hrt, spendet Feuchtigkeit, regeneriert und l\u00e4sst sie erstrahlen.<br \/>\nH\u00e4ufigste Indikationen f\u00fcr die Anwendung Feigen, Rosen &amp;amp; Schwefel. Straffende<br \/>\nCreme:<br \/>\n\uf0b7 Versorgt die Haut mit Feuchtigkeit und N\u00e4hrstoffen.<br \/>\n\uf0b7 Stimuliert die Synthese von Kollagen, Hyalurons\u00e4ure und Elastin.<br \/>\n\uf0b7 Strafft.<br \/>\n\uf0b7 Verbessert die Elastizit\u00e4t der Haut.<br \/>\n\uf0b7 Hellt die Haut auf.<br \/>\n\uf0b7 Gl\u00e4ttet.<br \/>\n\uf0b7 Revitalisiert und regeneriert.<br \/>\n\uf0b7 Reinigt und entschlackt die Haut.<br \/>\n\uf0b7 Antioxidans, sch\u00fctzt die Haut vor der Wirkung freier Radikale.<br \/>\n\uf0b7 Verfeinert F\u00e4ltchen und Kr\u00e4henf\u00fc\u00dfe.<br \/>\n\uf0b7 Gleicht die Pigmentierung aus.<br \/>\n\uf0b7 Sch\u00fctzt die Haut vor \u00e4u\u00dferen Einfl\u00fcssen wie Sonne, Wind, K\u00e4lte und Umweltverschmutzung.<br \/>\nund Umweltverschmutzung.<br \/>\nIhr Duft und ihre Textur sind ein wahrer Genuss f\u00fcr die Sinne.<\/p>\n","protected":false},"excerpt":{"rendered":"<p>Rosen, Feigen, Meeresalgen und Schwefel vereinen sich in dieser exquisiten Creme, um die Haut zu straffen und ihren Tonus zu verbessern. Reinigt und entgiftet die Haut, n\u00e4hrt und hellt sie auf.<\/p>\n","protected":false},"featured_media":7931,"template":"","meta":[],"product_cat":[113],"product_tag":[],"class_list":{"0":"post-7942","1":"product","2":"type-product","3":"status-publish","4":"has-post-thumbnail","6":"product_cat-gesicht","8":"first","9":"instock","10":"taxable","11":"shipping-taxable","12":"purchasable","13":"product-type-simple"},"_links":{"self":[{"href":"https:\/\/www.jeevan-ayurveda.com\/de\/wp-json\/wp\/v2\/product\/7942"}],"collection":[{"href":"https:\/\/www.jeevan-ayurveda.com\/de\/wp-json\/wp\/v2\/product"}],"about":[{"href":"https:\/\/www.jeevan-ayurveda.com\/de\/wp-json\/wp\/v2\/types\/product"}],"wp:featuredmedia":[{"embeddable":true,"href":"https:\/\/www.jeevan-ayurveda.com\/de\/wp-json\/wp\/v2\/media\/7931"}],"wp:attachment":[{"href":"https:\/\/www.jeevan-ayurveda.com\/de\/wp-json\/wp\/v2\/media?parent=7942"}],"wp:term":[{"taxonomy":"product_cat","embeddable":true,"href":"https:\/\/www.jeevan-ayurveda.com\/de\/wp-json\/wp\/v2\/product_cat?post=7942"},{"taxonomy":"product_tag","embeddable":true,"href":"https:\/\/www.jeevan-ayurveda.com\/de\/wp-json\/wp\/v2\/product_tag?post=7942"}],"curies":[{"name":"wp","href":"https:\/\/api.w.org\/{rel}","templated":true}]}}