{"id":8472,"date":"2024-08-21T13:19:02","date_gmt":"2024-08-21T12:39:51","guid":{"rendered":"https:\/\/www.jeevan-ayurveda.com\/?post_type=product&#038;p=8472"},"modified":"2024-08-21T14:39:51","modified_gmt":"2024-08-21T12:39:51","slug":"adhipati-schutz-rudraksha-rosenperlen-muetze","status":"publish","type":"product","link":"https:\/\/www.jeevan-ayurveda.com\/de\/produkt\/adhipati-schutz-rudraksha-rosenperlen-muetze\/","title":{"rendered":"Adhipati Schutz. Rudraksha &#038; Rosenperlen M\u00fctze."},"content":{"rendered":"<p>Haube gewebt mit 5-seitigen Rudraksha-Saatperlen (paanch mukhi rudraksha) und handgestickten Holzperlen aus Rosenholz, in Indien, mit gelbem Baumwollfaden.<\/p>\n<p>Adhipati ist der Marmapunkt des Scheitelpunktes. Im Ayurveda wird Adhipati als \u201eDer Herr von allem\u201c bezeichnet, der Herr aller Marmapunkte. Adhipati ist das siebte Chakra, Sahasrara, das uns erlaubt, uns mit unserem spirituellen Selbst zu verbinden.<\/p>\n<p>Dieser Helm wurde entwickelt, um den wichtigsten Marmapunkt in unserer Neurophysiologie auszugleichen und elektromagnetisch zu sch\u00fctzen.<\/p>\n<p>Seine Hauptindikationen f\u00fcr den feinstofflichen K\u00f6rper sind:<\/p>\n<p>Entspannt und baut Stress ab.<br \/>\nVerbessert die geistige Aktivit\u00e4t und sorgt f\u00fcr Gelassenheit.<br \/>\nSt\u00e4rkt die Aura und den feinstofflichen K\u00f6rper (Marmas und Nadis).<br \/>\nSt\u00e4rkt das Immunsystem.<br \/>\nInduziert einen \u201eAlpha\u201c-Zustand des Geistes =&gt; bringt uns in die Gegenwart.<br \/>\nErh\u00f6ht den Intellekt.<br \/>\nKultiviert die Weisheit.<br \/>\nErm\u00f6glicht die Anpassung an neue Umgebungen.<br \/>\nHilft, spirituelle und meditative Momente zu vertiefen.<br \/>\nZieht positive Energien an und vertreibt negative Energien.<\/p>\n<p>Mindestanwendungsdauer, um alle Vorteile zu erhalten: 40 Minuten x 7 Tage.<\/p>\n<p>Reinigung: 12 bis 15 Stunden in lauwarmem Wasser einweichen, dann die Samen vorsichtig mit einer B\u00fcrste mit steifen Borsten reinigen. An der Sonne trocknen. Nach dem Trocknen eine kleine Menge von \u201eRice &amp; Neem. Reines Reinigungs\u00f6l\u201c auf die Samen auftragen.<\/p>\n<p>Vermeiden Sie die Verwendung von Reinigungsmitteln und kochendem Wasser.<\/p>\n<p>Dauer der Wirkung von Rudraksha:<\/p>\n<p>Die anf\u00e4ngliche Wirkung des Tragens von Rudraksha-Samen besteht darin, negative Energien zu verlieren, was ein gewisses Unbehagen hervorrufen kann. Wenn wir bewusst sind und die Negativit\u00e4t durch positive Gedanken ersetzen, wird die Wirkung beschleunigt.<\/p>\n<p>Wenn wir Rudraksha-Samen tragen, muss unser K\u00f6rper einige Anpassungen vornehmen. Wir sind uns dieser Anpassungen vielleicht nicht bewusst und bemerken sie vielleicht nicht, bis sie offensichtlich werden.<\/p>\n<p>Rudraksha braucht einige Zeit, um die elektromagnetischen Felder zu integrieren, auf denen es arbeitet. Rudraksha-Samen beginnen sichtbare Wirkungen zu erzeugen, wenn sie in Resonanz mit den Chakren des K\u00f6rpers kommen. In 4-7 Tagen beginnen sich die Wirkungen zu manifestieren. Bei Menschen, die meditieren, verl\u00e4uft dieser Prozess schneller.<\/p>\n<p>Wenn die Samen von mehreren Personen verwendet werden, sollten die Samen zwischen den einzelnen Anwendern mindestens 4 Tage lang \u201eschlafen\u201c.<\/p>\n<p>Die subtilen Eigenschaften der Perlen:<\/p>\n<p>RUDRAKSHA, die \u201eTr\u00e4nen Shivas\u201c, sind die getrockneten Samen der Frucht des Elaeocarpus ganitrus Baumes.<\/p>\n<p>Es gibt keinen Baum, der in alten indischen Texten, spirituellen Mythen und Legenden so oft erw\u00e4hnt wird wie die Rudraksha. Alte spirituelle Texte wie das Shiv Purana und das Devi Bhagwatam sind voll mit therapeutischen und spirituellen Hinweisen auf diese Samen. Seit Tausenden von Jahren sind die Indikationen und Kr\u00e4fte von Rudraksha in den heiligen Puranas und Upanishaden dokumentiert und detailliert beschrieben.<\/p>\n<p>Das Tragen von Rudraksha-Samen induziert einen \u201eAlpha\u201c-Zustand des Geistes, d.h. es bringt uns in die Gegenwart.<\/p>\n<p>Die elektromagnetische Natur der Rudraksha-Samen beeinflusst unsere Neurophysiologie und erm\u00f6glicht es uns, den Herzschlag und das Stressniveau auszugleichen, Angstzust\u00e4nde, Depressionen und neurotische Zust\u00e4nde zu lindern.<\/p>\n<p>Es erm\u00f6glicht die Anpassung an neue Umgebungen; in alten Zeiten wurde es von Sadhus und Sanyasis benutzt, um sich an neuen Orten niederzulassen. Man sagt, dass Rudraksha-Samen beim Schlafen oder Essen an unbekannten Orten helfen, so dass sie f\u00fcr diejenigen n\u00fctzlich sind, die st\u00e4ndig auf Reisen sind.<\/p>\n<p>Er absorbiert freie Radikale, die die Oxidation der Zellen verursachen.<\/p>\n<p>Auf der Astralebene reduziert er die negativen Auswirkungen der Planeten.<\/p>\n<p>Die Samen, die f\u00fcr diese Sch\u00e4deldecke ausgew\u00e4hlt wurden, sind 5-facettig (paanch mukhi rudraksha), da dies die Samen sind, die f\u00fcr alle von Nutzen sind, unabh\u00e4ngig von Geschlecht, Alter, k\u00f6rperlicher oder geistiger Verfassung. Die 5 Mukhi-Samen haben eine Upaguru-Bedeutung, d.h. sie helfen beim spirituellen Erwachen derjenigen, die sie tragen.<\/p>\n<p>5 mukhis rudraksha aktivierendes Mantra: \u201eAUM HREEM NAMAH\u201c.<\/p>\n<p>PRANA PRATISHTHA:<\/p>\n<p>Pran Pratishta einer Rudraksha wird durchgef\u00fchrt, um den Samen \u201eerwachen\u201c zu lassen. In diesem Ritual werden Prana Pratishtha Mantras gesungen, die den Samen der Rudraksha verst\u00e4rken und erm\u00e4chtigen und seine Energie erh\u00f6hen.<\/p>\n<p>Alle Samen, die wir an unsere Kunden schicken, wurden mit dem Pran Pratishtha Ritual gereinigt und energetisiert.<\/p>\n<p>INDIAN ROSEWOOD, Indisches Rosenholz oder Sheesham (Bot.: Dalbergia sissoo).<\/p>\n<p>Indische Rosenholzperlen haben ein angenehmes, mildes Aroma. Sein Duft ist bekannt daf\u00fcr, dass er Nervosit\u00e4t und Kopfschmerzen lindert. Es hilft, sich vor negativen Energien zu sch\u00fctzen.<\/p>\n<p>Ihr subtiler Zweck:<\/p>\n<p>Sie st\u00e4rken die Aura und damit das Immunsystem.<br \/>\nSie enthalten eine vibrierende Energie, die die Willenskraft st\u00e4rkt.<br \/>\nH\u00e4lt negative Energien fern.<\/p>\n","protected":false},"excerpt":{"rendered":"<p>ADHIPATI SCHUTZ. RUDRAKSHA &amp; ROSA PERLEN M\u00dcTZE.<\/p>\n<p>M\u00fctze gewebt mit 5-seitigen Rudraksha-Samenperlen (paanch mukhi rudraksha) und handgestickten Rosenholzperlen, in Indien, mit gelbem Baumwollfaden.<\/p>\n<p>Adhipati ist der Marmapunkt des Scheitels. Im Ayurveda wird Adhipati als \u201eDer Herr von allem\u201c bezeichnet, der Herr aller Marmapunkte. Adhipati ist das siebte Chakra, Sahasrara, das uns erlaubt, uns mit unserem spirituellen Selbst zu verbinden.<\/p>\n<p>Dieser Helm wurde entwickelt, um den wichtigsten Marmapunkt in unserem K\u00f6rper auszugleichen und elektromagnetisch zu sch\u00fctzen.<\/p>\n<p>Die subtilen Eigenschaften der Perlen:<\/p>\n<p>Rudraksha, die \u201eTr\u00e4nen Shivas\u201c, sind die getrockneten Samen der Frucht des Elaeocarpus ganitrus Baumes.<\/p>\n<p>Die Vorsilbe \u201eRu\u201c bedeutet weinen, \u201edra\u201c bedeutet verfl\u00fcssigen und \u201eaksha\u201c bedeutet Augen. Rudraksha-Samen verfl\u00fcssigen ungel\u00f6ste Emotionen und werden, wie Shivas Tr\u00e4nen, in Mitgef\u00fchl umgewandelt.<\/p>\n<p>Das Tragen von Rudraksha-Samen f\u00fchrt zu einem \u201eAlpha\u201c-Geisteszustand, d.h. es bringt uns in die Gegenwart. Es entspannt, sorgt f\u00fcr Ruhe, st\u00e4rkt die Aura, erm\u00f6glicht die Anpassung an neue Umgebungen und hilft, meditative Zust\u00e4nde zu vertiefen.<\/p>\n<p>Indischer Palisander, indisches Rosenholz oder Sheesham hat einen weichen und angenehmen Duft, der hilft, vor negativen Energien zu sch\u00fctzen. Es st\u00e4rkt die Aura und enth\u00e4lt eine vibrierende Energie.<\/p>\n","protected":false},"featured_media":8446,"template":"","meta":[],"product_cat":[119],"product_tag":[],"class_list":{"0":"post-8472","1":"product","2":"type-product","3":"status-publish","4":"has-post-thumbnail","6":"product_cat-artikel-fuer-die-schoenheit","8":"first","9":"outofstock","10":"featured","11":"taxable","12":"shipping-taxable","13":"purchasable","14":"product-type-simple"},"_links":{"self":[{"href":"https:\/\/www.jeevan-ayurveda.com\/de\/wp-json\/wp\/v2\/product\/8472"}],"collection":[{"href":"https:\/\/www.jeevan-ayurveda.com\/de\/wp-json\/wp\/v2\/product"}],"about":[{"href":"https:\/\/www.jeevan-ayurveda.com\/de\/wp-json\/wp\/v2\/types\/product"}],"wp:featuredmedia":[{"embeddable":true,"href":"https:\/\/www.jeevan-ayurveda.com\/de\/wp-json\/wp\/v2\/media\/8446"}],"wp:attachment":[{"href":"https:\/\/www.jeevan-ayurveda.com\/de\/wp-json\/wp\/v2\/media?parent=8472"}],"wp:term":[{"taxonomy":"product_cat","embeddable":true,"href":"https:\/\/www.jeevan-ayurveda.com\/de\/wp-json\/wp\/v2\/product_cat?post=8472"},{"taxonomy":"product_tag","embeddable":true,"href":"https:\/\/www.jeevan-ayurveda.com\/de\/wp-json\/wp\/v2\/product_tag?post=8472"}],"curies":[{"name":"wp","href":"https:\/\/api.w.org\/{rel}","templated":true}]}}