{"id":8599,"date":"2024-09-24T13:42:18","date_gmt":"2024-09-24T11:42:18","guid":{"rendered":"https:\/\/www.jeevan-ayurveda.com\/?post_type=product&#038;p=8599"},"modified":"2024-09-25T11:17:12","modified_gmt":"2024-09-25T09:17:12","slug":"wacholder-tulsi-und-bitterorange-natuerliche-aura-seife-seifenstueck-schneiden","status":"publish","type":"product","link":"https:\/\/www.jeevan-ayurveda.com\/de\/produkt\/wacholder-tulsi-und-bitterorange-natuerliche-aura-seife-seifenstueck-schneiden\/","title":{"rendered":"Wacholder, Tulsi und Bitterorange. Nat\u00fcrliche Aura-Seife. Seifenst\u00fcck schneiden."},"content":{"rendered":"<p>Schneiden von Seifenst\u00fccken, mit denen Sie 8 bis 10 Seifenst\u00fccke erhalten k\u00f6nnen.<\/p>\n<p><span class=\"HwtZe\" lang=\"de\"><span class=\"jCAhz ChMk0b\"><span class=\"ryNqvb\">100 % nat\u00fcrliche, handgemachte Seife, hergestellt aus Kokos- und Oliven\u00f6l, kaltverseift und 100 % biologisch abbaubar. <\/span><\/span><span class=\"jCAhz\"><span class=\"ryNqvb\">Unsere Seifen enthalten kein Glycerin;<\/span><\/span> <span class=\"jCAhz\"><span class=\"ryNqvb\">Das darin enthaltene Glycerin stammt aus dem Kaltherstellungsprozess.<\/span><\/span> <span class=\"jCAhz ChMk0b\"><span class=\"ryNqvb\">Das so gewonnene Glycerin verleiht der Seife feuchtigkeitsspendende Eigenschaften. <\/span><\/span><\/span><\/p>\n<p><span class=\"HwtZe\" lang=\"de\"><span class=\"jCAhz ChMk0b\"><span class=\"ryNqvb\">Die Verwendung von Waschgelen hat in den letzten Jahrzehnten zu gro\u00dfen Problemen f\u00fcr die Haut gef\u00fchrt (Allergien, Dermatitis, Psoriasis usw.), aber die R\u00fcckkehr zu nat\u00fcrlichen Seifen hat der Haut die F\u00e4higkeit zur\u00fcckgegeben, ihren nat\u00fcrlichen Schutzfilm wiederherzustellen, der das Auftreten von Dermatologie verhindert Krankheiten. <\/span><\/span><\/span><\/p>\n<p><span class=\"HwtZe\" lang=\"de\"><span class=\"jCAhz ChMk0b\"><span class=\"ryNqvb\">Unsere aus hochwertigen pflanzlichen Inhaltsstoffen hergestellten Seifen sind vorteilhaft f\u00fcr die Hautpflege, die Gesundheit und sehr umweltfreundlich. <\/span><\/span><\/span><\/p>\n<p><span class=\"HwtZe\" lang=\"de\"><span class=\"jCAhz ChMk0b\"><span class=\"ryNqvb\">Der Zweck unserer Seifen besteht darin, die Haut sauber zu halten, ihre Ern\u00e4hrung und Feuchtigkeit aufrechtzuerhalten und die Regeneration der Epidermis zu f\u00f6rdern. <\/span><\/span><span class=\"jCAhz ChMk0b\"><span class=\"ryNqvb\">Der immense Mehrwert dieser Seife ist ihr hoher Gehalt an heiligen Pflanzen: Wacholder (auch Wacholder genannt), Basilikum, Minze, Salbei und Bitterorange, die das Aurafeld und den feinstofflichen K\u00f6rper reinigen und sch\u00fctzen.<\/span><\/span><\/span><\/p>\n<p><span class=\"HwtZe\" lang=\"de\"> <span class=\"jCAhz\"><span class=\"ryNqvb\">Es entgiftet und reinigt die Haut, bewahrt ihre Feuchtigkeit und verleiht ihr ein strahlenderes Aussehen.<\/span><\/span><\/span><\/p>\n<p><span class=\"HwtZe\" lang=\"de\"> <span class=\"jCAhz ChMk0b\"><span class=\"ryNqvb\">Die enthaltenen Orangenschalenst\u00fccke bewirken ein sanftes Peeling und erfrischen die Haut mit einem exquisiten Duft.<\/span><\/span><\/span><\/p>\n","protected":false},"excerpt":{"rendered":"<p>Schneiden von Seifenst\u00fccken, mit denen Sie 8 bis 10 Seifenst\u00fccke erhalten k\u00f6nnen.<\/p>\n<p><span class=\"HwtZe\" lang=\"de\"><span class=\"jCAhz ChMk0b\"><span class=\"ryNqvb\">Der immense Mehrwert dieser Seife ist ihr hoher Gehalt an heiligen Pflanzen: Wacholder (auch Wacholder genannt), Basilikum, Minze, Salbei und Bitterorange, die das Aurafeld und den feinstofflichen K\u00f6rper reinigen und sch\u00fctzen.<\/span><\/span> <span class=\"jCAhz ChMk0b\"><span class=\"ryNqvb\">Es entgiftet und reinigt die Haut, bewahrt ihre Feuchtigkeit und verleiht ihr ein strahlenderes Aussehen. <\/span><\/span><span class=\"jCAhz ChMk0b\"><span class=\"ryNqvb\">Die enthaltenen Orangenschalenst\u00fccke bewirken ein sanftes Peeling und erfrischen die Haut mit einem exquisiten Duft.<\/span><\/span><\/span><\/p>\n<p><span class=\"HwtZe\" lang=\"de\"> <span class=\"jCAhz ChMk0b\"><span class=\"ryNqvb\">\u2022 Gr\u00f6\u00dfe: 800g<\/span><\/span><\/span><\/p>\n","protected":false},"featured_media":8600,"template":"","meta":[],"product_cat":[113,114,115],"product_tag":[],"class_list":{"0":"post-8599","1":"product","2":"type-product","3":"status-publish","4":"has-post-thumbnail","6":"product_cat-gesicht","7":"product_cat-koerper","8":"product_cat-gesichtsreinigung","10":"first","11":"instock","12":"featured","13":"taxable","14":"shipping-taxable","15":"purchasable","16":"product-type-simple"},"_links":{"self":[{"href":"https:\/\/www.jeevan-ayurveda.com\/de\/wp-json\/wp\/v2\/product\/8599"}],"collection":[{"href":"https:\/\/www.jeevan-ayurveda.com\/de\/wp-json\/wp\/v2\/product"}],"about":[{"href":"https:\/\/www.jeevan-ayurveda.com\/de\/wp-json\/wp\/v2\/types\/product"}],"wp:featuredmedia":[{"embeddable":true,"href":"https:\/\/www.jeevan-ayurveda.com\/de\/wp-json\/wp\/v2\/media\/8600"}],"wp:attachment":[{"href":"https:\/\/www.jeevan-ayurveda.com\/de\/wp-json\/wp\/v2\/media?parent=8599"}],"wp:term":[{"taxonomy":"product_cat","embeddable":true,"href":"https:\/\/www.jeevan-ayurveda.com\/de\/wp-json\/wp\/v2\/product_cat?post=8599"},{"taxonomy":"product_tag","embeddable":true,"href":"https:\/\/www.jeevan-ayurveda.com\/de\/wp-json\/wp\/v2\/product_tag?post=8599"}],"curies":[{"name":"wp","href":"https:\/\/api.w.org\/{rel}","templated":true}]}}