{"id":8866,"date":"2025-04-11T13:52:11","date_gmt":"2025-04-11T12:23:50","guid":{"rendered":"https:\/\/www.jeevan-ayurveda.com\/?post_type=product&#038;p=8866"},"modified":"2025-10-30T12:52:13","modified_gmt":"2025-10-30T11:52:13","slug":"safran-haridra-erhabene-kumkumadi-maske-oeko-zertifiziert","status":"publish","type":"product","link":"https:\/\/www.jeevan-ayurveda.com\/de\/produkt\/safran-haridra-erhabene-kumkumadi-maske-oeko-zertifiziert\/","title":{"rendered":"Safran &#038; Haridra. Erhabene Kumkumadi Maske. \u00d6ko-zertifiziert. 50ml"},"content":{"rendered":"<p>REGENERIERT &#8211; N\u00c4HRT &#8211; ERHELLT<\/p>\n<p>Tauchen Sie ein in den Luxus der ayurvedischen Tradition mit der Sublime Kumkumadi Mask, einer Gesichtsmaske, die vom legend\u00e4ren Rezept von Kumkumadi Tailam inspiriert ist. Formuliert mit Safran, um den Hautton aufzuhellen und auszugleichen, Kurkuma mit seiner starken entz\u00fcndungshemmenden Wirkung und anderen sorgf\u00e4ltig ausgew\u00e4hlten pflanzlichen Wirkstoffen, regeneriert, n\u00e4hrt, revitalisiert und l\u00e4sst die Haut strahlen. Erl\u00f6s:<\/p>\n<ul>\n<li>Hilft bei der nat\u00fcrlichen Regeneration der Haut.<\/li>\n<li>Erhellt, vereinheitlicht und verbessert Ihren Ton.<\/li>\n<li>Reduziert Flecken und Narben.<\/li>\n<li>Hilft, dunkle Augenringe zu verwischen.<\/li>\n<li>Sch\u00fctzt vor vorzeitiger Hautalterung mit nat\u00fcrlichen Antioxidantien.<\/li>\n<\/ul>\n<p>Reinigt und beruhigt empfindliche Haut. Mit dieser Maske g\u00f6nnen Sie sich einen Moment der Tiefenpflege mit \u00fcberlieferten Inhaltsstoffen, die regenerieren, n\u00e4hren, erhellen und revitalisieren. Lassen Sie sich von der Magie des Ayurveda umh\u00fcllen und verlieben Sie sich in Ihre Haut.<\/p>\n","protected":false},"excerpt":{"rendered":"<p>Tauchen Sie ein in den Luxus der ayurvedischen Tradition mit der Sublime Kumkumadi Mask, einer Gesichtsmaske, die vom legend\u00e4ren Rezept von Kumkumadi Tailam inspiriert ist. Formuliert mit <strong>Safran, <\/strong>\u00a0um den Hautton aufzuhellen und auszugleichen, <strong>Kurkuma<\/strong> mit seiner starken entz\u00fcndungshemmenden Wirkung und anderen sorgf\u00e4ltig ausgew\u00e4hlten pflanzlichen Wirkstoffen, regeneriert, n\u00e4hrt, revitalisiert und l\u00e4sst die Haut strahlen.<\/p>\n<ul>\n<li>Gr\u00f6\u00dfe: 50 ml.<\/li>\n<\/ul>\n","protected":false},"featured_media":8851,"template":"","meta":[],"product_cat":[113],"product_tag":[],"class_list":{"0":"post-8866","1":"product","2":"type-product","3":"status-publish","4":"has-post-thumbnail","6":"product_cat-gesicht","8":"first","9":"instock","10":"featured","11":"taxable","12":"shipping-taxable","13":"purchasable","14":"product-type-simple"},"_links":{"self":[{"href":"https:\/\/www.jeevan-ayurveda.com\/de\/wp-json\/wp\/v2\/product\/8866"}],"collection":[{"href":"https:\/\/www.jeevan-ayurveda.com\/de\/wp-json\/wp\/v2\/product"}],"about":[{"href":"https:\/\/www.jeevan-ayurveda.com\/de\/wp-json\/wp\/v2\/types\/product"}],"wp:featuredmedia":[{"embeddable":true,"href":"https:\/\/www.jeevan-ayurveda.com\/de\/wp-json\/wp\/v2\/media\/8851"}],"wp:attachment":[{"href":"https:\/\/www.jeevan-ayurveda.com\/de\/wp-json\/wp\/v2\/media?parent=8866"}],"wp:term":[{"taxonomy":"product_cat","embeddable":true,"href":"https:\/\/www.jeevan-ayurveda.com\/de\/wp-json\/wp\/v2\/product_cat?post=8866"},{"taxonomy":"product_tag","embeddable":true,"href":"https:\/\/www.jeevan-ayurveda.com\/de\/wp-json\/wp\/v2\/product_tag?post=8866"}],"curies":[{"name":"wp","href":"https:\/\/api.w.org\/{rel}","templated":true}]}}