{"id":8980,"date":"2025-06-08T12:48:08","date_gmt":"2025-06-08T11:13:13","guid":{"rendered":"https:\/\/www.jeevan-ayurveda.com\/?post_type=product&#038;p=8980"},"modified":"2025-12-03T20:02:02","modified_gmt":"2025-12-03T19:02:02","slug":"8980","status":"publish","type":"product","link":"https:\/\/www.jeevan-ayurveda.com\/de\/produkt\/8980\/","title":{"rendered":"Gelber Achat Mala 108+1 Perlen"},"content":{"rendered":"<p>In den Veden sind Steine nicht nur Zierde, sie sind Ausdruck der kosmischen Energie in fester Form.<\/p>\n<p>Jeder Stein birgt in sich eine Vibration, die beruhigen, st\u00e4rken oder erwecken kann.<\/p>\n<p>Die Japa Mala mit 108 Perlen + 1 Guru-Perle, gefertigt aus nat\u00fcrlichem gelben Achat, ist mehr als ein Schmuckst\u00fcck: Es ist ein Werkzeug f\u00fcr Fokus, Absicht und Transformation.<\/p>\n<p>In der vedischen Tradition ist gelber Achat mit dem inneren Feuer (Agni) und dem Solarplexus-Chakra (Manipura) verbunden, dem Zentrum des Willens, der Klarheit und der Entschlossenheit. Seine Vibration hilft, die Lebensenergie ohne Unruhe zu aktivieren und lenkt das Denken in Richtung bewusster Handlung.<\/p>\n<p><strong>Diese Mala ist ideal f\u00fcr:<\/strong><\/p>\n<ul>\n<li>Die Praxis von Mantras (Japa) und Meditation.<\/li>\n<li>Schafft innere Sicherheit und Orientierung.<\/li>\n<li>Regt das emotionale und mentale Verdauungsfeuer an.<\/li>\n<\/ul>\n<p><strong>Materialien:<\/strong><\/p>\n<ul>\n<li>108 nat\u00fcrliche gelbe Achatperlen<\/li>\n<li>1 zentrale Guru-Perle.<\/li>\n<li>Handgearbeitet mit Sorgfalt und Respekt f\u00fcr die Tradition.<\/li>\n<\/ul>\n<p><strong>Jede Perle, ein Atemzug.<\/strong><\/p>\n<p><strong> Jeder Atemzug, eine R\u00fcckkehr zu dir.<\/strong><\/p>\n<p>&nbsp;<\/p>\n<p>&nbsp;<\/p>\n<p>&nbsp;<\/p>\n","protected":false},"excerpt":{"rendered":"<p>Die Japa Mala mit 108 Perlen + 1 Guru-Perle, hergestellt aus nat\u00fcrlichem gelbem Achat, ist neben einem Schmuckst\u00fcck auch ein Werkzeug zur Fokussierung, Absicht und Transformation.<\/p>\n<p>In der vedischen Tradition wird der gelbe Achat mit dem inneren Feuer (Agni) und dem Solarplexuschakra (Manipura) in Verbindung gebracht, dem Zentrum des Willens, der Klarheit und der Entschlossenheit. Seine Schwingung hilft, die Lebensenergie ohne Unruhe zu aktivieren und lenkt das Denken auf bewusste Handlung.<\/p>\n<p><strong>Energetische Eigenschaften:<\/strong><\/p>\n<ul>\n<li>St\u00e4rkt den Willen und die Disziplin.<\/li>\n<li>Bringt innere Sicherheit und Orientierung.<\/li>\n<li>Regt das emotionale und mentale Verdauungsfeuer an.<\/li>\n<\/ul>\n<p><strong><span class=\"translation\" data-block-id=\"t1000h50h\">Jede Perle, ein Atemzug.<\/span><\/strong><\/p>\n<p><strong><span class=\"translation\" data-block-id=\"wi54l0gke\">Jeder Atemzug ist eine R\u00fcckkehr zu dir.<\/span><\/strong><\/p>\n<ul>\n<li>Gr\u00f6\u00dfe der Perlen: 8mm.<\/li>\n<\/ul>\n","protected":false},"featured_media":8978,"template":"","meta":[],"product_cat":[114,119],"product_tag":[],"class_list":{"0":"post-8980","1":"product","2":"type-product","3":"status-publish","4":"has-post-thumbnail","6":"product_cat-koerper","7":"product_cat-artikel-fuer-die-schoenheit","9":"first","10":"instock","11":"taxable","12":"shipping-taxable","13":"purchasable","14":"product-type-simple"},"_links":{"self":[{"href":"https:\/\/www.jeevan-ayurveda.com\/de\/wp-json\/wp\/v2\/product\/8980"}],"collection":[{"href":"https:\/\/www.jeevan-ayurveda.com\/de\/wp-json\/wp\/v2\/product"}],"about":[{"href":"https:\/\/www.jeevan-ayurveda.com\/de\/wp-json\/wp\/v2\/types\/product"}],"wp:featuredmedia":[{"embeddable":true,"href":"https:\/\/www.jeevan-ayurveda.com\/de\/wp-json\/wp\/v2\/media\/8978"}],"wp:attachment":[{"href":"https:\/\/www.jeevan-ayurveda.com\/de\/wp-json\/wp\/v2\/media?parent=8980"}],"wp:term":[{"taxonomy":"product_cat","embeddable":true,"href":"https:\/\/www.jeevan-ayurveda.com\/de\/wp-json\/wp\/v2\/product_cat?post=8980"},{"taxonomy":"product_tag","embeddable":true,"href":"https:\/\/www.jeevan-ayurveda.com\/de\/wp-json\/wp\/v2\/product_tag?post=8980"}],"curies":[{"name":"wp","href":"https:\/\/api.w.org\/{rel}","templated":true}]}}