{"id":9029,"date":"2025-06-23T14:28:17","date_gmt":"2025-06-23T12:28:17","guid":{"rendered":"https:\/\/www.jeevan-ayurveda.com\/?post_type=product&#038;p=9029"},"modified":"2025-06-23T14:28:17","modified_gmt":"2025-06-23T12:28:17","slug":"pfingstrose-kerze-aus-samt","status":"publish","type":"product","link":"https:\/\/www.jeevan-ayurveda.com\/de\/produkt\/pfingstrose-kerze-aus-samt\/","title":{"rendered":"Pfingstrose Kerze aus Samt"},"content":{"rendered":"<p><strong>Flammenartige Weichheit<\/strong><\/p>\n<p>Die Pfingstrose ist eine Blume mit \u00fcppigen Bl\u00fctenbl\u00e4ttern und einem umh\u00fcllenden Aroma, die seit Jahrhunderten sowohl in Asien als auch in Europa wegen ihrer Sch\u00f6nheit und medizinischen Eigenschaften angebaut wird. In der traditionellen chinesischen Medizin wird es verwendet, um das Blut zu harmonisieren und innere Spannungszust\u00e4nde zu beruhigen; In der symbolischen Sprache der Blumen steht sie f\u00fcr Zartheit, W\u00fcrde und Sch\u00f6nheit.<\/p>\n<p>Die Pfingstrosenbl\u00fcte mit ihrem zarten, samtigen Aroma erinnert an die Energie von <em>Soma<\/em>, diesem Nektar, der versch\u00f6nert und wiederherstellt. <strong>Velvet Peony Candle<\/strong> schaltet ein Licht ein, das nicht nur erhellt, sondern den Raum mit einer unsichtbaren Liebkosung umh\u00fcllt, die Sinne beruhigt und Z\u00e4rtlichkeit weckt.<\/p>\n<p>Ideal, um emotionales Aufflammen auszugleichen oder S\u00fc\u00dfe zu bringen, wenn die Welt zu rau wird.<\/p>\n<p>Perfekt, um eine intime, feminine, weiche und beruhigende Atmosph\u00e4re zu schaffen, in der das Wesentliche ohne Eile gedeihen kann.<\/p>\n<p>Handgefertigt aus <strong>100% Sojawachs, <\/strong>n\u00e4hrt diese Kerze die Sinne, ohne die Umwelt zu sch\u00e4digen. Schalten Sie es ein, um einen intimen Raum zu schaffen, in dem Weichheit ihren Platz hat.<\/p>\n<ul>\n<li>Gewicht: 180 g.<\/li>\n<\/ul>\n","protected":false},"excerpt":{"rendered":"<p><strong>Weichheit in Form einer Flamme.<\/strong><\/p>\n<p>Im Ayurveda n\u00e4hrt das Feinstoffliche ebenso wie das Greifbare. Die Pfingstrosenbl\u00fcte mit ihrem zarten, samtigen Aroma erinnert an die Energie von &#8222;<em>Soma&#8220;, <\/em>jenem Nektar, der versch\u00f6nert und wiederherstellt. <strong>Velvet Peony Candle<\/strong> schaltet ein Licht ein, das nicht nur erhellt, sondern den Raum mit einer unsichtbaren Liebkosung umh\u00fcllt, die Sinne beruhigt und Z\u00e4rtlichkeit weckt.<\/p>\n<p>Ideal, um emotionales Aufflammen auszugleichen oder S\u00fc\u00dfe zu bringen, wenn die Welt zu rau wird.<\/p>\n<p>Perfekt, um eine intime, weiche und beruhigende Atmosph\u00e4re zu schaffen, in der das Wesentliche ohne Eile gedeihen kann.<\/p>\n<p>Handgefertigt aus <strong>100% Sojawachs, <\/strong>n\u00e4hrt diese Kerze die Sinne, ohne die Umwelt zu sch\u00e4digen. Schalten Sie es ein, um einen intimen Raum zu schaffen, in dem Weichheit ihren Platz hat.<\/p>\n<ul>\n<li>Gewicht: 180 g.<\/li>\n<\/ul>\n","protected":false},"featured_media":9026,"template":"","meta":[],"product_cat":[119],"product_tag":[],"class_list":{"0":"post-9029","1":"product","2":"type-product","3":"status-publish","4":"has-post-thumbnail","6":"product_cat-artikel-fuer-die-schoenheit","8":"first","9":"instock","10":"taxable","11":"shipping-taxable","12":"purchasable","13":"product-type-simple"},"_links":{"self":[{"href":"https:\/\/www.jeevan-ayurveda.com\/de\/wp-json\/wp\/v2\/product\/9029"}],"collection":[{"href":"https:\/\/www.jeevan-ayurveda.com\/de\/wp-json\/wp\/v2\/product"}],"about":[{"href":"https:\/\/www.jeevan-ayurveda.com\/de\/wp-json\/wp\/v2\/types\/product"}],"wp:featuredmedia":[{"embeddable":true,"href":"https:\/\/www.jeevan-ayurveda.com\/de\/wp-json\/wp\/v2\/media\/9026"}],"wp:attachment":[{"href":"https:\/\/www.jeevan-ayurveda.com\/de\/wp-json\/wp\/v2\/media?parent=9029"}],"wp:term":[{"taxonomy":"product_cat","embeddable":true,"href":"https:\/\/www.jeevan-ayurveda.com\/de\/wp-json\/wp\/v2\/product_cat?post=9029"},{"taxonomy":"product_tag","embeddable":true,"href":"https:\/\/www.jeevan-ayurveda.com\/de\/wp-json\/wp\/v2\/product_tag?post=9029"}],"curies":[{"name":"wp","href":"https:\/\/api.w.org\/{rel}","templated":true}]}}