{"id":9045,"date":"2025-06-25T12:53:24","date_gmt":"2025-06-25T10:53:24","guid":{"rendered":"https:\/\/www.jeevan-ayurveda.com\/?post_type=product&#038;p=9045"},"modified":"2025-10-28T13:18:10","modified_gmt":"2025-10-28T12:18:10","slug":"nirama-reines-reinigungsoel","status":"publish","type":"product","link":"https:\/\/www.jeevan-ayurveda.com\/de\/produkt\/nirama-reines-reinigungsoel\/","title":{"rendered":"Nirama. Reines Reinigungs\u00f6l"},"content":{"rendered":"<p><strong>Das erste Gebot der Sch\u00f6nheit und Leuchtkraft ist die Sauberkeit<\/strong><\/p>\n<p>Formuliert mit einer Synergie von Pflanzen, die n\u00e4hren, reinigen, beruhigen und erneuern: Reis\u00f6l ern\u00e4hrt jede Zelle; Neem, Granatapfel, Rose und andere reinigende bioaktive Wirkstoffe stellen die nat\u00fcrliche Reinheit Ihrer Haut wieder her.<\/p>\n<p>Das Licht, das aus dir geboren wird, braucht keinen Schmuck<\/p>\n<p>&#8222;Nir&#8220; bedeutet im Sanskrit &#8222;ohne&#8220;; und &#8222;ama&#8220;, Gift. Nirama bedeutet &#8222;giftfrei&#8220;. Und das ist es, was es bietet: saubere, ruhige und strahlende Haut.<\/p>\n<p><strong>Es handelt sich um ein bifunktionales Produkt:<\/strong><\/p>\n<ul>\n<li>Detox-Behandlung &#8211; Massage f\u00fcr die Haut von Gesicht und K\u00f6rper.<\/li>\n<li>T\u00e4glicher Make-up-Entferner, der alle Unreinheiten entfernt und die Haut sauber, gen\u00e4hrt, weich und elastisch macht.<\/li>\n<\/ul>\n<p>Lassen Sie Ihre Haut atmen.<\/p>\n<p><strong>Sichtbare und subtile Entgiftung:<\/strong><\/p>\n<p>Im Ayurveda wird gelehrt, dass &#8222;Gleiches Gleiches anzieht (samanya). Wenn also die Haut mit reinen Substanzen entgiftet wird, wird auch das feinstoffliche Feld gereinigt: Die \u00e4u\u00dfere Reinigung und Klarheit l\u00e4dt das saubere Prana (Lebensenergie) ein, einzutreten und zu zirkulieren. Gereinigte Haut atmet nicht nur besser, sie vibriert auch lauter.<\/p>\n<p><strong>Wesentliche Vorteile:<\/strong><\/p>\n<ul>\n<li>Entgiftet, entschlackt und reinigt gr\u00fcndlich, ohne die Haut zu sch\u00e4digen.<\/li>\n<li>F\u00f6rdert die Zellregeneration und das Gleichgewicht des Hydrolipidmantels.<\/li>\n<li>Sorgt f\u00fcr Elastizit\u00e4t, Weichheit und Leuchtkraft.<\/li>\n<li>Hilft bei der Vorbeugung von Mikroorganismen und Hautparasiten (traditionelle Wirkung von Neem).<\/li>\n<li>Sch\u00fctzt vor oxidativen Sch\u00e4den und vorzeitiger Hautalterung.<\/li>\n<li>Lindert Entz\u00fcndungen und Hautempfindlichkeit.<\/li>\n<li>St\u00e4rkt das Energiefeld der Haut (subtile Wirkung).<\/li>\n<li>Entfernt und zieht Make-up und lipophile (fettl\u00f6sliche) Unreinheiten sanft. Hinterl\u00e4sst nach dem Sp\u00fclen ein seidiges Finish.<\/li>\n<\/ul>\n<p><strong>Geeignet <\/strong>f\u00fcr alle Hauttypen, auch f\u00fcr empfindliche Haut.<\/p>\n<p><strong>Wie benutzt man:<\/strong><\/p>\n<p>Anwendung 1: Abschmink\u00f6l: Mischen Sie etwas \u00d6l mit ein paar Tropfen Wasser in der Handfl\u00e4che. Mit einer sanften Massage auf das Gesicht auftragen, mit warmem Wasser absp\u00fclen und mit einem sauberen Handtuch trocknen.<\/p>\n<p>Anwendung 2: Reinigungs\u00f6l: Auf Gesicht und\/oder K\u00f6rper auf saubere, trockene Haut auftragen.<\/p>\n<p><strong>H\u00e4ufigkeit der Nutzung:<\/strong><\/p>\n<ul>\n<li>T\u00e4glich als Make-up-Entferner<\/li>\n<li>2-3 Mal pro Woche als Detox-Kur.<\/li>\n<\/ul>\n<p><strong>Bewerben Sie sich mit Pr\u00e4senz:<\/strong><\/p>\n<p><strong>Nirama \u00d6l wird bewusst angewendet.<\/strong><br \/>\nEs ist nicht nur Reinigung: es ist Aktivierung, Befreiung, Pflege. Eine Geste, die, wenn sie mit Aufmerksamkeit ausgef\u00fchrt wird, zu einem Ritual wird.<\/p>\n<p>Die Haut mit Pr\u00e4senz zu massieren erm\u00f6glicht es dem K\u00f6rper, die Absicht zu erkennen: nicht nur das \u00dcbersch\u00fcssige zu beseitigen, sondern Raum f\u00fcr das zu schaffen, was n\u00e4hrt.<\/p>\n<p><strong>Externes und internes Debuggen<\/strong><\/p>\n<p>Und da jede authentische Reinigung auf Kontinuit\u00e4t abzielt, <strong>laden wir Sie ein, die Verwendung von Nirama\u00f6l mit einer Tasse Nirama-Tee zu begleiten<\/strong>.<\/p>\n<p>W\u00e4hrend sich die Haut nach au\u00dfen l\u00f6st, wird der K\u00f6rper von innen aufgehellt.<br \/>\n<strong>Reinigen ist nicht Entleeren: Es f\u00fchlt sich wieder sauber, pr\u00e4sent und leuchtend an.<\/strong><\/p>\n<p><strong>Lassen Sie Ihre Haut und Ihren K\u00f6rper ihre Reinheit zeigen. Was sauber ist, ist leuchtend.<\/strong><\/p>\n<p><strong>Gr\u00f6\u00dfe: 250ml<\/strong><\/p>\n","protected":false},"excerpt":{"rendered":"<p><strong>Das erste Gebot der Sch\u00f6nheit und Leuchtkraft ist die Sauberkeit<\/strong><\/p>\n<p>Formuliert mit einer Synergie von Pflanzen, die n\u00e4hren, reinigen, beruhigen und erneuern: Reis\u00f6l ern\u00e4hrt jede Zelle; Neem, Granatapfel, Rose und andere reinigende bioaktive Wirkstoffe stellen die nat\u00fcrliche Reinheit Ihrer Haut wieder her.<\/p>\n<p>Das Licht, das aus dir geboren wird, braucht keinen Schmuck<\/p>\n<p>&#8222;Nir&#8220; bedeutet im Sanskrit &#8222;ohne&#8220;; und &#8222;ama&#8220;, Gift. Nirama bedeutet &#8222;giftfrei&#8220;. Und das ist es, was es bietet: saubere, ruhige und strahlende Haut.<\/p>\n<p><strong>Es handelt sich um ein bifunktionales Produkt:<\/strong><\/p>\n<ul>\n<li>Detox-Behandlung &#8211; Massage f\u00fcr die Haut von Gesicht und K\u00f6rper.<\/li>\n<li>T\u00e4glicher Make-up-Entferner, der alle Unreinheiten entfernt und die Haut sauber, gen\u00e4hrt, weich und elastisch macht.<\/li>\n<\/ul>\n<p>Lassen Sie Ihre Haut atmen.<\/p>\n<p>Lassen Sie Ihre Haut ihre Reinheit zeigen.<strong><br \/>\nWas sauber ist, ist leuchtend.<\/strong><\/p>\n<p><strong>Gr\u00f6\u00dfe: 250ml<\/strong><\/p>\n","protected":false},"featured_media":9035,"template":"","meta":[],"product_cat":[113,114,115],"product_tag":[],"class_list":{"0":"post-9045","1":"product","2":"type-product","3":"status-publish","4":"has-post-thumbnail","6":"product_cat-gesicht","7":"product_cat-koerper","8":"product_cat-gesichtsreinigung","10":"first","11":"instock","12":"featured","13":"taxable","14":"shipping-taxable","15":"purchasable","16":"product-type-simple"},"_links":{"self":[{"href":"https:\/\/www.jeevan-ayurveda.com\/de\/wp-json\/wp\/v2\/product\/9045"}],"collection":[{"href":"https:\/\/www.jeevan-ayurveda.com\/de\/wp-json\/wp\/v2\/product"}],"about":[{"href":"https:\/\/www.jeevan-ayurveda.com\/de\/wp-json\/wp\/v2\/types\/product"}],"wp:featuredmedia":[{"embeddable":true,"href":"https:\/\/www.jeevan-ayurveda.com\/de\/wp-json\/wp\/v2\/media\/9035"}],"wp:attachment":[{"href":"https:\/\/www.jeevan-ayurveda.com\/de\/wp-json\/wp\/v2\/media?parent=9045"}],"wp:term":[{"taxonomy":"product_cat","embeddable":true,"href":"https:\/\/www.jeevan-ayurveda.com\/de\/wp-json\/wp\/v2\/product_cat?post=9045"},{"taxonomy":"product_tag","embeddable":true,"href":"https:\/\/www.jeevan-ayurveda.com\/de\/wp-json\/wp\/v2\/product_tag?post=9045"}],"curies":[{"name":"wp","href":"https:\/\/api.w.org\/{rel}","templated":true}]}}