{"id":9059,"date":"2025-06-25T13:32:09","date_gmt":"2025-06-25T11:32:09","guid":{"rendered":"https:\/\/www.jeevan-ayurveda.com\/?post_type=product&#038;p=9059"},"modified":"2025-06-25T13:32:41","modified_gmt":"2025-06-25T11:32:41","slug":"suesse-violette-kerze","status":"publish","type":"product","link":"https:\/\/www.jeevan-ayurveda.com\/de\/produkt\/suesse-violette-kerze\/","title":{"rendered":"S\u00fc\u00dfe violette Kerze"},"content":{"rendered":"<p>Das Veilchen ist eine dezente, aber tief bewegende Blume. Er w\u00e4chst nahe am Boden, als w\u00fcrde er die Geheimnisse der Erde h\u00fcten, und bietet ein s\u00fc\u00dfes, frisches und leicht pudriges Aroma, das seit der Antike f\u00fcr seine beruhigenden Eigenschaften gesch\u00e4tzt wird. In der traditionellen Kr\u00e4uterkunde wird es verwendet, um die Atmung zu mildern, das unruhige Herz zu beruhigen und Trauer oder emotionale \u00dcberg\u00e4nge zu begleiten.<\/p>\n<p>Das Veilchen, klein und diskret, umschlie\u00dft in seinem Duft die Kraft des Unsichtbaren. In der ayurvedischen Tradition sind subtile D\u00fcfte Vehikel f\u00fcr emotionale Heilung: Sie ber\u00fchren Geist und Herz und wecken alte Erinnerungen.<\/p>\n<p><strong>Sweet Violet Candle<\/strong> ist ein Lichtfaden zwischen dem Physischen und dem Spirituellen. Ihr blumiges und \u00e4therisches Aroma macht sie zur idealen Kerze zum Meditieren, Schreiben oder einfach nur zum Sein. Sein Aroma beruhigt den Zustand der Unruhe, stabilisiert zerstreute Gedanken und f\u00f6rdert die Ruhe. Im Ayurveda n\u00e4hrt das, was man nicht sieht, auch.<\/p>\n<p>Eine sanfte Flamme, die nicht blendet, sondern ohne Worte leitet. Sein Duft hilft uns, uns daran zu erinnern, dass Klarheit nicht von au\u00dfen, sondern von innen kommt.<\/p>\n<p>Handgefertigt aus <strong>100% Sojawachs, <\/strong>n\u00e4hrt diese Kerze die Sinne, ohne die Umwelt zu sch\u00e4digen. Schalten Sie es ein, um einen intimen Raum zu schaffen, in dem Weichheit ihren Platz hat.<\/p>\n<ul>\n<li>Gewicht: 180 g.<\/li>\n<\/ul>\n","protected":false},"excerpt":{"rendered":"<p><strong>Das Fl\u00fcstern der bl\u00fchenden Seele<\/strong><\/p>\n<p>Das Veilchen, klein und diskret, umschlie\u00dft in seinem Duft die Kraft des Unsichtbaren. In der ayurvedischen Tradition sind subtile D\u00fcfte Vehikel f\u00fcr emotionale Heilung: Sie ber\u00fchren Geist und Herz und wecken alte Erinnerungen.<\/p>\n<p><strong>Sweet Violet Candle<\/strong> ist ein Lichtfaden zwischen dem Physischen und dem Spirituellen. Ihr blumiges und \u00e4therisches Aroma macht sie zur idealen Kerze zum Meditieren, Schreiben oder einfach nur zum Sein. Sein Aroma beruhigt den Zustand der Unruhe, stabilisiert zerstreute Gedanken und f\u00f6rdert die Ruhe. Im Ayurveda n\u00e4hrt das, was man nicht sieht, auch.<\/p>\n<p>Eine sanfte Flamme, die nicht blendet, sondern ohne Worte leitet. Sein Duft hilft uns, uns daran zu erinnern, dass Klarheit nicht von au\u00dfen, sondern von innen kommt.<\/p>\n<p>Handgefertigt aus <strong>100% Sojawachs, <\/strong>n\u00e4hrt diese Kerze die Sinne, ohne die Umwelt zu sch\u00e4digen. Schalten Sie es ein, um einen intimen Raum zu schaffen, in dem Weichheit ihren Platz hat.<\/p>\n<ul>\n<li>Gewicht: 180 g.<\/li>\n<\/ul>\n","protected":false},"featured_media":9056,"template":"","meta":[],"product_cat":[117,118,119],"product_tag":[],"class_list":{"0":"post-9059","1":"product","2":"type-product","3":"status-publish","4":"has-post-thumbnail","6":"product_cat-tees","7":"product_cat-raeucherstaebchen","8":"product_cat-artikel-fuer-die-schoenheit","10":"first","11":"instock","12":"featured","13":"taxable","14":"shipping-taxable","15":"purchasable","16":"product-type-simple"},"_links":{"self":[{"href":"https:\/\/www.jeevan-ayurveda.com\/de\/wp-json\/wp\/v2\/product\/9059"}],"collection":[{"href":"https:\/\/www.jeevan-ayurveda.com\/de\/wp-json\/wp\/v2\/product"}],"about":[{"href":"https:\/\/www.jeevan-ayurveda.com\/de\/wp-json\/wp\/v2\/types\/product"}],"wp:featuredmedia":[{"embeddable":true,"href":"https:\/\/www.jeevan-ayurveda.com\/de\/wp-json\/wp\/v2\/media\/9056"}],"wp:attachment":[{"href":"https:\/\/www.jeevan-ayurveda.com\/de\/wp-json\/wp\/v2\/media?parent=9059"}],"wp:term":[{"taxonomy":"product_cat","embeddable":true,"href":"https:\/\/www.jeevan-ayurveda.com\/de\/wp-json\/wp\/v2\/product_cat?post=9059"},{"taxonomy":"product_tag","embeddable":true,"href":"https:\/\/www.jeevan-ayurveda.com\/de\/wp-json\/wp\/v2\/product_tag?post=9059"}],"curies":[{"name":"wp","href":"https:\/\/api.w.org\/{rel}","templated":true}]}}