{"id":9067,"date":"2025-06-25T13:52:45","date_gmt":"2025-06-25T11:52:45","guid":{"rendered":"https:\/\/www.jeevan-ayurveda.com\/?post_type=product&#038;p=9067"},"modified":"2026-02-09T13:03:41","modified_gmt":"2026-02-09T12:03:41","slug":"amber-sandelholz-kerze","status":"publish","type":"product","link":"https:\/\/www.jeevan-ayurveda.com\/de\/produkt\/amber-sandelholz-kerze\/","title":{"rendered":"Amber &#038; Sandelholz Kerze"},"content":{"rendered":"<p><strong>Wurzel und Mysterium, in einem einzigen Atemzug<\/strong><\/p>\n<p>Amber schwingt mit den Ahnen mit; Sandelholz, mit dem Heiligen. Gemeinsam komponieren sie eine olfaktorische Melodie, die im Ayurveda mit dem Element Erde und dem inneren Raum in Verbindung gebracht wird. Diese Kerze entz\u00fcndet eine warme und tiefe Flamme, wie das Feuer des wohltemperierten Agni: fest, stetig, transformativ.\u00a0 Im Ayurveda n\u00e4hrt das, was man nicht sieht, auch.<\/p>\n<p>Obwohl Bernstein<strong> gemeinhin als Harz angesehen wird, ist er <\/strong>in Wirklichkeit ein fossiles Material: der Saft alter B\u00e4ume, der seit Jahrhunderten unter der Erde ruht und sich mit Geschichte, Zeit und Stille aufl\u00e4dt. Sein Aroma, warm und s\u00fc\u00df, verbindet uns mit dem Alten, mit dem Wesentlichen und mit der Weisheit, die im K\u00f6rper gespeichert ist.<\/p>\n<p><strong>Sandelholz<\/strong> (<em>Santalum album<\/em>) ist eines der heiligsten H\u00f6lzer in der ayurvedischen und vedischen Tradition. Sein holziges, weiches und anhaltendes Aroma wird verwendet, um den Geist zu beruhigen, das Herz zu \u00f6ffnen und das Bewusstsein zu heben. Es ist eine <em>sattvische Pflanze<\/em>: Sie bringt Klarheit, Reinheit und Ausgeglichenheit und wird besonders in der Meditation und in rituellen Praktiken verwendet.<\/p>\n<p><strong>Amber &amp; Sandalwood Candle<\/strong> ist perfekt, um ein sensorisches Refugium zu schaffen, das Sicherheit, Pr\u00e4senz und Verbindung mit dem Wesentlichen bietet.<\/p>\n<p>Hergestellt aus <strong>100% Sojawachs<\/strong>, verwandelt seine saubere und stabile Flamme jeden Raum in einen Indoor-Tempel.<\/p>\n<p>&nbsp;<\/p>\n<ul>\n<li>Gewicht: 180 g.<\/li>\n<\/ul>\n","protected":false},"excerpt":{"rendered":"<p><strong>Wurzel und Mysterium, in einem einzigen Atemzug<\/strong><\/p>\n<p>Amber schwingt mit dem Alten mit, Sandelholz mit dem Heiligen.<br \/>\nGemeinsam komponieren sie eine olfaktorische Melodie, die im Ayurveda mit dem Element Erde und dem inneren Raum in Verbindung gebracht wird. Diese Kerze entz\u00fcndet eine warme und tiefe Flamme, wie das Feuer des wohltemperierten Agni: fest, stetig, transformativ.\u00a0 Im Ayurveda n\u00e4hrt das, was man nicht sieht, auch.<\/p>\n<p><strong>Amber &amp; Sandalwood Candle<\/strong> ist perfekt, um ein sensorisches Refugium zu schaffen, das Sicherheit, Pr\u00e4senz und Verbindung mit dem Wesentlichen bietet.<\/p>\n<p>Hergestellt aus <strong>100% Sojawachs<\/strong>, verwandelt seine saubere und stabile Flamme jeden Raum in einen Indoor-Tempel.<\/p>\n<ul>\n<li>Gewicht: 180 g.<\/li>\n<\/ul>\n","protected":false},"featured_media":9065,"template":"","meta":[],"product_cat":[119],"product_tag":[],"class_list":{"0":"post-9067","1":"product","2":"type-product","3":"status-publish","4":"has-post-thumbnail","6":"product_cat-artikel-fuer-die-schoenheit","8":"first","9":"instock","10":"featured","11":"taxable","12":"shipping-taxable","13":"purchasable","14":"product-type-simple"},"_links":{"self":[{"href":"https:\/\/www.jeevan-ayurveda.com\/de\/wp-json\/wp\/v2\/product\/9067"}],"collection":[{"href":"https:\/\/www.jeevan-ayurveda.com\/de\/wp-json\/wp\/v2\/product"}],"about":[{"href":"https:\/\/www.jeevan-ayurveda.com\/de\/wp-json\/wp\/v2\/types\/product"}],"wp:featuredmedia":[{"embeddable":true,"href":"https:\/\/www.jeevan-ayurveda.com\/de\/wp-json\/wp\/v2\/media\/9065"}],"wp:attachment":[{"href":"https:\/\/www.jeevan-ayurveda.com\/de\/wp-json\/wp\/v2\/media?parent=9067"}],"wp:term":[{"taxonomy":"product_cat","embeddable":true,"href":"https:\/\/www.jeevan-ayurveda.com\/de\/wp-json\/wp\/v2\/product_cat?post=9067"},{"taxonomy":"product_tag","embeddable":true,"href":"https:\/\/www.jeevan-ayurveda.com\/de\/wp-json\/wp\/v2\/product_tag?post=9067"}],"curies":[{"name":"wp","href":"https:\/\/api.w.org\/{rel}","templated":true}]}}