{"id":9232,"date":"2025-08-29T14:24:27","date_gmt":"2025-08-29T12:24:27","guid":{"rendered":"https:\/\/www.jeevan-ayurveda.com\/?post_type=product&#038;p=9232"},"modified":"2025-10-30T12:48:06","modified_gmt":"2025-10-30T11:48:06","slug":"kansa-gua-sha","status":"publish","type":"product","link":"https:\/\/www.jeevan-ayurveda.com\/de\/produkt\/kansa-gua-sha\/","title":{"rendered":"Kansa Gua Sha"},"content":{"rendered":"<p>Dieses traditionelle ayurvedische Werkzeug, das aus einer Kupfer-Zinn-Legierung hergestellt wird, die als <em>Kansa bekannt ist<\/em>, wird seit Jahrhunderten f\u00fcr Gesichts- und K\u00f6rpermassagen verwendet.<\/p>\n<p>Im Ayurveda wird Kansa als <em>&#8222;das heilende Metall&#8220; verehrt, <\/em>\u00a0und seine Verwendung reicht bis in die vedische \u00c4ra zur\u00fcck. Ihm werden entgiftende, entz\u00fcndungshemmende und harmonisierende Eigenschaften der Lebensenergie (<em>Pra\u1e47a) zugeschrieben<\/em>, was es zu einem au\u00dfergew\u00f6hnlichen Verb\u00fcndeten f\u00fcr die Gesundheit der Haut und das ganzheitliche Wohlbefinden macht.<\/p>\n<p>\u2013 <strong>Regt die Durchblutung an.<\/strong><br \/>\nWenn es \u00fcber die Haut gleitet, aktiviert es die Durchblutung und f\u00f6rdert die Lymphdrainage, wodurch Giftstoffe (<em>Ama) ausgeschieden <\/em>und Schwellungen reduziert werden.<\/p>\n<p>\u2013 <strong>Tonisiert und definiert neu.<\/strong><br \/>\nEs hilft, die Gesichtskonturen zu formen, feine Linien zu gl\u00e4tten und die Elastizit\u00e4t zu verbessern, wodurch die Haut straffer und revitalisiert wird.<\/p>\n<p>\u2013 <strong>Beruhigt und gleicht aus.<\/strong><br \/>\nSeine nat\u00fcrliche K\u00e4ltewirkung reduziert \u00fcbersch\u00fcssiges <em>Pitta-Dosha <\/em>und lindert Entz\u00fcndungen, R\u00f6tungen, Akne oder Empfindlichkeit. Die Haut sieht ruhiger aus und hat einen gesunden, <em>\u00a0ebenm\u00e4\u00dfigen Glanz<\/em>.<\/p>\n<p><strong>AnwendungTragen Sie vor der Massage ein paar Tropfen \u00d6l auf die gereinigte Haut auf.<\/strong><br \/>\nW\u00e4hlen Sie je nach Verwendungszweck die am besten geeignete aus:<\/p>\n<p>\u2013 <strong>Nirama-\u00d6l<\/strong>, wenn das Ziel darin besteht, zu entgiften und gr\u00fcndlich zu reinigen.<\/p>\n<p>\u2013 <strong>Pitta-\u00d6l<\/strong>, wenn Sie R\u00f6tungen, Juckreiz, Entz\u00fcndungen lindern oder \u00fcberm\u00e4\u00dfige Hitze auf der Haut reduzieren m\u00f6chten.<\/p>\n<p>\u2013 <strong>Rasayana-Serum<\/strong>, wenn Sie die Haut tonisieren, die Elastizit\u00e4t verbessern und revitalisieren m\u00f6chten.<\/p>\n<p>Gleiten Sie mit dem Kansa Gua Sha sanft \u00fcber Gesicht, Hals und Dekollet\u00e9 und folgen Sie dabei den in der Zeichnung angegebenen Anweisungen. Vermeiden Sie \u00fcberm\u00e4\u00dfiges Dr\u00fccken. Die Massage kann ein- oder zweimal t\u00e4glich f\u00fcr 3 bis 10 Minuten durchgef\u00fchrt werden, je nach Bedarf und Zeit, die Sie haben.<\/p>\n<p><strong>Wie man es nat\u00fcrlich reinigt<\/strong><\/p>\n<p>Kansa ist ein Metall und muss sanft, aber regelm\u00e4\u00dfig gereinigt werden, um seine Reinheit und Wirksamkeit zu erhalten:<\/p>\n<ul>\n<li>Reinigen Sie das Werkzeug nach jedem Gebrauch mit einem weichen, feuchten Tuch.<\/li>\n<li>Wenn es mit \u00d6len in Ber\u00fchrung gekommen ist, k\u00f6nnen Sie eine Mischung aus <strong>warmem Wasser und etwas Naturseife verwenden. <\/strong><\/li>\n<li>Trocknen Sie es vollst\u00e4ndig mit einem Baumwolltuch ab.<\/li>\n<li>Einmal pro Woche k\u00f6nnen Sie es mit einer Mischung aus <strong>Zitrone und feinem Salz einreiben<\/strong>, einige Minuten einwirken lassen, dann absp\u00fclen und trocknen. Diese traditionelle ayurvedische Formel reinigt das Metall und gleicht seine Energieladung aus.<\/li>\n<\/ul>\n<p>Vermeiden Sie die Verwendung von aggressiven Chemikalien oder scheuernden Materialien.<\/p>\n<p><strong>Ein Ritual, nicht nur eine Technik<\/strong><\/p>\n<p>Die Integration von Kansa Gua Sha in Ihre Routine ist nicht nur eine \u00e4sthetische Praxis: Es ist eine Geste des Zuh\u00f6rens, eine Pause, ein Dialog mit Ihrer Haut. Es bedeutet, sich daran zu erinnern, dass <strong>die Sch\u00f6nheit, die in dir ist, nicht erzwungen wird: Sie wird kultiviert, geatmet und durch Pr\u00e4senz aufrechterhalten.<\/strong><\/p>\n","protected":false},"excerpt":{"rendered":"<p>Dieses traditionelle ayurvedische Werkzeug, das aus einer Kupfer-Zinn-Legierung hergestellt wird, die als <em>Kansa bekannt ist<\/em>, wird seit Jahrhunderten f\u00fcr Gesichts- und K\u00f6rpermassagen verwendet.<\/p>\n<p>Im Ayurveda wird Kansa als <em>&#8222;das heilende Metall&#8220; verehrt, <\/em>\u00a0und seine Verwendung reicht bis in die vedische \u00c4ra zur\u00fcck. Ihm werden entgiftende, entz\u00fcndungshemmende und harmonisierende Eigenschaften der Lebensenergie (<em>Pra\u1e47a) zugeschrieben<\/em>, was es zu einem au\u00dfergew\u00f6hnlichen Verb\u00fcndeten f\u00fcr die Gesundheit der Haut und das ganzheitliche Wohlbefinden macht.<\/p>\n<p>\u2013 <strong>Regt die Durchblutung an.<\/strong><\/p>\n<p>\u2013 <strong>Tonisiert und definiert neu.<\/strong><\/p>\n<p>\u2013 <strong>Beruhigt und gleicht aus.<\/strong><\/p>\n","protected":false},"featured_media":9218,"template":"","meta":[],"product_cat":[115,119],"product_tag":[],"class_list":{"0":"post-9232","1":"product","2":"type-product","3":"status-publish","4":"has-post-thumbnail","6":"product_cat-gesichtsreinigung","7":"product_cat-artikel-fuer-die-schoenheit","9":"first","10":"instock","11":"taxable","12":"shipping-taxable","13":"purchasable","14":"product-type-simple"},"_links":{"self":[{"href":"https:\/\/www.jeevan-ayurveda.com\/de\/wp-json\/wp\/v2\/product\/9232"}],"collection":[{"href":"https:\/\/www.jeevan-ayurveda.com\/de\/wp-json\/wp\/v2\/product"}],"about":[{"href":"https:\/\/www.jeevan-ayurveda.com\/de\/wp-json\/wp\/v2\/types\/product"}],"wp:featuredmedia":[{"embeddable":true,"href":"https:\/\/www.jeevan-ayurveda.com\/de\/wp-json\/wp\/v2\/media\/9218"}],"wp:attachment":[{"href":"https:\/\/www.jeevan-ayurveda.com\/de\/wp-json\/wp\/v2\/media?parent=9232"}],"wp:term":[{"taxonomy":"product_cat","embeddable":true,"href":"https:\/\/www.jeevan-ayurveda.com\/de\/wp-json\/wp\/v2\/product_cat?post=9232"},{"taxonomy":"product_tag","embeddable":true,"href":"https:\/\/www.jeevan-ayurveda.com\/de\/wp-json\/wp\/v2\/product_tag?post=9232"}],"curies":[{"name":"wp","href":"https:\/\/api.w.org\/{rel}","templated":true}]}}