{"id":9567,"date":"2026-02-02T13:33:37","date_gmt":"2026-02-02T12:33:37","guid":{"rendered":"https:\/\/www.jeevan-ayurveda.com\/?post_type=product&#038;p=9567"},"modified":"2026-02-02T13:33:37","modified_gmt":"2026-02-02T12:33:37","slug":"wacholder-tulsi-und-bitterorange-natuerliche-aura-seife-2","status":"publish","type":"product","link":"https:\/\/www.jeevan-ayurveda.com\/de\/produkt\/wacholder-tulsi-und-bitterorange-natuerliche-aura-seife-2\/","title":{"rendered":"Wacholder, Tulsi und Bitterorange. Nat\u00fcrliche Aura-Seife."},"content":{"rendered":"<p>100 % nat\u00fcrliche, handwerkliche Seife, hergestellt mit Kokos- und Oliven\u00f6l, kalt vers\u00e4uft und 100 % biologisch abbaubar. Glycerin ist nicht in unseren Seifen enthalten; Das enthaltene Glycerin wird im Kaltherstellungsprozess gewonnen. Das so gewonnene Glycerin verleiht der Seife feuchtigkeitsspendende Eigenschaften.<\/p>\n<p>Die Verwendung von Waschmittelgelen in den letzten Jahrzehnten hat zu schwerwiegenden Hautproblemen gef\u00fchrt (Allergien, Dermatitis, Psoriasis usw.), aber die R\u00fcckkehr zu nat\u00fcrlichen Seifen hat der Haut die F\u00e4higkeit zur\u00fcckgegeben, ihren nat\u00fcrlichen Schutzfilm wiederherzustellen, der das Auftreten dermatologischer Erkrankungen verhindert.<\/p>\n<p>Unsere Seifen, die mit hochwertigen pflanzlichen Inhaltsstoffen hergestellt werden, sind vorteilhaft f\u00fcr die Hautpflege, die Gesundheit und sehr respektvoll gegen\u00fcber der Umwelt.<\/p>\n<p>Der Zweck unserer Seifen ist es, die Haut sauber zu halten, ihre N\u00e4hrstoffe und Feuchtigkeit zu erhalten und die Regeneration der Epidermis zu f\u00f6rdern.<\/p>\n<p>Der enorme Mehrwert dieser Seife ist ihr hoher Gehalt an heiligen Pflanzen: Wacholder (auch Wacholder genannt), Basilikum, Minze, Salbei und Bitterorange, die das Aurenfeld und den subtilen K\u00f6rper reinigen und sch\u00fctzen. Es entgiftet und reinigt die Haut, erh\u00e4lt ihre Feuchtigkeit und verleiht ihr ein strahlenderes Aussehen.<\/p>\n<p>Die Orangenschalenst\u00fccke wirken eine sanfte Peeling und erfrischen die Haut mit einem exquisiten Duft.<\/p>\n","protected":false},"excerpt":{"rendered":"<p>Der enorme Mehrwert dieser Seife ist ihr hoher Gehalt an heiligen Pflanzen: Wacholder (auch Wacholder genannt), Basilikum, Minze, Salbei und Bitterorange, die das Aurenfeld und den subtilen K\u00f6rper reinigen und sch\u00fctzen. Es entgiftet und reinigt die Haut, erh\u00e4lt ihre Feuchtigkeit und verleiht ihr ein strahlenderes Aussehen.<\/p>\n<p>Die Orangenschalenst\u00fccke wirken eine sanfte Peeling und erfrischen die Haut mit einem exquisiten Duft.<\/p>\n<ul>\n<li>Gr\u00f6\u00dfe: 100g<\/li>\n<\/ul>\n","protected":false},"featured_media":7328,"template":"","meta":[],"product_cat":[113,114,115],"product_tag":[],"class_list":{"0":"post-9567","1":"product","2":"type-product","3":"status-publish","4":"has-post-thumbnail","6":"product_cat-gesicht","7":"product_cat-koerper","8":"product_cat-gesichtsreinigung","10":"first","11":"instock","12":"taxable","13":"shipping-taxable","14":"purchasable","15":"product-type-simple"},"_links":{"self":[{"href":"https:\/\/www.jeevan-ayurveda.com\/de\/wp-json\/wp\/v2\/product\/9567"}],"collection":[{"href":"https:\/\/www.jeevan-ayurveda.com\/de\/wp-json\/wp\/v2\/product"}],"about":[{"href":"https:\/\/www.jeevan-ayurveda.com\/de\/wp-json\/wp\/v2\/types\/product"}],"wp:featuredmedia":[{"embeddable":true,"href":"https:\/\/www.jeevan-ayurveda.com\/de\/wp-json\/wp\/v2\/media\/7328"}],"wp:attachment":[{"href":"https:\/\/www.jeevan-ayurveda.com\/de\/wp-json\/wp\/v2\/media?parent=9567"}],"wp:term":[{"taxonomy":"product_cat","embeddable":true,"href":"https:\/\/www.jeevan-ayurveda.com\/de\/wp-json\/wp\/v2\/product_cat?post=9567"},{"taxonomy":"product_tag","embeddable":true,"href":"https:\/\/www.jeevan-ayurveda.com\/de\/wp-json\/wp\/v2\/product_tag?post=9567"}],"curies":[{"name":"wp","href":"https:\/\/api.w.org\/{rel}","templated":true}]}}