{"id":9604,"date":"2026-02-20T13:10:31","date_gmt":"2026-02-20T12:10:31","guid":{"rendered":"https:\/\/www.jeevan-ayurveda.com\/?post_type=product&#038;p=9604"},"modified":"2026-02-20T13:27:37","modified_gmt":"2026-02-20T12:27:37","slug":"kumari-gel-%c2%b7-aloe-vera-roses-herbs","status":"publish","type":"product","link":"https:\/\/www.jeevan-ayurveda.com\/de\/produkt\/kumari-gel-%c2%b7-aloe-vera-roses-herbs\/","title":{"rendered":"Kumari Gel \u00b7 Aloe Vera, Roses &#038; Herbs"},"content":{"rendered":"<p data-start=\"141\" data-end=\"290\">Diese verst\u00e4rkte Formel vorzustellen, die dieses Gel in ein wahres Elixier f\u00fcr sensible und reaktive Haut verwandelt.<\/p>\n<p data-start=\"292\" data-end=\"643\">Aloe Vera, Damaszenerrose, S\u00fc\u00dfholz, Kardamom und eine sorgf\u00e4ltig ausgew\u00e4hlte Kombination weiterer pflanzlicher Wirkstoffe vereinen sich zu einem Gel mit leichter Textur, das die Haut zutiefst respektiert. Es spendet Feuchtigkeit, beruhigt, gl\u00e4ttet und stellt das Wohlgef\u00fchl der Haut wieder her, ohne ihr nat\u00fcrliches Gleichgewicht zu beeintr\u00e4chtigen.<\/p>\n<p data-start=\"645\" data-end=\"933\">Hergestellt aus einer Synergie von Pflanzen, die in der ayurvedischen Tradition als <em data-start=\"729\" data-end=\"739\">Rasayana<\/em>-Tonika bekannt sind, wirkt dieses Gel als leichtes <em data-start=\"791\" data-end=\"801\">Rasayana<\/em> (verj\u00fcngende Pflege), das dazu beitr\u00e4gt, die nat\u00fcrliche Intelligenz der Haut wiederherzustellen und ihre Regeneration zu f\u00f6rdern.<\/p>\n<p data-start=\"935\" data-end=\"1018\">Ein sensibles Gel f\u00fcr Gesicht und K\u00f6rper\u00a0 pflanzlich, reduziert und still heilend.<\/p>\n","protected":false},"excerpt":{"rendered":"<p data-start=\"1046\" data-end=\"1151\">Eine verst\u00e4rkte Formel, die dieses Gel in ein wahres Elixier f\u00fcr sensible und reaktive Haut verwandelt.<\/p>\n<p data-start=\"1153\" data-end=\"1492\">Aloe Vera, Damaszenerrose, S\u00fc\u00dfholz, Kardamom und eine sorgf\u00e4ltig ausgew\u00e4hlte Kombination weiterer pflanzlicher Wirkstoffe bilden ein Gel mit leichter Textur, das die Haut zutiefst respektiert. Es spendet Feuchtigkeit, beruhigt, gl\u00e4ttet und stellt das Wohlgef\u00fchl der Haut wieder her, ohne ihr nat\u00fcrliches Gleichgewicht zu beeintr\u00e4chtigen.<\/p>\n<p data-start=\"1494\" data-end=\"1588\">Geeignet f\u00fcr sensible und reaktive Haut mit Juckreiz und R\u00f6tungen. Ideal nach dem Sonnenbaden.<\/p>\n","protected":false},"featured_media":9594,"template":"","meta":[],"product_cat":[113,114],"product_tag":[],"class_list":{"0":"post-9604","1":"product","2":"type-product","3":"status-publish","4":"has-post-thumbnail","6":"product_cat-gesicht","7":"product_cat-koerper","9":"first","10":"instock","11":"taxable","12":"shipping-taxable","13":"purchasable","14":"product-type-simple"},"_links":{"self":[{"href":"https:\/\/www.jeevan-ayurveda.com\/de\/wp-json\/wp\/v2\/product\/9604"}],"collection":[{"href":"https:\/\/www.jeevan-ayurveda.com\/de\/wp-json\/wp\/v2\/product"}],"about":[{"href":"https:\/\/www.jeevan-ayurveda.com\/de\/wp-json\/wp\/v2\/types\/product"}],"wp:featuredmedia":[{"embeddable":true,"href":"https:\/\/www.jeevan-ayurveda.com\/de\/wp-json\/wp\/v2\/media\/9594"}],"wp:attachment":[{"href":"https:\/\/www.jeevan-ayurveda.com\/de\/wp-json\/wp\/v2\/media?parent=9604"}],"wp:term":[{"taxonomy":"product_cat","embeddable":true,"href":"https:\/\/www.jeevan-ayurveda.com\/de\/wp-json\/wp\/v2\/product_cat?post=9604"},{"taxonomy":"product_tag","embeddable":true,"href":"https:\/\/www.jeevan-ayurveda.com\/de\/wp-json\/wp\/v2\/product_tag?post=9604"}],"curies":[{"name":"wp","href":"https:\/\/api.w.org\/{rel}","templated":true}]}}