{"id":9672,"date":"2026-04-21T19:55:00","date_gmt":"2026-04-21T17:55:00","guid":{"rendered":"https:\/\/www.jeevan-ayurveda.com\/?post_type=product&#038;p=9672"},"modified":"2026-04-21T19:55:00","modified_gmt":"2026-04-21T17:55:00","slug":"blauer-onyx-mala-mit-1081-perlen","status":"publish","type":"product","link":"https:\/\/www.jeevan-ayurveda.com\/de\/produkt\/blauer-onyx-mala-mit-1081-perlen\/","title":{"rendered":"Blauer Onyx Mala mit 108+1 Perlen"},"content":{"rendered":"<p data-start=\"0\" data-end=\"185\">In den Veden sind Steine nicht nur Schmuck, sondern Ausdruck kosmischer Energie in fester Form.<br data-start=\"95\" data-end=\"98\" \/>Jeder Stein tr\u00e4gt in sich eine Schwingung, die beruhigen, st\u00e4rken oder erwecken kann.<\/p>\n<p data-start=\"187\" data-end=\"445\">Diese Japa Mala mit 108 Perlen + 1 Guru-Perle, gefertigt aus blauem Onyx, ist ein Schmuckst\u00fcck der Einkehr und Pr\u00e4senz. Sie wurde entworfen, um dich in der meditativen Praxis, bei der Wiederholung von Mantras oder im einfachen bewussten Atmen zu begleiten.<\/p>\n<p data-start=\"447\" data-end=\"623\">Blauer Onyx sorgt f\u00fcr Kontrast und hebt den Hautton hervor.<br data-start=\"506\" data-end=\"509\" \/>Er hilft, den Geist zu beruhigen, die Energie zu sch\u00fctzen und einen klaren sowie gelassenen Ausdruck zu f\u00f6rdern.<\/p>\n<p data-start=\"625\" data-end=\"652\">Diese Mala ist ideal f\u00fcr:<\/p>\n<ul data-start=\"653\" data-end=\"883\">\n<li data-start=\"653\" data-end=\"732\">Die Vertiefung von Meditation, Introspektion oder kontemplativen Praktiken.<\/li>\n<li data-start=\"733\" data-end=\"795\">Die Kultivierung bewusster Sprache und geordneten Denkens.<\/li>\n<li data-start=\"796\" data-end=\"883\">Das Tragen als sch\u00fctzende Halskette oder Armband in Momenten erh\u00f6hter Sensibilit\u00e4t.<\/li>\n<\/ul>\n<p data-start=\"885\" data-end=\"918\"><strong data-start=\"885\" data-end=\"916\">Energetische Eigenschaften:<\/strong><\/p>\n<ul data-start=\"919\" data-end=\"1078\">\n<li data-start=\"919\" data-end=\"973\">F\u00f6rdert innere Stille und Unterscheidungsverm\u00f6gen.<\/li>\n<li data-start=\"974\" data-end=\"1020\">Sch\u00fctzt vor Zerstreuung und mentalem L\u00e4rm.<\/li>\n<li data-start=\"1021\" data-end=\"1078\">Unterst\u00fctzt ehrliche Kommunikation und Konzentration.<\/li>\n<\/ul>\n<p data-start=\"1080\" data-end=\"1098\"><strong data-start=\"1080\" data-end=\"1096\">Materialien:<\/strong><\/p>\n<ul data-start=\"1099\" data-end=\"1251\">\n<li data-start=\"1099\" data-end=\"1141\">108 Perlen aus nat\u00fcrlichem blauem Onyx<\/li>\n<li data-start=\"1142\" data-end=\"1167\">1 zentrale Guru-Perle<\/li>\n<li data-start=\"1168\" data-end=\"1251\">Handgefertigt, mit Sorgfalt und Ehrfurcht vor der subtilen Energie jedes Steins<\/li>\n<\/ul>\n<p data-start=\"1253\" data-end=\"1322\" data-is-last-node=\"\" data-is-only-node=\"\">Jede Perle ein Raum der Stille.<br data-start=\"1284\" data-end=\"1287\" \/>Jeder Atemzug eine innere Wahrheit.<\/p>\n","protected":false},"excerpt":{"rendered":"<p data-start=\"0\" data-end=\"258\">Diese Japa Mala mit 108 Perlen + 1 Guru-Perle, gefertigt aus blauem Onyx, ist ein Schmuckst\u00fcck der Einkehr und Pr\u00e4senz. Sie wurde entworfen, um dich in der meditativen Praxis, bei der Wiederholung von Mantras oder im einfachen bewussten Atmen zu begleiten.<\/p>\n<p data-start=\"260\" data-end=\"436\">Blauer Onyx sorgt f\u00fcr Kontrast und hebt den Hautton hervor.<br data-start=\"319\" data-end=\"322\" \/>Er hilft, den Geist zu beruhigen, die Energie zu sch\u00fctzen und einen klaren sowie gelassenen Ausdruck zu f\u00f6rdern.<\/p>\n<p data-start=\"438\" data-end=\"471\"><strong data-start=\"438\" data-end=\"469\">Energetische Eigenschaften:<\/strong><\/p>\n<ul data-start=\"472\" data-end=\"631\">\n<li data-start=\"472\" data-end=\"526\">F\u00f6rdert innere Stille und Unterscheidungsverm\u00f6gen.<\/li>\n<li data-start=\"527\" data-end=\"573\">Sch\u00fctzt vor Zerstreuung und mentalem L\u00e4rm.<\/li>\n<li data-start=\"574\" data-end=\"631\">Unterst\u00fctzt ehrliche Kommunikation und Konzentration.<\/li>\n<\/ul>\n<p data-start=\"633\" data-end=\"704\">Jede Perle ein Raum der Stille.<br data-start=\"664\" data-end=\"667\" \/>Jeder Atemzug eine innere Wahrheit.<\/p>\n<p data-start=\"706\" data-end=\"728\" data-is-last-node=\"\" data-is-only-node=\"\"><strong data-start=\"706\" data-end=\"722\">Perlengr\u00f6\u00dfe:<\/strong> 8 mm.<\/p>\n","protected":false},"featured_media":9669,"template":"","meta":[],"product_cat":[114,119],"product_tag":[],"class_list":{"0":"post-9672","1":"product","2":"type-product","3":"status-publish","4":"has-post-thumbnail","6":"product_cat-koerper","7":"product_cat-artikel-fuer-die-schoenheit","9":"first","10":"instock","11":"taxable","12":"shipping-taxable","13":"purchasable","14":"product-type-simple"},"_links":{"self":[{"href":"https:\/\/www.jeevan-ayurveda.com\/de\/wp-json\/wp\/v2\/product\/9672"}],"collection":[{"href":"https:\/\/www.jeevan-ayurveda.com\/de\/wp-json\/wp\/v2\/product"}],"about":[{"href":"https:\/\/www.jeevan-ayurveda.com\/de\/wp-json\/wp\/v2\/types\/product"}],"wp:featuredmedia":[{"embeddable":true,"href":"https:\/\/www.jeevan-ayurveda.com\/de\/wp-json\/wp\/v2\/media\/9669"}],"wp:attachment":[{"href":"https:\/\/www.jeevan-ayurveda.com\/de\/wp-json\/wp\/v2\/media?parent=9672"}],"wp:term":[{"taxonomy":"product_cat","embeddable":true,"href":"https:\/\/www.jeevan-ayurveda.com\/de\/wp-json\/wp\/v2\/product_cat?post=9672"},{"taxonomy":"product_tag","embeddable":true,"href":"https:\/\/www.jeevan-ayurveda.com\/de\/wp-json\/wp\/v2\/product_tag?post=9672"}],"curies":[{"name":"wp","href":"https:\/\/api.w.org\/{rel}","templated":true}]}}