{"id":2810,"date":"2021-02-15T14:24:21","date_gmt":"2021-02-15T13:24:21","guid":{"rendered":"https:\/\/www.jeevan-ayurveda.com\/?page_id=2810"},"modified":"2025-02-07T09:06:08","modified_gmt":"2025-02-07T08:06:08","slug":"profesionales","status":"publish","type":"page","link":"https:\/\/www.jeevan-ayurveda.com\/es\/profesionales\/","title":{"rendered":"Profesionales"},"content":{"rendered":"<div class=\"wpb-content-wrapper\"><p>[vc_row full_width=\u00bbstretch_row_content\u00bb no_padding=\u00bbyes\u00bb css_animation=\u00bbfadeIn\u00bb css=\u00bb.vc_custom_1647368951682{background-image: url(https:\/\/www.jeevan-ayurveda.com\/wp-content\/uploads\/2022\/03\/Primavera-22-RECORTADA-scaled.jpg?id=5853) !important;background-position: center !important;background-repeat: no-repeat !important;background-size: cover !important;}\u00bb][vc_column][vc_empty_space height=\u00bb600px\u00bb][\/vc_column][\/vc_row][vc_row][vc_column][vc_empty_space height=\u00bb96px\u00bb][\/vc_column][\/vc_row][vc_row gap=\u00bb35&#8243; equal_height=\u00bbyes\u00bb][vc_column css=\u00bb.vc_custom_1612880422931{padding-right: 64px !important;padding-left: 64px !important;}\u00bb]<div class=\"porto-u-heading  wpb_custom_95aa9a11c17ad45cfabaf210d84ee7cc porto-u-8652\"><div class=\"porto-u-main-heading\"><h2   style=\"font-family:Playfair Display; font-weight:700; font-style:italic; color:#666666;font-size:42px;\">Una visi\u00f3n integral de tu piel<\/h2><\/div><style>.porto-u-8652.porto-u-heading{text-align:center}<\/style><\/div>[vc_empty_space height=\u00bb48px\u00bb][vc_column_text]<\/p>\n<p style=\"text-align: center; font-size: 19px;\">Lo que le ocurre a tu piel no es independiente de lo que a ti te ocurre. En Jeevan Ayurveda lo sabemos. Y por ello, te ofrecemos tratamientos de belleza profesional basados en un m\u00e9todo de diagn\u00f3stico integralmente ayurv\u00e9dico. Utilizamos hierbas, semillas, ra\u00edces y flores, y t\u00e9cnicas de trabajo de la antigua medicina ayurv\u00e9dica.<\/p>\n<p>[\/vc_column_text][\/vc_column][\/vc_row][vc_section][vc_row][vc_column][vc_empty_space]<div class=\"porto-u-heading  wpb_custom_95aa9a11c17ad45cfabaf210d84ee7cc porto-u-4271\"><div class=\"porto-u-main-heading\"><h2   style=\"font-family:Playfair Display; font-weight:700; font-style:italic; color:#666666;font-size:42px;\">Te ofrecemos<\/h2><\/div><style>.porto-u-4271.porto-u-heading{text-align:center}<\/style><\/div>[vc_empty_space height=\u00bb64px\u00bb][\/vc_column][\/vc_row][vc_row gap=\u00bb35&#8243; equal_height=\u00bbyes\u00bb content_placement=\u00bbmiddle\u00bb][vc_column width=\u00bb1\/2&#8243; el_class=\u00bbja-block-padding ja-block-padding-right\u00bb][vc_single_image image=\u00bb2822&#8243; img_size=\u00bbfull\u00bb alignment=\u00bbcenter\u00bb][\/vc_column][vc_column width=\u00bb1\/2&#8243; css=\u00bb.vc_custom_1613399955154{padding-right: 64px !important;padding-left: 64px !important;background-position: 0 0 !important;background-repeat: no-repeat !important;}\u00bb el_class=\u00bbja-dosha-background-right\u00bb][vc_empty_space]<div class=\"porto-u-heading  wpb_custom_95aa9a11c17ad45cfabaf210d84ee7cc porto-u-7581\"><div class=\"porto-u-main-heading\"><h2   style=\"font-family:Playfair Display; font-weight:700; font-style:italic; color:#273286;font-size:42px;\">Productos<\/h2><\/div><style>.porto-u-7581.porto-u-heading{text-align:left}<\/style><\/div>[vc_column_text]Cosm\u00e9ticos y nutricosm\u00e9ticos de excepcional calidad, con toda la fuerza de la naturaleza y la sabidur\u00eda del Ayurveda. Productos naturales formulados para que cada tipo de piel recupere su luminosidad, suavidad, resistencia y fuerza interior.[\/vc_column_text][vc_empty_space][\/vc_column][\/vc_row][vc_row gap=\u00bb35&#8243; equal_height=\u00bbyes\u00bb content_placement=\u00bbmiddle\u00bb][vc_column width=\u00bb1\/2&#8243; el_class=\u00bbja-block-padding ja-block-padding-right ja-dosha-background-left\u00bb css=\u00bb.vc_custom_1613399968164{padding-right: 64px !important;padding-left: 64px !important;background-position: 0 0 !important;background-repeat: no-repeat !important;}\u00bb][vc_empty_space]<div class=\"porto-u-heading  wpb_custom_95aa9a11c17ad45cfabaf210d84ee7cc porto-u-5604\"><div class=\"porto-u-main-heading\"><h2   style=\"font-family:Playfair Display; font-weight:700; font-style:italic; color:#273286;font-size:42px;\">Tratamientos<\/h2><\/div><style>.porto-u-5604.porto-u-heading{text-align:right}<\/style><\/div>[vc_column_text]<\/p>\n<p style=\"text-align: right;\">Tratamientos faciales, rejuvenecedores, corporales y craneales. Ingredientes de la antig\u00fcedad, t\u00e9cnicas y masajes milenarios demostrando que son las \u00faltimas innovaciones en los cuidados de belleza.<\/p>\n<p>[\/vc_column_text][vc_empty_space][\/vc_column][vc_column width=\u00bb1\/2&#8243; css=\u00bb.vc_custom_1612951084217{background-position: 0 0 !important;background-repeat: no-repeat !important;}\u00bb][vc_single_image image=\u00bb2824&#8243; img_size=\u00bbfull\u00bb alignment=\u00bbcenter\u00bb][\/vc_column][\/vc_row][vc_row gap=\u00bb35&#8243; equal_height=\u00bbyes\u00bb content_placement=\u00bbmiddle\u00bb][vc_column width=\u00bb1\/2&#8243; el_class=\u00bbja-block-padding ja-block-padding-right\u00bb][vc_single_image image=\u00bb2828&#8243; img_size=\u00bbfull\u00bb alignment=\u00bbcenter\u00bb][\/vc_column][vc_column width=\u00bb1\/2&#8243; css=\u00bb.vc_custom_1613399955154{padding-right: 64px !important;padding-left: 64px !important;background-position: 0 0 !important;background-repeat: no-repeat !important;}\u00bb el_class=\u00bbja-dosha-background-right\u00bb][vc_empty_space]<div class=\"porto-u-heading  wpb_custom_95aa9a11c17ad45cfabaf210d84ee7cc porto-u-1146\"><div class=\"porto-u-main-heading\"><h2   style=\"font-family:Playfair Display; font-weight:700; font-style:italic; color:#273286;font-size:42px;\">Formaci\u00f3n<\/h2><\/div><style>.porto-u-1146.porto-u-heading{text-align:left}<\/style><\/div>[vc_column_text]Formaci\u00f3n online y presencial. Metodolog\u00eda inspiradora e innovadora, adaptada a tus necesidades `y enfocada al desarrollo de tu negocio.[\/vc_column_text][vc_empty_space][\/vc_column][\/vc_row][vc_row gap=\u00bb35&#8243; equal_height=\u00bbyes\u00bb content_placement=\u00bbmiddle\u00bb][vc_column width=\u00bb1\/2&#8243; el_class=\u00bbja-block-padding ja-block-padding-right ja-dosha-background-left\u00bb css=\u00bb.vc_custom_1613399968164{padding-right: 64px !important;padding-left: 64px !important;background-position: 0 0 !important;background-repeat: no-repeat !important;}\u00bb][vc_empty_space]<div class=\"porto-u-heading  wpb_custom_95aa9a11c17ad45cfabaf210d84ee7cc porto-u-8920\"><div class=\"porto-u-main-heading\"><h2   style=\"font-family:Playfair Display; font-weight:700; font-style:italic; color:#273286;font-size:42px;\">Apoyo<\/h2><\/div><style>.porto-u-8920.porto-u-heading{text-align:right}<\/style><\/div>[vc_column_text]<\/p>\n<p style=\"text-align: right;\">Estamos a tu lado para todo lo que necesites.<br \/>\nEn estos momentos dif\u00edciles, la calidad,<br \/>\nla personalizaci\u00f3n y la diferenciaci\u00f3n ayudar\u00e1n a reactivar tu negocio.<br \/>\nTe ayudamos a que tu negocio sea estimulante, m\u00e1gico y especial para tus clientes.<br \/>\nNo permitas que tu negocio sea igual que los dem\u00e1s.<br \/>\nTe apoyamos y te ayudamos a diferenciarte y a reinventarte.<\/p>\n<p>[\/vc_column_text][vc_empty_space][\/vc_column][vc_column width=\u00bb1\/2&#8243; css=\u00bb.vc_custom_1612951084217{background-position: 0 0 !important;background-repeat: no-repeat !important;}\u00bb][vc_single_image image=\u00bb3330&#8243; img_size=\u00bbfull\u00bb alignment=\u00bbcenter\u00bb][\/vc_column][\/vc_row][vc_row][vc_column][vc_empty_space][\/vc_column][\/vc_row][\/vc_section][vc_row full_width=\u00bbstretch_row\u00bb css=\u00bb.vc_custom_1612954305073{background-color: #f2f2f2 !important;background-position: 0 0 !important;background-repeat: no-repeat !important;}\u00bb][vc_column][vc_empty_space height=\u00bb64px\u00bb]<div class=\"porto-u-heading  wpb_custom_95aa9a11c17ad45cfabaf210d84ee7cc porto-u-8394\"><div class=\"porto-u-main-heading\"><h2   style=\"font-family:Playfair Display; font-weight:700; font-style:italic; color:#273286;font-size:42px;\">Noticias<\/h2><\/div><div class=\"porto-u-heading-spacer line_only\" style=\"height:1px;\"><span class=\"porto-u-headings-line\" style=\"border-style:solid;border-bottom-width:1px;border-color:#273286;\"><\/span><\/div><style>.porto-u-8394.porto-u-heading{text-align:left}<\/style><\/div>[vc_empty_space height=\u00bb64px\u00bb][vc_row_inner equal_height=\u00bbyes\u00bb content_placement=\u00bbmiddle\u00bb][vc_column_inner width=\u00bb2\/3&#8243;][vc_single_image image=\u00bb5667&#8243; img_size=\u00bbfull\u00bb][\/vc_column_inner][vc_column_inner width=\u00bb1\/3&#8243;][vc_column_text]<strong>Ganadora de nuestro III Concurso de Fotograf\u00eda:<\/strong>[\/vc_column_text][vc_column_text]Marian Navarro<\/p>\n<p>Espacio de Belleza (Errenter\u00eda)[\/vc_column_text][\/vc_column_inner][vc_column_inner][\/vc_column_inner][\/vc_row_inner][vc_empty_space height=\u00bb64px\u00bb][\/vc_column][\/vc_row][vc_row full_width=\u00bbstretch_row_content_no_spaces\u00bb css=\u00bb.vc_custom_1612954543156{margin-top: -200px !important;}\u00bb][vc_column][vc_empty_space height=\u00bb96px\u00bb el_class=\u00bbja-mobile-show\u00bb][vc_single_image image=\u00bb2758&#8243; img_size=\u00bbfull\u00bb alignment=\u00bbright\u00bb][\/vc_column][\/vc_row][vc_row][vc_column]<div class=\"porto-u-heading  wpb_custom_95aa9a11c17ad45cfabaf210d84ee7cc porto-u-2783\"><div class=\"porto-u-main-heading\"><h2   style=\"font-family:Playfair Display; font-weight:700; font-style:italic; color:#273286;font-size:42px;\">Cont\u00e1ctanos<\/h2><\/div><div class=\"porto-u-heading-spacer line_only\" style=\"height:1px;\"><span class=\"porto-u-headings-line\" style=\"border-style:solid;border-bottom-width:1px;border-color:#273286;\"><\/span><\/div><style>.porto-u-2783.porto-u-heading{text-align:left}<\/style><\/div>[vc_empty_space height=\u00bb64px\u00bb][vc_column_text]Si deseas ponerte en contacto con nosotros, rellena el siguiente formulario y en breve recibir\u00e1s una respuesta.<br \/>\nSi lo prefieres, tambi\u00e9n puedes llamarnos al <strong>+34 922 700 207<\/strong>.[\/vc_column_text]\n<div class=\"wpcf7 no-js\" id=\"wpcf7-f4991-o1\" lang=\"es-ES\" dir=\"ltr\" data-wpcf7-id=\"4991\">\n<div class=\"screen-reader-response\"><p role=\"status\" aria-live=\"polite\" aria-atomic=\"true\"><\/p> <ul><\/ul><\/div>\n<form action=\"\/es\/wp-json\/wp\/v2\/pages\/2810#wpcf7-f4991-o1\" method=\"post\" class=\"wpcf7-form init\" aria-label=\"Formulario de contacto\" novalidate=\"novalidate\" data-status=\"init\">\n<div style=\"display: none;\">\n<input type=\"hidden\" name=\"_wpcf7\" value=\"4991\" \/>\n<input type=\"hidden\" name=\"_wpcf7_version\" value=\"6.0.6\" \/>\n<input type=\"hidden\" name=\"_wpcf7_locale\" value=\"es_ES\" \/>\n<input type=\"hidden\" name=\"_wpcf7_unit_tag\" value=\"wpcf7-f4991-o1\" \/>\n<input type=\"hidden\" name=\"_wpcf7_container_post\" value=\"0\" \/>\n<input type=\"hidden\" name=\"_wpcf7_posted_data_hash\" value=\"\" \/>\n<input type=\"hidden\" name=\"_wpcf7_recaptcha_response\" value=\"\" \/>\n<\/div>\n<div class=\"ja-form\">\n\t<div class=\"row\">\n\t\t<div class=\"col-md-4\">\n\t\t\t<p><span class=\"wpcf7-form-control-wrap\" data-name=\"firstname\"><input size=\"40\" maxlength=\"400\" class=\"wpcf7-form-control wpcf7-text wpcf7-validates-as-required\" aria-required=\"true\" aria-invalid=\"false\" placeholder=\"Nombre\" value=\"\" type=\"text\" name=\"firstname\" \/><\/span>\n\t\t\t<\/p>\n\t\t<\/div>\n\t\t<div class=\"col-md-8\">\n\t\t\t<p><span class=\"wpcf7-form-control-wrap\" data-name=\"surname\"><input size=\"40\" maxlength=\"400\" class=\"wpcf7-form-control wpcf7-text\" aria-invalid=\"false\" placeholder=\"Apellido\" value=\"\" type=\"text\" name=\"surname\" \/><\/span>\n\t\t\t<\/p>\n\t\t<\/div>\n\t<\/div>\n\t<div class=\"row\">\n\t\t<div class=\"col-md-12\">\n\t\t\t<p><span class=\"wpcf7-form-control-wrap\" data-name=\"business\"><input size=\"40\" maxlength=\"400\" class=\"wpcf7-form-control wpcf7-text\" aria-invalid=\"false\" placeholder=\"Empresa\" value=\"\" type=\"text\" name=\"business\" \/><\/span>\n\t\t\t<\/p>\n\t\t<\/div>\n\t<\/div>\n\t<div class=\"row\">\n\t\t<div class=\"col-md-8\">\n\t\t\t<p><span class=\"wpcf7-form-control-wrap\" data-name=\"street\"><input size=\"40\" maxlength=\"400\" class=\"wpcf7-form-control wpcf7-text\" aria-invalid=\"false\" placeholder=\"Calle\" value=\"\" type=\"text\" name=\"street\" \/><\/span>\n\t\t\t<\/p>\n\t\t<\/div>\n\t\t<div class=\"col-md-2\">\n\t\t\t<p><span class=\"wpcf7-form-control-wrap\" data-name=\"number\"><input size=\"40\" maxlength=\"400\" class=\"wpcf7-form-control wpcf7-text\" aria-invalid=\"false\" placeholder=\"N\u00famero\" value=\"\" type=\"text\" name=\"number\" \/><\/span>\n\t\t\t<\/p>\n\t\t<\/div>\n\t\t<div class=\"col-md-2\">\n\t\t\t<p><span class=\"wpcf7-form-control-wrap\" data-name=\"door\"><input size=\"40\" maxlength=\"400\" class=\"wpcf7-form-control wpcf7-text\" aria-invalid=\"false\" placeholder=\"Piso\" value=\"\" type=\"text\" name=\"door\" \/><\/span>\n\t\t\t<\/p>\n\t\t<\/div>\n\t<\/div>\n\t<div class=\"row\">\n\t\t<div class=\"col-md-3\">\n\t\t\t<p><span class=\"wpcf7-form-control-wrap\" data-name=\"zipcode\"><input size=\"40\" maxlength=\"400\" class=\"wpcf7-form-control wpcf7-text\" aria-invalid=\"false\" placeholder=\"C\u00f3digo Postal\" value=\"\" type=\"text\" name=\"zipcode\" \/><\/span>\n\t\t\t<\/p>\n\t\t<\/div>\n\t\t<div class=\"col-md-5\">\n\t\t\t<p><span class=\"wpcf7-form-control-wrap\" data-name=\"location\"><input size=\"40\" maxlength=\"400\" class=\"wpcf7-form-control wpcf7-text\" aria-invalid=\"false\" placeholder=\"Ciudad\" value=\"\" type=\"text\" name=\"location\" \/><\/span>\n\t\t\t<\/p>\n\t\t<\/div>\n\t\t<div class=\"col-md-4\">\n\t\t\t<p><span class=\"wpcf7-form-control-wrap\" data-name=\"country\"><input size=\"40\" maxlength=\"400\" class=\"wpcf7-form-control wpcf7-text\" aria-invalid=\"false\" placeholder=\"Pa\u00eds\" value=\"\" type=\"text\" name=\"country\" \/><\/span>\n\t\t\t<\/p>\n\t\t<\/div>\n\t<\/div>\n\t<div class=\"row\">\n\t\t<div class=\"col-md-8\">\n\t\t\t<p><span class=\"wpcf7-form-control-wrap\" data-name=\"email\"><input size=\"40\" maxlength=\"400\" class=\"wpcf7-form-control wpcf7-text wpcf7-validates-as-required\" aria-required=\"true\" aria-invalid=\"false\" placeholder=\"Correo electr\u00f3nico\" value=\"\" type=\"text\" name=\"email\" \/><\/span>\n\t\t\t<\/p>\n\t\t<\/div>\n\t\t<div class=\"col-md-4\">\n\t\t\t<p><span class=\"wpcf7-form-control-wrap\" data-name=\"phone\"><input size=\"40\" maxlength=\"400\" class=\"wpcf7-form-control wpcf7-text\" aria-invalid=\"false\" placeholder=\"Tel\u00e9fono\" value=\"\" type=\"text\" name=\"phone\" \/><\/span>\n\t\t\t<\/p>\n\t\t<\/div>\n\t<\/div>\n\t<div class=\"row\">\n\t\t<div class=\"col-md-12\">\n\t\t\t<p><span class=\"wpcf7-form-control-wrap\" data-name=\"foundby\"><input size=\"40\" maxlength=\"400\" class=\"wpcf7-form-control wpcf7-text\" aria-invalid=\"false\" placeholder=\"\u00bfC\u00f3mo nos encontraste?\" value=\"\" type=\"text\" name=\"foundby\" \/><\/span>\n\t\t\t<\/p>\n\t\t<\/div>\n\t<\/div>\n\t<div class=\"row\">\n\t\t<div class=\"col-md-12\">\n\t\t\t<p><span class=\"wpcf7-form-control-wrap\" data-name=\"message\"><textarea cols=\"40\" rows=\"6\" maxlength=\"2000\" class=\"wpcf7-form-control wpcf7-textarea wpcf7-validates-as-required\" aria-required=\"true\" aria-invalid=\"false\" placeholder=\"Comentarios\" name=\"message\"><\/textarea><\/span>\n\t\t\t<\/p>\n\t\t<\/div>\n\t<\/div>\n\t<div class=\"row\" style=\"margin-bottom: 0;\">\n\t\t<div class=\"col-md-12\">\n\t\t\t<p><span class=\"wpcf7-form-control-wrap\" data-name=\"privacy_policy\"><span class=\"wpcf7-form-control wpcf7-acceptance\"><span class=\"wpcf7-list-item\"><label><input type=\"checkbox\" name=\"privacy_policy\" value=\"1\" aria-invalid=\"false\" \/><span class=\"wpcf7-list-item-label\">Acepto la pol\u00edtica de privacidad y de protecci\u00f3n de datos<\/span><\/label><\/span><\/span><\/span>\n\t\t\t<\/p>\n\t\t<\/div>\n\t<\/div>\n\t<div class=\"row\" style=\"display: none;\">\n\t\t<div class=\"col-md-12\">\n\t\t\t<p><span class=\"wpcf7-form-control-wrap\" data-name=\"newsletter\"><span class=\"wpcf7-form-control wpcf7-checkbox\"><span class=\"wpcf7-list-item first last\"><label><input type=\"checkbox\" name=\"newsletter[]\" value=\"Quiero recibir el bolet\u00edn informativo\" \/><span class=\"wpcf7-list-item-label\">Quiero recibir el bolet\u00edn informativo<\/span><\/label><\/span><\/span><\/span>\n\t\t\t<\/p>\n\t\t<\/div>\n\t<\/div>\n\t<div class=\"row\">\n\t\t<div class=\"col-md-12\" style=\"text-align: center;\">\n\t\t\t<p><input class=\"wpcf7-form-control wpcf7-submit has-spinner\" type=\"submit\" value=\"Enviar\" \/>\n\t\t\t<\/p>\n\t\t<\/div>\n\t<\/div>\n<\/div><div class=\"wpcf7-response-output\" aria-hidden=\"true\"><\/div>\n<\/form>\n<\/div>\n[\/vc_column][\/vc_row]<\/p>\n<\/div>","protected":false},"excerpt":{"rendered":"<p>[vc_row full_width=\u00bbstretch_row_content\u00bb no_padding=\u00bbyes\u00bb css_animation=\u00bbfadeIn\u00bb css=\u00bb.vc_custom_1647368951682{background-image: url(https:\/\/www.jeevan-ayurveda.com\/wp-content\/uploads\/2022\/03\/Primavera-22-RECORTADA-scaled.jpg?id=5853) !important;background-position: center !important;background-repeat: no-repeat !important;background-size: cover !important;}\u00bb][vc_column][vc_empty_space height=\u00bb600px\u00bb][\/vc_column][\/vc_row][vc_row][vc_column][vc_empty_space height=\u00bb96px\u00bb][\/vc_column][\/vc_row][vc_row gap=\u00bb35&#8243; equal_height=\u00bbyes\u00bb][vc_column css=\u00bb.vc_custom_1612880422931{padding-right: 64px !important;padding-left: 64px !important;}\u00bb][vc_empty_space height=\u00bb48px\u00bb][vc_column_text] Lo que le ocurre a tu piel no es independiente de lo que a ti te ocurre. En Jeevan Ayurveda lo sabemos. Y por ello, te ofrecemos tratamientos de belleza profesional basados [&hellip;]<\/p>\n","protected":false},"author":1,"featured_media":0,"parent":0,"menu_order":0,"comment_status":"closed","ping_status":"closed","template":"","meta":{"footnotes":""},"class_list":["post-2810","page","type-page","status-publish","hentry"],"_links":{"self":[{"href":"https:\/\/www.jeevan-ayurveda.com\/es\/wp-json\/wp\/v2\/pages\/2810"}],"collection":[{"href":"https:\/\/www.jeevan-ayurveda.com\/es\/wp-json\/wp\/v2\/pages"}],"about":[{"href":"https:\/\/www.jeevan-ayurveda.com\/es\/wp-json\/wp\/v2\/types\/page"}],"author":[{"embeddable":true,"href":"https:\/\/www.jeevan-ayurveda.com\/es\/wp-json\/wp\/v2\/users\/1"}],"replies":[{"embeddable":true,"href":"https:\/\/www.jeevan-ayurveda.com\/es\/wp-json\/wp\/v2\/comments?post=2810"}],"version-history":[{"count":33,"href":"https:\/\/www.jeevan-ayurveda.com\/es\/wp-json\/wp\/v2\/pages\/2810\/revisions"}],"predecessor-version":[{"id":8753,"href":"https:\/\/www.jeevan-ayurveda.com\/es\/wp-json\/wp\/v2\/pages\/2810\/revisions\/8753"}],"wp:attachment":[{"href":"https:\/\/www.jeevan-ayurveda.com\/es\/wp-json\/wp\/v2\/media?parent=2810"}],"curies":[{"name":"wp","href":"https:\/\/api.w.org\/{rel}","templated":true}]}}