{"id":2838,"date":"2021-02-16T10:05:02","date_gmt":"2021-02-16T09:05:02","guid":{"rendered":"https:\/\/www.jeevan-ayurveda.com\/?page_id=2838"},"modified":"2021-03-08T10:37:58","modified_gmt":"2021-03-08T09:37:58","slug":"ingredientes","status":"publish","type":"page","link":"https:\/\/www.jeevan-ayurveda.com\/es\/ingredientes\/","title":{"rendered":"Ingredientes"},"content":{"rendered":"<div class=\"wpb-content-wrapper\"><p>[vc_row full_width=\u00bbstretch_row_content\u00bb css_animation=\u00bbfadeIn\u00bb no_padding=\u00bbyes\u00bb remove_border=\u00bbyes\u00bb css=\u00bb.vc_custom_1613466399931{background-image: url(https:\/\/www.jeevan-ayurveda.com\/wp-content\/uploads\/2021\/02\/almendro.jpg?id=2840) !important;background-position: center !important;background-repeat: no-repeat !important;background-size: cover !important;}\u00bb][vc_column][vc_empty_space height=\u00bb600px\u00bb][\/vc_column][\/vc_row][vc_row][vc_column][vc_empty_space height=\u00bb64px\u00bb]<div class=\"porto-u-heading  wpb_custom_95aa9a11c17ad45cfabaf210d84ee7cc porto-u-8510\"><div class=\"porto-u-main-heading\"><h2   style=\"color:#666666;font-size:42px;\">Ingredientes naturales<\/h2><\/div><style>.porto-u-8510.porto-u-heading{text-align:center}<\/style><\/div>[vc_empty_space][vc_column_text]<\/p>\n<p style=\"text-align: center;\">Los ingredientes son la clave.<\/p>\n<p style=\"text-align: center;\">Sabemos que tomar determinados alimentos nos ayuda a mantenernos saludables y a tener una piel sana.<br \/>\nLa piel es el reflejo de nuestra salud.<\/p>\n<p style=\"text-align: center;\">Lo mismo es cierto para la cosm\u00e9tica. La cosm\u00e9tica es el alimento de la piel a trav\u00e9s de la piel.<br \/>\nY cada tipo de piel precisa un determinado tipo de alimento.<\/p>\n<p style=\"text-align: center;\">En Jeevan Ayurveda te ofrecemos una cosm\u00e9tica rica en superalimentos para tu piel.<\/p>\n<p>[\/vc_column_text][vc_empty_space height=\u00bb64px\u00bb][\/vc_column][\/vc_row][vc_row el_class=\u00bbja-ingredients-bar-buttons\u00bb][vc_column width=\u00bb1\/6&#8243;][vc_btn title=\u00bbA-C\u00bb shape=\u00bbsquare\u00bb size=\u00bbsm\u00bb align=\u00bbcenter\u00bb button_block=\u00bbtrue\u00bb link=\u00bburl:%2Fes%2Fingredientes%2Fa-c\u00bb][\/vc_column][vc_column width=\u00bb1\/6&#8243;][vc_btn title=\u00bbD-I\u00bb shape=\u00bbsquare\u00bb size=\u00bbsm\u00bb align=\u00bbcenter\u00bb button_block=\u00bbtrue\u00bb link=\u00bburl:%2Fes%2Fingredientes%2Fd-i\u00bb][\/vc_column][vc_column width=\u00bb1\/6&#8243;][vc_btn title=\u00bbJ-L\u00bb shape=\u00bbsquare\u00bb size=\u00bbsm\u00bb align=\u00bbcenter\u00bb button_block=\u00bbtrue\u00bb link=\u00bburl:%2Fes%2Fingredientes%2Fj-l\u00bb][\/vc_column][vc_column width=\u00bb1\/6&#8243;][vc_btn title=\u00bbM-N\u00bb shape=\u00bbsquare\u00bb size=\u00bbsm\u00bb align=\u00bbcenter\u00bb button_block=\u00bbtrue\u00bb link=\u00bburl:%2Fes%2Fingredientes%2Fm-n\u00bb][\/vc_column][vc_column width=\u00bb1\/6&#8243;][vc_btn title=\u00bbP-R\u00bb shape=\u00bbsquare\u00bb size=\u00bbsm\u00bb align=\u00bbcenter\u00bb button_block=\u00bbtrue\u00bb link=\u00bburl:%2Fes%2Fingredientes%2Fp-r\u00bb][\/vc_column][vc_column width=\u00bb1\/6&#8243;][vc_btn title=\u00bbS-Z\u00bb shape=\u00bbsquare\u00bb size=\u00bbsm\u00bb align=\u00bbcenter\u00bb button_block=\u00bbtrue\u00bb link=\u00bburl:%2Fes%2Fingredientes%2Fs-z\u00bb][\/vc_column][\/vc_row][vc_row][vc_column][vc_empty_space height=\u00bb64px\u00bb][\/vc_column][\/vc_row][vc_row][vc_column width=\u00bb1\/3&#8243;][vc_single_image image=\u00bb3717&#8243; img_size=\u00bb500&#215;320&#8243; css=\u00bb.vc_custom_1615196249035{margin-right: 64px !important;margin-left: 64px !important;}\u00bb label=\u00bb\u00bb][vc_custom_heading text=\u00bbA-C\u00bb font_container=\u00bbtag:h2|font_size:56|text_align:center|color:%23666666&#8243; use_theme_fonts=\u00bbyes\u00bb font_weight=\u00bb700&#8243; el_class=\u00bbja-font-style-normal ja-font-family-poppins\u00bb]<div class=\"porto-btn-ctn-center \"><a class=\"porto-btn porto-adjust-bottom-margin porto-btn-large porto-btn-fade-bg   wpb_custom_fa51088c2567b780100c1edcf8821d3b  porto-btn-center \"  rel='' href = \"\/es\/ingredientes\/a-c\"  data-hover=\"#ffffff\" data-border-color=\"#273286\" data-bg=\"#ffffff\" data-hover-bg=\"#273286\" data-border-hover=\"#273286\" data-shadow-click=\"none\" data-shadow=\"\" style=\"font-size:16px;border-width:1px;border-color:#273286;border-style:solid;background: #ffffff;color: #273286;\"><span class=\"porto-btn-hover\" style=\"background-color:#273286\"><\/span><span class=\"porto-btn-data porto-btn-text \" >VER INGREDIENTES<\/span><\/a><\/div>[\/vc_column][vc_column width=\u00bb1\/3&#8243;][vc_single_image image=\u00bb3505&#8243; img_size=\u00bb500&#215;320&#8243; css=\u00bb.vc_custom_1614609582719{margin-right: 64px !important;margin-left: 64px !important;}\u00bb][vc_custom_heading text=\u00bbD-I\u00bb font_container=\u00bbtag:h2|font_size:56|text_align:center|color:%23666666&#8243; use_theme_fonts=\u00bbyes\u00bb font_weight=\u00bb700&#8243; el_class=\u00bbja-font-style-normal ja-font-family-poppins\u00bb]<div class=\"porto-btn-ctn-center \"><a class=\"porto-btn porto-adjust-bottom-margin porto-btn-large porto-btn-fade-bg   wpb_custom_fa51088c2567b780100c1edcf8821d3b  porto-btn-center \"  rel='' href = \"\/es\/ingredientes\/d-i\"  data-hover=\"#ffffff\" data-border-color=\"#273286\" data-bg=\"#ffffff\" data-hover-bg=\"#273286\" data-border-hover=\"#273286\" data-shadow-click=\"none\" data-shadow=\"\" style=\"font-size:16px;border-width:1px;border-color:#273286;border-style:solid;background: #ffffff;color: #273286;\"><span class=\"porto-btn-hover\" style=\"background-color:#273286\"><\/span><span class=\"porto-btn-data porto-btn-text \" >VER INGREDIENTES<\/span><\/a><\/div>[\/vc_column][vc_column width=\u00bb1\/3&#8243;][vc_single_image image=\u00bb3483&#8243; img_size=\u00bb500&#215;320&#8243; css=\u00bb.vc_custom_1614609598952{margin-right: 64px !important;margin-left: 64px !important;}\u00bb][vc_custom_heading text=\u00bbJ-L\u00bb font_container=\u00bbtag:h2|font_size:56|text_align:center|color:%23666666&#8243; use_theme_fonts=\u00bbyes\u00bb font_weight=\u00bb700&#8243; el_class=\u00bbja-font-style-normal ja-font-family-poppins\u00bb]<div class=\"porto-btn-ctn-center \"><a class=\"porto-btn porto-adjust-bottom-margin porto-btn-large porto-btn-fade-bg   wpb_custom_fa51088c2567b780100c1edcf8821d3b  porto-btn-center \"  rel='' href = \"\/es\/ingredientes\/j-l\"  data-hover=\"#ffffff\" data-border-color=\"#273286\" data-bg=\"#ffffff\" data-hover-bg=\"#273286\" data-border-hover=\"#273286\" data-shadow-click=\"none\" data-shadow=\"\" style=\"font-size:16px;border-width:1px;border-color:#273286;border-style:solid;background: #ffffff;color: #273286;\"><span class=\"porto-btn-hover\" style=\"background-color:#273286\"><\/span><span class=\"porto-btn-data porto-btn-text \" >VER INGREDIENTES<\/span><\/a><\/div>[\/vc_column][\/vc_row][vc_row][vc_column][vc_empty_space height=\u00bb64px\u00bb][\/vc_column][\/vc_row][vc_row][vc_column width=\u00bb1\/3&#8243;][vc_single_image image=\u00bb3517&#8243; img_size=\u00bb500&#215;320&#8243; css=\u00bb.vc_custom_1614609621630{margin-right: 64px !important;margin-left: 64px !important;}\u00bb][vc_custom_heading text=\u00bbM-N\u00bb font_container=\u00bbtag:h2|font_size:56|text_align:center|color:%23666666&#8243; use_theme_fonts=\u00bbyes\u00bb font_weight=\u00bb700&#8243; el_class=\u00bbja-font-style-normal ja-font-family-poppins\u00bb]<div class=\"porto-btn-ctn-center \"><a class=\"porto-btn porto-adjust-bottom-margin porto-btn-large porto-btn-fade-bg   wpb_custom_fa51088c2567b780100c1edcf8821d3b  porto-btn-center \"  rel='' href = \"\/es\/ingredientes\/m-n\"  data-hover=\"#ffffff\" data-border-color=\"#273286\" data-bg=\"#ffffff\" data-hover-bg=\"#273286\" data-border-hover=\"#273286\" data-shadow-click=\"none\" data-shadow=\"\" style=\"font-size:16px;border-width:1px;border-color:#273286;border-style:solid;background: #ffffff;color: #273286;\"><span class=\"porto-btn-hover\" style=\"background-color:#273286\"><\/span><span class=\"porto-btn-data porto-btn-text \" >VER INGREDIENTES<\/span><\/a><\/div>[\/vc_column][vc_column width=\u00bb1\/3&#8243;][vc_single_image image=\u00bb3672&#8243; img_size=\u00bb500&#215;320&#8243; css=\u00bb.vc_custom_1615196271356{margin-right: 64px !important;margin-left: 64px !important;}\u00bb label=\u00bb\u00bb][vc_custom_heading text=\u00bbP-R\u00bb font_container=\u00bbtag:h2|font_size:56|text_align:center|color:%23666666&#8243; use_theme_fonts=\u00bbyes\u00bb font_weight=\u00bb700&#8243; el_class=\u00bbja-font-style-normal ja-font-family-poppins\u00bb]<div class=\"porto-btn-ctn-center \"><a class=\"porto-btn porto-adjust-bottom-margin porto-btn-large porto-btn-fade-bg   wpb_custom_fa51088c2567b780100c1edcf8821d3b  porto-btn-center \"  rel='' href = \"\/es\/ingredientes\/p-r\"  data-hover=\"#ffffff\" data-border-color=\"#273286\" data-bg=\"#ffffff\" data-hover-bg=\"#273286\" data-border-hover=\"#273286\" data-shadow-click=\"none\" data-shadow=\"\" style=\"font-size:16px;border-width:1px;border-color:#273286;border-style:solid;background: #ffffff;color: #273286;\"><span class=\"porto-btn-hover\" style=\"background-color:#273286\"><\/span><span class=\"porto-btn-data porto-btn-text \" >VER INGREDIENTES<\/span><\/a><\/div>[\/vc_column][vc_column width=\u00bb1\/3&#8243;][vc_single_image image=\u00bb3525&#8243; img_size=\u00bb500&#215;320&#8243; css=\u00bb.vc_custom_1614609646278{margin-right: 64px !important;margin-left: 64px !important;}\u00bb][vc_custom_heading text=\u00bbS-Z\u00bb font_container=\u00bbtag:h2|font_size:56|text_align:center|color:%23666666&#8243; use_theme_fonts=\u00bbyes\u00bb font_weight=\u00bb700&#8243; el_class=\u00bbja-font-style-normal ja-font-family-poppins\u00bb]<div class=\"porto-btn-ctn-center \"><a class=\"porto-btn porto-adjust-bottom-margin porto-btn-large porto-btn-fade-bg   wpb_custom_fa51088c2567b780100c1edcf8821d3b  porto-btn-center \"  rel='' href = \"\/es\/ingredientes\/s-z\"  data-hover=\"#ffffff\" data-border-color=\"#273286\" data-bg=\"#ffffff\" data-hover-bg=\"#273286\" data-border-hover=\"#273286\" data-shadow-click=\"none\" data-shadow=\"\" style=\"font-size:16px;border-width:1px;border-color:#273286;border-style:solid;background: #ffffff;color: #273286;\"><span class=\"porto-btn-hover\" style=\"background-color:#273286\"><\/span><span class=\"porto-btn-data porto-btn-text \" >VER INGREDIENTES<\/span><\/a><\/div>[\/vc_column][\/vc_row][vc_row][vc_column][vc_empty_space height=\u00bb64px\u00bb][\/vc_column][\/vc_row]<\/p>\n<\/div>","protected":false},"excerpt":{"rendered":"<p>[vc_row full_width=\u00bbstretch_row_content\u00bb css_animation=\u00bbfadeIn\u00bb no_padding=\u00bbyes\u00bb remove_border=\u00bbyes\u00bb css=\u00bb.vc_custom_1613466399931{background-image: url(https:\/\/www.jeevan-ayurveda.com\/wp-content\/uploads\/2021\/02\/almendro.jpg?id=2840) !important;background-position: center !important;background-repeat: no-repeat !important;background-size: cover !important;}\u00bb][vc_column][vc_empty_space height=\u00bb600px\u00bb][\/vc_column][\/vc_row][vc_row][vc_column][vc_empty_space height=\u00bb64px\u00bb][vc_empty_space][vc_column_text] Los ingredientes son la clave. Sabemos que tomar determinados alimentos nos ayuda a mantenernos saludables y a tener una piel sana. La piel es el reflejo de nuestra salud. Lo mismo es cierto para la cosm\u00e9tica. La cosm\u00e9tica es [&hellip;]<\/p>\n","protected":false},"author":1,"featured_media":0,"parent":0,"menu_order":0,"comment_status":"closed","ping_status":"closed","template":"","meta":{"footnotes":""},"class_list":["post-2838","page","type-page","status-publish","hentry"],"_links":{"self":[{"href":"https:\/\/www.jeevan-ayurveda.com\/es\/wp-json\/wp\/v2\/pages\/2838"}],"collection":[{"href":"https:\/\/www.jeevan-ayurveda.com\/es\/wp-json\/wp\/v2\/pages"}],"about":[{"href":"https:\/\/www.jeevan-ayurveda.com\/es\/wp-json\/wp\/v2\/types\/page"}],"author":[{"embeddable":true,"href":"https:\/\/www.jeevan-ayurveda.com\/es\/wp-json\/wp\/v2\/users\/1"}],"replies":[{"embeddable":true,"href":"https:\/\/www.jeevan-ayurveda.com\/es\/wp-json\/wp\/v2\/comments?post=2838"}],"version-history":[{"count":59,"href":"https:\/\/www.jeevan-ayurveda.com\/es\/wp-json\/wp\/v2\/pages\/2838\/revisions"}],"predecessor-version":[{"id":3782,"href":"https:\/\/www.jeevan-ayurveda.com\/es\/wp-json\/wp\/v2\/pages\/2838\/revisions\/3782"}],"wp:attachment":[{"href":"https:\/\/www.jeevan-ayurveda.com\/es\/wp-json\/wp\/v2\/media?parent=2838"}],"curies":[{"name":"wp","href":"https:\/\/api.w.org\/{rel}","templated":true}]}}