{"id":2983,"date":"2021-02-22T11:28:13","date_gmt":"2021-02-22T10:28:13","guid":{"rendered":"https:\/\/www.jeevan-ayurveda.com\/?page_id=2983"},"modified":"2024-01-14T20:06:54","modified_gmt":"2024-01-14T19:06:54","slug":"contacto","status":"publish","type":"page","link":"https:\/\/www.jeevan-ayurveda.com\/es\/contacto\/","title":{"rendered":"Contacto"},"content":{"rendered":"<div class=\"wpb-content-wrapper\"><p>[vc_row full_width=\u00bbstretch_row_content\u00bb no_padding=\u00bbyes\u00bb css_animation=\u00bbfadeIn\u00bb css=\u00bb.vc_custom_1613989722106{background-image: url(https:\/\/www.jeevan-ayurveda.com\/wp-content\/uploads\/2021\/02\/beautiful-enjoying-nature-concept-scaled.jpg?id=2702) !important;background-position: center !important;background-repeat: no-repeat !important;background-size: cover !important;}\u00bb][vc_column][vc_empty_space height=\u00bb600px\u00bb][\/vc_column][\/vc_row][vc_row][vc_column][vc_empty_space height=\u00bb96px\u00bb][\/vc_column][\/vc_row][vc_row equal_height=\u00bbyes\u00bb content_placement=\u00bbmiddle\u00bb][vc_column]<div class=\"porto-u-heading  wpb_custom_95aa9a11c17ad45cfabaf210d84ee7cc porto-u-9385\"><div class=\"porto-u-main-heading\"><h2   style=\"font-family:Playfair Display; font-weight:700; font-style:italic; color:#263284;font-size:42px;\">Contacto<\/h2><\/div><style>.porto-u-9385.porto-u-heading{text-align:left}<\/style><\/div>[vc_empty_space height=\u00bb48px\u00bb][vc_column_text]Carretera General Sur, 76 bajo izquierda<br \/>\n38620 San Miguel de Abona (Tenerife).<br \/>\nSpain<br \/>\nTel. 00 34 922 70 02 07<br \/>\n<a href=\"mailto:info@jeevan-ayurveda.com\">info@jeevan-ayurveda.com<\/a><\/p>\n<p>Delegaci\u00f3n en la Pen\u00ednsula Ib\u00e9rica:<br \/>\nAvda. Can Bordoll, 79<br \/>\nPol. Industrial Can Roqueta<br \/>\n08202 Sabadell (Barcelona).<br \/>\n<a href=\"mailto:info@jeevan-ayurveda.com\">info@jeevan-ayurveda.com<\/a><br \/>\nEspa\u00f1a[\/vc_column_text][vc_empty_space height=\u00bb96px\u00bb][\/vc_column][\/vc_row]<\/p>\n<\/div>","protected":false},"excerpt":{"rendered":"<p>[vc_row full_width=\u00bbstretch_row_content\u00bb no_padding=\u00bbyes\u00bb css_animation=\u00bbfadeIn\u00bb css=\u00bb.vc_custom_1613989722106{background-image: url(https:\/\/www.jeevan-ayurveda.com\/wp-content\/uploads\/2021\/02\/beautiful-enjoying-nature-concept-scaled.jpg?id=2702) !important;background-position: center !important;background-repeat: no-repeat !important;background-size: cover !important;}\u00bb][vc_column][vc_empty_space height=\u00bb600px\u00bb][\/vc_column][\/vc_row][vc_row][vc_column][vc_empty_space height=\u00bb96px\u00bb][\/vc_column][\/vc_row][vc_row equal_height=\u00bbyes\u00bb content_placement=\u00bbmiddle\u00bb][vc_column][vc_empty_space height=\u00bb48px\u00bb][vc_column_text]Carretera General Sur, 76 bajo izquierda 38620 San Miguel de Abona (Tenerife). Spain Tel. 00 34 922 70 02 07 info@jeevan-ayurveda.com Delegaci\u00f3n en la Pen\u00ednsula Ib\u00e9rica: Avda. Can Bordoll, 79 Pol. Industrial Can Roqueta 08202 Sabadell (Barcelona). info@jeevan-ayurveda.com [&hellip;]<\/p>\n","protected":false},"author":1,"featured_media":0,"parent":0,"menu_order":0,"comment_status":"closed","ping_status":"closed","template":"","meta":{"footnotes":""},"class_list":["post-2983","page","type-page","status-publish","hentry"],"_links":{"self":[{"href":"https:\/\/www.jeevan-ayurveda.com\/es\/wp-json\/wp\/v2\/pages\/2983"}],"collection":[{"href":"https:\/\/www.jeevan-ayurveda.com\/es\/wp-json\/wp\/v2\/pages"}],"about":[{"href":"https:\/\/www.jeevan-ayurveda.com\/es\/wp-json\/wp\/v2\/types\/page"}],"author":[{"embeddable":true,"href":"https:\/\/www.jeevan-ayurveda.com\/es\/wp-json\/wp\/v2\/users\/1"}],"replies":[{"embeddable":true,"href":"https:\/\/www.jeevan-ayurveda.com\/es\/wp-json\/wp\/v2\/comments?post=2983"}],"version-history":[{"count":7,"href":"https:\/\/www.jeevan-ayurveda.com\/es\/wp-json\/wp\/v2\/pages\/2983\/revisions"}],"predecessor-version":[{"id":8058,"href":"https:\/\/www.jeevan-ayurveda.com\/es\/wp-json\/wp\/v2\/pages\/2983\/revisions\/8058"}],"wp:attachment":[{"href":"https:\/\/www.jeevan-ayurveda.com\/es\/wp-json\/wp\/v2\/media?parent=2983"}],"curies":[{"name":"wp","href":"https:\/\/api.w.org\/{rel}","templated":true}]}}