{"id":3,"date":"2021-01-25T10:54:04","date_gmt":"2021-01-25T10:54:04","guid":{"rendered":"http:\/\/jeevan-ayurveda.agmosfera.com\/?page_id=3"},"modified":"2025-10-24T13:32:16","modified_gmt":"2025-10-24T11:32:16","slug":"politica-privacidad","status":"publish","type":"page","link":"https:\/\/www.jeevan-ayurveda.com\/es\/politica-privacidad\/","title":{"rendered":"Pol\u00edtica de privacidad"},"content":{"rendered":"<div class=\"wpb-content-wrapper\"><p>[vc_row][vc_column][vc_custom_heading text=\u00bbPol\u00edtica de privacidad\u00bb google_fonts=\u00bbfont_family:Playfair%20Display%3Aregular%2Citalic%2C700%2C700italic%2C900%2C900italic|font_style:700%20bold%20regular%3A700%3Anormal\u00bb][vc_column_text]En este sitio web s\u00f3lo se recaban datos personales con el conocimiento e informaci\u00f3n de los usuarios.<br \/>\nEn este documento le explicamos con detalle qui\u00e9n va a tratar sus datos, para qu\u00e9 se van a utilizar y cu\u00e1les son los derechos que puede ejercer entre otros puntos. Si quiere tener una mayor informaci\u00f3n puedes leer esta Pol\u00edtica de Privacidad, as\u00ed como el Aviso Legal y la Pol\u00edtica de Cookies.[\/vc_column_text][vc_custom_heading text=\u00bb1. RESPONSABLES DE TRATAMIENTO. \u00bfQUI\u00c9N VA A TRATAR SUS DATOS?\u00bb font_container=\u00bbtag:h4|text_align:left\u00bb use_theme_fonts=\u00bbyes\u00bb][vc_column_text]<\/p>\n<table>\n<tbody>\n<tr>\n<td><strong>Identidad<\/strong><\/td>\n<td>Jeevan Ayurveda S.L.<\/td>\n<\/tr>\n<tr>\n<td><strong>Direcci\u00f3n<\/strong><\/td>\n<td>Carretera General del Sur 76, 38620 San Miguel de Abona, Santa Cruz de Tenerife<\/td>\n<\/tr>\n<tr>\n<td><strong>Email<\/strong><\/td>\n<td>info@jeevan-ayurveda.com<\/td>\n<\/tr>\n<\/tbody>\n<\/table>\n<p>[\/vc_column_text][vc_custom_heading text=\u00bb2. \u00bfQU\u00c9 DATOS PERSONALES TRATAMOS Y DE D\u00d3NDE PROCEDEN?\u00bb font_container=\u00bbtag:h4|text_align:left\u00bb use_theme_fonts=\u00bbyes\u00bb][vc_column_text]Con motivo de su relaci\u00f3n con nosotros podremos tratar distintas categor\u00edas de datos personales, dependiendo siempre del servicio o producto contratado con nosotros. Estos datos, podr\u00e1n ser recogidos por cualquiera de los medios que Jeevan Ayurveda S.L. ofrece, tanto online como en persona. Las categor\u00edas de datos tratadas, podr\u00e1nser las siguientes:<br \/>\n&#8211; Car\u00e1cter identificativos de personas f\u00edsicas: nombre y apellidos, DNI\/documento identificativo, fecha de nacimiento, lugar \/ ciudad \/ pa\u00eds de nacimiento, tel\u00e9fono, correo electr\u00f3nico, direcci\u00f3n, firma, firma electr\u00f3nica, n\u00famero de afiliaci\u00f3n a la seguridad social, voz, imagen, direcci\u00f3n IP, ID de cookie, ID \/ enlaces de perfil de redes sociales.<br \/>\n&#8211; Datos acad\u00e9micos y profesionales: formaci\u00f3n y titulaciones, experiencia profesional, pertenencia a asociaciones profesionales.<br \/>\n&#8211; Datos bancarios: n\u00famero de cuenta bancaria, n\u00famero de tarjeta de cr\u00e9dito[\/vc_column_text][vc_custom_heading text=\u00bb3. FINALIDAD Y LEGITIMACI\u00d3N. \u00bfPARA QU\u00c9 Y POR QU\u00c9 SE UTILIZAN SUS DATOS PERSONALES?\u00bb font_container=\u00bbtag:h4|text_align:left\u00bb use_theme_fonts=\u00bbyes\u00bb][vc_column_text]Jeevan Ayurveda S.L. le informa que podr\u00e1 tratar los datos de car\u00e1cter personal para la finalidad que se indica a continuaci\u00f3n, en la medida en que exista una base legal para cada tratamiento.<br \/>\nEl RGPD y la LOPDGDD establecen que s\u00f3lo se puede tratar informaci\u00f3n de una persona (sus \u00abdatos personales\u00bb) si concurre una de las bases legitimadoras expresamente previstas en dichas normas. M\u00e1s concretamente, y a este respecto, el art\u00edculo 6 del RGPD establece una lista cerrada de las bases legitimadoras que pueden concurrir para justificar y legitimar un tratamiento de datos personales:<br \/>\n&#8211; Consentimiento.<br \/>\n&#8211; Relaci\u00f3n contractual.<br \/>\n&#8211; Intereses vitales del interesado o de otras personas.<br \/>\n&#8211; Cumplimiento de una obligaci\u00f3n legal para el responsable.<br \/>\n&#8211; Inter\u00e9s p\u00fablico o ejercicio de poderes p\u00fablicos.<br \/>\n&#8211; Inter\u00e9s leg\u00edtimo prevalente del responsable o de terceros a los que se comunican los datos.<br \/>\nJeevan Ayurveda S.L. llevar\u00e1 a cabo tratamientos de sus datos, en algunos casos, al amparo del inter\u00e9s leg\u00edtimo previsto en el art\u00edculo 6.1.f) del RGPD, por cuanto considera que no perjudican el derecho de los clientes a la protecci\u00f3n de sus datos personales. Dicho precepto autoriza llevar a cabo aquellos tratamientos que son -necesarios para la satisfacci\u00f3n de intereses leg\u00edtimos perseguidos por el responsable del tratamiento o por un tercero, siempre que sobre dichos intereses no prevalezcan los intereses o los derechos y libertades fundamentales del interesado que requieran la protecci\u00f3n de datos personales, en particular cuando el interesado sea un ni\u00f1o-.<\/p>\n<p>Sobre tales tratamientos, tiene derecho a:<br \/>\n&#8211; Obtener m\u00e1s informaci\u00f3n sobre en qu\u00e9 consiste ese -inter\u00e9s leg\u00edtimo-.<br \/>\n&#8211; Saber c\u00f3mo ha llegado Jeevan Ayurveda S.L. a la conclusi\u00f3n de que no perjudican la protecci\u00f3n de tus datos personales<br \/>\n&#8211; O directamente a oponerte a ellos. Podr\u00e1 hacerlo a trav\u00e9s de los cauces que se articulan a su disposici\u00f3n en el apartado 7 &#8211; DERECHOS QUE PUEDE EJERCER -, indicando el tratamiento concreto al que se opone y los motivos en los que funda su petici\u00f3n.<\/p>\n<p>De todos los tratamientos realizados en base al inter\u00e9s leg\u00edtimo, Jeevan Ayurveda S.L. ha llevado a cabo lo que se conoce como &#8211; prueba de sopesamiento -. Se trata de un an\u00e1lisis interno para confirmar que el inter\u00e9s leg\u00edtimo de Jeevan Ayurveda S.L. no perjudica los intereses de sus clientes en la protecci\u00f3n de sus datos personales. Puedes obtener informaci\u00f3n sobre la prueba que corresponda mediante solicitud dirigida a la direcci\u00f3n de correo electr\u00f3nico info@jeevan-ayurveda.com.<\/p>\n<p>Las principales finalidades para las que se van a poder utilizar sus datos personales y bases legitimadoras para cada tratamiento son las siguientes:[\/vc_column_text][vc_column_text]<strong>Cumplimiento de obligaciones legales<\/strong><\/p>\n<p>Finalidad: cumplimiento de las obligaciones de \u00edndole contable, legal, fiscal y administrativa.<br \/>\nLegitimaci\u00f3n: ejecuci\u00f3n contractual, cumplimiento de obligaci\u00f3n legal.<\/p>\n<p><strong>Prestaci\u00f3n de servicios de formaci\u00f3n on line<\/strong><\/p>\n<p>Finalidad: Gestionar su inscripci\u00f3n y participaci\u00f3n en la jornada\/charla\/taller\/curso online. La sesi\u00f3n ser\u00e1 grabada, por lo que utilizaremos su imagen seg\u00fan la autorizaci\u00f3n que nos preste.<br \/>\nLegitimaci\u00f3n: Ejecuci\u00f3n contractual (inscripci\u00f3n en la formaci\u00f3n online)<\/p>\n<p><strong>Prestaci\u00f3n de servicios de comercializaci\u00f3n de productos<\/strong><\/p>\n<p>Finalidad: Elaborarle presupuestos personalizados, prestarle los servicios solicitados y realizar la facturaci\u00f3n de los mismos.<br \/>\nLegitimaci\u00f3n: Ejecuci\u00f3n pre-contractual y\/o contractual<\/p>\n<p><strong>Gesti\u00f3n de su solicitud de registro como usuario de la web\/plataforma<\/strong><\/p>\n<p>Finalidad: En caso de que decida registrarse como usuario en nuestra web\/plataforma, necesitamos tratar sus datos para identificarle como usuario de la misma y darle acceso a sus diferentes funcionalidades, productos y servicios que est\u00e1n a tu disposici\u00f3n como usuario registrado. Puede cancelar su cuenta de usuario registrado contactando con nosotros a trav\u00e9s de info@jeevan-ayurveda.com<br \/>\nLegitimaci\u00f3n: Ejecuci\u00f3n contractual. El tratamiento de tus datos es necesario para la ejecuci\u00f3n de los t\u00e9rminos que regulan el uso de la web\/plataforma.<\/p>\n<p><strong>Para el desarrollo, cumplimiento y ejecuci\u00f3n del contrato de compraventa o de servicios que haya<\/strong><br \/>\n<strong>contratado con nosotros a trav\u00e9s de la web\/plataforma<\/strong><\/p>\n<p>Finalidad: Esta finalidad incluye el tratamiento de tus datos para, principalmente:<br \/>\n&#8211; Gestionar el pago de los productos que compres, independientemente del medio de pago utilizado.<br \/>\n&#8211; Gesti\u00f3n del env\u00edo del producto o prestaci\u00f3n de los servicios.<br \/>\n&#8211; Gestionar posibles devoluciones una vez hayas realizado una compra.<br \/>\n&#8211; Contactar contigo en relaci\u00f3n a actualizaciones o comunicaciones informativas relacionadas con las funcionalidades, productos o servicios contratados, incluyendo el env\u00edo de encuestas de calidad sobre los productos o servicios prestados.<br \/>\nLegitimaci\u00f3n: Ejecuci\u00f3n contractual. El tratamiento de tus datos es necesario para la ejecuci\u00f3n del contrato de compraventa o de prestaci\u00f3n de servicios que nos vincule con usted. Es posible que algunos tratamientos de datos asociados al proceso de compra se activen \u00fanicamente porque usted lo solicite o autorice, como es el caso del almacenamiento de los datos de pago (tarjeta) para futuras compras. En estos casos, la base sobre la que tratamos tus datos es su propio consentimiento.<\/p>\n<p><strong>Videovigilancia<\/strong><\/p>\n<p>Finalidad: Vigilancia interior y exterior de las instalaciones con la finalidad de dar cumplimiento al operativo de seguridad y para prevenir riesgos que afecten a la seguridad y protecci\u00f3n de las personas, locales y bienes patrimoniales as\u00ed como para denunciar, cuando sea necesario, hechos ante las autoridades competentes o atender los requerimientos de las mismas.<br \/>\nLegitimaci\u00f3n: Inter\u00e9s p\u00fablico, dado que su finalidad es garantizar la seguridad de personas, bienes e instalaciones.<br \/>\nCuando la base de legitimaci\u00f3n de un tratamiento es el \u00abInter\u00e9s P\u00fablico\u00bb, este tratamiento debe tener una base en el Derecho de la Uni\u00f3n o de los Estados miembros. A este respecto, cabe citar la Ley 5\/2014, de 4 de abril, de Seguridad Privada.<\/p>\n<p><strong>Uso de imagen<\/strong><\/p>\n<p>Finalidad: Captaci\u00f3n, gesti\u00f3n, reproducci\u00f3n y\/o publicaci\u00f3n de los archivos audiovisuales (fotograf\u00edas, v\u00eddeos&#8230;) en los que aparezcan personas f\u00edsicas en p\u00e1ginas web, redes sociales, publicaciones f\u00edsicas o cualquier otro soporte.<br \/>\nLegitimaci\u00f3n: Su consentimiento.<\/p>\n<p><strong>Concursos, sorteos y eventos<\/strong><\/p>\n<p>Finalidad: Gesti\u00f3n de su participaci\u00f3n en concursos, sorteos y dem\u00e1s actividades en la que usted haya solicitado participar.<br \/>\nLegitimaci\u00f3n: Su consentimiento.<\/p>\n<p><strong>Remisi\u00f3n de encuestas de calidad<\/strong><\/p>\n<p>Finalidad: Con el fin de evaluar el nivel de satisfacci\u00f3n de los usuarios con los productos y\/o servicios contratados, Jeevan Ayurveda S.L. remitir\u00e1 encuestas de calidad con el fin de obtener su opini\u00f3n acerca de los mismos y as\u00ed poder mejorar la prestaci\u00f3n de sus servicios de manera continua.<br \/>\nLegitimaci\u00f3n: Inter\u00e9s leg\u00edtimo de Jeevan Ayurveda S.L.<\/p>\n<p><strong>Comunicaciones comerciales (no solicitadas expresamente)<\/strong><\/p>\n<p>Finalidad: Con el fin de poder ofrecer al usuario productos y servicios que puedan ser de su inter\u00e9s se le remitir\u00e1n ofertas sobre productos y servicios relacionados con los ya contratados o que haya contratado en el pasado con Jeevan Ayurveda S.L.. Podr\u00e1 oponerse a recibir estas comunicaciones en cada comunicaci\u00f3n que reciba.<br \/>\nLegitimaci\u00f3n: Inter\u00e9s leg\u00edtimo de Jeevan Ayurveda S.L..<\/p>\n<p><strong>Comunicaciones comerciales<\/strong><\/p>\n<p>Finalidad: Env\u00edo de comunicaciones comerciales sobre ofertas no relacionadas con los servicios y\/o productos contratados. Podr\u00e1 oponerse a recibir estas comunicaciones en cada comunicaci\u00f3n que reciba.<br \/>\nLegitimaci\u00f3n: Su consentimiento.<\/p>\n<p><strong>Env\u00edo de curr\u00edculum<\/strong><\/p>\n<p>Finalidad: Incluirlo en los procesos de selecci\u00f3n de personal abiertos actualmente o para futuros procesos en el que el candidato pueda encajar, no pudiendo ser utilizados para otras finalidades.<br \/>\nLegitimaci\u00f3n: Ejecuci\u00f3n de medidas precontractuales.[\/vc_column_text][vc_column_text]<span dir=\"ltr\" aria-owns=\"pdfjs_internal_id_5R\"><span dir=\"ltr\" role=\"presentation\">Al proporcionar sus datos por cualquiera de los medios facilitados, garantiza la veracidad de los datos aportados y se comprometes a comunicar cualquier cambio que se produzca en los mismos.<br \/>\nRecuerde que, cuando le pidamos que rellene sus datos personales para darle acceso a alguna funcionalidad o servicio, marcaremos algunos campos como obligatorios, puesto que son datos que necesitamos para poder<br \/>\nprestarle el servicio en cuesti\u00f3n. Por favor, tenga en cuenta que si decide no facilitarnos esos datos, es posible que no pueda no pueda disfrutar de esos servicios o funcionalidades o enviarnos su solicitud.<\/span><\/span>[\/vc_column_text][vc_custom_heading text=\u00bb4. CONSERVACI\u00d3N DE TUS DATOS. \u00bfCU\u00c1NTO TIEMPO LOS CONSERVAREMOS?\u00bb font_container=\u00bbtag:h4|text_align:left\u00bb use_theme_fonts=\u00bbyes\u00bb][vc_column_text]<span dir=\"ltr\" aria-owns=\"pdfjs_internal_id_5R\">Los datos personales proporcionados se conservar\u00e1n durante el tiempo necesario para cumplir con la finalidad para la que se recaban. Una vez finalizado este plazo conservaremos sus datos debidamente guardados y<br \/>\nprotegidos durante los plazos de prescripci\u00f3n legal exigidos. Una vez prescriban las posibles acciones de cada caso, procederemos a la supresi\u00f3n de los datos personales.<br \/>\n<\/span>[\/vc_column_text][vc_custom_heading text=\u00bb5. \u00bfA QUI\u00c9N COMUNICAMOS SUS DATOS?\u00bb font_container=\u00bbtag:h4|text_align:left\u00bb use_theme_fonts=\u00bbyes\u00bb][vc_column_text]<span dir=\"ltr\" aria-owns=\"pdfjs_internal_id_5R\">Para cumplir las finalidades indicadas en la presente Pol\u00edtica de Privacidad, es necesario que demos acceso a sus datos personales a entidades que nos prestan apoyo en los servicios que le ofrecemos, a saber:<\/span><\/p>\n<ul>\n<li><span dir=\"ltr\" aria-owns=\"pdfjs_internal_id_5R\"><span dir=\"ltr\" role=\"presentation\">Entidades financieras<\/span><\/span><\/li>\n<li><span dir=\"ltr\" aria-owns=\"pdfjs_internal_id_5R\"><span dir=\"ltr\" role=\"presentation\">Proveedores de servicios tecnol\u00f3gicos<\/span><br role=\"presentation\" \/><\/span><\/li>\n<li><span dir=\"ltr\" aria-owns=\"pdfjs_internal_id_5R\"><span dir=\"ltr\" role=\"presentation\">Entidades de asesoramiento empresarial<\/span><br role=\"presentation\" \/><\/span><\/li>\n<li><span dir=\"ltr\" aria-owns=\"pdfjs_internal_id_5R\"><span dir=\"ltr\" role=\"presentation\">Seguridad Social<\/span><\/span><\/li>\n<li><span dir=\"ltr\" aria-owns=\"pdfjs_internal_id_5R\"><span dir=\"ltr\" role=\"presentation\">Agencia Tributaria<\/span><br role=\"presentation\" \/><\/span><\/li>\n<\/ul>\n<p>Al margen de las se\u00f1aladas, Jeevan Ayurveda S.L. no ceder\u00e1 los datos personales a terceros, excepto por obligaci\u00f3n legal. Sin embargo, en el caso de ser cedidos a alg\u00fan tercero se informar\u00e1 previamente al usuario<br \/>\nsolicitando el consentimiento expreso para tal cesi\u00f3n. La entidad responsable de la base de datos, as\u00ed como los que intervengan en cualquier fase del tratamiento y\/o las entidades a quienes se los haya comunicado -en todo caso siempre con la correspondiente autorizaci\u00f3n otorgada por el usuario-, est\u00e1n obligadas a observar el secreto profesional y a la adopci\u00f3n de los niveles de protecci\u00f3n y las medidas t\u00e9cnicas y organizativas necesarias a su alcance para garantizar la seguridad de los datos de car\u00e1cter personal, evitando, dentro de lo posible, accesos no autorizados, modificaciones il\u00edcitas, sustracciones y\/o la p\u00e9rdida de los datos, con objeto de procurar el correspondiente nivel de seguridad de los ficheros, seg\u00fan la naturaleza y sensibilidad de los datos facilitados por los usuarios del presente sitio web.[\/vc_column_text][vc_custom_heading text=\u00bb6. DERECHOS QUE PUEDE EJERCER\u00bb font_container=\u00bbtag:h4|text_align:left\u00bb use_theme_fonts=\u00bbyes\u00bb][vc_column_text]Puede ejercitar cualquiera de los derechos que a continuaci\u00f3n le explicamos, simplemente indic\u00e1ndonos el motivo de tu solicitud y el derecho que quiere ejercitar. En caso de que lo consideremos necesario para poderidentificarle, podremos solicitarle copia de un documento acreditativo de su identidad.<br \/>\nEn general siempre tendr\u00e1 derecho a:<\/p>\n<ul>\n<li>Solicitar el acceso a sus datos personales, para conocer qu\u00e9 datos tenemos suyos.<\/li>\n<li>Solicitar la rectificaci\u00f3n de sus datos: tenga en cuenta que, al facilitarnos activamente sus datos personales por cualquier v\u00eda, garantiza que son ciertos y exactos y se compromete a notificarnos cualquier cambio o modificaci\u00f3n de los mismos.<\/li>\n<li>Solicitar que suprimamos sus datos en la medida en que ya no sean necesarios para la finalidad para los que necesitemos tratarlos seg\u00fan le hemos informado m\u00e1s arriba, o en que ya no contemos con legitimaci\u00f3n para hacerlo.<\/li>\n<li>Solicitar que limitemos el tratamiento de sus datos, lo que supone que en determinados casos pueda solicitarnos que suspendamos temporalmente el tratamiento de los datos o que los conservemos m\u00e1s all\u00e1 del tiempo necesario cuando puedas necesitarlo.<\/li>\n<li>Solicitar la portabilidad de tus datos personales. Esto significa que tendr\u00e1 derecho a recibir los datos personales que nos haya facilitado en un formato estructurado, de uso com\u00fan y legible por una m\u00e1quina, para poder transmitirlo a otra entidad directamente, siempre que t\u00e9cnicamente sea posible.<\/li>\n<li>Solicitar el derecho de oposici\u00f3n al tratamiento de sus datos cuando el tratamiento de tus datos est\u00e9 basado en nuestro inter\u00e9s leg\u00edtimo.<\/li>\n<\/ul>\n<p>Puede solicitar el ejercicio de derecho a trav\u00e9s de los siguientes medios:<\/p>\n<ul>\n<li>Correo postal, enviando su solicitud o entreg\u00e1ndola presencialmente en: Carretera General del Sur 76, 38620 San Miguel de Abona, Santa Cruz de Tenerife<\/li>\n<li>A trav\u00e9s del correo electr\u00f3nico: info@jeevan-ayurveda.com<\/li>\n<\/ul>\n<p>Jeevan Ayurveda S.L. deber\u00e1 contestar la solicitud en el plazo de un mes a partir de la recepci\u00f3n de la solicitud.<br \/>\nDicho plazo podr\u00e1 prorrogarse otros dos meses en el caso de ser necesario, teniendo en cuenta la complejidad y el n\u00famero de solicitudes.<br \/>\nTiene derecho a retirar el consentimiento prestado en cualquier momento enviando correo electr\u00f3nico a info@jeevan-ayurveda.com. La retirada del consentimiento no afectar\u00e1 a la licitud del tratamiento efectuado antes de la retirada del consentimiento.<br \/>\nEn caso de considerar vulnerado su derecho a la protecci\u00f3n de sus datos de car\u00e1cter personal, podr\u00e1 interponer una reclamaci\u00f3n delante de la Agencia Espa\u00f1ola de Protecci\u00f3n de Datos, www.aepd.es.[\/vc_column_text][vc_custom_heading text=\u00bb7. \u00bfQU\u00c9 PASA SI NOS FACILITA DATOS DE TERCEROS O SI UN TERCERO NOS HA FACILITADO DATOS SUYOS?\u00bb font_container=\u00bbtag:h4|text_align:left\u00bb use_theme_fonts=\u00bbyes\u00bb][vc_column_text]Hay ocasiones en las que puede facilitar datos de terceros, por ejemplo, personas de contactos. Si nos proporciona Datos Personales de terceras personas garantiza haberles informado acerca de las finalidades y la<br \/>\nforma en la que necesitamos tratar sus datos personales.<br \/>\nSi un tercero nos ha facilitado sus datos los trataremos dentro de las finalidades recogidas en esta Pol\u00edtica de Privacidad.[\/vc_column_text][vc_custom_heading text=\u00bb8. \u00bfEST\u00c1N SEGUROS MIS DATOS?\u00bb font_container=\u00bbtag:h4|text_align:left\u00bb use_theme_fonts=\u00bbyes\u00bb][vc_column_text]Jeevan Ayurveda S.L. garantiza la adopci\u00f3n de las medidas oportunas para asegurar el tratamiento confidencial de sus datos habida cuenta del car\u00e1cter reservado de los mismos y se compromete a que dichos datos permanezcan secretos, trat\u00e1ndolos con la m\u00e1xima reserva, y declara tener implantadas en su sistema de informaci\u00f3n, las pol\u00edticas de seguridad correspondientes al tipo de datos manejados conforme a lo dispuesto en el REGLAMENTO (UE) 2016\/679 DEL PARLAMENTO EUROPEO Y DEL CONSEJO de 27 de abril de 2016 relativo a la protecci\u00f3n de las personas f\u00edsicas en lo que respecta al tratamiento de datos personales y a la libre circulaci\u00f3n de estos datos (RGPD).<br \/>\nTodos los datos facilitados a trav\u00e9s de nuestra plataforma se recopilan mediante un protocolo seguro.<\/p>\n<p>Nuestra web:<br \/>\n&#8211; Posee un certificado SSL que permite que cuando alg\u00fan usuario visita nuestra web e intercambia informaci\u00f3n con nosotros se establece una conexi\u00f3n cifrada.<br \/>\n&#8211; Se encuentra alojada en los servidores de Hetzner Online GmbH Puede consultar su Pol\u00edtica de Privacidad <a href=\"https:\/\/www.hetzner.com\/legal\/privacy-policy\/\">aqu\u00ed<\/a>.[\/vc_column_text][vc_custom_heading text=\u00bb9. CAMBIOS A LA POL\u00cdTICA DE PRIVACIDAD\u00bb font_container=\u00bbtag:h4|text_align:left\u00bb use_theme_fonts=\u00bbyes\u00bb][vc_column_text]Es posible que modifiquemos la informaci\u00f3n contenida en esta Pol\u00edtica de Privacidad cuando lo estimemos conveniente, en cumplimiento por ejemplo de cambios legislativos o jurisprudenciales. En caso de que lo<br \/>\nhagamos, se lo notificaremos por distintas v\u00edas a trav\u00e9s de los cambios en la web, o incluso se lo comunicaremos a su direcci\u00f3n de correo electr\u00f3nico cuando el cambio en cuesti\u00f3n sea significativo para con tu privacidad, de manera que pueda revisar los cambios, valorarlos y, en su caso, oponerse o darse de baja en alg\u00fan servicio o funcionalidad.[\/vc_column_text][vc_custom_heading text=\u00bb10. \u00bfALGUNA CONSULTA SOBRE ESTA POL\u00cdTICA O SUS DERECHOS?\u00bb font_container=\u00bbtag:h4|text_align:left\u00bb use_theme_fonts=\u00bbyes\u00bb][vc_column_text]<span dir=\"ltr\" role=\"presentation\">En el caso de tener alguna duda o pregunta sobre la pol\u00edtica de privacidad o sobre c\u00f3mo gestionar alg\u00fan dato <\/span><span dir=\"ltr\" aria-owns=\"pdfjs_internal_id_5R\">personal que nos haya proporcionado puede contactar en <a href=\"mailto:info@jeevan-ayurveda.com\">info@jeevan-ayurveda.com<\/a>.<\/span>[\/vc_column_text][\/vc_column][\/vc_row]<\/p>\n<\/div>","protected":false},"excerpt":{"rendered":"<p>[vc_row][vc_column][vc_custom_heading text=\u00bbPol\u00edtica de privacidad\u00bb google_fonts=\u00bbfont_family:Playfair%20Display%3Aregular%2Citalic%2C700%2C700italic%2C900%2C900italic|font_style:700%20bold%20regular%3A700%3Anormal\u00bb][vc_column_text]En este sitio web s\u00f3lo se recaban datos personales con el conocimiento e informaci\u00f3n de los usuarios. En este documento le explicamos con detalle qui\u00e9n va a tratar sus datos, para qu\u00e9 se van a utilizar y cu\u00e1les son los derechos que puede ejercer entre otros puntos. Si quiere tener una [&hellip;]<\/p>\n","protected":false},"author":1,"featured_media":0,"parent":0,"menu_order":0,"comment_status":"closed","ping_status":"open","template":"","meta":{"footnotes":""},"class_list":["post-3","page","type-page","status-publish","hentry"],"_links":{"self":[{"href":"https:\/\/www.jeevan-ayurveda.com\/es\/wp-json\/wp\/v2\/pages\/3"}],"collection":[{"href":"https:\/\/www.jeevan-ayurveda.com\/es\/wp-json\/wp\/v2\/pages"}],"about":[{"href":"https:\/\/www.jeevan-ayurveda.com\/es\/wp-json\/wp\/v2\/types\/page"}],"author":[{"embeddable":true,"href":"https:\/\/www.jeevan-ayurveda.com\/es\/wp-json\/wp\/v2\/users\/1"}],"replies":[{"embeddable":true,"href":"https:\/\/www.jeevan-ayurveda.com\/es\/wp-json\/wp\/v2\/comments?post=3"}],"version-history":[{"count":17,"href":"https:\/\/www.jeevan-ayurveda.com\/es\/wp-json\/wp\/v2\/pages\/3\/revisions"}],"predecessor-version":[{"id":9340,"href":"https:\/\/www.jeevan-ayurveda.com\/es\/wp-json\/wp\/v2\/pages\/3\/revisions\/9340"}],"wp:attachment":[{"href":"https:\/\/www.jeevan-ayurveda.com\/es\/wp-json\/wp\/v2\/media?parent=3"}],"curies":[{"name":"wp","href":"https:\/\/api.w.org\/{rel}","templated":true}]}}