{"id":3246,"date":"2021-02-25T13:04:35","date_gmt":"2021-02-25T12:04:35","guid":{"rendered":"https:\/\/www.jeevan-ayurveda.com\/?page_id=3246"},"modified":"2025-10-27T10:39:48","modified_gmt":"2025-10-27T09:39:48","slug":"politica-cookies","status":"publish","type":"page","link":"https:\/\/www.jeevan-ayurveda.com\/es\/politica-cookies\/","title":{"rendered":"Pol\u00edtica de Cookies"},"content":{"rendered":"<h1>Pol\u00edtica de cookies<\/h1>\n<h2>ANTECEDENTES<\/h2>\n<p>http:\/\/www.jeevan-ayurveda.com usa cookies. Las cookies de este sitio web se usan para personalizar el contenido y los anuncios, ofrecer funciones de redes sociales y analizar el tr\u00e1fico. Adem\u00e1s, compartimos informaci\u00f3n sobre el uso que haga del sitio web con nuestros partners de redes sociales, publicidad y an\u00e1lisis web, quienes pueden combinarla con otra informaci\u00f3n que les haya proporcionado o que hayan recopilado a partir del uso que haya hecho de sus servicios.<\/p>\n<h2>\u00bfQU\u00c9 SON LAS COOKIES?<\/h2>\n<p>Una cookie es un fichero que se descarga en su ordenador al acceder a determinadas p\u00e1ginas web. Las cookies permiten a una p\u00e1gina web, entre otras cosas, almacenar y recuperar informaci\u00f3n sobre los h\u00e1bitos de navegaci\u00f3n de un usuario o de su equipo y, dependiendo de la informaci\u00f3n que contengan y de la forma en que utilice su equipo, pueden utilizarse para reconocer al usuario. Las cookies se asocian \u00fanicamente a un usuario an\u00f3nimo y su ordenador o dispositivo y no proporcionan referencias que permitan conocer sus datos personales.<\/p>\n<h2>COOKIES AFECTADAS POR LA NORMATIVA Y COOKIES EXENTAS<\/h2>\n<p>Seg\u00fan la directiva de la UE, las cookies que requieren el consentimiento informado por parte del usuario son las cookies de preferencias o personalizaci\u00f3n, las cookies de an\u00e1lisis o medici\u00f3n y las de publicidad comportamental, quedando exceptuadas las de car\u00e1cter t\u00e9cnico.<\/p>\n<h2>TIPOS DE COOKIES<\/h2>\n<p>a) Seg\u00fan la entidad que las gestione, hay Cookies propias (aqu\u00e9llas que se env\u00edan al equipo terminal del usuario desde un equipo o dominio gestionado por el propio editor y desde el que se presta el servicio solicitado por el usuario) y de terceros (las que se env\u00edan al equipo terminal del usuario desde un equipo o dominio que no es gestionado por el editor, sino por otra entidad que trata los datos obtenidos trav\u00e9s de las cookies).<\/p>\n<p>b) Seg\u00fan el tiempo que permanecen activas, existen las de sesi\u00f3n (dise\u00f1adas para recabar y almacenar datos mientras el usuario accede a una p\u00e1gina web) y las persistentes (en las que los datos se almacenan en el terminal y pueden ser accedidos y tratados durante un periodo definido por el responsable de la cookie -puede ir de unos minutos a varios a\u00f1os-).<\/p>\n<p>c) Seg\u00fan la finalidad para la que traten la informaci\u00f3n que recopilan, pueden ser:<\/p>\n<ul>\n<li>Cookies t\u00e9cnicas (necesarias para el uso de la web y la prestaci\u00f3n del servicio contratado),<\/li>\n<li>Cookies de preferencias o personalizaci\u00f3n (que permiten al usuario acceder al servicio con caracter\u00edsticas predefinidas, como por ejemplo el idioma, tipo de navegador, configuraci\u00f3n regional, etc.),<\/li>\n<li>Cookies de an\u00e1lisis o medici\u00f3n (recogen informaci\u00f3n el uso que se realiza de la web),<\/li>\n<li>Cookies de publicidad comportamental (recogen informaci\u00f3n sobre las preferencias y elecciones personales de los usuarios).<\/li>\n<\/ul>\n<h2>TIPOS DE COOKIES UTILIZADAS POR ESTE SITIO WEB<\/h2>\n<p>Las cookies utilizadas en http:\/\/www.jeevan-ayurveda.com son propias y de terceros, y nos permiten almacenar y acceder a informaci\u00f3n relativa al idioma, el tipo de navegador utilizado, y otras caracter\u00edsticas generales predefinidas por el usuario, as\u00ed como seguir y analizar la actividad que lleva a cabo para mejorar y prestar nuestros servicios de una manera m\u00e1s eficiente y personalizada. Las cookies usadas tienen, en todo caso, car\u00e1cter temporal, con la \u00fanica finalidad de hacer m\u00e1s eficaz la navegaci\u00f3n. En ning\u00fan caso estas cookies proporcionan por s\u00ed mismas datos de car\u00e1cter personal y no se usan para la recogida de los mismos.<\/p>\n<p>En diversas secciones de nuestra web se podr\u00e1n instalar cookies de redes sociales, en concreto las siguientes:<\/p>\n<ul>\n<li>Cookie de X, seg\u00fan lo dispuesto en su pol\u00edtica de cookies.<\/li>\n<li>Cookie de Facebook, seg\u00fan lo dispuesto en su pol\u00edtica de cookies.<\/li>\n<li>Cookie de LinkedIn, seg\u00fan lo dispuesto en su p\u00e1gina sobre el uso de las cookies.<\/li>\n<li>Cookie de Google+ y Google Maps, seg\u00fan lo dispuesto en su p\u00e1gina sobre qu\u00e9 tipo de cookies utilizan.<\/li>\n<\/ul>\n<h3>Cookies t\u00e9cnicas:<\/h3>\n<table>\n<thead>\n<tr>\n<th>Nombre<\/th>\n<th>Categor\u00eda<\/th>\n<th>Tipo<\/th>\n<th>Dominio<\/th>\n<th>Proveedor<\/th>\n<th>Duraci\u00f3n<\/th>\n<th>Descripci\u00f3n\/ Finalidad<\/th>\n<\/tr>\n<\/thead>\n<tbody>\n<tr>\n<td>__Secure-1PAPISID<\/td>\n<td>T\u00e9cnica<\/td>\n<td>Terceros<\/td>\n<td>.google.com<\/td>\n<td>Google<\/td>\n<td>13 meses<\/td>\n<td>Ayuda a gestionar la sesi\u00f3n del usuario y mantener la seguridad durante la navegaci\u00f3n.<\/td>\n<\/tr>\n<tr>\n<td>__Secure-1PSID<\/td>\n<td>T\u00e9cnica<\/td>\n<td>Terceros<\/td>\n<td>.google.com<\/td>\n<td>Google<\/td>\n<td>13 meses<\/td>\n<td>Para la autenticaci\u00f3n de usuarios y la seguridad de la sesi\u00f3n.<\/td>\n<\/tr>\n<tr>\n<td>__Secure-1PSIDCC<\/td>\n<td>T\u00e9cnica<\/td>\n<td>Terceros<\/td>\n<td>.google.com<\/td>\n<td>Google<\/td>\n<td>1 a\u00f1o<\/td>\n<td>Proteger los servicios de Google y asegurar que las solicitudes provienen de usuarios leg\u00edtimos.<\/td>\n<\/tr>\n<tr>\n<td>__Secure-1PSIDTS<\/td>\n<td>T\u00e9cnica<\/td>\n<td>Terceros<\/td>\n<td>.google.com<\/td>\n<td>Google<\/td>\n<td>1 a\u00f1o<\/td>\n<td>Ayudar a Google a verificar la autenticidad de las sesiones y mejorar la seguridad en la comunicaci\u00f3n entre el usuario y los servicios de Google, asegurando que los datos del usuario se mantengan protegidos contra accesos no autorizados.<\/td>\n<\/tr>\n<tr>\n<td>__Secure-3PAPISID<\/td>\n<td>T\u00e9cnica<\/td>\n<td>Terceros<\/td>\n<td>.google.com<\/td>\n<td>Google<\/td>\n<td>13 meses<\/td>\n<td>Ayuda a gestionar la sesi\u00f3n del usuario y mantener la seguridad durante la navegaci\u00f3n.<\/td>\n<\/tr>\n<tr>\n<td>__Secure-3PSID<\/td>\n<td>T\u00e9cnica<\/td>\n<td>Terceros<\/td>\n<td>.google.com<\/td>\n<td>Google<\/td>\n<td>13 meses<\/td>\n<td>Proteger las cuentas de usuario y garantizar la seguridad de las interacciones en los servicios de Google.<\/td>\n<\/tr>\n<tr>\n<td>__Secure-3PSIDCC<\/td>\n<td>T\u00e9cnica<\/td>\n<td>Terceros<\/td>\n<td>.google.com<\/td>\n<td>Google<\/td>\n<td>1 a\u00f1o<\/td>\n<td>Proteger los servicios de Google y asegurar que las solicitudes provienen de usuarios leg\u00edtimos.<\/td>\n<\/tr>\n<tr>\n<td>__Secure-3PSIDTS<\/td>\n<td>T\u00e9cnica<\/td>\n<td>Terceros<\/td>\n<td>.google.com<\/td>\n<td>Google<\/td>\n<td>1 a\u00f1o<\/td>\n<td>Mantener la seguridad de las sesiones de usuario y prevenir fraudes en los servicios de Google.<\/td>\n<\/tr>\n<tr>\n<td>__Secure-ENID<\/td>\n<td>T\u00e9cnica<\/td>\n<td>Terceros<\/td>\n<td>.google.com<\/td>\n<td>Google<\/td>\n<td>7 meses<\/td>\n<td>Para gestionar las preferencias de seguridad y autenticaci\u00f3n del usuario, ayudando a prevenir accesos no autorizados.<\/td>\n<\/tr>\n<tr>\n<td>AEC<\/td>\n<td>T\u00e9cnica<\/td>\n<td>Terceros<\/td>\n<td>.google.com<\/td>\n<td>Google<\/td>\n<td>1 mes<\/td>\n<td>Garantizar que las solicitudes durante una sesi\u00f3n de navegaci\u00f3n provengan del usuario y no de sitios maliciosos, protegiendo contra fraudes y abusos.<\/td>\n<\/tr>\n<tr>\n<td>APISID<\/td>\n<td>T\u00e9cnica<\/td>\n<td>Terceros<\/td>\n<td>google.com<\/td>\n<td>Google<\/td>\n<td>13 meses<\/td>\n<td>Ayuda a gestionar la sesi\u00f3n del usuario y la seguridad durante la navegaci\u00f3n.<\/td>\n<\/tr>\n<tr>\n<td>HSID<\/td>\n<td>T\u00e9cnica<\/td>\n<td>Terceros<\/td>\n<td>.google.com<\/td>\n<td>Google<\/td>\n<td>13 meses<\/td>\n<td>Proteger a los usuarios contra el fraude y mantener la seguridad de las cuentas de Google.<\/td>\n<\/tr>\n<tr>\n<td>moove_gdpr_popup<\/td>\n<td>T\u00e9cnica<\/td>\n<td>Propia<\/td>\n<td>www.jeevan-ayurveda.com<\/td>\n<td>Moove<\/td>\n<td>1 a\u00f1o<\/td>\n<td>Almacenar las preferencias de consentimiento de cookies.<\/td>\n<\/tr>\n<tr>\n<td>SAPISID<\/td>\n<td>T\u00e9cnica<\/td>\n<td>Terceros<\/td>\n<td>.google.com<\/td>\n<td>Google<\/td>\n<td>13 meses<\/td>\n<td>Ayuda a gestionar la sesi\u00f3n del usuario y la seguridad durante la navegaci\u00f3n.<\/td>\n<\/tr>\n<tr>\n<td>SEARCH_SAMESITE<\/td>\n<td>T\u00e9cnica<\/td>\n<td>Terceros<\/td>\n<td>.google.com<\/td>\n<td>Google<\/td>\n<td>6 meses<\/td>\n<td>Ayudar a evitar ataques de CSRF (Cross-Site Request Forgery) y mejorar la seguridad de las solicitudes de b\u00fasqueda.<\/td>\n<\/tr>\n<tr>\n<td>SID<\/td>\n<td>T\u00e9cnica<\/td>\n<td>Terceros<\/td>\n<td>.google.com<\/td>\n<td>Google<\/td>\n<td>13 meses<\/td>\n<td>Mantener la sesi\u00f3n activa y proteger las cuentas de usuario en los servicios de Google.<\/td>\n<\/tr>\n<tr>\n<td>SIDCC<\/td>\n<td>T\u00e9cnica<\/td>\n<td>Terceros<\/td>\n<td>.google.com<\/td>\n<td>Google<\/td>\n<td>1 a\u00f1o<\/td>\n<td>Proteger los servicios de Google y asegurar que las solicitudes provienen de usuarios leg\u00edtimos.<\/td>\n<\/tr>\n<tr>\n<td>SSID<\/td>\n<td>T\u00e9cnica<\/td>\n<td>Terceros<\/td>\n<td>.google.com<\/td>\n<td>Google<\/td>\n<td>13 meses<\/td>\n<td>Autenticar al usuario en los servicios de Google y proteger los datos de la cuenta contra accesos no autorizados.<\/td>\n<\/tr>\n<tr>\n<td>wp-wpml_current_language<\/td>\n<td>T\u00e9cnica<\/td>\n<td>Propia<\/td>\n<td>www.jeevan-ayurveda.com<\/td>\n<td>WordPress<\/td>\n<td>Sesi\u00f3n<\/td>\n<td>Para mostrar el contenido correctamente en el idioma correspondiente seg\u00fan la configuraci\u00f3n del navegador o del sitio.<\/td>\n<\/tr>\n<\/tbody>\n<\/table>\n<h3>Cookies de preferencias o personalizaci\u00f3n:<\/h3>\n<table>\n<thead>\n<tr>\n<th>Nombre<\/th>\n<th>Categor\u00eda<\/th>\n<th>Tipo<\/th>\n<th>Dominio<\/th>\n<th>Proveedor<\/th>\n<th>Duraci\u00f3n<\/th>\n<th>Descripci\u00f3n\/ Finalidad<\/th>\n<\/tr>\n<\/thead>\n<tbody>\n<tr>\n<td>NID<\/td>\n<td>Preferencias o personalizaci\u00f3n<\/td>\n<td>Terceros<\/td>\n<td>.google.com<\/td>\n<td>Google<\/td>\n<td>6 meses<\/td>\n<td>Guarda las configuraciones y preferencias del usuario relacionadas con el uso de Google, como idioma o personalizaci\u00f3n de servicios.<\/td>\n<\/tr>\n<tr>\n<td>wp-wpml_current_language<\/td>\n<td>Preferencias o personalizaci\u00f3n<\/td>\n<td>Propia<\/td>\n<td>www.jeevan-ayurveda.com<\/td>\n<td>WordPress<\/td>\n<td>Sesi\u00f3n<\/td>\n<td>Para almacenar la configuraci\u00f3n de idioma previamente seleccionado por el usuario.<\/td>\n<\/tr>\n<\/tbody>\n<\/table>\n<h3>Cookies de publicidad comportamental:<\/h3>\n<p>HSIDPublicidad comportamentalTerceros.google.comGoogle13 mesesUtilizada para personalizar anuncios y mostrar publicidad relevante basada en el perfil del usuario.<\/p>\n<table>\n<thead>\n<tr>\n<th>Nombre<\/th>\n<th>Categor\u00eda<\/th>\n<th>Tipo<\/th>\n<th>Dominio<\/th>\n<th>Proveedor<\/th>\n<th>Duraci\u00f3n<\/th>\n<th>Descripci\u00f3n\/ Finalidad<\/th>\n<\/tr>\n<\/thead>\n<tbody>\n<tr>\n<td>__Secure-1PAPISID<\/td>\n<td>Publicidad comportamental<\/td>\n<td>Terceros<\/td>\n<td>.google.com<\/td>\n<td>Google<\/td>\n<td>13 meses<\/td>\n<td>Almacenar informaci\u00f3n sobre las preferencias del usuario y personalizar anuncios en los servicios de Google.<\/td>\n<\/tr>\n<tr>\n<td>__Secure-1PSID<\/td>\n<td>Publicidad comportamental<\/td>\n<td>Terceros<\/td>\n<td>.google.com<\/td>\n<td>Google<\/td>\n<td>13 meses<\/td>\n<td>Mostrar anuncios relevantes basados en la actividad de navegaci\u00f3n y perfil del usuario, especialmente si ha iniciado sesi\u00f3n.<\/td>\n<\/tr>\n<tr>\n<td>__Secure-1PSIDCC<\/td>\n<td>Publicidad comportamental<\/td>\n<td>Terceros<\/td>\n<td>.google.com<\/td>\n<td>Google<\/td>\n<td>1 a\u00f1o<\/td>\n<td>Personalizar anuncios, bas\u00e1ndose en el perfil del usuario creado cuando ha iniciado sesi\u00f3n en sus servicios.<\/td>\n<\/tr>\n<tr>\n<td>__Secure-1PSIDTS<\/td>\n<td>Publicidad comportamental<\/td>\n<td>Terceros<\/td>\n<td>.google.com<\/td>\n<td>Google<\/td>\n<td>1 a\u00f1o<\/td>\n<td>Identificaci\u00f3n del usuario con fines publicitarios, para mostrarle anuncios relevantes en funci\u00f3n de su perfil e historial de navegaci\u00f3n.<\/td>\n<\/tr>\n<tr>\n<td>__Secure-3PAPISID<\/td>\n<td>Publicidad comportamental<\/td>\n<td>Terceros<\/td>\n<td>.google.com<\/td>\n<td>Google<\/td>\n<td>13 meses<\/td>\n<td>Almacenar informaci\u00f3n sobre las preferencias de usuario y personalizar anuncios en los servicios de Google.<\/td>\n<\/tr>\n<tr>\n<td>__Secure-3PSID<\/td>\n<td>Publicidad comportamental<\/td>\n<td>Terceros<\/td>\n<td>.google.com<\/td>\n<td>Google<\/td>\n<td>13 meses<\/td>\n<td>Crear un perfil del usuario basado en su comportamiento y mostrarle anuncios relevantes en sitios de terceros.<\/td>\n<\/tr>\n<tr>\n<td>__Secure-3PSIDCC<\/td>\n<td>Publicidad comportamental<\/td>\n<td>Terceros<\/td>\n<td>.google.com<\/td>\n<td>Google<\/td>\n<td>1 a\u00f1o<\/td>\n<td>Para entregar anuncios m\u00e1s relevantes para el usuario y sus intereses, adem\u00e1s de limitar la cantidad de veces que se muestra un anuncio.<\/td>\n<\/tr>\n<tr>\n<td>__Secure-3PSIDTS<\/td>\n<td>Publicidad comportamental<\/td>\n<td>Terceros<\/td>\n<td>.google.com<\/td>\n<td>Google<\/td>\n<td>1 a\u00f1o<\/td>\n<td>Personalizar los anuncios seg\u00fan el comportamiento y las preferencias del usuario mientras navega por los servicios de Google.<\/td>\n<\/tr>\n<tr>\n<td>__Secure-ENID<\/td>\n<td>Publicidad comportamental<\/td>\n<td>Terceros<\/td>\n<td>.google.com<\/td>\n<td>Google<\/td>\n<td>7 meses<\/td>\n<td>Personalizar y segmentar anuncios seg\u00fan el comportamiento del usuario.<\/td>\n<\/tr>\n<tr>\n<td>APISID<\/td>\n<td>Publicidad comportamental<\/td>\n<td>Terceros<\/td>\n<td>google.com<\/td>\n<td>Google<\/td>\n<td>13 meses<\/td>\n<td>Crear un perfil basado en los h\u00e1bitos de navegaci\u00f3n del usuario con el fin de mostrar anuncios personalizados.<\/td>\n<\/tr>\n<tr>\n<td>NID<\/td>\n<td>Publicidad comportamental<\/td>\n<td>Terceros<\/td>\n<td>.google.com<\/td>\n<td>Google<\/td>\n<td>6 meses<\/td>\n<td>Crear perfiles de usuarios y segmentar anuncios en funci\u00f3n de sus intereses.<\/td>\n<\/tr>\n<tr>\n<td>SAPISID<\/td>\n<td>Publicidad comportamental<\/td>\n<td>Terceros<\/td>\n<td>.google.com<\/td>\n<td>Google<\/td>\n<td>13 meses<\/td>\n<td>Ajustar el contenido y los anuncios que se muestran en funci\u00f3n del comportamiento del usuario y su historial de navegaci\u00f3n.<\/td>\n<\/tr>\n<tr>\n<td>SID<\/td>\n<td>Publicidad comportamental<\/td>\n<td>Terceros<\/td>\n<td>.google.com<\/td>\n<td>Google<\/td>\n<td>13 meses<\/td>\n<td>Mostrar anuncios personalizados basados en su perfil y navegaci\u00f3n.<\/td>\n<\/tr>\n<tr>\n<td>SSID<\/td>\n<td>Publicidad comportamental<\/td>\n<td>Terceros<\/td>\n<td>.google.com<\/td>\n<td>Google<\/td>\n<td>13 meses<\/td>\n<td>Personalizar los anuncios que se muestran al usuario en base a su historial de navegaci\u00f3n y las interacciones previas con los servicios de Google.<\/td>\n<\/tr>\n<\/tbody>\n<\/table>\n<h2>REVOCACI\u00d3N<\/h2>\n<p>En todo momento podr\u00e1 acceder a la configuraci\u00f3n de su navegador aceptando o rechazando todas las cookies, o bien seleccionar aqu\u00e9llas cuya instalaci\u00f3n admite y cu\u00e1les no, siguiendo uno de los siguientes procedimientos, que depende del navegador que utilice:<\/p>\n<p>Google Chrome (en el Men\u00fa Herramientas):<\/p>\n<p>Configuraci\u00f3n &gt; Mostrar opciones avanzadas &gt; Privacidad (Configuraci\u00f3n de contenido) &gt; Cookies:<\/p>\n<p>https:\/\/support.google.com\/chrome\/answer\/95647?co=GENIE.Platform%3DDesktop&#038;hl=es<\/p>\n<p>Microsoft Internet Explorer (en el Men\u00fa Herramientas):<\/p>\n<p>Opciones de Internet &gt; Privacidad &gt; Avanzada:<\/p>\n<p>https:\/\/support.microsoft.com\/es-es\/help\/17442\/windows-internet-explorer-delete-manage-cookies<\/p>\n<p>Firefox:<\/p>\n<p>Opciones &gt; Privacidad &gt; Cookies:<\/p>\n<p>https:\/\/support.mozilla.org\/es\/kb\/habilitar-y-deshabilitar-cookies-sitios-web-rastrear-preferencias<\/p>\n<p>Safari, iPad y iPhone:<\/p>\n<p>Preferencias &gt; Privacidad<\/p>\n<p>https:\/\/support.apple.com\/es-lamr\/105082<\/p>\n<p>Opera:<\/p>\n<p>Configuraci\u00f3n &gt; Opciones &gt; Avanzado &gt; Cookies<\/p>\n<p>http:\/\/help.opera.com\/Windows\/12.00\/es-ES\/cookies.html<\/p>\n<p>Estos navegadores est\u00e1n sometidos a actualizaciones o modificaciones, por lo que no podemos garantizar que se ajusten completamente a la versi\u00f3n de su navegador. Tambi\u00e9n puede ser que utilice otro navegador no contemplado en estos enlaces como Konqueror, Arora, Flock, etc. Para evitar estos desajustes, puede acceder directamente desde las opciones de su navegador, generalmente en el men\u00fa de \u00abOpciones\u00bb en la secci\u00f3n de \u00abPrivacidad\u00bb. (Por favor, consulte la ayuda de su navegador para m\u00e1s informaci\u00f3n).<\/p>\n<h2>DESACTIVACI\u00d3N\/ACTIVACI\u00d3N ELIMINACI\u00d3N DE COOKIES<\/h2>\n<p>Para restringir o bloquear las cookies, se hace a trav\u00e9s de la configuraci\u00f3n del navegador.<\/p>\n<p>Si no desea que los sitios web pongan ninguna cookie en su equipo, puede adaptar la configuraci\u00f3n del navegador de modo que se le notifique antes de que se coloque ninguna cookie. De igual modo, puede adaptar la configuraci\u00f3n de forma que el navegador rechace todas las cookies, o \u00fanicamente las cookies de terceros. Tambi\u00e9n puede eliminar cualquiera de las cookies que ya se encuentren en el equipo. Tenga en cuenta que tendr\u00e1 que adaptar por separado la configuraci\u00f3n de cada navegador y equipo que utilice.<\/p>\n<p>Tenga en cuenta que si no desea recibir cookies, ya no podremos garantizar que nuestro sitio web funcione debidamente. Puede que algunas funciones del sitio se pierdan y es posible que ya no pueda ver ciertos sitios web. Adem\u00e1s, rechazar las cookies no significa que ya no vaya a ver anuncios publicitarios. Simplemente los anuncios no se ajustar\u00e1n a sus intereses y se repetir\u00e1n con m\u00e1s frecuencia.<\/p>\n<p>Cada navegador posee un m\u00e9todo distinto para adaptar la configuraci\u00f3n. Si fuera necesario, consulte la funci\u00f3n de ayuda del navegador para establecer la configuraci\u00f3n correcta.<\/p>\n<p>Para desactivar las cookies en el tel\u00e9fono m\u00f3vil, consulte el manual del dispositivo para obtener m\u00e1s informaci\u00f3n.<\/p>\n<p>Puede obtener m\u00e1s informaci\u00f3n sobre las cookies en Internet, http:\/\/www.aboutcookies.org\/.<\/p>\n<p>Teniendo en cuenta la forma en la que funciona Internet y los sitios web, no siempre contamos con informaci\u00f3n de las cookies que colocan terceras partes a trav\u00e9s de nuestro sitio web. Esto se aplica especialmente a casos en los que nuestra p\u00e1gina web contiene lo que se denominan elementos integrados: textos, documentos, im\u00e1genes o breves pel\u00edculas que se almacenan en otra parte, pero se muestran en nuestro sitio web o a trav\u00e9s del mismo.<\/p>\n<p>Por consiguiente, en caso de que se encuentre con este tipo de cookies en este sitio web y no est\u00e9n enumeradas en la lista anterior, le rogamos que nos lo comunique. O bien p\u00f3ngase en contacto directamente con el tercero para pedirle informaci\u00f3n sobre las cookies que coloca, la finalidad y la duraci\u00f3n de la cookie, y c\u00f3mo ha garantizado su privacidad.<\/p>\n","protected":false},"excerpt":{"rendered":"<p>Pol\u00edtica de cookies ANTECEDENTES http:\/\/www.jeevan-ayurveda.com usa cookies. Las cookies de este sitio web se usan para personalizar el contenido y los anuncios, ofrecer funciones de redes sociales y analizar el tr\u00e1fico. Adem\u00e1s, compartimos informaci\u00f3n sobre el uso que haga del sitio web con nuestros partners de redes sociales, publicidad y an\u00e1lisis web, quienes pueden combinarla [&hellip;]<\/p>\n","protected":false},"author":1,"featured_media":0,"parent":0,"menu_order":0,"comment_status":"closed","ping_status":"closed","template":"","meta":{"footnotes":""},"class_list":["post-3246","page","type-page","status-publish","hentry"],"_links":{"self":[{"href":"https:\/\/www.jeevan-ayurveda.com\/es\/wp-json\/wp\/v2\/pages\/3246"}],"collection":[{"href":"https:\/\/www.jeevan-ayurveda.com\/es\/wp-json\/wp\/v2\/pages"}],"about":[{"href":"https:\/\/www.jeevan-ayurveda.com\/es\/wp-json\/wp\/v2\/types\/page"}],"author":[{"embeddable":true,"href":"https:\/\/www.jeevan-ayurveda.com\/es\/wp-json\/wp\/v2\/users\/1"}],"replies":[{"embeddable":true,"href":"https:\/\/www.jeevan-ayurveda.com\/es\/wp-json\/wp\/v2\/comments?post=3246"}],"version-history":[{"count":10,"href":"https:\/\/www.jeevan-ayurveda.com\/es\/wp-json\/wp\/v2\/pages\/3246\/revisions"}],"predecessor-version":[{"id":9355,"href":"https:\/\/www.jeevan-ayurveda.com\/es\/wp-json\/wp\/v2\/pages\/3246\/revisions\/9355"}],"wp:attachment":[{"href":"https:\/\/www.jeevan-ayurveda.com\/es\/wp-json\/wp\/v2\/media?parent=3246"}],"curies":[{"name":"wp","href":"https:\/\/api.w.org\/{rel}","templated":true}]}}