{"id":3784,"date":"2021-03-08T11:04:04","date_gmt":"2021-03-08T10:04:04","guid":{"rendered":"https:\/\/www.jeevan-ayurveda.com\/?post_type=product&#038;p=3784"},"modified":"2025-02-03T14:38:10","modified_gmt":"2025-02-03T13:38:10","slug":"limpiador-de-lengua","status":"publish","type":"product","link":"https:\/\/www.jeevan-ayurveda.com\/es\/producto\/limpiador-de-lengua\/","title":{"rendered":"Limpiador de lengua"},"content":{"rendered":"<p><strong>LIMPIEZA Y DETOXIFICACI\u00d3N.<\/strong><\/p>\n<p>Una medida de higiene y rutina saludable que se aconseja en la rutina diaria (Dinacharya) del Ayurveda es la limpieza de la lengua.<\/p>\n<p>La lengua es el espejo del estado de la digesti\u00f3n de una persona. Una capa blanca sobre la lengua significa la indigesti\u00f3n o la no correcta digesti\u00f3n de los alimentos.<\/p>\n<p>La \u00e1spera capa que cubre la lengua est\u00e1 impregnada de una mezcla de saliva, c\u00e9lulas muertas, mucosa, g\u00e9rmenes, microbios, gl\u00f3bulos blancos muertos, bacterias, virus y hongos, creados por la acumulaci\u00f3n de los residuos alimentarios que han penetrado en sus poros y la acci\u00f3n de la saliva y la mucosa.<\/p>\n<p>Limpiarse los dientes sin limpiarse la lengua es una higiene bucal incompleta. Se aconseja un raspado suave de la lengua despu\u00e9s de limpiarse los dientes preferentemente con un raspador met\u00e1lico de oro, plata o acero inoxidable.<br \/>\nNuestro limpiador de lengua ha sido fabricado en acero inoxidable de la m\u00e1s alta calidad.<\/p>\n","protected":false},"excerpt":{"rendered":"<p>Una medida de higiene y rutina saludable que se aconseja en la rutina diaria (Dinacharya) del Ayurveda es la limpieza de la lengua.<\/p>\n<p>La lengua es el espejo del estado de la digesti\u00f3n de una persona. Una capa blanca sobre la lengua significa la indigesti\u00f3n o la no correcta digesti\u00f3n de los alimentos.<\/p>\n","protected":false},"featured_media":4748,"template":"","meta":[],"product_cat":[43,77],"product_tag":[],"class_list":{"0":"post-3784","1":"product","2":"type-product","3":"status-publish","4":"has-post-thumbnail","6":"product_cat-limpieza-facial","7":"product_cat-objetos-belleza","9":"first","10":"instock","11":"sale","12":"taxable","13":"shipping-taxable","14":"purchasable","15":"product-type-simple"},"_links":{"self":[{"href":"https:\/\/www.jeevan-ayurveda.com\/es\/wp-json\/wp\/v2\/product\/3784"}],"collection":[{"href":"https:\/\/www.jeevan-ayurveda.com\/es\/wp-json\/wp\/v2\/product"}],"about":[{"href":"https:\/\/www.jeevan-ayurveda.com\/es\/wp-json\/wp\/v2\/types\/product"}],"wp:featuredmedia":[{"embeddable":true,"href":"https:\/\/www.jeevan-ayurveda.com\/es\/wp-json\/wp\/v2\/media\/4748"}],"wp:attachment":[{"href":"https:\/\/www.jeevan-ayurveda.com\/es\/wp-json\/wp\/v2\/media?parent=3784"}],"wp:term":[{"taxonomy":"product_cat","embeddable":true,"href":"https:\/\/www.jeevan-ayurveda.com\/es\/wp-json\/wp\/v2\/product_cat?post=3784"},{"taxonomy":"product_tag","embeddable":true,"href":"https:\/\/www.jeevan-ayurveda.com\/es\/wp-json\/wp\/v2\/product_tag?post=3784"}],"curies":[{"name":"wp","href":"https:\/\/api.w.org\/{rel}","templated":true}]}}