{"id":3787,"date":"2021-03-08T11:05:14","date_gmt":"2021-03-08T10:05:14","guid":{"rendered":"https:\/\/www.jeevan-ayurveda.com\/?post_type=product&#038;p=3787"},"modified":"2025-02-03T14:16:18","modified_gmt":"2025-02-03T13:16:18","slug":"rakta-chandan-kalongi-moringa-soap","status":"publish","type":"product","link":"https:\/\/www.jeevan-ayurveda.com\/es\/producto\/rakta-chandan-kalongi-moringa-soap\/","title":{"rendered":"Rakta Chandan, Kalongi &#038; Moringa &#8211; Soap"},"content":{"rendered":"<p><strong>LIMPIEZA DE CUERPO. DETOXIFICANTE<\/strong><\/p>\n<p>Jab\u00f3n 100% natural, artesanal, producido con aceites de coco y de oliva, saponificado en fr\u00edo y 100% biodegradable.<br \/>\nA nuestros jabones no se les incorpora glicerina; la glicerina que contienen es la obtenida en el proceso de fabricaci\u00f3n en fr\u00edo. La glicerina as\u00ed obtenida aporta al jab\u00f3n propiedades hidratantes.<\/p>\n<p>El uso en las \u00faltimas d\u00e9cadas de geles detergentes ha causado grandes problemas en la piel (alergias, dermatitis, psoriasis, etc.), pero la vuelta a los jabones naturales ha devuelto a la piel la capacidad de restaurar su pel\u00edcula natural protectora que previene la aparici\u00f3n de enfermedades dermatol\u00f3gicas.<\/p>\n<p>Nuestros jabones elaborados con ingredientes vegetales de primera calidad son beneficiosos para el cuidado de la piel, para la salud, y muy respetuosos con el medio ambiente.<\/p>\n<p>El prop\u00f3sito de nuestros jabones es mantener limpia la piel, manteniendo su nutrici\u00f3n, hidrataci\u00f3n y favoreciendo la regeneraci\u00f3n de la epidermis.<\/p>\n<p>El inmenso valor a\u00f1adido de este jab\u00f3n es su alto contenido en principios activos: arroz, s\u00e1ndalo rojo, kalonji (comino negro) y moringa, lo convierten en el jab\u00f3n ideal para la depuraci\u00f3n de las pieles maduras y con flacidez. Purifica y libera de las toxinas acumuladas. Limpia la piel, manteniendo su hidrataci\u00f3n, y le da un aspecto m\u00e1s luminoso. Tiene propiedades suavizantes y regeneradoras.<\/p>\n","protected":false},"excerpt":{"rendered":"<p>El prop\u00f3sito de nuestros jabones es mantener limpia la piel, manteniendo su nutrici\u00f3n, hidrataci\u00f3n y favoreciendo la regeneraci\u00f3n de la epidermis.<\/p>\n<p>El inmenso valor a\u00f1adido de este jab\u00f3n es su alto contenido en principios activos: arroz, s\u00e1ndalo rojo, kalonji (comino negro) y moringa, lo convierten en el jab\u00f3n ideal para la depuraci\u00f3n de las pieles maduras y con flacidez. Purifica y libera de las toxinas acumuladas. Limpia la piel, manteniendo su hidrataci\u00f3n, y le da un aspecto m\u00e1s luminoso. Tiene propiedades suavizantes y regeneradoras.<\/p>\n","protected":false},"featured_media":4271,"template":"","meta":[],"product_cat":[35,24,43],"product_tag":[],"class_list":{"0":"post-3787","1":"product","2":"type-product","3":"status-publish","4":"has-post-thumbnail","6":"product_cat-rostro","7":"product_cat-cuerpo","8":"product_cat-limpieza-facial","10":"first","11":"instock","12":"taxable","13":"shipping-taxable","14":"purchasable","15":"product-type-simple"},"_links":{"self":[{"href":"https:\/\/www.jeevan-ayurveda.com\/es\/wp-json\/wp\/v2\/product\/3787"}],"collection":[{"href":"https:\/\/www.jeevan-ayurveda.com\/es\/wp-json\/wp\/v2\/product"}],"about":[{"href":"https:\/\/www.jeevan-ayurveda.com\/es\/wp-json\/wp\/v2\/types\/product"}],"wp:featuredmedia":[{"embeddable":true,"href":"https:\/\/www.jeevan-ayurveda.com\/es\/wp-json\/wp\/v2\/media\/4271"}],"wp:attachment":[{"href":"https:\/\/www.jeevan-ayurveda.com\/es\/wp-json\/wp\/v2\/media?parent=3787"}],"wp:term":[{"taxonomy":"product_cat","embeddable":true,"href":"https:\/\/www.jeevan-ayurveda.com\/es\/wp-json\/wp\/v2\/product_cat?post=3787"},{"taxonomy":"product_tag","embeddable":true,"href":"https:\/\/www.jeevan-ayurveda.com\/es\/wp-json\/wp\/v2\/product_tag?post=3787"}],"curies":[{"name":"wp","href":"https:\/\/api.w.org\/{rel}","templated":true}]}}