{"id":3788,"date":"2021-03-08T11:05:51","date_gmt":"2021-03-08T10:05:51","guid":{"rendered":"https:\/\/www.jeevan-ayurveda.com\/?post_type=product&#038;p=3788"},"modified":"2025-10-29T14:03:42","modified_gmt":"2025-10-29T13:03:42","slug":"indigo-kumari-licorice-soap","status":"publish","type":"product","link":"https:\/\/www.jeevan-ayurveda.com\/es\/producto\/indigo-kumari-licorice-soap\/","title":{"rendered":"\u00cdndigo, Kumari &#038; Licorice &#8211; Soap"},"content":{"rendered":"<p><strong>LIMPIEZA DE CARA Y CUERPO. PIELES SENSIBLES.<\/strong><\/p>\n<p>Jab\u00f3n 100% natural, artesanal, producido con aceites de coco y de oliva, saponificado en fr\u00edo y 100% biodegradable.<br \/>\nA nuestros jabones no se les incorpora glicerina; la glicerina que contienen es la obtenida en el proceso de fabricaci\u00f3n en fr\u00edo. La glicerina as\u00ed obtenida aporta al jab\u00f3n propiedades hidratantes.<\/p>\n<p>El uso en las \u00faltimas d\u00e9cadas de geles detergentes ha causado grandes problemas en la piel (alergias, dermatitis, psoriasis, etc.), pero la vuelta a los jabones naturales ha devuelto a la piel la capacidad de restaurar su pel\u00edcula natural protectora que previene la aparici\u00f3n de enfermedades dermatol\u00f3gicas.<\/p>\n<p>Nuestros jabones elaborados con ingredientes vegetales de primera calidad son beneficiosos para el cuidado de la piel, para la salud, y muy respetuosos con el medio ambiente.<\/p>\n<p>El prop\u00f3sito de nuestros jabones es mantener limpia la piel, manteniendo su nutrici\u00f3n, hidrataci\u00f3n y favoreciendo la regeneraci\u00f3n de la epidermis.<\/p>\n<p>El inmenso valor a\u00f1adido de este jab\u00f3n es su alto contenido en principios activos: aceite de ricino, aloe vera (en s\u00e1nscrito llamado kumari), \u00edndigo y regaliz, lo convierten en el jab\u00f3n ideal para pieles sensibles y con propensi\u00f3n a irritaciones, picores, dermatitis, psoriasis y alergias. Limpia la piel, manteniendo su hidrataci\u00f3n, y le da un aspecto m\u00e1s luminoso.<\/p>\n","protected":false},"excerpt":{"rendered":"<p>El inmenso valor a\u00f1adido de este jab\u00f3n es su alto contenido en principios activos: aceite de ricino, aloe vera (en s\u00e1nscrito llamado kumari), \u00edndigo y regaliz, lo convierten en el jab\u00f3n ideal para pieles sensibles y con propensi\u00f3n a irritaciones, picores, dermatitis, psoriasis y alergias. Limpia la piel, manteniendo su hidrataci\u00f3n, y le da un aspecto m\u00e1s luminoso.<\/p>\n","protected":false},"featured_media":4263,"template":"","meta":[],"product_cat":[35,24,43],"product_tag":[],"class_list":{"0":"post-3788","1":"product","2":"type-product","3":"status-publish","4":"has-post-thumbnail","6":"product_cat-rostro","7":"product_cat-cuerpo","8":"product_cat-limpieza-facial","10":"first","11":"instock","12":"taxable","13":"shipping-taxable","14":"purchasable","15":"product-type-simple"},"_links":{"self":[{"href":"https:\/\/www.jeevan-ayurveda.com\/es\/wp-json\/wp\/v2\/product\/3788"}],"collection":[{"href":"https:\/\/www.jeevan-ayurveda.com\/es\/wp-json\/wp\/v2\/product"}],"about":[{"href":"https:\/\/www.jeevan-ayurveda.com\/es\/wp-json\/wp\/v2\/types\/product"}],"wp:featuredmedia":[{"embeddable":true,"href":"https:\/\/www.jeevan-ayurveda.com\/es\/wp-json\/wp\/v2\/media\/4263"}],"wp:attachment":[{"href":"https:\/\/www.jeevan-ayurveda.com\/es\/wp-json\/wp\/v2\/media?parent=3788"}],"wp:term":[{"taxonomy":"product_cat","embeddable":true,"href":"https:\/\/www.jeevan-ayurveda.com\/es\/wp-json\/wp\/v2\/product_cat?post=3788"},{"taxonomy":"product_tag","embeddable":true,"href":"https:\/\/www.jeevan-ayurveda.com\/es\/wp-json\/wp\/v2\/product_tag?post=3788"}],"curies":[{"name":"wp","href":"https:\/\/api.w.org\/{rel}","templated":true}]}}