{"id":3791,"date":"2021-03-08T11:17:18","date_gmt":"2021-03-08T10:17:18","guid":{"rendered":"https:\/\/www.jeevan-ayurveda.com\/?post_type=product&#038;p=3791"},"modified":"2025-11-17T14:21:17","modified_gmt":"2025-11-17T13:21:17","slug":"pitta-oil","status":"publish","type":"product","link":"https:\/\/www.jeevan-ayurveda.com\/es\/producto\/pitta-oil\/","title":{"rendered":"Pitta Oil &#8211; Cooling Nutrition"},"content":{"rendered":"<p><b>NUTRE \u2013 HIDRATA \u2013 REFRESCA<\/b><\/p>\n<p>Las pieles Pitta son c\u00e1lidas y sensibles. El elemento fuego predomina en ellas. Su tendencia al exceso de calor hace que sus desequilibrios m\u00e1s frecuentes sean rojeces, picores, eczemas e inflamaciones. El cuidado armonioso de una piel Pitta precisa de plantas refrescantes y calmantes.<\/p>\n<p>Nutritivo, profundamente refrescante y calmante es el aceite indicado para las pieles sensibles.\u00a0 Su exclusiva f\u00f3rmula combina el aceite de coco con extractos de lavanda, manzanilla, menta, rosa damascena y amalaki. Aligera las piernas cansadas y con problemas circulatorios. Aplicado despu\u00e9s de tomar el sol, calma la piel, y alarga la duraci\u00f3n del bronceado.<\/p>\n<p>Pitta Oil es refrescante, suaviza y\u00a0 mejora la complexi\u00f3n de la piel, reduce la sensaci\u00f3n de ardor y mejora la condici\u00f3n de los desequilibrios del Pitta dosha. Es un aceite con un alt\u00edsimo contenido de principios activos vivos que en pocos minutos penetran en todas las capas de la piel, aportando nutrientes e hidrat\u00e1ndola.<\/p>\n","protected":false},"excerpt":{"rendered":"<p>Nutritivo, profundamente refrescante y calmante es el aceite indicado para las pieles sensibles.\u00a0 Su exclusiva f\u00f3rmula combina el aceite de coco con extractos de lavanda, manzanilla, menta, rosa damascena y amalaki. Aligera las piernas cansadas y con problemas circulatorios. Aplicado despu\u00e9s de tomar el sol, calma la piel, y alarga la duraci\u00f3n del bronceado.<\/p>\n","protected":false},"featured_media":4284,"template":"","meta":[],"product_cat":[35,24],"product_tag":[],"class_list":{"0":"post-3791","1":"product","2":"type-product","3":"status-publish","4":"has-post-thumbnail","6":"product_cat-rostro","7":"product_cat-cuerpo","9":"first","10":"instock","11":"taxable","12":"shipping-taxable","13":"purchasable","14":"product-type-simple"},"_links":{"self":[{"href":"https:\/\/www.jeevan-ayurveda.com\/es\/wp-json\/wp\/v2\/product\/3791"}],"collection":[{"href":"https:\/\/www.jeevan-ayurveda.com\/es\/wp-json\/wp\/v2\/product"}],"about":[{"href":"https:\/\/www.jeevan-ayurveda.com\/es\/wp-json\/wp\/v2\/types\/product"}],"wp:featuredmedia":[{"embeddable":true,"href":"https:\/\/www.jeevan-ayurveda.com\/es\/wp-json\/wp\/v2\/media\/4284"}],"wp:attachment":[{"href":"https:\/\/www.jeevan-ayurveda.com\/es\/wp-json\/wp\/v2\/media?parent=3791"}],"wp:term":[{"taxonomy":"product_cat","embeddable":true,"href":"https:\/\/www.jeevan-ayurveda.com\/es\/wp-json\/wp\/v2\/product_cat?post=3791"},{"taxonomy":"product_tag","embeddable":true,"href":"https:\/\/www.jeevan-ayurveda.com\/es\/wp-json\/wp\/v2\/product_tag?post=3791"}],"curies":[{"name":"wp","href":"https:\/\/api.w.org\/{rel}","templated":true}]}}