{"id":3795,"date":"2021-03-08T11:19:08","date_gmt":"2021-03-08T10:19:08","guid":{"rendered":"https:\/\/www.jeevan-ayurveda.com\/?post_type=product&#038;p=3795"},"modified":"2026-04-21T18:53:57","modified_gmt":"2026-04-21T16:53:57","slug":"radiant-sensitive-pitta-cream","status":"publish","type":"product","link":"https:\/\/www.jeevan-ayurveda.com\/es\/producto\/radiant-sensitive-pitta-cream\/","title":{"rendered":"Radiant &#8211; Sensitive &#8211; Pitta Cream &#8211; Eco Cert"},"content":{"rendered":"<p>Las pieles <i>Pitta<\/i> son c\u00e1lidas y sensibles. El elemento fuego predomina en ellas. Su tendencia al exceso de calor hace que sus desequilibrios m\u00e1s frecuentes sean rojeces, picores, eczemas e inflamaciones. El cuidado armonioso de una piel Pitta precisa de plantas refrescantes y calmantes.<\/p>\n<p>Radiant. Sensitive. Pitta Cream hidrata y revitaliza las pieles sensibles y at\u00f3picas. Ayuda a difuminar las arrugas y las l\u00edneas de expresi\u00f3n. Es nutritiva, regeneradora y oxigenante. Es refrescante, previene y mejora las manchas de la piel y estimula la s\u00edntesis del col\u00e1geno. Protege a la piel de los efectos de los radicales libres.<\/p>\n<p>Esta delicada crema es rica en bioactivos anti-inflamatorios de kumari, c\u00farcuma, coco, regaliz y brahmi, que refrescan, hidratan\u00a0 y suavizan las pieles sensibles. Calma la sensaci\u00f3n de ardor, las rojeces y las irritaciones cut\u00e1neas. El aceite de coco crea una barrera natural que protege a la piel de la radiaci\u00f3n solar.<\/p>\n<p>Formulada seg\u00fan la antigua sabidur\u00eda del Ayurveda, es natural, ecol\u00f3gico-certificada y seductora. Receta milenaria para alimentar tu piel con los ingredientes que ella precisa.<\/p>\n","protected":false},"excerpt":{"rendered":"<p>Esta delicada crema es rica en bioactivos anti-inflamatorios de kumari, c\u00farcuma, coco, regaliz y brahmi, que refrescan, hidratan\u00a0 y suavizan las pieles sensibles. Calma la sensaci\u00f3n de ardor, las rojeces y las irritaciones cut\u00e1neas. El aceite de coco crea una barrera natural que protege a la piel de la radiaci\u00f3n solar.<\/p>\n","protected":false},"featured_media":3867,"template":"","meta":[],"product_cat":[35],"product_tag":[],"class_list":{"0":"post-3795","1":"product","2":"type-product","3":"status-publish","4":"has-post-thumbnail","6":"product_cat-rostro","8":"first","9":"instock","10":"taxable","11":"shipping-taxable","12":"purchasable","13":"product-type-simple"},"_links":{"self":[{"href":"https:\/\/www.jeevan-ayurveda.com\/es\/wp-json\/wp\/v2\/product\/3795"}],"collection":[{"href":"https:\/\/www.jeevan-ayurveda.com\/es\/wp-json\/wp\/v2\/product"}],"about":[{"href":"https:\/\/www.jeevan-ayurveda.com\/es\/wp-json\/wp\/v2\/types\/product"}],"wp:featuredmedia":[{"embeddable":true,"href":"https:\/\/www.jeevan-ayurveda.com\/es\/wp-json\/wp\/v2\/media\/3867"}],"wp:attachment":[{"href":"https:\/\/www.jeevan-ayurveda.com\/es\/wp-json\/wp\/v2\/media?parent=3795"}],"wp:term":[{"taxonomy":"product_cat","embeddable":true,"href":"https:\/\/www.jeevan-ayurveda.com\/es\/wp-json\/wp\/v2\/product_cat?post=3795"},{"taxonomy":"product_tag","embeddable":true,"href":"https:\/\/www.jeevan-ayurveda.com\/es\/wp-json\/wp\/v2\/product_tag?post=3795"}],"curies":[{"name":"wp","href":"https:\/\/api.w.org\/{rel}","templated":true}]}}